{"id":43387,"date":"2023-05-31T05:46:52","date_gmt":"2023-05-31T05:46:52","guid":{"rendered":"https:\/\/socialkings.online\/?page_id=43387"},"modified":"2023-05-31T05:46:52","modified_gmt":"2023-05-31T05:46:52","slug":"sekretesspolicy","status":"publish","type":"page","link":"https:\/\/socialkings.online\/sv\/sekretesspolicy\/","title":{"rendered":"Sekretesspolicy"},"content":{"rendered":"\n<p><strong>Sekretesspolicy<\/strong><\/p>\n\n<p>Nure \u00e4r ansvarig f\u00f6r behandlingen av personuppgifter enligt denna integritetspolicy. Kontakta dataskyddsombud:<\/p>\n\n<p>Nure\u00a9<\/p>\n\n<p>Smidslaantje 51<\/p>\n\n<p>8426DC Appelscha<\/p>\n\n<p>KvK-nr: 64464105<\/p>\n\n<p>VAT-nr: NL002250971B75<\/p>\n\n<p>+316 4202 1479<\/p>\n\n<p>support@socialkings.online<\/p>\n\n<p><\/p>\n\n<p><strong>Personuppgifter vi behandlar<\/strong>&#13;\nTurbogrm ltd behandlar dina personuppgifter f\u00f6r att du anv\u00e4nder v\u00e5ra tj\u00e4nster och\/eller f\u00f6r att du sj\u00e4lv tillhandah\u00e5ller dessa uppgifter till oss.&#13;\nNedan finner du en \u00f6versikt \u00f6ver de personuppgifter som vi behandlar:<\/p>\n\n<ul class=\"wp-block-list\"><li><strong>Anv\u00e4ndarnamn<\/strong>\u00a0\u2013 Vi beh\u00f6ver detta f\u00f6r att leverera och kontrollera best\u00e4llningen.<\/li><li><strong>Startantal gilla-markeringar eller f\u00f6ljare<\/strong>\u00a0\u2013 Detta l\u00e5ter oss kontrollera om best\u00e4llningar har (helt) levererats.<\/li><li><strong>IP-adress<\/strong>\u00a0\u2013 Denna anv\u00e4nds f\u00f6r att f\u00f6rhindra missbruk eller bedr\u00e4geri<\/li><li>E-postadress &#8211; vi anv\u00e4nder denna f\u00f6r att informera dig om din best\u00e4llning<\/li><\/ul>\n\n<p><strong>S\u00e4rskilda och\/eller k\u00e4nsliga personuppgifter som vi behandlar<\/strong>&#13;\nV\u00e5r webbplats och\/eller tj\u00e4nst har inte f\u00f6r avsikt att samla in data om webbplatsbes\u00f6kare som \u00e4r yngre \u00e4n 16 \u00e5r. S\u00e5vida de inte har tillst\u00e5nd fr\u00e5n f\u00f6r\u00e4ldrar eller v\u00e5rdnadshavare. Vi kan dock inte kontrollera om en bes\u00f6kare \u00e4r \u00e4ldre \u00e4n 16 \u00e5r. Vi r\u00e5der d\u00e4rf\u00f6r f\u00f6r\u00e4ldrar att vara involverade i deras barns onlineaktiviteter f\u00f6r att f\u00f6rhindra att data om barn samlas in utan f\u00f6r\u00e4ldrarnas medgivande. Om du \u00e4r \u00f6vertygad om att vi har samlat in personlig information om en minder\u00e5rig utan detta tillst\u00e5nd, v\u00e4nligen kontakta oss p\u00e5 support@socialkings.online s\u00e5 raderar vi denna information.<\/p>\n\n<p><strong>F\u00f6r vilket syfte och p\u00e5 vilken grund vi behandlar personuppgifter<\/strong>&#13;\nTurbogrm Ltd behandlar dina personuppgifter f\u00f6r f\u00f6ljande \u00e4ndam\u00e5l:&#13;\n&#8211; Att leverera varor och tj\u00e4nster till dig<\/p>\n\n<p><strong>Hur l\u00e4nge vi sparar personuppgifter<\/strong>&#13;\nNure\u00a9 lagrar inte dina personuppgifter l\u00e4ngre \u00e4n vad som \u00e4r strikt n\u00f6dv\u00e4ndigt f\u00f6r att f\u00f6rverkliga \u00e4ndam\u00e5len f\u00f6r vilka dina uppgifter samlas in. Vi anv\u00e4nder f\u00f6ljande lagringsperioder f\u00f6r f\u00f6ljande (kategorier) av personuppgifter: (Kategori) personuppgifter &gt; Lagringsperiod &gt; Orsak Personliga uppgifter &gt; Lagringsperiod &gt; Orsak Adress &gt; Lagringsperiod &gt; Orsak Och s\u00e5 vidare &gt; Lagringsperiod &gt; Red<\/p>\n\n<p><strong>Dela personlig information med tredje part<\/strong>&#13;\nNure\u00a9 tillhandah\u00e5ller uteslutande till tredje part och endast om detta \u00e4r n\u00f6dv\u00e4ndigt f\u00f6r genomf\u00f6randet av v\u00e5rt avtal med dig eller f\u00f6r att uppfylla en r\u00e4ttslig f\u00f6rpliktelse.<\/p>\n\n<p><strong>Visa, \u00e4ndra eller ta bort data<\/strong>&#13;\nDu har r\u00e4tt att se, korrigera eller radera dina personuppgifter. Dessutom har du r\u00e4tt att \u00e5terkalla ditt samtycke till databehandlingen eller att inv\u00e4nda mot behandlingen av dina personuppgifter av Nure\u00a9 och du har r\u00e4tt till dataportabilitet. Det inneb\u00e4r att du kan l\u00e4mna en beg\u00e4ran till oss om att skicka de personuppgifter vi har om dig i en datorfil till dig eller annan organisation som du n\u00e4mner. Du kan skicka en beg\u00e4ran om \u00e5tkomst, r\u00e4ttelse, radering, data\u00f6verf\u00f6ring av dina personuppgifter eller beg\u00e4ran om \u00e5terkallande av ditt samtycke eller inv\u00e4ndning mot behandlingen av dina personuppgifter till support@socialkings.online. F\u00f6r att s\u00e4kerst\u00e4lla att beg\u00e4ran om tillg\u00e5ng har gjorts av dig ber vi dig att skicka en kopia av ditt identitetsbevis tillsammans med beg\u00e4ran. G\u00f6r ditt passfoto, MRZ (maskinl\u00e4sbar zon, remsan med siffror l\u00e4ngst ner p\u00e5 passet), passnummer och medborgarservicenummer (BSN) svarta i detta exemplar. Detta f\u00f6r att skydda din integritet. Vi kommer att svara p\u00e5 din f\u00f6rfr\u00e5gan s\u00e5 snart som m\u00f6jligt, men inom fyra veckor. Nure\u00a9 vill ocks\u00e5 p\u00e5peka att du har m\u00f6jlighet att l\u00e4mna in ett klagom\u00e5l till den nationella tillsynsmyndigheten, den nederl\u00e4ndska dataskyddsmyndigheten. Du kan g\u00f6ra detta via f\u00f6ljande l\u00e4nk: https:\/\/autoriteitpersoonsgegevens.nl\/nl\/contact-met-de-autoriteit-persoonsgegevens\/tip-ons<\/p>\n\n<p><strong>Hur vi skyddar personuppgifter<\/strong>&#13;\nTurbogrm ltd tar skyddet av dina uppgifter p\u00e5 allvar och vidtar l\u00e4mpliga \u00e5tg\u00e4rder f\u00f6r att f\u00f6rhindra missbruk, f\u00f6rlust, obeh\u00f6rig \u00e5tkomst, o\u00f6nskat avsl\u00f6jande och otill\u00e5ten modifiering. Om du k\u00e4nner att dina uppgifter inte \u00e4r ordentligt s\u00e4krade eller om det finns indikationer p\u00e5 missbruk, v\u00e4nligen kontakta v\u00e5r kundtj\u00e4nst eller via support@socialkings.online<\/p>\n\n<p><strong>Cookies<\/strong>&#13;\nEndast en Analytics-cookie anv\u00e4nds p\u00e5 denna webbplats.<\/p>\n\n<p><strong>Sekretesslagstiftning och analys<\/strong>&#13;\nSom beskrivs nedan i det officiella uttalandet som Google Analytics-anv\u00e4ndare m\u00e5ste placera p\u00e5 sin webbplats, anv\u00e4nder denna webbplats Google Analytics. Detta program tillhandah\u00e5ller viktig statistik om antalet bes\u00f6kare, bes\u00f6kta sidor, trafikk\u00e4llor och annan viktig information med vilken vi kontinuerligt kan f\u00f6rb\u00e4ttra denna webbplats f\u00f6r anv\u00e4ndarna. Denna statistik \u00e4r anonym och kan inte sp\u00e5ras tillbaka till en specifik person eller anv\u00e4ndare. Ingen &#8221;beteendeinriktning&#8221; anv\u00e4nds, som visar dig speciellt inneh\u00e5ll baserat p\u00e5 ditt klickbeteende; ditt surfbeteende f\u00f6rblir helt anonymt. Data fr\u00e5n kontaktformul\u00e4r behandlas eller lagras aldrig i Analytics.<\/p>\n\n<p>Google Analytics anv\u00e4nder en cookie, som \u00e4r en liten fil som lagras p\u00e5 din dator. Vi har satt upp Google Analytics i enlighet med integritetslagstiftningen, s\u00e5 att inget f\u00f6rhandstillst\u00e5nd fr\u00e5n anv\u00e4ndaren kr\u00e4vs.<\/p>\n\n<p><strong>IP-adresser \u00e4r maskerade och data delas inte<\/strong>&#13;\nGoogle Analytics-cookien \u00e4r en &#8221;f\u00f6rstapartscookie&#8221;, vilket betyder att cookien officiellt \u00e4gs av Hayona och inte av Google. Denna cookie anv\u00e4nds inte f\u00f6r reklam eller andra kommersiella \u00e4ndam\u00e5l. Hayona har ett processoravtal med Google. Dessutom \u00e4r Google Analytics inr\u00e4ttat p\u00e5 ett s\u00e5dant s\u00e4tt att IP-adresser g\u00f6rs anonyma, s\u00e5 att data aldrig kan sp\u00e5ras tillbaka till dig eller din IP-adress. Dessutom delas ingen information med Google eller andra parter fr\u00e5n Hayonas Analytics-konto. Detta g\u00f6r Hayonas Analytics-cookie till en icke-integritetsk\u00e4nslig f\u00f6rstapartscookie som \u00e4r n\u00f6dv\u00e4ndig f\u00f6r att garantera kvaliteten och s\u00e4kerheten f\u00f6r hayona.nl. Analytics-cookien \u00e4r giltig i 6 m\u00e5nader.<\/p>\n\n<p><strong>V\u00e4lj bort<\/strong>&#13;\nOm du f\u00f6redrar att blockera Analytics-skriptet helt kan du ladda ner ett opt-out-plugin f\u00f6r Google Analytics h\u00e4r: https:\/\/tools.google.com\/dlpage\/gaoptout. Med detta plugin r\u00e4knas ditt bes\u00f6k inte l\u00e4ngre i statistiken f\u00f6r alla webbplatser som anv\u00e4nder Google Analytics.<\/p>\n\n<p><strong>Google Analytics \u2013 uttalande fr\u00e5n Google<\/strong>&#13;\nDen h\u00e4r webbplatsen anv\u00e4nder Google Analytics, en webbanalystj\u00e4nst som tillhandah\u00e5lls av Google Inc. (&#8221;Google&#8221;). Google Analytics anv\u00e4nder &#8221;cookies&#8221; (textfiler som placeras p\u00e5 din dator) f\u00f6r att hj\u00e4lpa webbplatsen att analysera hur bes\u00f6karna anv\u00e4nder webbplatsen. Den anonyma information som genereras av cookien om din anv\u00e4ndning av webbplatsen kommer att \u00f6verf\u00f6ras till och lagras av Google p\u00e5 servrar i USA. Google anv\u00e4nder denna information f\u00f6r att h\u00e5lla reda p\u00e5 hur denna webbplats anv\u00e4nds, f\u00f6r att sammanst\u00e4lla rapporter om webbplatsaktivitet f\u00f6r \u00e4garen av denna webbplats (Hayona BV) och f\u00f6r att tillhandah\u00e5lla andra tj\u00e4nster relaterade till webbplatsaktivitet och internetanv\u00e4ndning. Google f\u00e5r endast tillhandah\u00e5lla denna information till tredje part om Google \u00e4r juridiskt skyldig att g\u00f6ra det, eller i den m\u00e5n dessa tredje parter behandlar informationen p\u00e5 uppdrag av Google. Google kommer inte att kombinera din IP-adress med annan data som innehas av Google. Du kan neka anv\u00e4ndningen av cookies genom att v\u00e4lja l\u00e4mpliga inst\u00e4llningar i din webbl\u00e4sare. Vi vill dock p\u00e5peka att du i s\u00e5 fall kanske inte kan anv\u00e4nda alla funktioner p\u00e5 denna webbplats. Genom att anv\u00e4nda denna webbplats samtycker du till behandlingen av informationen av Google p\u00e5 det s\u00e4tt och f\u00f6r de syften som beskrivs ovan.<\/p>\n\n<p><strong>Betalningar<\/strong><\/p>\n\n<p>Betalningar behandlas av Stripe.<\/p>\n","protected":false},"excerpt":{"rendered":"<p>&#8230;<\/p>\n","protected":false},"author":1,"featured_media":0,"parent":0,"menu_order":0,"comment_status":"closed","ping_status":"open","template":"","meta":{"footnotes":""},"class_list":["post-43387","page","type-page","status-publish","hentry"],"aioseo_notices":[],"aioseo_head":"\n\t\t<!-- All in One SEO Pro 4.9.6.2 - aioseo.com -->\n\t<meta name=\"description\" content=\"Sekretesspolicy Nure \u00e4r ansvarig f\u00f6r behandlingen av personuppgifter enligt denna integritetspolicy. Kontakta dataskyddsombud: Nure\u00a9 Smidslaantje 51 8426DC Appelscha KvK-nr: 64464105 VAT-nr: NL002250971B75 +316 4202 1479 support@socialkings.online Personuppgifter vi behandlar Turbogrm ltd behandlar dina personuppgifter f\u00f6r att du anv\u00e4nder v\u00e5ra tj\u00e4nster och\/eller f\u00f6r att du sj\u00e4lv tillhandah\u00e5ller dessa uppgifter till oss. Nedan finner du en \u00f6versikt\" \/>\n\t<meta name=\"robots\" content=\"max-image-preview:large\" \/>\n\t<link rel=\"canonical\" href=\"https:\/\/socialkings.online\/sv\/sekretesspolicy\/\" \/>\n\t<meta name=\"generator\" content=\"All in One SEO Pro (AIOSEO) 4.9.6.2\" \/>\n\t\t<meta property=\"og:locale\" content=\"sv_SE\" \/>\n\t\t<meta property=\"og:site_name\" content=\"Social Kings Grow your following \u2192 Boost your Social Network\" \/>\n\t\t<meta property=\"og:type\" content=\"article\" \/>\n\t\t<meta property=\"og:title\" content=\"Sekretesspolicy \u2192 Social Kings Grow your following\" \/>\n\t\t<meta property=\"og:description\" content=\"Sekretesspolicy Nure \u00e4r ansvarig f\u00f6r behandlingen av personuppgifter enligt denna integritetspolicy. Kontakta dataskyddsombud: Nure\u00a9 Smidslaantje 51 8426DC Appelscha KvK-nr: 64464105 VAT-nr: NL002250971B75 +316 4202 1479 support@socialkings.online Personuppgifter vi behandlar Turbogrm ltd behandlar dina personuppgifter f\u00f6r att du anv\u00e4nder v\u00e5ra tj\u00e4nster och\/eller f\u00f6r att du sj\u00e4lv tillhandah\u00e5ller dessa uppgifter till oss. Nedan finner du en \u00f6versikt\" \/>\n\t\t<meta property=\"og:url\" content=\"https:\/\/socialkings.online\/sv\/sekretesspolicy\/\" \/>\n\t\t<meta property=\"article:published_time\" content=\"2023-05-31T05:46:52+00:00\" \/>\n\t\t<meta property=\"article:modified_time\" content=\"2023-05-31T05:46:52+00:00\" \/>\n\t\t<meta name=\"twitter:card\" content=\"summary\" \/>\n\t\t<meta name=\"twitter:title\" content=\"Sekretesspolicy \u2192 Social Kings Grow your following\" \/>\n\t\t<meta name=\"twitter:description\" content=\"Sekretesspolicy Nure \u00e4r ansvarig f\u00f6r behandlingen av personuppgifter enligt denna integritetspolicy. Kontakta dataskyddsombud: Nure\u00a9 Smidslaantje 51 8426DC Appelscha KvK-nr: 64464105 VAT-nr: NL002250971B75 +316 4202 1479 support@socialkings.online Personuppgifter vi behandlar Turbogrm ltd behandlar dina personuppgifter f\u00f6r att du anv\u00e4nder v\u00e5ra tj\u00e4nster och\/eller f\u00f6r att du sj\u00e4lv tillhandah\u00e5ller dessa uppgifter till oss. Nedan finner du en \u00f6versikt\" \/>\n\t\t<script type=\"application\/ld+json\" class=\"aioseo-schema\">\n\t\t\t{\"@context\":\"https:\\\/\\\/schema.org\",\"@graph\":[{\"@type\":\"BreadcrumbList\",\"@id\":\"https:\\\/\\\/socialkings.online\\\/sv\\\/sekretesspolicy\\\/#breadcrumblist\",\"itemListElement\":[{\"@type\":\"ListItem\",\"@id\":\"https:\\\/\\\/socialkings.online\\\/sv\\\/#listItem\",\"position\":1,\"name\":\"Home\",\"item\":\"https:\\\/\\\/socialkings.online\\\/sv\\\/\",\"nextItem\":{\"@type\":\"ListItem\",\"@id\":\"https:\\\/\\\/socialkings.online\\\/sv\\\/sekretesspolicy\\\/#listItem\",\"name\":\"Sekretesspolicy\"}},{\"@type\":\"ListItem\",\"@id\":\"https:\\\/\\\/socialkings.online\\\/sv\\\/sekretesspolicy\\\/#listItem\",\"position\":2,\"name\":\"Sekretesspolicy\",\"previousItem\":{\"@type\":\"ListItem\",\"@id\":\"https:\\\/\\\/socialkings.online\\\/sv\\\/#listItem\",\"name\":\"Home\"}}]},{\"@type\":\"Organization\",\"@id\":\"https:\\\/\\\/socialkings.online\\\/sv\\\/#organization\",\"name\":\"Social Kings Grow your following\",\"description\":\"Boost your Social Network\",\"url\":\"https:\\\/\\\/socialkings.online\\\/sv\\\/\",\"telephone\":\"+31642021479\",\"logo\":{\"@type\":\"ImageObject\",\"url\":\"https:\\\/\\\/socialkings.online\\\/wp-content\\\/uploads\\\/2023\\\/05\\\/logo-new-purple.png\",\"@id\":\"https:\\\/\\\/socialkings.online\\\/sv\\\/sekretesspolicy\\\/#organizationLogo\",\"width\":550,\"height\":150},\"image\":{\"@id\":\"https:\\\/\\\/socialkings.online\\\/sv\\\/sekretesspolicy\\\/#organizationLogo\"}},{\"@type\":\"WebPage\",\"@id\":\"https:\\\/\\\/socialkings.online\\\/sv\\\/sekretesspolicy\\\/#webpage\",\"url\":\"https:\\\/\\\/socialkings.online\\\/sv\\\/sekretesspolicy\\\/\",\"name\":\"Sekretesspolicy \\u2192 Social Kings Grow your following\",\"description\":\"Sekretesspolicy Nure \\u00e4r ansvarig f\\u00f6r behandlingen av personuppgifter enligt denna integritetspolicy. Kontakta dataskyddsombud: Nure\\u00a9 Smidslaantje 51 8426DC Appelscha KvK-nr: 64464105 VAT-nr: NL002250971B75 +316 4202 1479 support@socialkings.online Personuppgifter vi behandlar Turbogrm ltd behandlar dina personuppgifter f\\u00f6r att du anv\\u00e4nder v\\u00e5ra tj\\u00e4nster och\\\/eller f\\u00f6r att du sj\\u00e4lv tillhandah\\u00e5ller dessa uppgifter till oss. Nedan finner du en \\u00f6versikt\",\"inLanguage\":\"sv-SE\",\"isPartOf\":{\"@id\":\"https:\\\/\\\/socialkings.online\\\/sv\\\/#website\"},\"breadcrumb\":{\"@id\":\"https:\\\/\\\/socialkings.online\\\/sv\\\/sekretesspolicy\\\/#breadcrumblist\"},\"datePublished\":\"2023-05-31T05:46:52+00:00\",\"dateModified\":\"2023-05-31T05:46:52+00:00\"},{\"@type\":\"WebSite\",\"@id\":\"https:\\\/\\\/socialkings.online\\\/sv\\\/#website\",\"url\":\"https:\\\/\\\/socialkings.online\\\/sv\\\/\",\"name\":\"Social Kings Grow your following\",\"description\":\"Boost your Social Network\",\"inLanguage\":\"sv-SE\",\"publisher\":{\"@id\":\"https:\\\/\\\/socialkings.online\\\/sv\\\/#organization\"}}]}\n\t\t<\/script>\n\t\t<!-- All in One SEO Pro -->\r\n\t\t<title>Sekretesspolicy \u2192 Social Kings Grow your following<\/title>\n\n","aioseo_head_json":{"title":"Sekretesspolicy \u2192 Social Kings Grow your following","description":"Sekretesspolicy Nure \u00e4r ansvarig f\u00f6r behandlingen av personuppgifter enligt denna integritetspolicy. Kontakta dataskyddsombud: Nure\u00a9 Smidslaantje 51 8426DC Appelscha KvK-nr: 64464105 VAT-nr: NL002250971B75 +316 4202 1479 support@socialkings.online Personuppgifter vi behandlar Turbogrm ltd behandlar dina personuppgifter f\u00f6r att du anv\u00e4nder v\u00e5ra tj\u00e4nster och\/eller f\u00f6r att du sj\u00e4lv tillhandah\u00e5ller dessa uppgifter till oss. Nedan finner du en \u00f6versikt","canonical_url":"https:\/\/socialkings.online\/sv\/sekretesspolicy\/","robots":"max-image-preview:large","keywords":"","webmasterTools":{"miscellaneous":""},"schema":{"@context":"https:\/\/schema.org","@graph":[{"@type":"BreadcrumbList","@id":"https:\/\/socialkings.online\/sv\/sekretesspolicy\/#breadcrumblist","itemListElement":[{"@type":"ListItem","@id":"https:\/\/socialkings.online\/sv\/#listItem","position":1,"name":"Home","item":"https:\/\/socialkings.online\/sv\/","nextItem":{"@type":"ListItem","@id":"https:\/\/socialkings.online\/sv\/sekretesspolicy\/#listItem","name":"Sekretesspolicy"}},{"@type":"ListItem","@id":"https:\/\/socialkings.online\/sv\/sekretesspolicy\/#listItem","position":2,"name":"Sekretesspolicy","previousItem":{"@type":"ListItem","@id":"https:\/\/socialkings.online\/sv\/#listItem","name":"Home"}}]},{"@type":"Organization","@id":"https:\/\/socialkings.online\/sv\/#organization","name":"Social Kings Grow your following","description":"Boost your Social Network","url":"https:\/\/socialkings.online\/sv\/","telephone":"+31642021479","logo":{"@type":"ImageObject","url":"https:\/\/socialkings.online\/wp-content\/uploads\/2023\/05\/logo-new-purple.png","@id":"https:\/\/socialkings.online\/sv\/sekretesspolicy\/#organizationLogo","width":550,"height":150},"image":{"@id":"https:\/\/socialkings.online\/sv\/sekretesspolicy\/#organizationLogo"}},{"@type":"WebPage","@id":"https:\/\/socialkings.online\/sv\/sekretesspolicy\/#webpage","url":"https:\/\/socialkings.online\/sv\/sekretesspolicy\/","name":"Sekretesspolicy \u2192 Social Kings Grow your following","description":"Sekretesspolicy Nure \u00e4r ansvarig f\u00f6r behandlingen av personuppgifter enligt denna integritetspolicy. Kontakta dataskyddsombud: Nure\u00a9 Smidslaantje 51 8426DC Appelscha KvK-nr: 64464105 VAT-nr: NL002250971B75 +316 4202 1479 support@socialkings.online Personuppgifter vi behandlar Turbogrm ltd behandlar dina personuppgifter f\u00f6r att du anv\u00e4nder v\u00e5ra tj\u00e4nster och\/eller f\u00f6r att du sj\u00e4lv tillhandah\u00e5ller dessa uppgifter till oss. Nedan finner du en \u00f6versikt","inLanguage":"sv-SE","isPartOf":{"@id":"https:\/\/socialkings.online\/sv\/#website"},"breadcrumb":{"@id":"https:\/\/socialkings.online\/sv\/sekretesspolicy\/#breadcrumblist"},"datePublished":"2023-05-31T05:46:52+00:00","dateModified":"2023-05-31T05:46:52+00:00"},{"@type":"WebSite","@id":"https:\/\/socialkings.online\/sv\/#website","url":"https:\/\/socialkings.online\/sv\/","name":"Social Kings Grow your following","description":"Boost your Social Network","inLanguage":"sv-SE","publisher":{"@id":"https:\/\/socialkings.online\/sv\/#organization"}}]},"og:locale":"sv_SE","og:site_name":"Social Kings Grow your following \u2192 Boost your Social Network","og:type":"article","og:title":"Sekretesspolicy \u2192 Social Kings Grow your following","og:description":"Sekretesspolicy Nure \u00e4r ansvarig f\u00f6r behandlingen av personuppgifter enligt denna integritetspolicy. Kontakta dataskyddsombud: Nure\u00a9 Smidslaantje 51 8426DC Appelscha KvK-nr: 64464105 VAT-nr: NL002250971B75 +316 4202 1479 support@socialkings.online Personuppgifter vi behandlar Turbogrm ltd behandlar dina personuppgifter f\u00f6r att du anv\u00e4nder v\u00e5ra tj\u00e4nster och\/eller f\u00f6r att du sj\u00e4lv tillhandah\u00e5ller dessa uppgifter till oss. Nedan finner du en \u00f6versikt","og:url":"https:\/\/socialkings.online\/sv\/sekretesspolicy\/","article:published_time":"2023-05-31T05:46:52+00:00","article:modified_time":"2023-05-31T05:46:52+00:00","twitter:card":"summary","twitter:title":"Sekretesspolicy \u2192 Social Kings Grow your following","twitter:description":"Sekretesspolicy Nure \u00e4r ansvarig f\u00f6r behandlingen av personuppgifter enligt denna integritetspolicy. Kontakta dataskyddsombud: Nure\u00a9 Smidslaantje 51 8426DC Appelscha KvK-nr: 64464105 VAT-nr: NL002250971B75 +316 4202 1479 support@socialkings.online Personuppgifter vi behandlar Turbogrm ltd behandlar dina personuppgifter f\u00f6r att du anv\u00e4nder v\u00e5ra tj\u00e4nster och\/eller f\u00f6r att du sj\u00e4lv tillhandah\u00e5ller dessa uppgifter till oss. Nedan finner du en \u00f6versikt"},"aioseo_meta_data":{"post_id":"43387","title":null,"description":null,"keywords":null,"keyphrases":null,"primary_term":null,"canonical_url":null,"og_title":null,"og_description":null,"og_object_type":"default","og_image_type":"default","og_image_url":null,"og_image_width":null,"og_image_height":null,"og_image_custom_url":null,"og_image_custom_fields":null,"og_video":null,"og_custom_url":null,"og_article_section":null,"og_article_tags":null,"twitter_use_og":false,"twitter_card":"default","twitter_image_type":"default","twitter_image_url":null,"twitter_image_custom_url":null,"twitter_image_custom_fields":null,"twitter_title":null,"twitter_description":null,"schema":{"blockGraphs":[],"customGraphs":[],"default":{"data":{"Article":[],"Course":[],"Dataset":[],"FAQPage":[],"Movie":[],"Person":[],"Product":[],"ProductReview":[],"Car":[],"Recipe":[],"Service":[],"SoftwareApplication":[],"WebPage":[]},"graphName":"","isEnabled":true},"graphs":[]},"schema_type":"default","schema_type_options":null,"pillar_content":false,"robots_default":true,"robots_noindex":false,"robots_noarchive":false,"robots_nosnippet":false,"robots_nofollow":false,"robots_noimageindex":false,"robots_noodp":false,"robots_notranslate":false,"robots_max_snippet":null,"robots_max_videopreview":null,"robots_max_imagepreview":"large","priority":null,"frequency":null,"local_seo":null,"seo_analyzer_scan_date":"2025-08-15 00:33:45","breadcrumb_settings":null,"limit_modified_date":false,"open_ai":null,"ai":null,"created":"2023-06-23 16:35:54","updated":"2025-08-15 00:33:45"},"aioseo_breadcrumb":"<div class=\"aioseo-breadcrumbs\"><span class=\"aioseo-breadcrumb\">\n\t<a href=\"https:\/\/socialkings.online\/sv\/\" title=\"Home\">Home<\/a>\n<\/span><span class=\"aioseo-breadcrumb-separator\">&raquo;<\/span><span class=\"aioseo-breadcrumb\">\n\tSekretesspolicy\n<\/span><\/div>","aioseo_breadcrumb_json":[{"label":"Home","link":"https:\/\/socialkings.online\/sv\/"},{"label":"Sekretesspolicy","link":"https:\/\/socialkings.online\/sv\/sekretesspolicy\/"}],"_links":{"self":[{"href":"https:\/\/socialkings.online\/sv\/wp-json\/wp\/v2\/pages\/43387","targetHints":{"allow":["GET"]}}],"collection":[{"href":"https:\/\/socialkings.online\/sv\/wp-json\/wp\/v2\/pages"}],"about":[{"href":"https:\/\/socialkings.online\/sv\/wp-json\/wp\/v2\/types\/page"}],"author":[{"embeddable":true,"href":"https:\/\/socialkings.online\/sv\/wp-json\/wp\/v2\/users\/1"}],"replies":[{"embeddable":true,"href":"https:\/\/socialkings.online\/sv\/wp-json\/wp\/v2\/comments?post=43387"}],"version-history":[{"count":0,"href":"https:\/\/socialkings.online\/sv\/wp-json\/wp\/v2\/pages\/43387\/revisions"}],"wp:attachment":[{"href":"https:\/\/socialkings.online\/sv\/wp-json\/wp\/v2\/media?parent=43387"}],"curies":[{"name":"wp","href":"https:\/\/api.w.org\/{rel}","templated":true}]}}