{"id":43350,"date":"2022-03-30T16:30:11","date_gmt":"2022-03-30T16:30:11","guid":{"rendered":"https:\/\/socialkings.online\/?page_id=43350"},"modified":"2023-05-31T05:46:51","modified_gmt":"2023-05-31T05:46:51","slug":"aterbetalningspolicy","status":"publish","type":"page","link":"https:\/\/socialkings.online\/sv\/aterbetalningspolicy\/","title":{"rendered":"\u00c5terbetalningspolicy"},"content":{"rendered":"\t\t<div data-elementor-type=\"wp-page\" data-elementor-id=\"43350\" class=\"elementor elementor-43350 elementor-1017\" data-elementor-post-type=\"page\">\n\t\t\t\t\t\t<section class=\"elementor-section elementor-top-section elementor-element elementor-element-ce00497 elementor-section-boxed elementor-section-height-default elementor-section-height-default\" data-id=\"ce00497\" data-element_type=\"section\">\n\t\t\t\t\t\t<div class=\"elementor-container elementor-column-gap-default\">\n\t\t\t\t\t<div class=\"elementor-column elementor-col-100 elementor-top-column elementor-element elementor-element-ee5c092\" data-id=\"ee5c092\" data-element_type=\"column\">\n\t\t\t<div class=\"elementor-widget-wrap elementor-element-populated\">\n\t\t\t\t\t\t<div class=\"elementor-element elementor-element-9dcdd17 elementor-widget elementor-widget-text-editor\" data-id=\"9dcdd17\" data-element_type=\"widget\" data-widget_type=\"text-editor.default\">\n\t\t\t\t<div class=\"elementor-widget-container\">\n\t\t\t\t\t\t\t\t\t<strong> \u00c5TERBETALNINGSPOLICY <\/strong>\r\n\r\nVi erbjuder icke-materiella o\u00e5terkalleliga varor. Som kund \u00e4r du ansvarig f\u00f6r att f\u00f6rst\u00e5 detta n\u00e4r du k\u00f6per n\u00e5gon produkt\/tj\u00e4nst p\u00e5 v\u00e5r sida. Vi kommer dock att \u00e5terbetala hela beloppet om du \u00e4r missn\u00f6jd med v\u00e5ra produkter.\r\n\r\n<strong> KONTAKTA KUNDSUPPORT <\/strong>\r\n\r\n99 % av problemen kan l\u00f6sas med ett enkelt e-postmeddelande. Vi ber dig att kontakta oss genom att maila oss p\u00e5 support@socialkings.online0. V\u00e5r kundtj\u00e4nst kommer att \u00e5terkomma till dig inom 24-48 (vanligtvis mindre \u00e4n 24 timmar) med en genomg\u00e5ng av ditt problem och en l\u00f6sning.\r\n\r\n<strong> KVALIFICERADE \u00c5TERBETALNINGAR <\/strong>\r\n<ul>\r\n <li> Ej leverans av produkten\/tj\u00e4nsten: i vissa fall \u00e4r processtiderna l\u00e5ngsammare och det tar lite l\u00e4ngre tid f\u00f6r din best\u00e4llning att avslutas. I det h\u00e4r fallet rekommenderar vi att du kontaktar oss f\u00f6r hj\u00e4lp. Anspr\u00e5k p\u00e5 utebliven leverans m\u00e5ste l\u00e4mnas in till v\u00e5r kundserviceavdelning skriftligen inom 7 dagar efter best\u00e4llningen. <\/li>\r\n <li> Produkten inte enligt beskrivningen: s\u00e5dana problem ska rapporteras till v\u00e5r kundtj\u00e4nstavdelning inom 7 dagar fr\u00e5n ink\u00f6psdatumet. Tydliga bevis m\u00e5ste tillhandah\u00e5llas som styrker att den k\u00f6pta produkten\/tj\u00e4nsten inte \u00e4r som beskrivs p\u00e5 webbplatsen. Klagom\u00e5l som enbart baseras p\u00e5 kundens falska f\u00f6rv\u00e4ntningar eller \u00f6nskem\u00e5l uppfylls inte. <\/li>\r\n <li> Kunden vill avbryta \u00e5terkommande betalning av produkt\/tj\u00e4nst och \u00e4r inom 7 dagar efter den senaste betalningen. Om en beg\u00e4ran om \u00e5terbetalning g\u00f6rs efter 7 dagar \u00e4r kunden inte ber\u00e4ttigad, och en avbokning kommer att slutf\u00f6ras p\u00e5 all framtida fakturering. Kunden kan forts\u00e4tta att ta emot tj\u00e4nsten till slutet av sin faktureringscykel, eller v\u00e4lja att omedelbart stoppa produkten\/tj\u00e4nsten. <\/li>\r\n<\/ul>\r\n<strong> ENGAGEMANG TILL N\u00d6JDHET <\/strong>\r\n\r\nVi st\u00e5r bakom v\u00e5ra produkter och \u00e4r stolta \u00f6ver att kunna leverera tj\u00e4nster av h\u00f6gsta kvalitet f\u00f6r sociala medier online idag. Vi kan inte alltid erbjuda en \u00e5terbetalning, men om du \u00e4r missn\u00f6jd med din best\u00e4llning inom 7 dagar \u00e4r det bara att kontakta s\u00e5 hittar vi en l\u00f6sning p\u00e5 dina problem.\t\t\t\t\t\t\t\t<\/div>\n\t\t\t\t<\/div>\n\t\t\t\t\t<\/div>\n\t\t<\/div>\n\t\t\t\t\t<\/div>\n\t\t<\/section>\n\t\t\t\t<\/div>\n\t\t","protected":false},"excerpt":{"rendered":"<p>&#8230;<\/p>\n","protected":false},"author":1,"featured_media":0,"parent":0,"menu_order":0,"comment_status":"closed","ping_status":"closed","template":"","meta":{"footnotes":""},"class_list":["post-43350","page","type-page","status-publish","hentry"],"aioseo_notices":[],"aioseo_head":"\n\t\t<!-- All in One SEO Pro 4.9.5.2 - aioseo.com -->\n\t<meta name=\"description\" content=\"\u00c5TERBETALNINGSPOLICY Vi erbjuder icke-materiella o\u00e5terkalleliga varor. Som kund \u00e4r du ansvarig f\u00f6r att f\u00f6rst\u00e5 detta n\u00e4r du k\u00f6per n\u00e5gon produkt\/tj\u00e4nst p\u00e5 v\u00e5r sida. Vi kommer dock att \u00e5terbetala hela beloppet om du \u00e4r missn\u00f6jd med v\u00e5ra produkter. KONTAKTA KUNDSUPPORT 99 % av problemen kan l\u00f6sas med ett enkelt e-postmeddelande. Vi ber dig att kontakta oss\" \/>\n\t<meta name=\"robots\" content=\"max-image-preview:large\" \/>\n\t<link rel=\"canonical\" href=\"https:\/\/socialkings.online\/sv\/aterbetalningspolicy\/\" \/>\n\t<meta name=\"generator\" content=\"All in One SEO Pro (AIOSEO) 4.9.5.2\" \/>\n\t\t<meta property=\"og:locale\" content=\"sv_SE\" \/>\n\t\t<meta property=\"og:site_name\" content=\"Social Kings Grow your following \u2192 Boost your Social Network\" \/>\n\t\t<meta property=\"og:type\" content=\"article\" \/>\n\t\t<meta property=\"og:title\" content=\"\u00c5terbetalningspolicy \u2192 Social Kings Grow your following\" \/>\n\t\t<meta property=\"og:description\" content=\"\u00c5TERBETALNINGSPOLICY Vi erbjuder icke-materiella o\u00e5terkalleliga varor. Som kund \u00e4r du ansvarig f\u00f6r att f\u00f6rst\u00e5 detta n\u00e4r du k\u00f6per n\u00e5gon produkt\/tj\u00e4nst p\u00e5 v\u00e5r sida. Vi kommer dock att \u00e5terbetala hela beloppet om du \u00e4r missn\u00f6jd med v\u00e5ra produkter. KONTAKTA KUNDSUPPORT 99 % av problemen kan l\u00f6sas med ett enkelt e-postmeddelande. Vi ber dig att kontakta oss\" \/>\n\t\t<meta property=\"og:url\" content=\"https:\/\/socialkings.online\/sv\/aterbetalningspolicy\/\" \/>\n\t\t<meta property=\"article:published_time\" content=\"2022-03-30T16:30:11+00:00\" \/>\n\t\t<meta property=\"article:modified_time\" content=\"2023-05-31T05:46:51+00:00\" \/>\n\t\t<meta name=\"twitter:card\" content=\"summary\" \/>\n\t\t<meta name=\"twitter:title\" content=\"\u00c5terbetalningspolicy \u2192 Social Kings Grow your following\" \/>\n\t\t<meta name=\"twitter:description\" content=\"\u00c5TERBETALNINGSPOLICY Vi erbjuder icke-materiella o\u00e5terkalleliga varor. Som kund \u00e4r du ansvarig f\u00f6r att f\u00f6rst\u00e5 detta n\u00e4r du k\u00f6per n\u00e5gon produkt\/tj\u00e4nst p\u00e5 v\u00e5r sida. Vi kommer dock att \u00e5terbetala hela beloppet om du \u00e4r missn\u00f6jd med v\u00e5ra produkter. KONTAKTA KUNDSUPPORT 99 % av problemen kan l\u00f6sas med ett enkelt e-postmeddelande. Vi ber dig att kontakta oss\" \/>\n\t\t<script type=\"application\/ld+json\" class=\"aioseo-schema\">\n\t\t\t{\"@context\":\"https:\\\/\\\/schema.org\",\"@graph\":[{\"@type\":\"BreadcrumbList\",\"@id\":\"https:\\\/\\\/socialkings.online\\\/sv\\\/aterbetalningspolicy\\\/#breadcrumblist\",\"itemListElement\":[{\"@type\":\"ListItem\",\"@id\":\"https:\\\/\\\/socialkings.online\\\/sv\\\/#listItem\",\"position\":1,\"name\":\"Home\",\"item\":\"https:\\\/\\\/socialkings.online\\\/sv\\\/\",\"nextItem\":{\"@type\":\"ListItem\",\"@id\":\"https:\\\/\\\/socialkings.online\\\/sv\\\/aterbetalningspolicy\\\/#listItem\",\"name\":\"\\u00c5terbetalningspolicy\"}},{\"@type\":\"ListItem\",\"@id\":\"https:\\\/\\\/socialkings.online\\\/sv\\\/aterbetalningspolicy\\\/#listItem\",\"position\":2,\"name\":\"\\u00c5terbetalningspolicy\",\"previousItem\":{\"@type\":\"ListItem\",\"@id\":\"https:\\\/\\\/socialkings.online\\\/sv\\\/#listItem\",\"name\":\"Home\"}}]},{\"@type\":\"Organization\",\"@id\":\"https:\\\/\\\/socialkings.online\\\/sv\\\/#organization\",\"name\":\"Social Kings Grow your following\",\"description\":\"Boost your Social Network\",\"url\":\"https:\\\/\\\/socialkings.online\\\/sv\\\/\",\"telephone\":\"+31642021479\",\"logo\":{\"@type\":\"ImageObject\",\"url\":\"https:\\\/\\\/socialkings.online\\\/wp-content\\\/uploads\\\/2023\\\/05\\\/logo-new-purple.png\",\"@id\":\"https:\\\/\\\/socialkings.online\\\/sv\\\/aterbetalningspolicy\\\/#organizationLogo\",\"width\":550,\"height\":150},\"image\":{\"@id\":\"https:\\\/\\\/socialkings.online\\\/sv\\\/aterbetalningspolicy\\\/#organizationLogo\"}},{\"@type\":\"WebPage\",\"@id\":\"https:\\\/\\\/socialkings.online\\\/sv\\\/aterbetalningspolicy\\\/#webpage\",\"url\":\"https:\\\/\\\/socialkings.online\\\/sv\\\/aterbetalningspolicy\\\/\",\"name\":\"\\u00c5terbetalningspolicy \\u2192 Social Kings Grow your following\",\"description\":\"\\u00c5TERBETALNINGSPOLICY Vi erbjuder icke-materiella o\\u00e5terkalleliga varor. Som kund \\u00e4r du ansvarig f\\u00f6r att f\\u00f6rst\\u00e5 detta n\\u00e4r du k\\u00f6per n\\u00e5gon produkt\\\/tj\\u00e4nst p\\u00e5 v\\u00e5r sida. Vi kommer dock att \\u00e5terbetala hela beloppet om du \\u00e4r missn\\u00f6jd med v\\u00e5ra produkter. KONTAKTA KUNDSUPPORT 99 % av problemen kan l\\u00f6sas med ett enkelt e-postmeddelande. Vi ber dig att kontakta oss\",\"inLanguage\":\"sv-SE\",\"isPartOf\":{\"@id\":\"https:\\\/\\\/socialkings.online\\\/sv\\\/#website\"},\"breadcrumb\":{\"@id\":\"https:\\\/\\\/socialkings.online\\\/sv\\\/aterbetalningspolicy\\\/#breadcrumblist\"},\"datePublished\":\"2022-03-30T16:30:11+00:00\",\"dateModified\":\"2023-05-31T05:46:51+00:00\"},{\"@type\":\"WebSite\",\"@id\":\"https:\\\/\\\/socialkings.online\\\/sv\\\/#website\",\"url\":\"https:\\\/\\\/socialkings.online\\\/sv\\\/\",\"name\":\"Social Kings Grow your following\",\"description\":\"Boost your Social Network\",\"inLanguage\":\"sv-SE\",\"publisher\":{\"@id\":\"https:\\\/\\\/socialkings.online\\\/sv\\\/#organization\"}}]}\n\t\t<\/script>\n\t\t<!-- All in One SEO Pro -->\r\n\t\t<title>\u00c5terbetalningspolicy \u2192 Social Kings Grow your following<\/title>\n\n","aioseo_head_json":{"title":"\u00c5terbetalningspolicy \u2192 Social Kings Grow your following","description":"\u00c5TERBETALNINGSPOLICY Vi erbjuder icke-materiella o\u00e5terkalleliga varor. Som kund \u00e4r du ansvarig f\u00f6r att f\u00f6rst\u00e5 detta n\u00e4r du k\u00f6per n\u00e5gon produkt\/tj\u00e4nst p\u00e5 v\u00e5r sida. Vi kommer dock att \u00e5terbetala hela beloppet om du \u00e4r missn\u00f6jd med v\u00e5ra produkter. KONTAKTA KUNDSUPPORT 99 % av problemen kan l\u00f6sas med ett enkelt e-postmeddelande. Vi ber dig att kontakta oss","canonical_url":"https:\/\/socialkings.online\/sv\/aterbetalningspolicy\/","robots":"max-image-preview:large","keywords":"","webmasterTools":{"miscellaneous":""},"schema":{"@context":"https:\/\/schema.org","@graph":[{"@type":"BreadcrumbList","@id":"https:\/\/socialkings.online\/sv\/aterbetalningspolicy\/#breadcrumblist","itemListElement":[{"@type":"ListItem","@id":"https:\/\/socialkings.online\/sv\/#listItem","position":1,"name":"Home","item":"https:\/\/socialkings.online\/sv\/","nextItem":{"@type":"ListItem","@id":"https:\/\/socialkings.online\/sv\/aterbetalningspolicy\/#listItem","name":"\u00c5terbetalningspolicy"}},{"@type":"ListItem","@id":"https:\/\/socialkings.online\/sv\/aterbetalningspolicy\/#listItem","position":2,"name":"\u00c5terbetalningspolicy","previousItem":{"@type":"ListItem","@id":"https:\/\/socialkings.online\/sv\/#listItem","name":"Home"}}]},{"@type":"Organization","@id":"https:\/\/socialkings.online\/sv\/#organization","name":"Social Kings Grow your following","description":"Boost your Social Network","url":"https:\/\/socialkings.online\/sv\/","telephone":"+31642021479","logo":{"@type":"ImageObject","url":"https:\/\/socialkings.online\/wp-content\/uploads\/2023\/05\/logo-new-purple.png","@id":"https:\/\/socialkings.online\/sv\/aterbetalningspolicy\/#organizationLogo","width":550,"height":150},"image":{"@id":"https:\/\/socialkings.online\/sv\/aterbetalningspolicy\/#organizationLogo"}},{"@type":"WebPage","@id":"https:\/\/socialkings.online\/sv\/aterbetalningspolicy\/#webpage","url":"https:\/\/socialkings.online\/sv\/aterbetalningspolicy\/","name":"\u00c5terbetalningspolicy \u2192 Social Kings Grow your following","description":"\u00c5TERBETALNINGSPOLICY Vi erbjuder icke-materiella o\u00e5terkalleliga varor. Som kund \u00e4r du ansvarig f\u00f6r att f\u00f6rst\u00e5 detta n\u00e4r du k\u00f6per n\u00e5gon produkt\/tj\u00e4nst p\u00e5 v\u00e5r sida. Vi kommer dock att \u00e5terbetala hela beloppet om du \u00e4r missn\u00f6jd med v\u00e5ra produkter. KONTAKTA KUNDSUPPORT 99 % av problemen kan l\u00f6sas med ett enkelt e-postmeddelande. Vi ber dig att kontakta oss","inLanguage":"sv-SE","isPartOf":{"@id":"https:\/\/socialkings.online\/sv\/#website"},"breadcrumb":{"@id":"https:\/\/socialkings.online\/sv\/aterbetalningspolicy\/#breadcrumblist"},"datePublished":"2022-03-30T16:30:11+00:00","dateModified":"2023-05-31T05:46:51+00:00"},{"@type":"WebSite","@id":"https:\/\/socialkings.online\/sv\/#website","url":"https:\/\/socialkings.online\/sv\/","name":"Social Kings Grow your following","description":"Boost your Social Network","inLanguage":"sv-SE","publisher":{"@id":"https:\/\/socialkings.online\/sv\/#organization"}}]},"og:locale":"sv_SE","og:site_name":"Social Kings Grow your following \u2192 Boost your Social Network","og:type":"article","og:title":"\u00c5terbetalningspolicy \u2192 Social Kings Grow your following","og:description":"\u00c5TERBETALNINGSPOLICY Vi erbjuder icke-materiella o\u00e5terkalleliga varor. Som kund \u00e4r du ansvarig f\u00f6r att f\u00f6rst\u00e5 detta n\u00e4r du k\u00f6per n\u00e5gon produkt\/tj\u00e4nst p\u00e5 v\u00e5r sida. Vi kommer dock att \u00e5terbetala hela beloppet om du \u00e4r missn\u00f6jd med v\u00e5ra produkter. KONTAKTA KUNDSUPPORT 99 % av problemen kan l\u00f6sas med ett enkelt e-postmeddelande. Vi ber dig att kontakta oss","og:url":"https:\/\/socialkings.online\/sv\/aterbetalningspolicy\/","article:published_time":"2022-03-30T16:30:11+00:00","article:modified_time":"2023-05-31T05:46:51+00:00","twitter:card":"summary","twitter:title":"\u00c5terbetalningspolicy \u2192 Social Kings Grow your following","twitter:description":"\u00c5TERBETALNINGSPOLICY Vi erbjuder icke-materiella o\u00e5terkalleliga varor. Som kund \u00e4r du ansvarig f\u00f6r att f\u00f6rst\u00e5 detta n\u00e4r du k\u00f6per n\u00e5gon produkt\/tj\u00e4nst p\u00e5 v\u00e5r sida. Vi kommer dock att \u00e5terbetala hela beloppet om du \u00e4r missn\u00f6jd med v\u00e5ra produkter. KONTAKTA KUNDSUPPORT 99 % av problemen kan l\u00f6sas med ett enkelt e-postmeddelande. Vi ber dig att kontakta oss"},"aioseo_meta_data":{"post_id":"43350","title":null,"description":null,"keywords":null,"keyphrases":null,"primary_term":null,"canonical_url":null,"og_title":null,"og_description":null,"og_object_type":"default","og_image_type":"default","og_image_url":null,"og_image_width":null,"og_image_height":null,"og_image_custom_url":null,"og_image_custom_fields":null,"og_video":null,"og_custom_url":null,"og_article_section":null,"og_article_tags":null,"twitter_use_og":false,"twitter_card":"default","twitter_image_type":"default","twitter_image_url":null,"twitter_image_custom_url":null,"twitter_image_custom_fields":null,"twitter_title":null,"twitter_description":null,"schema":{"blockGraphs":[],"customGraphs":[],"default":{"data":{"Article":[],"Course":[],"Dataset":[],"FAQPage":[],"Movie":[],"Person":[],"Product":[],"ProductReview":[],"Car":[],"Recipe":[],"Service":[],"SoftwareApplication":[],"WebPage":[]},"graphName":"","isEnabled":true},"graphs":[]},"schema_type":"default","schema_type_options":null,"pillar_content":false,"robots_default":true,"robots_noindex":false,"robots_noarchive":false,"robots_nosnippet":false,"robots_nofollow":false,"robots_noimageindex":false,"robots_noodp":false,"robots_notranslate":false,"robots_max_snippet":null,"robots_max_videopreview":null,"robots_max_imagepreview":"large","priority":null,"frequency":null,"local_seo":null,"seo_analyzer_scan_date":"2025-08-14 23:54:55","breadcrumb_settings":null,"limit_modified_date":false,"open_ai":null,"ai":null,"created":"2023-06-23 16:35:53","updated":"2025-09-26 23:51:38"},"aioseo_breadcrumb":"<div class=\"aioseo-breadcrumbs\"><span class=\"aioseo-breadcrumb\">\n\t<a href=\"https:\/\/socialkings.online\/sv\/\" title=\"Home\">Home<\/a>\n<\/span><span class=\"aioseo-breadcrumb-separator\">&raquo;<\/span><span class=\"aioseo-breadcrumb\">\n\t\u00c5terbetalningspolicy\n<\/span><\/div>","aioseo_breadcrumb_json":[{"label":"Home","link":"https:\/\/socialkings.online\/sv\/"},{"label":"\u00c5terbetalningspolicy","link":"https:\/\/socialkings.online\/sv\/aterbetalningspolicy\/"}],"_links":{"self":[{"href":"https:\/\/socialkings.online\/sv\/wp-json\/wp\/v2\/pages\/43350","targetHints":{"allow":["GET"]}}],"collection":[{"href":"https:\/\/socialkings.online\/sv\/wp-json\/wp\/v2\/pages"}],"about":[{"href":"https:\/\/socialkings.online\/sv\/wp-json\/wp\/v2\/types\/page"}],"author":[{"embeddable":true,"href":"https:\/\/socialkings.online\/sv\/wp-json\/wp\/v2\/users\/1"}],"replies":[{"embeddable":true,"href":"https:\/\/socialkings.online\/sv\/wp-json\/wp\/v2\/comments?post=43350"}],"version-history":[{"count":0,"href":"https:\/\/socialkings.online\/sv\/wp-json\/wp\/v2\/pages\/43350\/revisions"}],"wp:attachment":[{"href":"https:\/\/socialkings.online\/sv\/wp-json\/wp\/v2\/media?parent=43350"}],"curies":[{"name":"wp","href":"https:\/\/api.w.org\/{rel}","templated":true}]}}