{"id":178627,"date":"2025-01-15T18:57:40","date_gmt":"2025-01-15T18:57:40","guid":{"rendered":"https:\/\/socialkings.online\/politika-e-rimbursimit\/"},"modified":"2025-01-15T18:57:40","modified_gmt":"2025-01-15T18:57:40","slug":"politika-e-rimbursimit","status":"publish","type":"page","link":"https:\/\/socialkings.online\/sq\/politika-e-rimbursimit\/","title":{"rendered":"Politika e rimbursimit"},"content":{"rendered":"\t\t<div data-elementor-type=\"wp-page\" data-elementor-id=\"178627\" class=\"elementor elementor-178627 elementor-1017\" data-elementor-post-type=\"page\">\n\t\t\t\t\t\t<section class=\"elementor-section elementor-top-section elementor-element elementor-element-ce00497 elementor-section-boxed elementor-section-height-default elementor-section-height-default\" data-id=\"ce00497\" data-element_type=\"section\">\n\t\t\t\t\t\t<div class=\"elementor-container elementor-column-gap-default\">\n\t\t\t\t\t<div class=\"elementor-column elementor-col-100 elementor-top-column elementor-element elementor-element-ee5c092\" data-id=\"ee5c092\" data-element_type=\"column\">\n\t\t\t<div class=\"elementor-widget-wrap elementor-element-populated\">\n\t\t\t\t\t\t<div class=\"elementor-element elementor-element-9dcdd17 elementor-widget elementor-widget-text-editor\" data-id=\"9dcdd17\" data-element_type=\"widget\" data-widget_type=\"text-editor.default\">\n\t\t\t\t<div class=\"elementor-widget-container\">\n\t\t\t\t\t\t\t\t\t<p><strong>POLITIKA E RIFUNDIT<\/strong><\/p>\n<p>Ne ofrojm\u00eb mallra jo t\u00eb prekshme t\u00eb pakthyeshme. Si klient, ju jeni p\u00ebrgjegj\u00ebs p\u00ebr ta kuptuar k\u00ebt\u00eb kur blini ndonj\u00eb produkt\/sh\u00ebrbim n\u00eb faqen ton\u00eb. Megjithat\u00eb, ne do t\u00eb rimbursojm\u00eb shum\u00ebn e plot\u00eb n\u00ebse jeni t\u00eb pak\u00ebnaqur me produktet tona.  <\/p>\n<p><strong>KONTAKTONI MB\u00cbSHTETJEN E KLIENTIT<\/strong><\/p>\n<p>99% e problemeve mund t\u00eb zgjidhen me nj\u00eb email t\u00eb thjesht\u00eb. Ne k\u00ebrkojm\u00eb q\u00eb t\u00eb na kontaktoni duke na d\u00ebrguar email n\u00eb support@socialkings.online0. Departamenti yn\u00eb i Sh\u00ebrbimit t\u00eb Klientit do t&#8217;ju kontaktoj\u00eb brenda 24-48 (zakonisht m\u00eb pak se 24 or\u00eb) me nj\u00eb rishikim t\u00eb shqet\u00ebsimit tuaj dhe nj\u00eb zgjidhje.  <\/p>\n<p><strong>K\u00cbRKESAT E PRANUESHME P\u00cbR RIBUNDIM<\/strong><\/p>\n<ul>\n<li>Mos-dor\u00ebzimi i produktit\/sh\u00ebrbimit: n\u00eb disa raste koh\u00ebt e procesit jan\u00eb m\u00eb t\u00eb ngadalta dhe k\u00ebrkon pak m\u00eb shum\u00eb koh\u00eb q\u00eb porosia juaj t\u00eb p\u00ebrfundoj\u00eb. N\u00eb k\u00ebt\u00eb rast, ju rekomandojm\u00eb t\u00eb na kontaktoni p\u00ebr ndihm\u00eb. K\u00ebrkesat p\u00ebr mosdor\u00ebzimin duhet t&#8217;i dor\u00ebzohen Departamentit ton\u00eb t\u00eb Sh\u00ebrbimit t\u00eb Klientit me shkrim brenda 7 dit\u00ebve nga vendosja e porosis\u00eb.  <\/li>\n<li>Produkti jo si\u00e7 p\u00ebrshkruhet: \u00e7\u00ebshtje t\u00eb tilla duhet t\u00eb raportohen n\u00eb Departamentin ton\u00eb t\u00eb Sh\u00ebrbimit t\u00eb Klientit brenda 7 dit\u00ebve nga data e blerjes. Duhet t\u00eb sigurohen d\u00ebshmi t\u00eb qarta q\u00eb v\u00ebrtetojn\u00eb se produkti\/sh\u00ebrbimi i bler\u00eb nuk \u00ebsht\u00eb si\u00e7 p\u00ebrshkruhet n\u00eb faqen e internetit. Ankesat t\u00eb cilat bazohen thjesht n\u00eb pritjet apo d\u00ebshirat e rreme t\u00eb klientit nuk respektohen.  <\/li>\n<li>Klienti d\u00ebshiron t\u00eb anuloj\u00eb pages\u00ebn e p\u00ebrs\u00ebritur t\u00eb produktit\/sh\u00ebrbimit dhe \u00ebsht\u00eb brenda 7 dit\u00ebve nga pagesa e fundit. N\u00ebse b\u00ebhet nj\u00eb k\u00ebrkes\u00eb p\u00ebr rimbursim pas 7 dit\u00ebsh, klienti nuk kualifikohet dhe nj\u00eb anulim do t\u00eb kryhet n\u00eb t\u00eb gjitha faturimet e ardhshme. Klienti mund t\u00eb vazhdoj\u00eb t\u00eb marr\u00eb sh\u00ebrbimin deri n\u00eb fund t\u00eb ciklit t\u00eb tij t\u00eb faturimit, ose t\u00eb zgjedh\u00eb nd\u00ebrprerjen e menj\u00ebhershme t\u00eb produktit\/sh\u00ebrbimit.  <\/li>\n<\/ul>\n<p><strong>I P\u00cbRGAZUAR P\u00cbR K\u00cbNAQ\u00cbSI<\/strong><\/p>\n<p>Ne q\u00ebndrojm\u00eb prapa produkteve tona dhe jemi krenar\u00eb q\u00eb ofrojm\u00eb sh\u00ebrbimet e angazhimit t\u00eb mediave sociale me cil\u00ebsi m\u00eb t\u00eb lart\u00eb n\u00eb internet sot. Ne nuk mund t\u00eb ofrojm\u00eb gjithmon\u00eb nj\u00eb rimbursim, por n\u00ebse brenda 7 dit\u00ebve nuk jeni t\u00eb k\u00ebnaqur me porosin\u00eb tuaj, thjesht na kontaktoni dhe ne do t\u00eb gjejm\u00eb nj\u00eb zgjidhje p\u00ebr shqet\u00ebsimet tuaja. <\/p>\t\t\t\t\t\t\t\t<\/div>\n\t\t\t\t<\/div>\n\t\t\t\t\t<\/div>\n\t\t<\/div>\n\t\t\t\t\t<\/div>\n\t\t<\/section>\n\t\t\t\t<\/div>\n\t\t","protected":false},"excerpt":{"rendered":"<p>&#8230;<\/p>\n","protected":false},"author":1,"featured_media":0,"parent":0,"menu_order":0,"comment_status":"closed","ping_status":"closed","template":"","meta":{"footnotes":""},"class_list":["post-178627","page","type-page","status-publish","hentry"],"aioseo_notices":[],"aioseo_head":"\n\t\t<!-- All in One SEO Pro 4.9.5.2 - aioseo.com -->\n\t<meta name=\"description\" content=\"POLITIKA E RIFUNDIT Ne ofrojm\u00eb mallra jo t\u00eb prekshme t\u00eb pakthyeshme. Si klient, ju jeni p\u00ebrgjegj\u00ebs p\u00ebr ta kuptuar k\u00ebt\u00eb kur blini ndonj\u00eb produkt\/sh\u00ebrbim n\u00eb faqen ton\u00eb. Megjithat\u00eb, ne do t\u00eb rimbursojm\u00eb shum\u00ebn e plot\u00eb n\u00ebse jeni t\u00eb pak\u00ebnaqur me produktet tona. KONTAKTONI MB\u00cbSHTETJEN E KLIENTIT 99% e problemeve mund t\u00eb zgjidhen me nj\u00eb email\" \/>\n\t<meta name=\"robots\" content=\"max-image-preview:large\" \/>\n\t<link rel=\"canonical\" href=\"https:\/\/socialkings.online\/sq\/politika-e-rimbursimit\/\" \/>\n\t<meta name=\"generator\" content=\"All in One SEO Pro (AIOSEO) 4.9.5.2\" \/>\n\t\t<meta property=\"og:locale\" content=\"sq_AL\" \/>\n\t\t<meta property=\"og:site_name\" content=\"Social Kings Grow your following \u2192 Boost your Social Network\" \/>\n\t\t<meta property=\"og:type\" content=\"article\" \/>\n\t\t<meta property=\"og:title\" content=\"Politika e rimbursimit \u2192 Social Kings Grow your following\" \/>\n\t\t<meta property=\"og:description\" content=\"POLITIKA E RIFUNDIT Ne ofrojm\u00eb mallra jo t\u00eb prekshme t\u00eb pakthyeshme. Si klient, ju jeni p\u00ebrgjegj\u00ebs p\u00ebr ta kuptuar k\u00ebt\u00eb kur blini ndonj\u00eb produkt\/sh\u00ebrbim n\u00eb faqen ton\u00eb. Megjithat\u00eb, ne do t\u00eb rimbursojm\u00eb shum\u00ebn e plot\u00eb n\u00ebse jeni t\u00eb pak\u00ebnaqur me produktet tona. KONTAKTONI MB\u00cbSHTETJEN E KLIENTIT 99% e problemeve mund t\u00eb zgjidhen me nj\u00eb email\" \/>\n\t\t<meta property=\"og:url\" content=\"https:\/\/socialkings.online\/sq\/politika-e-rimbursimit\/\" \/>\n\t\t<meta property=\"article:published_time\" content=\"2025-01-15T18:57:40+00:00\" \/>\n\t\t<meta property=\"article:modified_time\" content=\"2025-01-15T18:57:40+00:00\" \/>\n\t\t<meta name=\"twitter:card\" content=\"summary\" \/>\n\t\t<meta name=\"twitter:title\" content=\"Politika e rimbursimit \u2192 Social Kings Grow your following\" \/>\n\t\t<meta name=\"twitter:description\" content=\"POLITIKA E RIFUNDIT Ne ofrojm\u00eb mallra jo t\u00eb prekshme t\u00eb pakthyeshme. Si klient, ju jeni p\u00ebrgjegj\u00ebs p\u00ebr ta kuptuar k\u00ebt\u00eb kur blini ndonj\u00eb produkt\/sh\u00ebrbim n\u00eb faqen ton\u00eb. Megjithat\u00eb, ne do t\u00eb rimbursojm\u00eb shum\u00ebn e plot\u00eb n\u00ebse jeni t\u00eb pak\u00ebnaqur me produktet tona. KONTAKTONI MB\u00cbSHTETJEN E KLIENTIT 99% e problemeve mund t\u00eb zgjidhen me nj\u00eb email\" \/>\n\t\t<script type=\"application\/ld+json\" class=\"aioseo-schema\">\n\t\t\t{\"@context\":\"https:\\\/\\\/schema.org\",\"@graph\":[{\"@type\":\"BreadcrumbList\",\"@id\":\"https:\\\/\\\/socialkings.online\\\/sq\\\/politika-e-rimbursimit\\\/#breadcrumblist\",\"itemListElement\":[{\"@type\":\"ListItem\",\"@id\":\"https:\\\/\\\/socialkings.online\\\/sq\\\/#listItem\",\"position\":1,\"name\":\"Home\",\"item\":\"https:\\\/\\\/socialkings.online\\\/sq\\\/\",\"nextItem\":{\"@type\":\"ListItem\",\"@id\":\"https:\\\/\\\/socialkings.online\\\/sq\\\/politika-e-rimbursimit\\\/#listItem\",\"name\":\"Politika e rimbursimit\"}},{\"@type\":\"ListItem\",\"@id\":\"https:\\\/\\\/socialkings.online\\\/sq\\\/politika-e-rimbursimit\\\/#listItem\",\"position\":2,\"name\":\"Politika e rimbursimit\",\"previousItem\":{\"@type\":\"ListItem\",\"@id\":\"https:\\\/\\\/socialkings.online\\\/sq\\\/#listItem\",\"name\":\"Home\"}}]},{\"@type\":\"Organization\",\"@id\":\"https:\\\/\\\/socialkings.online\\\/sq\\\/#organization\",\"name\":\"Social Kings Grow your following\",\"description\":\"Boost your Social Network\",\"url\":\"https:\\\/\\\/socialkings.online\\\/sq\\\/\",\"telephone\":\"+31642021479\",\"logo\":{\"@type\":\"ImageObject\",\"url\":\"https:\\\/\\\/socialkings.online\\\/wp-content\\\/uploads\\\/2023\\\/05\\\/logo-new-purple.png\",\"@id\":\"https:\\\/\\\/socialkings.online\\\/sq\\\/politika-e-rimbursimit\\\/#organizationLogo\",\"width\":550,\"height\":150},\"image\":{\"@id\":\"https:\\\/\\\/socialkings.online\\\/sq\\\/politika-e-rimbursimit\\\/#organizationLogo\"}},{\"@type\":\"WebPage\",\"@id\":\"https:\\\/\\\/socialkings.online\\\/sq\\\/politika-e-rimbursimit\\\/#webpage\",\"url\":\"https:\\\/\\\/socialkings.online\\\/sq\\\/politika-e-rimbursimit\\\/\",\"name\":\"Politika e rimbursimit \\u2192 Social Kings Grow your following\",\"description\":\"POLITIKA E RIFUNDIT Ne ofrojm\\u00eb mallra jo t\\u00eb prekshme t\\u00eb pakthyeshme. Si klient, ju jeni p\\u00ebrgjegj\\u00ebs p\\u00ebr ta kuptuar k\\u00ebt\\u00eb kur blini ndonj\\u00eb produkt\\\/sh\\u00ebrbim n\\u00eb faqen ton\\u00eb. Megjithat\\u00eb, ne do t\\u00eb rimbursojm\\u00eb shum\\u00ebn e plot\\u00eb n\\u00ebse jeni t\\u00eb pak\\u00ebnaqur me produktet tona. KONTAKTONI MB\\u00cbSHTETJEN E KLIENTIT 99% e problemeve mund t\\u00eb zgjidhen me nj\\u00eb email\",\"inLanguage\":\"sq-AL\",\"isPartOf\":{\"@id\":\"https:\\\/\\\/socialkings.online\\\/sq\\\/#website\"},\"breadcrumb\":{\"@id\":\"https:\\\/\\\/socialkings.online\\\/sq\\\/politika-e-rimbursimit\\\/#breadcrumblist\"},\"datePublished\":\"2025-01-15T18:57:40+00:00\",\"dateModified\":\"2025-01-15T18:57:40+00:00\"},{\"@type\":\"WebSite\",\"@id\":\"https:\\\/\\\/socialkings.online\\\/sq\\\/#website\",\"url\":\"https:\\\/\\\/socialkings.online\\\/sq\\\/\",\"name\":\"Social Kings Grow your following\",\"description\":\"Boost your Social Network\",\"inLanguage\":\"sq-AL\",\"publisher\":{\"@id\":\"https:\\\/\\\/socialkings.online\\\/sq\\\/#organization\"}}]}\n\t\t<\/script>\n\t\t<!-- All in One SEO Pro -->\r\n\t\t<title>Politika e rimbursimit \u2192 Social Kings Grow your following<\/title>\n\n","aioseo_head_json":{"title":"Politika e rimbursimit \u2192 Social Kings Grow your following","description":"POLITIKA E RIFUNDIT Ne ofrojm\u00eb mallra jo t\u00eb prekshme t\u00eb pakthyeshme. Si klient, ju jeni p\u00ebrgjegj\u00ebs p\u00ebr ta kuptuar k\u00ebt\u00eb kur blini ndonj\u00eb produkt\/sh\u00ebrbim n\u00eb faqen ton\u00eb. Megjithat\u00eb, ne do t\u00eb rimbursojm\u00eb shum\u00ebn e plot\u00eb n\u00ebse jeni t\u00eb pak\u00ebnaqur me produktet tona. KONTAKTONI MB\u00cbSHTETJEN E KLIENTIT 99% e problemeve mund t\u00eb zgjidhen me nj\u00eb email","canonical_url":"https:\/\/socialkings.online\/sq\/politika-e-rimbursimit\/","robots":"max-image-preview:large","keywords":"","webmasterTools":{"miscellaneous":""},"schema":{"@context":"https:\/\/schema.org","@graph":[{"@type":"BreadcrumbList","@id":"https:\/\/socialkings.online\/sq\/politika-e-rimbursimit\/#breadcrumblist","itemListElement":[{"@type":"ListItem","@id":"https:\/\/socialkings.online\/sq\/#listItem","position":1,"name":"Home","item":"https:\/\/socialkings.online\/sq\/","nextItem":{"@type":"ListItem","@id":"https:\/\/socialkings.online\/sq\/politika-e-rimbursimit\/#listItem","name":"Politika e rimbursimit"}},{"@type":"ListItem","@id":"https:\/\/socialkings.online\/sq\/politika-e-rimbursimit\/#listItem","position":2,"name":"Politika e rimbursimit","previousItem":{"@type":"ListItem","@id":"https:\/\/socialkings.online\/sq\/#listItem","name":"Home"}}]},{"@type":"Organization","@id":"https:\/\/socialkings.online\/sq\/#organization","name":"Social Kings Grow your following","description":"Boost your Social Network","url":"https:\/\/socialkings.online\/sq\/","telephone":"+31642021479","logo":{"@type":"ImageObject","url":"https:\/\/socialkings.online\/wp-content\/uploads\/2023\/05\/logo-new-purple.png","@id":"https:\/\/socialkings.online\/sq\/politika-e-rimbursimit\/#organizationLogo","width":550,"height":150},"image":{"@id":"https:\/\/socialkings.online\/sq\/politika-e-rimbursimit\/#organizationLogo"}},{"@type":"WebPage","@id":"https:\/\/socialkings.online\/sq\/politika-e-rimbursimit\/#webpage","url":"https:\/\/socialkings.online\/sq\/politika-e-rimbursimit\/","name":"Politika e rimbursimit \u2192 Social Kings Grow your following","description":"POLITIKA E RIFUNDIT Ne ofrojm\u00eb mallra jo t\u00eb prekshme t\u00eb pakthyeshme. Si klient, ju jeni p\u00ebrgjegj\u00ebs p\u00ebr ta kuptuar k\u00ebt\u00eb kur blini ndonj\u00eb produkt\/sh\u00ebrbim n\u00eb faqen ton\u00eb. Megjithat\u00eb, ne do t\u00eb rimbursojm\u00eb shum\u00ebn e plot\u00eb n\u00ebse jeni t\u00eb pak\u00ebnaqur me produktet tona. KONTAKTONI MB\u00cbSHTETJEN E KLIENTIT 99% e problemeve mund t\u00eb zgjidhen me nj\u00eb email","inLanguage":"sq-AL","isPartOf":{"@id":"https:\/\/socialkings.online\/sq\/#website"},"breadcrumb":{"@id":"https:\/\/socialkings.online\/sq\/politika-e-rimbursimit\/#breadcrumblist"},"datePublished":"2025-01-15T18:57:40+00:00","dateModified":"2025-01-15T18:57:40+00:00"},{"@type":"WebSite","@id":"https:\/\/socialkings.online\/sq\/#website","url":"https:\/\/socialkings.online\/sq\/","name":"Social Kings Grow your following","description":"Boost your Social Network","inLanguage":"sq-AL","publisher":{"@id":"https:\/\/socialkings.online\/sq\/#organization"}}]},"og:locale":"sq_AL","og:site_name":"Social Kings Grow your following \u2192 Boost your Social Network","og:type":"article","og:title":"Politika e rimbursimit \u2192 Social Kings Grow your following","og:description":"POLITIKA E RIFUNDIT Ne ofrojm\u00eb mallra jo t\u00eb prekshme t\u00eb pakthyeshme. Si klient, ju jeni p\u00ebrgjegj\u00ebs p\u00ebr ta kuptuar k\u00ebt\u00eb kur blini ndonj\u00eb produkt\/sh\u00ebrbim n\u00eb faqen ton\u00eb. Megjithat\u00eb, ne do t\u00eb rimbursojm\u00eb shum\u00ebn e plot\u00eb n\u00ebse jeni t\u00eb pak\u00ebnaqur me produktet tona. KONTAKTONI MB\u00cbSHTETJEN E KLIENTIT 99% e problemeve mund t\u00eb zgjidhen me nj\u00eb email","og:url":"https:\/\/socialkings.online\/sq\/politika-e-rimbursimit\/","article:published_time":"2025-01-15T18:57:40+00:00","article:modified_time":"2025-01-15T18:57:40+00:00","twitter:card":"summary","twitter:title":"Politika e rimbursimit \u2192 Social Kings Grow your following","twitter:description":"POLITIKA E RIFUNDIT Ne ofrojm\u00eb mallra jo t\u00eb prekshme t\u00eb pakthyeshme. Si klient, ju jeni p\u00ebrgjegj\u00ebs p\u00ebr ta kuptuar k\u00ebt\u00eb kur blini ndonj\u00eb produkt\/sh\u00ebrbim n\u00eb faqen ton\u00eb. Megjithat\u00eb, ne do t\u00eb rimbursojm\u00eb shum\u00ebn e plot\u00eb n\u00ebse jeni t\u00eb pak\u00ebnaqur me produktet tona. KONTAKTONI MB\u00cbSHTETJEN E KLIENTIT 99% e problemeve mund t\u00eb zgjidhen me nj\u00eb email"},"aioseo_meta_data":{"post_id":"178627","title":null,"description":null,"keywords":null,"keyphrases":null,"primary_term":null,"canonical_url":null,"og_title":null,"og_description":null,"og_object_type":"default","og_image_type":"default","og_image_url":null,"og_image_width":null,"og_image_height":null,"og_image_custom_url":null,"og_image_custom_fields":null,"og_video":null,"og_custom_url":null,"og_article_section":null,"og_article_tags":null,"twitter_use_og":false,"twitter_card":"default","twitter_image_type":"default","twitter_image_url":null,"twitter_image_custom_url":null,"twitter_image_custom_fields":null,"twitter_title":null,"twitter_description":null,"schema":{"blockGraphs":[],"customGraphs":[],"default":{"data":{"Article":[],"Course":[],"Dataset":[],"FAQPage":[],"Movie":[],"Person":[],"Product":[],"ProductReview":[],"Car":[],"Recipe":[],"Service":[],"SoftwareApplication":[],"WebPage":[]},"graphName":"WebPage","isEnabled":true},"graphs":[]},"schema_type":"default","schema_type_options":null,"pillar_content":false,"robots_default":true,"robots_noindex":false,"robots_noarchive":false,"robots_nosnippet":false,"robots_nofollow":false,"robots_noimageindex":false,"robots_noodp":false,"robots_notranslate":false,"robots_max_snippet":null,"robots_max_videopreview":null,"robots_max_imagepreview":"large","priority":null,"frequency":null,"local_seo":null,"seo_analyzer_scan_date":"2025-08-15 01:50:52","breadcrumb_settings":null,"limit_modified_date":false,"open_ai":null,"ai":null,"created":"2025-01-15 18:57:40","updated":"2025-08-15 01:50:52"},"aioseo_breadcrumb":"<div class=\"aioseo-breadcrumbs\"><span class=\"aioseo-breadcrumb\">\n\t<a href=\"https:\/\/socialkings.online\/sq\/\" title=\"Home\">Home<\/a>\n<\/span><span class=\"aioseo-breadcrumb-separator\">&raquo;<\/span><span class=\"aioseo-breadcrumb\">\n\tPolitika e rimbursimit\n<\/span><\/div>","aioseo_breadcrumb_json":[{"label":"Home","link":"https:\/\/socialkings.online\/sq\/"},{"label":"Politika e rimbursimit","link":"https:\/\/socialkings.online\/sq\/politika-e-rimbursimit\/"}],"_links":{"self":[{"href":"https:\/\/socialkings.online\/sq\/wp-json\/wp\/v2\/pages\/178627","targetHints":{"allow":["GET"]}}],"collection":[{"href":"https:\/\/socialkings.online\/sq\/wp-json\/wp\/v2\/pages"}],"about":[{"href":"https:\/\/socialkings.online\/sq\/wp-json\/wp\/v2\/types\/page"}],"author":[{"embeddable":true,"href":"https:\/\/socialkings.online\/sq\/wp-json\/wp\/v2\/users\/1"}],"replies":[{"embeddable":true,"href":"https:\/\/socialkings.online\/sq\/wp-json\/wp\/v2\/comments?post=178627"}],"version-history":[{"count":0,"href":"https:\/\/socialkings.online\/sq\/wp-json\/wp\/v2\/pages\/178627\/revisions"}],"wp:attachment":[{"href":"https:\/\/socialkings.online\/sq\/wp-json\/wp\/v2\/media?parent=178627"}],"curies":[{"name":"wp","href":"https:\/\/api.w.org\/{rel}","templated":true}]}}