{"id":178618,"date":"2025-01-15T18:55:53","date_gmt":"2025-01-15T18:55:53","guid":{"rendered":"https:\/\/socialkings.online\/politika-e-privatesise\/"},"modified":"2025-01-15T18:55:53","modified_gmt":"2025-01-15T18:55:53","slug":"politika-e-privatesise","status":"publish","type":"page","link":"https:\/\/socialkings.online\/sq\/politika-e-privatesise\/","title":{"rendered":"Politika e privat\u00ebsis\u00eb"},"content":{"rendered":"\n<p><strong>Politika e privat\u00ebsis\u00eb<\/strong><\/p>\n\n<p>SocialKings \u00ebsht\u00eb p\u00ebrgjegj\u00ebs p\u00ebr p\u00ebrpunimin e t\u00eb dh\u00ebnave personale si\u00e7 tregohet n\u00eb k\u00ebt\u00eb deklarat\u00eb t\u00eb privat\u00ebsis\u00eb. Kontaktoni me Zyrtarin e Mbrojtjes s\u00eb t\u00eb Dh\u00ebnave: <\/p>\n\n<p>SocialKings\u00a9<\/p>\n\n<p>Smidslaan 51<\/p>\n\n<p>8426DC Appelscha<\/p>\n\n<p>Numri i Dhom\u00ebs s\u00eb Tregtis\u00eb: 64464105<\/p>\n\n<p>Numri i TVSH-s\u00eb: NL002250971B75<\/p>\n\n<p>+316 4202 1479<\/p>\n\n<p>support@socialkings.online<\/p>\n\n<p><\/p>\n\n<p><strong>T\u00eb dh\u00ebnat personale q\u00eb ne p\u00ebrpunojm\u00eb<\/strong><br\/> SocialKings p\u00ebrpunon t\u00eb dh\u00ebnat tuaja personale sepse ju p\u00ebrdorni sh\u00ebrbimet tona dhe\/ose sepse na i jepni vet\u00eb k\u00ebto t\u00eb dh\u00ebna.<br\/> M\u00eb posht\u00eb do t\u00eb gjeni nj\u00eb p\u00ebrmbledhje t\u00eb t\u00eb dh\u00ebnave personale q\u00eb ne p\u00ebrpunojm\u00eb:<\/p>\n\n<ul class=\"wp-block-list\"><li><strong>Emri i p\u00ebrdoruesit<\/strong> &#8211; Na duhet kjo p\u00ebr t\u00eb dor\u00ebzuar dhe kontrolluar porosin\u00eb.<\/li><li><strong>Numri fillestar i p\u00eblqimeve ose ndjek\u00ebsve<\/strong> &#8211; Kjo na lejon t\u00eb kontrollojm\u00eb n\u00ebse porosit\u00eb jan\u00eb dor\u00ebzuar (plot\u00ebsisht).<\/li><li><strong>Adresa IP<\/strong> &#8211; Kjo p\u00ebrdoret p\u00ebr t\u00eb parandaluar abuzimin ose mashtrimin<\/li><li>Adresa e emailit &#8211; ne e p\u00ebrdorim k\u00ebt\u00eb p\u00ebr t&#8217;ju informuar p\u00ebr porosin\u00eb tuaj<\/li><\/ul>\n\n<p><strong>T\u00eb dh\u00ebna personale t\u00eb ve\u00e7anta dhe\/ose t\u00eb ndjeshme q\u00eb ne p\u00ebrpunojm\u00eb<\/strong><br\/> Faqja jon\u00eb e internetit dhe\/ose sh\u00ebrbimi yn\u00eb nuk synon t\u00eb mbledh\u00eb t\u00eb dh\u00ebna p\u00ebr vizitor\u00ebt e faqes n\u00eb internet q\u00eb jan\u00eb m\u00eb t\u00eb rinj se 16 vje\u00e7. P\u00ebrve\u00e7 n\u00ebse kan\u00eb leje nga prind\u00ebrit ose kujdestar\u00ebt. Megjithat\u00eb, ne nuk mund t\u00eb kontrollojm\u00eb n\u00ebse nj\u00eb vizitor \u00ebsht\u00eb m\u00eb i vjet\u00ebr se 16 vje\u00e7. Prandaj, ne rekomandojm\u00eb q\u00eb prind\u00ebrit t\u00eb p\u00ebrfshihen n\u00eb aktivitetet online t\u00eb f\u00ebmij\u00ebve t\u00eb tyre, n\u00eb m\u00ebnyr\u00eb q\u00eb t\u00eb parandalojn\u00eb mbledhjen e t\u00eb dh\u00ebnave p\u00ebr f\u00ebmij\u00ebt pa p\u00eblqimin e prind\u00ebrve. N\u00ebse jeni t\u00eb bindur se ne kemi mbledhur informacione personale p\u00ebr nj\u00eb t\u00eb mitur pa k\u00ebt\u00eb p\u00eblqim, ju lutemi na kontaktoni n\u00eb support@socialkings.online dhe ne do ta fshijm\u00eb k\u00ebt\u00eb informacion.    <\/p>\n\n<p><strong>P\u00ebr \u00e7far\u00eb q\u00ebllimi dhe mbi \u00e7far\u00eb baze p\u00ebrpunojm\u00eb t\u00eb dh\u00ebnat personale?<\/strong><br\/> SocialKings p\u00ebrpunon t\u00eb dh\u00ebnat tuaja personale p\u00ebr q\u00ebllimet e m\u00ebposhtme:<br\/> &#8211; P\u00ebr t\u00eb ofruar mallra dhe sh\u00ebrbime p\u00ebr ju<\/p>\n\n<p><strong>Sa koh\u00eb i ruajm\u00eb t\u00eb dh\u00ebnat personale<\/strong><br\/> SocialKings nuk i ruan t\u00eb dh\u00ebnat tuaja personale p\u00ebr m\u00eb shum\u00eb se sa \u00ebsht\u00eb rrept\u00ebsisht e nevojshme p\u00ebr t\u00eb arritur q\u00ebllimet p\u00ebr t\u00eb cilat mblidhen t\u00eb dh\u00ebnat tuaja. Ne p\u00ebrdorim periudhat e m\u00ebposhtme t\u00eb ruajtjes p\u00ebr (kategorit\u00eb) e m\u00ebposhtme t\u00eb t\u00eb dh\u00ebnave personale: (Kategoria) t\u00eb dh\u00ebnat personale   &gt;  Periudha e ruajtjes  &gt;  Arsyeja Personalia  &gt;  Periudha e ruajtjes  &gt;  Arsyeja Adresa  &gt;  Periudha e ruajtjes  &gt;  Arsyeja Dhe k\u00ebshtu me radh\u00eb  &gt;  Periudha e ruajtjes  &gt;  Hipur<\/p>\n\n<p><strong>Ndarja e t\u00eb dh\u00ebnave personale me pal\u00ebt e treta<\/strong><br\/> SocialKings u ofron t\u00eb dh\u00ebna vet\u00ebm pal\u00ebve t\u00eb treta dhe vet\u00ebm n\u00ebse kjo \u00ebsht\u00eb e nevojshme p\u00ebr ekzekutimin e marr\u00ebveshjes son\u00eb me ju ose p\u00ebr t\u00eb p\u00ebrmbushur nj\u00eb detyrim ligjor.<\/p>\n\n<p><strong>Shikoni, rregulloni ose fshini t\u00eb dh\u00ebnat<\/strong><br\/> Ju keni t\u00eb drejt\u00eb t\u00eb shikoni, korrigjoni ose fshini t\u00eb dh\u00ebnat tuaja personale. P\u00ebrve\u00e7 k\u00ebsaj, ju keni t\u00eb drejt\u00eb t\u00eb t\u00ebrhiqni p\u00eblqimin tuaj p\u00ebr p\u00ebrpunimin e t\u00eb dh\u00ebnave ose t\u00eb kund\u00ebrshtoni p\u00ebrpunimin e t\u00eb dh\u00ebnave tuaja personale nga SocialKings dhe keni t\u00eb drejt\u00ebn e transportueshm\u00ebris\u00eb s\u00eb t\u00eb dh\u00ebnave. Kjo do t\u00eb thot\u00eb q\u00eb ju mund t\u00eb na parashtroni nj\u00eb k\u00ebrkes\u00eb p\u00ebr t\u00eb d\u00ebrguar t\u00eb dh\u00ebnat personale q\u00eb kemi p\u00ebr ju n\u00eb nj\u00eb skedar kompjuterik tek ju ose nj\u00eb organizat\u00eb tjet\u00ebr e p\u00ebrmendur nga ju. Ju mund t\u00eb d\u00ebrgoni nj\u00eb k\u00ebrkes\u00eb p\u00ebr qasje, korrigjim, fshirje, transferim t\u00eb t\u00eb dh\u00ebnave t\u00eb t\u00eb dh\u00ebnave tuaja personale ose k\u00ebrkes\u00eb p\u00ebr t\u00ebrheqje t\u00eb p\u00eblqimit ose kund\u00ebrshtimit p\u00ebr p\u00ebrpunimin e t\u00eb dh\u00ebnave tuaja personale n\u00eb support@socialkings.online. P\u00ebr t&#8217;u siguruar q\u00eb k\u00ebrkesa p\u00ebr akses \u00ebsht\u00eb b\u00ebr\u00eb nga ju, ju k\u00ebrkojm\u00eb q\u00eb t&#8217;i bashk\u00ebngjitni k\u00ebrkes\u00ebs nj\u00eb kopje t\u00eb v\u00ebrtetimit tuaj t\u00eb identitetit. B\u00ebjeni t\u00eb zez\u00eb foton e pasaport\u00ebs, MRZ (zon\u00ebn e lexueshme nga makina, shiritin me numra n\u00eb fund t\u00eb pasaport\u00ebs), numrin e pasaport\u00ebs dhe numrin e sh\u00ebrbimit t\u00eb qytetarit (BSN). Kjo \u00ebsht\u00eb p\u00ebr t\u00eb mbrojtur privat\u00ebsin\u00eb tuaj. Ne do t&#8217;i p\u00ebrgjigjemi k\u00ebrkes\u00ebs tuaj sa m\u00eb shpejt t\u00eb jet\u00eb e mundur, por brenda kat\u00ebr jav\u00ebsh. Nure\u00a9 d\u00ebshiron gjithashtu t\u00eb n\u00ebnvizoj\u00eb se ju keni mund\u00ebsin\u00eb p\u00ebr t\u00eb paraqitur nj\u00eb ankes\u00eb pran\u00eb autoritetit komb\u00ebtar mbik\u00ebqyr\u00ebs, Autoritetit Hollandez p\u00ebr Mbrojtjen e t\u00eb Dh\u00ebnave. Kjo mund t\u00eb b\u00ebhet p\u00ebrmes lidhjes s\u00eb m\u00ebposhtme: https:\/\/autoriteitpersoonsgegevens.nl\/nl\/contact-met-de-autoriteit-persoonsgegevens\/tip-ons         <\/p>\n\n<p><strong>Si i mbrojm\u00eb t\u00eb dh\u00ebnat personale<\/strong><br\/> Turbogrm ltd e merr seriozisht mbrojtjen e t\u00eb dh\u00ebnave tuaja dhe merr masat e duhura p\u00ebr t\u00eb parandaluar keqp\u00ebrdorimin, humbjen, aksesin e paautorizuar, zbulimin e pad\u00ebshiruar dhe modifikimin e paautorizuar. N\u00ebse mendoni se t\u00eb dh\u00ebnat tuaja nuk jan\u00eb t\u00eb siguruara si\u00e7 duhet ose ka indikacione p\u00ebr keqp\u00ebrdorim, ju lutemi kontaktoni sh\u00ebrbimin ton\u00eb ndaj klientit ose p\u00ebrmes support@socialkings.online <\/p>\n\n<p><strong>Biskota<\/strong><br\/> N\u00eb k\u00ebt\u00eb faqe interneti p\u00ebrdoret vet\u00ebm nj\u00eb cookie Analytics.<\/p>\n\n<p><strong>Legjislacioni i privat\u00ebsis\u00eb dhe Analytics<\/strong><br\/> Si\u00e7 p\u00ebrshkruhet m\u00eb posht\u00eb n\u00eb deklarat\u00ebn zyrtare q\u00eb p\u00ebrdoruesit e Google Analytics duhet t\u00eb vendosin n\u00eb faqen e tyre t\u00eb internetit, kjo faqe interneti p\u00ebrdor Google Analytics. Ky program ofron statistika t\u00eb r\u00ebnd\u00ebsishme p\u00ebr numrin e vizitor\u00ebve, faqet e vizituara, burimet e trafikut dhe informacione t\u00eb tjera thelb\u00ebsore q\u00eb na lejon t\u00eb p\u00ebrmir\u00ebsojm\u00eb vazhdimisht k\u00ebt\u00eb faqe interneti p\u00ebr p\u00ebrdoruesit. K\u00ebto statistika jan\u00eb anonime dhe nuk mund t\u00eb gjurmohen tek nj\u00eb person apo p\u00ebrdorues i caktuar. Nuk p\u00ebrdoret &#8220;sh\u00ebnjestrimi i sjelljes&#8221;, i cili ju tregon p\u00ebrmbajtje t\u00eb ve\u00e7ant\u00eb bazuar n\u00eb sjelljen tuaj t\u00eb klikimeve; sjellja juaj n\u00eb surfim mbetet plot\u00ebsisht anonime. T\u00eb dh\u00ebnat nga formular\u00ebt e kontaktit nuk p\u00ebrpunohen ose ruhen kurr\u00eb n\u00eb Analytics.    <\/p>\n\n<p>Google Analytics p\u00ebrdor nj\u00eb cookie, e cila \u00ebsht\u00eb nj\u00eb skedar i vog\u00ebl q\u00eb ruhet n\u00eb kompjuterin tuaj. Ne kemi konfiguruar Google Analytics n\u00eb p\u00ebrputhje me legjislacionin e privat\u00ebsis\u00eb, n\u00eb m\u00ebnyr\u00eb q\u00eb t\u00eb mos k\u00ebrkohet p\u00eblqimi paraprak nga p\u00ebrdoruesi. <\/p>\n\n<p><strong>Adresat IP jan\u00eb t\u00eb maskuara dhe t\u00eb dh\u00ebnat nuk ndahen<\/strong><br\/> Kuki i Google Analytics \u00ebsht\u00eb nj\u00eb &#8216;cookie e pal\u00ebs s\u00eb par\u00eb&#8217;, q\u00eb do t\u00eb thot\u00eb se cookie \u00ebsht\u00eb zyrtarisht n\u00eb pron\u00ebsi t\u00eb Hayona dhe jo nga Google. Kjo cookie nuk p\u00ebrdoret p\u00ebr reklama ose q\u00ebllime t\u00eb tjera komerciale. Hayona ka nj\u00eb marr\u00ebveshje p\u00ebrpunimi me Google. P\u00ebr m\u00eb tep\u00ebr, Google Analytics \u00ebsht\u00eb konfiguruar n\u00eb at\u00eb m\u00ebnyr\u00eb q\u00eb adresat IP t\u00eb b\u00ebhen anonime, n\u00eb m\u00ebnyr\u00eb q\u00eb t\u00eb dh\u00ebnat t\u00eb mos mund t\u00eb gjurmohen kurr\u00eb tek ju ose adresa juaj IP. P\u00ebr m\u00eb tep\u00ebr, asnj\u00eb informacion nuk ndahet nga llogaria e Hayona Analytics me Google ose pal\u00eb t\u00eb tjera. Kjo e b\u00ebn cookie-n e Hayona&#8217;s Analytics nj\u00eb cookie t\u00eb pal\u00ebs s\u00eb par\u00eb jo t\u00eb ndjeshme ndaj privat\u00ebsis\u00eb q\u00eb \u00ebsht\u00eb e nevojshme p\u00ebr t\u00eb garantuar cil\u00ebsin\u00eb dhe sigurin\u00eb e hayona.nl. Kuki i Analytics mbetet i vlefsh\u00ebm p\u00ebr 6 muaj.      <\/p>\n\n<p><strong>T\u00ebrhiqe<\/strong><br\/> N\u00ebse preferoni t\u00eb bllokoni plot\u00ebsisht skriptin e Analytics, mund t\u00eb shkarkoni nj\u00eb shtojc\u00eb t\u00eb heqjes dor\u00eb p\u00ebr Google Analytics k\u00ebtu: https:\/\/tools.google.com\/dlpage\/gaoptout. Me k\u00ebt\u00eb shtojc\u00eb, vizita juaj nuk do t\u00eb p\u00ebrfshihet m\u00eb n\u00eb statistikat e t\u00eb gjitha faqeve t\u00eb internetit q\u00eb p\u00ebrdorin Google Analytics.<\/p>\n\n<p><strong>Google Analytics \u2013 deklarat\u00eb nga Google<\/strong><br\/> Kjo faqe interneti p\u00ebrdor Google Analytics, nj\u00eb sh\u00ebrbim analize n\u00eb internet i ofruar nga Google Inc. (&#8220;Google&#8221;). Google Analytics p\u00ebrdor &#8220;cookies&#8221; (skedar\u00ebt e tekstit t\u00eb vendosur n\u00eb kompjuterin tuaj) p\u00ebr t\u00eb ndihmuar faqen e internetit t\u00eb analizoj\u00eb se si vizitor\u00ebt e p\u00ebrdorin sajtin. Informacioni anonim i gjeneruar nga cookie n\u00eb lidhje me p\u00ebrdorimin tuaj t\u00eb faqes n\u00eb internet transferohet dhe ruhet nga Google n\u00eb server\u00ebt n\u00eb Shtetet e Bashkuara. Google e p\u00ebrdor k\u00ebt\u00eb informacion p\u00ebr t\u00eb mbajtur gjurm\u00ebt se si p\u00ebrdoret kjo faqe interneti, p\u00ebr t\u00eb p\u00ebrpiluar raporte mbi aktivitetin e faqes n\u00eb internet p\u00ebr pronarin e k\u00ebsaj faqeje interneti (Hayona BV) dhe p\u00ebr t\u00eb ofruar sh\u00ebrbime t\u00eb tjera n\u00eb lidhje me aktivitetin e faqes n\u00eb internet dhe p\u00ebrdorimin e internetit. Google mund t&#8217;ua jap\u00eb k\u00ebt\u00eb informacion pal\u00ebve t\u00eb treta vet\u00ebm n\u00ebse Google \u00ebsht\u00eb ligj\u00ebrisht i detyruar ta b\u00ebj\u00eb k\u00ebt\u00eb, ose p\u00ebr aq sa k\u00ebto pal\u00eb t\u00eb treta e p\u00ebrpunojn\u00eb informacionin n\u00eb em\u00ebr t\u00eb Google. Google nuk do t\u00eb kombinoj\u00eb adres\u00ebn tuaj IP me t\u00eb dh\u00ebna t\u00eb tjera t\u00eb mbajtura nga Google. Ju mund t\u00eb refuzoni p\u00ebrdorimin e cookies duke zgjedhur cil\u00ebsimet e duhura n\u00eb shfletuesin tuaj. Megjithat\u00eb, d\u00ebshirojm\u00eb t\u00eb theksojm\u00eb se n\u00eb at\u00eb rast mund t\u00eb mos jeni n\u00eb gjendje t\u00eb p\u00ebrdorni t\u00eb gjitha ve\u00e7orit\u00eb e k\u00ebsaj faqeje interneti. Duke p\u00ebrdorur k\u00ebt\u00eb faqe interneti, ju pranoni p\u00ebrpunimin e informacionit nga Google n\u00eb m\u00ebnyr\u00ebn dhe p\u00ebr q\u00ebllimet e p\u00ebrshkruara m\u00eb sip\u00ebr.         <\/p>\n\n<p><strong>Pagesat<\/strong><\/p>\n\n<p>Pagesat p\u00ebrpunohen nga Stripe.<\/p>\n","protected":false},"excerpt":{"rendered":"<p>&#8230;<\/p>\n","protected":false},"author":1,"featured_media":0,"parent":0,"menu_order":0,"comment_status":"closed","ping_status":"open","template":"","meta":{"footnotes":""},"class_list":["post-178618","page","type-page","status-publish","hentry"],"aioseo_notices":[],"aioseo_head":"\n\t\t<!-- All in One SEO Pro 4.9.5.2 - aioseo.com -->\n\t<meta name=\"description\" content=\"Politika e privat\u00ebsis\u00eb SocialKings \u00ebsht\u00eb p\u00ebrgjegj\u00ebs p\u00ebr p\u00ebrpunimin e t\u00eb dh\u00ebnave personale si\u00e7 tregohet n\u00eb k\u00ebt\u00eb deklarat\u00eb t\u00eb privat\u00ebsis\u00eb. Kontaktoni me Zyrtarin e Mbrojtjes s\u00eb t\u00eb Dh\u00ebnave: SocialKings\u00a9 Smidslaan 51 8426DC Appelscha Numri i Dhom\u00ebs s\u00eb Tregtis\u00eb: 64464105 Numri i TVSH-s\u00eb: NL002250971B75 +316 4202 1479 support@socialkings.online T\u00eb dh\u00ebnat personale q\u00eb ne p\u00ebrpunojm\u00eb SocialKings p\u00ebrpunon t\u00eb\" \/>\n\t<meta name=\"robots\" content=\"max-image-preview:large\" \/>\n\t<link rel=\"canonical\" href=\"https:\/\/socialkings.online\/sq\/politika-e-privatesise\/\" \/>\n\t<meta name=\"generator\" content=\"All in One SEO Pro (AIOSEO) 4.9.5.2\" \/>\n\t\t<meta property=\"og:locale\" content=\"sq_AL\" \/>\n\t\t<meta property=\"og:site_name\" content=\"Social Kings Grow your following \u2192 Boost your Social Network\" \/>\n\t\t<meta property=\"og:type\" content=\"article\" \/>\n\t\t<meta property=\"og:title\" content=\"Politika e privat\u00ebsis\u00eb \u2192 Social Kings Grow your following\" \/>\n\t\t<meta property=\"og:description\" content=\"Politika e privat\u00ebsis\u00eb SocialKings \u00ebsht\u00eb p\u00ebrgjegj\u00ebs p\u00ebr p\u00ebrpunimin e t\u00eb dh\u00ebnave personale si\u00e7 tregohet n\u00eb k\u00ebt\u00eb deklarat\u00eb t\u00eb privat\u00ebsis\u00eb. Kontaktoni me Zyrtarin e Mbrojtjes s\u00eb t\u00eb Dh\u00ebnave: SocialKings\u00a9 Smidslaan 51 8426DC Appelscha Numri i Dhom\u00ebs s\u00eb Tregtis\u00eb: 64464105 Numri i TVSH-s\u00eb: NL002250971B75 +316 4202 1479 support@socialkings.online T\u00eb dh\u00ebnat personale q\u00eb ne p\u00ebrpunojm\u00eb SocialKings p\u00ebrpunon t\u00eb\" \/>\n\t\t<meta property=\"og:url\" content=\"https:\/\/socialkings.online\/sq\/politika-e-privatesise\/\" \/>\n\t\t<meta property=\"article:published_time\" content=\"2025-01-15T18:55:53+00:00\" \/>\n\t\t<meta property=\"article:modified_time\" content=\"2025-01-15T18:55:53+00:00\" \/>\n\t\t<meta name=\"twitter:card\" content=\"summary\" \/>\n\t\t<meta name=\"twitter:title\" content=\"Politika e privat\u00ebsis\u00eb \u2192 Social Kings Grow your following\" \/>\n\t\t<meta name=\"twitter:description\" content=\"Politika e privat\u00ebsis\u00eb SocialKings \u00ebsht\u00eb p\u00ebrgjegj\u00ebs p\u00ebr p\u00ebrpunimin e t\u00eb dh\u00ebnave personale si\u00e7 tregohet n\u00eb k\u00ebt\u00eb deklarat\u00eb t\u00eb privat\u00ebsis\u00eb. Kontaktoni me Zyrtarin e Mbrojtjes s\u00eb t\u00eb Dh\u00ebnave: SocialKings\u00a9 Smidslaan 51 8426DC Appelscha Numri i Dhom\u00ebs s\u00eb Tregtis\u00eb: 64464105 Numri i TVSH-s\u00eb: NL002250971B75 +316 4202 1479 support@socialkings.online T\u00eb dh\u00ebnat personale q\u00eb ne p\u00ebrpunojm\u00eb SocialKings p\u00ebrpunon t\u00eb\" \/>\n\t\t<script type=\"application\/ld+json\" class=\"aioseo-schema\">\n\t\t\t{\"@context\":\"https:\\\/\\\/schema.org\",\"@graph\":[{\"@type\":\"BreadcrumbList\",\"@id\":\"https:\\\/\\\/socialkings.online\\\/sq\\\/politika-e-privatesise\\\/#breadcrumblist\",\"itemListElement\":[{\"@type\":\"ListItem\",\"@id\":\"https:\\\/\\\/socialkings.online\\\/sq\\\/#listItem\",\"position\":1,\"name\":\"Home\",\"item\":\"https:\\\/\\\/socialkings.online\\\/sq\\\/\",\"nextItem\":{\"@type\":\"ListItem\",\"@id\":\"https:\\\/\\\/socialkings.online\\\/sq\\\/politika-e-privatesise\\\/#listItem\",\"name\":\"Politika e privat\\u00ebsis\\u00eb\"}},{\"@type\":\"ListItem\",\"@id\":\"https:\\\/\\\/socialkings.online\\\/sq\\\/politika-e-privatesise\\\/#listItem\",\"position\":2,\"name\":\"Politika e privat\\u00ebsis\\u00eb\",\"previousItem\":{\"@type\":\"ListItem\",\"@id\":\"https:\\\/\\\/socialkings.online\\\/sq\\\/#listItem\",\"name\":\"Home\"}}]},{\"@type\":\"Organization\",\"@id\":\"https:\\\/\\\/socialkings.online\\\/sq\\\/#organization\",\"name\":\"Social Kings Grow your following\",\"description\":\"Boost your Social Network\",\"url\":\"https:\\\/\\\/socialkings.online\\\/sq\\\/\",\"telephone\":\"+31642021479\",\"logo\":{\"@type\":\"ImageObject\",\"url\":\"https:\\\/\\\/socialkings.online\\\/wp-content\\\/uploads\\\/2023\\\/05\\\/logo-new-purple.png\",\"@id\":\"https:\\\/\\\/socialkings.online\\\/sq\\\/politika-e-privatesise\\\/#organizationLogo\",\"width\":550,\"height\":150},\"image\":{\"@id\":\"https:\\\/\\\/socialkings.online\\\/sq\\\/politika-e-privatesise\\\/#organizationLogo\"}},{\"@type\":\"WebPage\",\"@id\":\"https:\\\/\\\/socialkings.online\\\/sq\\\/politika-e-privatesise\\\/#webpage\",\"url\":\"https:\\\/\\\/socialkings.online\\\/sq\\\/politika-e-privatesise\\\/\",\"name\":\"Politika e privat\\u00ebsis\\u00eb \\u2192 Social Kings Grow your following\",\"description\":\"Politika e privat\\u00ebsis\\u00eb SocialKings \\u00ebsht\\u00eb p\\u00ebrgjegj\\u00ebs p\\u00ebr p\\u00ebrpunimin e t\\u00eb dh\\u00ebnave personale si\\u00e7 tregohet n\\u00eb k\\u00ebt\\u00eb deklarat\\u00eb t\\u00eb privat\\u00ebsis\\u00eb. Kontaktoni me Zyrtarin e Mbrojtjes s\\u00eb t\\u00eb Dh\\u00ebnave: SocialKings\\u00a9 Smidslaan 51 8426DC Appelscha Numri i Dhom\\u00ebs s\\u00eb Tregtis\\u00eb: 64464105 Numri i TVSH-s\\u00eb: NL002250971B75 +316 4202 1479 support@socialkings.online T\\u00eb dh\\u00ebnat personale q\\u00eb ne p\\u00ebrpunojm\\u00eb SocialKings p\\u00ebrpunon t\\u00eb\",\"inLanguage\":\"sq-AL\",\"isPartOf\":{\"@id\":\"https:\\\/\\\/socialkings.online\\\/sq\\\/#website\"},\"breadcrumb\":{\"@id\":\"https:\\\/\\\/socialkings.online\\\/sq\\\/politika-e-privatesise\\\/#breadcrumblist\"},\"datePublished\":\"2025-01-15T18:55:53+00:00\",\"dateModified\":\"2025-01-15T18:55:53+00:00\"},{\"@type\":\"WebSite\",\"@id\":\"https:\\\/\\\/socialkings.online\\\/sq\\\/#website\",\"url\":\"https:\\\/\\\/socialkings.online\\\/sq\\\/\",\"name\":\"Social Kings Grow your following\",\"description\":\"Boost your Social Network\",\"inLanguage\":\"sq-AL\",\"publisher\":{\"@id\":\"https:\\\/\\\/socialkings.online\\\/sq\\\/#organization\"}}]}\n\t\t<\/script>\n\t\t<!-- All in One SEO Pro -->\r\n\t\t<title>Politika e privat\u00ebsis\u00eb \u2192 Social Kings Grow your following<\/title>\n\n","aioseo_head_json":{"title":"Politika e privat\u00ebsis\u00eb \u2192 Social Kings Grow your following","description":"Politika e privat\u00ebsis\u00eb SocialKings \u00ebsht\u00eb p\u00ebrgjegj\u00ebs p\u00ebr p\u00ebrpunimin e t\u00eb dh\u00ebnave personale si\u00e7 tregohet n\u00eb k\u00ebt\u00eb deklarat\u00eb t\u00eb privat\u00ebsis\u00eb. Kontaktoni me Zyrtarin e Mbrojtjes s\u00eb t\u00eb Dh\u00ebnave: SocialKings\u00a9 Smidslaan 51 8426DC Appelscha Numri i Dhom\u00ebs s\u00eb Tregtis\u00eb: 64464105 Numri i TVSH-s\u00eb: NL002250971B75 +316 4202 1479 support@socialkings.online T\u00eb dh\u00ebnat personale q\u00eb ne p\u00ebrpunojm\u00eb SocialKings p\u00ebrpunon t\u00eb","canonical_url":"https:\/\/socialkings.online\/sq\/politika-e-privatesise\/","robots":"max-image-preview:large","keywords":"","webmasterTools":{"miscellaneous":""},"schema":{"@context":"https:\/\/schema.org","@graph":[{"@type":"BreadcrumbList","@id":"https:\/\/socialkings.online\/sq\/politika-e-privatesise\/#breadcrumblist","itemListElement":[{"@type":"ListItem","@id":"https:\/\/socialkings.online\/sq\/#listItem","position":1,"name":"Home","item":"https:\/\/socialkings.online\/sq\/","nextItem":{"@type":"ListItem","@id":"https:\/\/socialkings.online\/sq\/politika-e-privatesise\/#listItem","name":"Politika e privat\u00ebsis\u00eb"}},{"@type":"ListItem","@id":"https:\/\/socialkings.online\/sq\/politika-e-privatesise\/#listItem","position":2,"name":"Politika e privat\u00ebsis\u00eb","previousItem":{"@type":"ListItem","@id":"https:\/\/socialkings.online\/sq\/#listItem","name":"Home"}}]},{"@type":"Organization","@id":"https:\/\/socialkings.online\/sq\/#organization","name":"Social Kings Grow your following","description":"Boost your Social Network","url":"https:\/\/socialkings.online\/sq\/","telephone":"+31642021479","logo":{"@type":"ImageObject","url":"https:\/\/socialkings.online\/wp-content\/uploads\/2023\/05\/logo-new-purple.png","@id":"https:\/\/socialkings.online\/sq\/politika-e-privatesise\/#organizationLogo","width":550,"height":150},"image":{"@id":"https:\/\/socialkings.online\/sq\/politika-e-privatesise\/#organizationLogo"}},{"@type":"WebPage","@id":"https:\/\/socialkings.online\/sq\/politika-e-privatesise\/#webpage","url":"https:\/\/socialkings.online\/sq\/politika-e-privatesise\/","name":"Politika e privat\u00ebsis\u00eb \u2192 Social Kings Grow your following","description":"Politika e privat\u00ebsis\u00eb SocialKings \u00ebsht\u00eb p\u00ebrgjegj\u00ebs p\u00ebr p\u00ebrpunimin e t\u00eb dh\u00ebnave personale si\u00e7 tregohet n\u00eb k\u00ebt\u00eb deklarat\u00eb t\u00eb privat\u00ebsis\u00eb. Kontaktoni me Zyrtarin e Mbrojtjes s\u00eb t\u00eb Dh\u00ebnave: SocialKings\u00a9 Smidslaan 51 8426DC Appelscha Numri i Dhom\u00ebs s\u00eb Tregtis\u00eb: 64464105 Numri i TVSH-s\u00eb: NL002250971B75 +316 4202 1479 support@socialkings.online T\u00eb dh\u00ebnat personale q\u00eb ne p\u00ebrpunojm\u00eb SocialKings p\u00ebrpunon t\u00eb","inLanguage":"sq-AL","isPartOf":{"@id":"https:\/\/socialkings.online\/sq\/#website"},"breadcrumb":{"@id":"https:\/\/socialkings.online\/sq\/politika-e-privatesise\/#breadcrumblist"},"datePublished":"2025-01-15T18:55:53+00:00","dateModified":"2025-01-15T18:55:53+00:00"},{"@type":"WebSite","@id":"https:\/\/socialkings.online\/sq\/#website","url":"https:\/\/socialkings.online\/sq\/","name":"Social Kings Grow your following","description":"Boost your Social Network","inLanguage":"sq-AL","publisher":{"@id":"https:\/\/socialkings.online\/sq\/#organization"}}]},"og:locale":"sq_AL","og:site_name":"Social Kings Grow your following \u2192 Boost your Social Network","og:type":"article","og:title":"Politika e privat\u00ebsis\u00eb \u2192 Social Kings Grow your following","og:description":"Politika e privat\u00ebsis\u00eb SocialKings \u00ebsht\u00eb p\u00ebrgjegj\u00ebs p\u00ebr p\u00ebrpunimin e t\u00eb dh\u00ebnave personale si\u00e7 tregohet n\u00eb k\u00ebt\u00eb deklarat\u00eb t\u00eb privat\u00ebsis\u00eb. Kontaktoni me Zyrtarin e Mbrojtjes s\u00eb t\u00eb Dh\u00ebnave: SocialKings\u00a9 Smidslaan 51 8426DC Appelscha Numri i Dhom\u00ebs s\u00eb Tregtis\u00eb: 64464105 Numri i TVSH-s\u00eb: NL002250971B75 +316 4202 1479 support@socialkings.online T\u00eb dh\u00ebnat personale q\u00eb ne p\u00ebrpunojm\u00eb SocialKings p\u00ebrpunon t\u00eb","og:url":"https:\/\/socialkings.online\/sq\/politika-e-privatesise\/","article:published_time":"2025-01-15T18:55:53+00:00","article:modified_time":"2025-01-15T18:55:53+00:00","twitter:card":"summary","twitter:title":"Politika e privat\u00ebsis\u00eb \u2192 Social Kings Grow your following","twitter:description":"Politika e privat\u00ebsis\u00eb SocialKings \u00ebsht\u00eb p\u00ebrgjegj\u00ebs p\u00ebr p\u00ebrpunimin e t\u00eb dh\u00ebnave personale si\u00e7 tregohet n\u00eb k\u00ebt\u00eb deklarat\u00eb t\u00eb privat\u00ebsis\u00eb. Kontaktoni me Zyrtarin e Mbrojtjes s\u00eb t\u00eb Dh\u00ebnave: SocialKings\u00a9 Smidslaan 51 8426DC Appelscha Numri i Dhom\u00ebs s\u00eb Tregtis\u00eb: 64464105 Numri i TVSH-s\u00eb: NL002250971B75 +316 4202 1479 support@socialkings.online T\u00eb dh\u00ebnat personale q\u00eb ne p\u00ebrpunojm\u00eb SocialKings p\u00ebrpunon t\u00eb"},"aioseo_meta_data":{"post_id":"178618","title":null,"description":null,"keywords":null,"keyphrases":null,"primary_term":null,"canonical_url":null,"og_title":null,"og_description":null,"og_object_type":"default","og_image_type":"default","og_image_url":null,"og_image_width":null,"og_image_height":null,"og_image_custom_url":null,"og_image_custom_fields":null,"og_video":null,"og_custom_url":null,"og_article_section":null,"og_article_tags":null,"twitter_use_og":false,"twitter_card":"default","twitter_image_type":"default","twitter_image_url":null,"twitter_image_custom_url":null,"twitter_image_custom_fields":null,"twitter_title":null,"twitter_description":null,"schema":{"blockGraphs":[],"customGraphs":[],"default":{"data":{"Article":[],"Course":[],"Dataset":[],"FAQPage":[],"Movie":[],"Person":[],"Product":[],"ProductReview":[],"Car":[],"Recipe":[],"Service":[],"SoftwareApplication":[],"WebPage":[]},"graphName":"WebPage","isEnabled":true},"graphs":[]},"schema_type":"default","schema_type_options":null,"pillar_content":false,"robots_default":true,"robots_noindex":false,"robots_noarchive":false,"robots_nosnippet":false,"robots_nofollow":false,"robots_noimageindex":false,"robots_noodp":false,"robots_notranslate":false,"robots_max_snippet":null,"robots_max_videopreview":null,"robots_max_imagepreview":"large","priority":null,"frequency":null,"local_seo":null,"seo_analyzer_scan_date":"2025-08-15 01:46:50","breadcrumb_settings":null,"limit_modified_date":false,"open_ai":null,"ai":null,"created":"2025-01-15 18:55:53","updated":"2025-08-15 01:46:50"},"aioseo_breadcrumb":"<div class=\"aioseo-breadcrumbs\"><span class=\"aioseo-breadcrumb\">\n\t<a href=\"https:\/\/socialkings.online\/sq\/\" title=\"Home\">Home<\/a>\n<\/span><span class=\"aioseo-breadcrumb-separator\">&raquo;<\/span><span class=\"aioseo-breadcrumb\">\n\tPolitika e privat\u00ebsis\u00eb\n<\/span><\/div>","aioseo_breadcrumb_json":[{"label":"Home","link":"https:\/\/socialkings.online\/sq\/"},{"label":"Politika e privat\u00ebsis\u00eb","link":"https:\/\/socialkings.online\/sq\/politika-e-privatesise\/"}],"_links":{"self":[{"href":"https:\/\/socialkings.online\/sq\/wp-json\/wp\/v2\/pages\/178618","targetHints":{"allow":["GET"]}}],"collection":[{"href":"https:\/\/socialkings.online\/sq\/wp-json\/wp\/v2\/pages"}],"about":[{"href":"https:\/\/socialkings.online\/sq\/wp-json\/wp\/v2\/types\/page"}],"author":[{"embeddable":true,"href":"https:\/\/socialkings.online\/sq\/wp-json\/wp\/v2\/users\/1"}],"replies":[{"embeddable":true,"href":"https:\/\/socialkings.online\/sq\/wp-json\/wp\/v2\/comments?post=178618"}],"version-history":[{"count":0,"href":"https:\/\/socialkings.online\/sq\/wp-json\/wp\/v2\/pages\/178618\/revisions"}],"wp:attachment":[{"href":"https:\/\/socialkings.online\/sq\/wp-json\/wp\/v2\/media?parent=178618"}],"curies":[{"name":"wp","href":"https:\/\/api.w.org\/{rel}","templated":true}]}}