{"id":178621,"date":"2025-01-15T18:56:43","date_gmt":"2025-01-15T18:56:43","guid":{"rendered":"https:\/\/socialkings.online\/politica-de-privacidade\/"},"modified":"2025-01-15T18:56:43","modified_gmt":"2025-01-15T18:56:43","slug":"politica-de-privacidade","status":"publish","type":"page","link":"https:\/\/socialkings.online\/pt-br\/politica-de-privacidade\/","title":{"rendered":"Pol\u00edtica de privacidade"},"content":{"rendered":"\n<p><strong>Pol\u00edtica de privacidade<\/strong><\/p>\n\n<p>A SocialKings \u00e9 respons\u00e1vel pelo processamento de dados pessoais conforme refletido nesta declara\u00e7\u00e3o de privacidade. Entre em contato com o respons\u00e1vel pela prote\u00e7\u00e3o de dados: <\/p>\n\n<p>SocialKings\u00a9<\/p>\n\n<p>Smidslaantje 51<\/p>\n\n<p>8426DC Appelscha<\/p>\n\n<p>N\u00famero da C\u00e2mara de Com\u00e9rcio: 64464105<\/p>\n\n<p>N\u00famero de VAT: NL002250971B75<\/p>\n\n<p>+316 4202 1479<\/p>\n\n<p>support@socialkings.online<\/p>\n\n<p><\/p>\n\n<p><br\/><br\/>D<strong>ados pessoais que processamos<\/strong> A SocialKings processa seus dados pessoais porque voc\u00ea usa nossos servi\u00e7os e\/ou porque voc\u00ea mesmo fornece esses dados para n\u00f3s:<\/p>\n\n<ul class=\"wp-block-list\"><li><strong>Nome de usu\u00e1rio<\/strong> &#8211; Precisamos dele para entregar e verificar o pedido.<\/li><li><strong>N\u00famero inicial de curtidas ou seguidores<\/strong> &#8211; Permite-nos verificar se os pedidos foram entregues (na \u00edntegra).<\/li><li><strong>Endere\u00e7o IP<\/strong> &#8211; \u00e9 usado para evitar abusos ou fraudes<\/li><li>Endere\u00e7o de e-mail &#8211; usamos esse endere\u00e7o para informar voc\u00ea sobre seu pedido<\/li><\/ul>\n\n<p><br\/>D<strong>ados pessoais especiais e\/ou sens\u00edveis que processamos<\/strong> Nosso site e\/ou servi\u00e7o n\u00e3o pretende coletar dados sobre visitantes do site que tenham menos de 16 anos de idade. A menos que eles tenham permiss\u00e3o dos pais ou respons\u00e1veis. Entretanto, n\u00e3o podemos verificar se um visitante tem mais de 16 anos. Portanto, aconselhamos os pais a se envolverem nas atividades on-line de seus filhos para evitar a coleta de dados de crian\u00e7as sem o consentimento dos pais. Se voc\u00ea estiver convencido de que coletamos dados pessoais sobre um menor sem esse consentimento, entre em contato conosco pelo e-mail support@socialkings.online e excluiremos essas informa\u00e7\u00f5es.    <\/p>\n\n<p><br\/><br\/>P<strong>ara que finalidade e com que base processamos os<\/strong> dados pessoais A SocialKings processa seus dados pessoais para as seguintes finalidades: &#8211; Fornecer bens e servi\u00e7os a voc\u00ea<\/p>\n\n<p><br\/>P<strong>or quanto tempo mantemos os dados pessoais<\/strong> A SocialKings n\u00e3o manter\u00e1 seus dados pessoais por mais tempo do que o estritamente necess\u00e1rio para cumprir as finalidades para as quais seus dados foram coletados. Usamos os seguintes per\u00edodos de reten\u00e7\u00e3o para as seguintes (categorias de) dados pessoais: (Categoria de) dados pessoais  &gt;  Per\u00edodo de reten\u00e7\u00e3o  &gt;  Raz\u00e3o pessoal  &gt;  Per\u00edodo de reten\u00e7\u00e3o  &gt;  Motivo Endere\u00e7o  &gt;  Per\u00edodo de reten\u00e7\u00e3o  &gt;  Raz\u00e3o Etc.  &gt;  Per\u00edodo de reten\u00e7\u00e3o  &gt;  Motivo<\/p>\n\n<p><br\/>C<strong>ompartilhamento de dados pessoais com terceiros<\/strong> A SocialKings s\u00f3 fornece dados pessoais a terceiros e somente quando necess\u00e1rio para a execu\u00e7\u00e3o de nosso contrato com voc\u00ea ou para cumprir uma obriga\u00e7\u00e3o legal.<\/p>\n\n<p><br\/>V<strong>isualizar, corrigir ou excluir dados<\/strong> Voc\u00ea tem o direito de visualizar, corrigir ou excluir seus dados pessoais. Al\u00e9m disso, voc\u00ea tem o direito de retirar seu poss\u00edvel consentimento para o processamento de dados ou de se opor ao processamento de seus dados pessoais pela SocialKings e tem o direito \u00e0 portabilidade de dados. Isso significa que voc\u00ea pode enviar uma solicita\u00e7\u00e3o para que enviemos os dados pessoais que temos sobre voc\u00ea em um arquivo de computador para voc\u00ea ou para outra organiza\u00e7\u00e3o indicada por voc\u00ea. Voc\u00ea pode enviar uma solicita\u00e7\u00e3o de inspe\u00e7\u00e3o, corre\u00e7\u00e3o, exclus\u00e3o, transfer\u00eancia de dados de seus dados pessoais ou uma solicita\u00e7\u00e3o para retirar seu consentimento ou se opor ao processamento de seus dados pessoais para support@socialkings.online. Para garantir que a solicita\u00e7\u00e3o de inspe\u00e7\u00e3o seja feita por voc\u00ea, pedimos que envie uma c\u00f3pia do seu comprovante de identidade junto com a solicita\u00e7\u00e3o. Nessa c\u00f3pia, apague a foto do seu passaporte, a MRZ (zona de leitura \u00f3ptica, a faixa com n\u00fameros na parte inferior do passaporte), o n\u00famero do passaporte e o N\u00famero de Servi\u00e7o ao Cidad\u00e3o (BSN). Isso \u00e9 para proteger sua privacidade. Responderemos \u00e0 sua solicita\u00e7\u00e3o o mais r\u00e1pido poss\u00edvel, mas dentro de quatro semanas. A Nure\u00a9 tamb\u00e9m gostaria de salientar que voc\u00ea tem a op\u00e7\u00e3o de enviar uma reclama\u00e7\u00e3o \u00e0 autoridade de supervis\u00e3o nacional, a Autoridade de Dados Pessoais. Voc\u00ea pode fazer isso por meio do seguinte link: https:\/\/autoriteitpersoonsgegevens.nl\/nl\/contact-met-de-autoriteit-persoonsgegevens\/tip-ons         <\/p>\n\n<p><br\/>C<strong>omo protegemos os dados pessoais<\/strong> A Turbogrm ltd leva a s\u00e9rio a prote\u00e7\u00e3o dos seus dados e toma as medidas apropriadas para proteg\u00ea-los contra uso indevido, perda, acesso n\u00e3o autorizado, divulga\u00e7\u00e3o indesejada e modifica\u00e7\u00e3o n\u00e3o autorizada. Se voc\u00ea achar que os seus dados n\u00e3o est\u00e3o devidamente protegidos ou se houver ind\u00edcios de uso indevido, entre em contato com o nosso servi\u00e7o de atendimento ao cliente ou via support@socialkings.online <\/p>\n\n<p><br\/>C<strong>ookies<\/strong> Apenas um cookie do Analytics \u00e9 usado neste site.<\/p>\n\n<p><br\/>L<strong>egisla\u00e7\u00e3o de privacidade e Analytics<\/strong> Conforme descrito abaixo na declara\u00e7\u00e3o oficial que os usu\u00e1rios do Google Analytics devem colocar em seus sites, este site usa o Google Analytics. Esse programa fornece estat\u00edsticas importantes sobre o n\u00famero de visitantes, p\u00e1ginas visitadas, fontes de tr\u00e1fego e outras informa\u00e7\u00f5es essenciais que nos permitem melhorar continuamente este site para os usu\u00e1rios. Essas estat\u00edsticas s\u00e3o an\u00f4nimas e n\u00e3o podem ser rastreadas at\u00e9 uma pessoa ou usu\u00e1rio espec\u00edfico. N\u00e3o fazemos uso de segmenta\u00e7\u00e3o comportamental que mostre a voc\u00ea conte\u00fado especial com base no seu comportamento de cliques; seu comportamento de navega\u00e7\u00e3o permanece completamente an\u00f4nimo. Os dados dos formul\u00e1rios de contato nunca s\u00e3o processados ou armazenados no Analytics.    <\/p>\n\n<p>O Google Analytics usa um cookie, que \u00e9 um pequeno arquivo armazenado em seu computador. Configuramos o Google Analytics de acordo com a legisla\u00e7\u00e3o de privacidade, portanto, n\u00e3o \u00e9 necess\u00e1rio o consentimento pr\u00e9vio do usu\u00e1rio. <\/p>\n\n<p><br\/>O<strong>s endere\u00e7os IP s\u00e3o mascarados e os dados n\u00e3o s\u00e3o compartilhados<\/strong> O cookie do Google Analytics \u00e9 um &#8220;cookie de primeira parte&#8221;, o que significa que o cookie \u00e9 oficialmente de propriedade da Hayona e n\u00e3o do Google. Esse cookie n\u00e3o \u00e9 usado para publicidade ou outros fins comerciais. A Hayona tem um contrato de processamento com o Google. Al\u00e9m disso, o Google Analytics \u00e9 configurado para tornar an\u00f4nimos os endere\u00e7os IP, de modo que os dados nunca possam ser rastreados at\u00e9 voc\u00ea ou seu endere\u00e7o IP. Al\u00e9m disso, a partir da conta do Analytics da Hayona, nenhuma informa\u00e7\u00e3o \u00e9 compartilhada com o Google ou outras partes. Dessa forma, o cookie Analytics da Hayona \u00e9 um cookie prim\u00e1rio n\u00e3o sens\u00edvel \u00e0 privacidade, necess\u00e1rio para garantir a qualidade e a seguran\u00e7a do site hayona.co.uk. O cookie do Analytics permanece v\u00e1lido por 6 meses.      <\/p>\n\n<p><br\/>D<strong>esativa\u00e7\u00e3o<\/strong> Se preferir bloquear totalmente o script do Analytics, voc\u00ea pode baixar um plug-in de desativa\u00e7\u00e3o para o Google Analytics aqui: https:\/\/tools.google.com\/dlpage\/gaoptout. Com esse plug-in, sua visita n\u00e3o ser\u00e1 mais contabilizada nas estat\u00edsticas de todos os sites que usam o Google Analytics.<\/p>\n\n<p><br\/>G<strong>oogle Analytics &#8211; declara\u00e7\u00e3o do Google<\/strong> Este site usa o Google Analytics, um servi\u00e7o de an\u00e1lise da Web fornecido pelo Google Inc (&#8220;Google&#8221;). O Google Analytics usa &#8220;cookies&#8221; (arquivos de texto colocados no seu computador) para ajudar o site a analisar como os visitantes usam o site. As informa\u00e7\u00f5es an\u00f4nimas geradas pelo cookie sobre o uso que voc\u00ea faz do site s\u00e3o transmitidas e armazenadas pelo Google em servidores nos Estados Unidos. O Google usar\u00e1 essas informa\u00e7\u00f5es para rastrear como este site \u00e9 usado, compilando relat\u00f3rios sobre a atividade do site para o propriet\u00e1rio deste site (Hayona BV) e fornecendo outros servi\u00e7os relacionados \u00e0 atividade do site e ao uso da Internet. O Google s\u00f3 poder\u00e1 fornecer essas informa\u00e7\u00f5es a terceiros se for legalmente obrigado a faz\u00ea-lo, ou na medida em que esses terceiros processem as informa\u00e7\u00f5es em nome do Google. O Google n\u00e3o combinar\u00e1 seu endere\u00e7o IP com nenhum outro dado mantido pelo Google. Voc\u00ea pode recusar o uso de cookies selecionando as configura\u00e7\u00f5es apropriadas no seu navegador. No entanto, observe que, nesse caso, talvez voc\u00ea n\u00e3o consiga usar todos os recursos deste site. Ao usar este site, voc\u00ea concorda com o processamento de informa\u00e7\u00f5es pelo Google da maneira e para os fins descritos acima.         <\/p>\n\n<p><strong>Pagamentos<\/strong><\/p>\n\n<p>Os pagamentos s\u00e3o processados pelo Stripe.<\/p>\n","protected":false},"excerpt":{"rendered":"<p>&#8230;<\/p>\n","protected":false},"author":1,"featured_media":0,"parent":0,"menu_order":0,"comment_status":"closed","ping_status":"open","template":"","meta":{"footnotes":""},"class_list":["post-178621","page","type-page","status-publish","hentry"],"aioseo_notices":[],"aioseo_head":"\n\t\t<!-- All in One SEO Pro 4.9.6.1 - aioseo.com -->\n\t<meta name=\"description\" content=\"Pol\u00edtica de privacidade A SocialKings \u00e9 respons\u00e1vel pelo processamento de dados pessoais conforme refletido nesta declara\u00e7\u00e3o de privacidade. Entre em contato com o respons\u00e1vel pela prote\u00e7\u00e3o de dados: SocialKings\u00a9 Smidslaantje 51 8426DC Appelscha N\u00famero da C\u00e2mara de Com\u00e9rcio: 64464105 N\u00famero de VAT: NL002250971B75 +316 4202 1479 support@socialkings.online Dados pessoais que processamos A SocialKings processa seus\" \/>\n\t<meta name=\"robots\" content=\"max-image-preview:large\" \/>\n\t<link rel=\"canonical\" href=\"https:\/\/socialkings.online\/pt-br\/politica-de-privacidade\/\" \/>\n\t<meta name=\"generator\" content=\"All in One SEO Pro (AIOSEO) 4.9.6.1\" \/>\n\t\t<meta property=\"og:locale\" content=\"pt_BR\" \/>\n\t\t<meta property=\"og:site_name\" content=\"Social Kings Grow your following \u2192 Boost your Social Network\" \/>\n\t\t<meta property=\"og:type\" content=\"article\" \/>\n\t\t<meta property=\"og:title\" content=\"Pol\u00edtica de privacidade \u2192 Social Kings Grow your following\" \/>\n\t\t<meta property=\"og:description\" content=\"Pol\u00edtica de privacidade A SocialKings \u00e9 respons\u00e1vel pelo processamento de dados pessoais conforme refletido nesta declara\u00e7\u00e3o de privacidade. Entre em contato com o respons\u00e1vel pela prote\u00e7\u00e3o de dados: SocialKings\u00a9 Smidslaantje 51 8426DC Appelscha N\u00famero da C\u00e2mara de Com\u00e9rcio: 64464105 N\u00famero de VAT: NL002250971B75 +316 4202 1479 support@socialkings.online Dados pessoais que processamos A SocialKings processa seus\" \/>\n\t\t<meta property=\"og:url\" content=\"https:\/\/socialkings.online\/pt-br\/politica-de-privacidade\/\" \/>\n\t\t<meta property=\"article:published_time\" content=\"2025-01-15T18:56:43+00:00\" \/>\n\t\t<meta property=\"article:modified_time\" content=\"2025-01-15T18:56:43+00:00\" \/>\n\t\t<meta name=\"twitter:card\" content=\"summary\" \/>\n\t\t<meta name=\"twitter:title\" content=\"Pol\u00edtica de privacidade \u2192 Social Kings Grow your following\" \/>\n\t\t<meta name=\"twitter:description\" content=\"Pol\u00edtica de privacidade A SocialKings \u00e9 respons\u00e1vel pelo processamento de dados pessoais conforme refletido nesta declara\u00e7\u00e3o de privacidade. Entre em contato com o respons\u00e1vel pela prote\u00e7\u00e3o de dados: SocialKings\u00a9 Smidslaantje 51 8426DC Appelscha N\u00famero da C\u00e2mara de Com\u00e9rcio: 64464105 N\u00famero de VAT: NL002250971B75 +316 4202 1479 support@socialkings.online Dados pessoais que processamos A SocialKings processa seus\" \/>\n\t\t<script type=\"application\/ld+json\" class=\"aioseo-schema\">\n\t\t\t{\"@context\":\"https:\\\/\\\/schema.org\",\"@graph\":[{\"@type\":\"BreadcrumbList\",\"@id\":\"https:\\\/\\\/socialkings.online\\\/pt-br\\\/politica-de-privacidade\\\/#breadcrumblist\",\"itemListElement\":[{\"@type\":\"ListItem\",\"@id\":\"https:\\\/\\\/socialkings.online\\\/pt-br\\\/#listItem\",\"position\":1,\"name\":\"Home\",\"item\":\"https:\\\/\\\/socialkings.online\\\/pt-br\\\/\",\"nextItem\":{\"@type\":\"ListItem\",\"@id\":\"https:\\\/\\\/socialkings.online\\\/pt-br\\\/politica-de-privacidade\\\/#listItem\",\"name\":\"Pol\\u00edtica de privacidade\"}},{\"@type\":\"ListItem\",\"@id\":\"https:\\\/\\\/socialkings.online\\\/pt-br\\\/politica-de-privacidade\\\/#listItem\",\"position\":2,\"name\":\"Pol\\u00edtica de privacidade\",\"previousItem\":{\"@type\":\"ListItem\",\"@id\":\"https:\\\/\\\/socialkings.online\\\/pt-br\\\/#listItem\",\"name\":\"Home\"}}]},{\"@type\":\"Organization\",\"@id\":\"https:\\\/\\\/socialkings.online\\\/pt-br\\\/#organization\",\"name\":\"Social Kings Grow your following\",\"description\":\"Boost your Social Network\",\"url\":\"https:\\\/\\\/socialkings.online\\\/pt-br\\\/\",\"telephone\":\"+31642021479\",\"logo\":{\"@type\":\"ImageObject\",\"url\":\"https:\\\/\\\/socialkings.online\\\/wp-content\\\/uploads\\\/2023\\\/05\\\/logo-new-purple.png\",\"@id\":\"https:\\\/\\\/socialkings.online\\\/pt-br\\\/politica-de-privacidade\\\/#organizationLogo\",\"width\":550,\"height\":150},\"image\":{\"@id\":\"https:\\\/\\\/socialkings.online\\\/pt-br\\\/politica-de-privacidade\\\/#organizationLogo\"}},{\"@type\":\"WebPage\",\"@id\":\"https:\\\/\\\/socialkings.online\\\/pt-br\\\/politica-de-privacidade\\\/#webpage\",\"url\":\"https:\\\/\\\/socialkings.online\\\/pt-br\\\/politica-de-privacidade\\\/\",\"name\":\"Pol\\u00edtica de privacidade \\u2192 Social Kings Grow your following\",\"description\":\"Pol\\u00edtica de privacidade A SocialKings \\u00e9 respons\\u00e1vel pelo processamento de dados pessoais conforme refletido nesta declara\\u00e7\\u00e3o de privacidade. Entre em contato com o respons\\u00e1vel pela prote\\u00e7\\u00e3o de dados: SocialKings\\u00a9 Smidslaantje 51 8426DC Appelscha N\\u00famero da C\\u00e2mara de Com\\u00e9rcio: 64464105 N\\u00famero de VAT: NL002250971B75 +316 4202 1479 support@socialkings.online Dados pessoais que processamos A SocialKings processa seus\",\"inLanguage\":\"pt-BR\",\"isPartOf\":{\"@id\":\"https:\\\/\\\/socialkings.online\\\/pt-br\\\/#website\"},\"breadcrumb\":{\"@id\":\"https:\\\/\\\/socialkings.online\\\/pt-br\\\/politica-de-privacidade\\\/#breadcrumblist\"},\"datePublished\":\"2025-01-15T18:56:43+00:00\",\"dateModified\":\"2025-01-15T18:56:43+00:00\"},{\"@type\":\"WebSite\",\"@id\":\"https:\\\/\\\/socialkings.online\\\/pt-br\\\/#website\",\"url\":\"https:\\\/\\\/socialkings.online\\\/pt-br\\\/\",\"name\":\"Social Kings Grow your following\",\"description\":\"Boost your Social Network\",\"inLanguage\":\"pt-BR\",\"publisher\":{\"@id\":\"https:\\\/\\\/socialkings.online\\\/pt-br\\\/#organization\"}}]}\n\t\t<\/script>\n\t\t<!-- All in One SEO Pro -->\r\n\t\t<title>Pol\u00edtica de privacidade \u2192 Social Kings Grow your following<\/title>\n\n","aioseo_head_json":{"title":"Pol\u00edtica de privacidade \u2192 Social Kings Grow your following","description":"Pol\u00edtica de privacidade A SocialKings \u00e9 respons\u00e1vel pelo processamento de dados pessoais conforme refletido nesta declara\u00e7\u00e3o de privacidade. Entre em contato com o respons\u00e1vel pela prote\u00e7\u00e3o de dados: SocialKings\u00a9 Smidslaantje 51 8426DC Appelscha N\u00famero da C\u00e2mara de Com\u00e9rcio: 64464105 N\u00famero de VAT: NL002250971B75 +316 4202 1479 support@socialkings.online Dados pessoais que processamos A SocialKings processa seus","canonical_url":"https:\/\/socialkings.online\/pt-br\/politica-de-privacidade\/","robots":"max-image-preview:large","keywords":"","webmasterTools":{"miscellaneous":""},"schema":{"@context":"https:\/\/schema.org","@graph":[{"@type":"BreadcrumbList","@id":"https:\/\/socialkings.online\/pt-br\/politica-de-privacidade\/#breadcrumblist","itemListElement":[{"@type":"ListItem","@id":"https:\/\/socialkings.online\/pt-br\/#listItem","position":1,"name":"Home","item":"https:\/\/socialkings.online\/pt-br\/","nextItem":{"@type":"ListItem","@id":"https:\/\/socialkings.online\/pt-br\/politica-de-privacidade\/#listItem","name":"Pol\u00edtica de privacidade"}},{"@type":"ListItem","@id":"https:\/\/socialkings.online\/pt-br\/politica-de-privacidade\/#listItem","position":2,"name":"Pol\u00edtica de privacidade","previousItem":{"@type":"ListItem","@id":"https:\/\/socialkings.online\/pt-br\/#listItem","name":"Home"}}]},{"@type":"Organization","@id":"https:\/\/socialkings.online\/pt-br\/#organization","name":"Social Kings Grow your following","description":"Boost your Social Network","url":"https:\/\/socialkings.online\/pt-br\/","telephone":"+31642021479","logo":{"@type":"ImageObject","url":"https:\/\/socialkings.online\/wp-content\/uploads\/2023\/05\/logo-new-purple.png","@id":"https:\/\/socialkings.online\/pt-br\/politica-de-privacidade\/#organizationLogo","width":550,"height":150},"image":{"@id":"https:\/\/socialkings.online\/pt-br\/politica-de-privacidade\/#organizationLogo"}},{"@type":"WebPage","@id":"https:\/\/socialkings.online\/pt-br\/politica-de-privacidade\/#webpage","url":"https:\/\/socialkings.online\/pt-br\/politica-de-privacidade\/","name":"Pol\u00edtica de privacidade \u2192 Social Kings Grow your following","description":"Pol\u00edtica de privacidade A SocialKings \u00e9 respons\u00e1vel pelo processamento de dados pessoais conforme refletido nesta declara\u00e7\u00e3o de privacidade. Entre em contato com o respons\u00e1vel pela prote\u00e7\u00e3o de dados: SocialKings\u00a9 Smidslaantje 51 8426DC Appelscha N\u00famero da C\u00e2mara de Com\u00e9rcio: 64464105 N\u00famero de VAT: NL002250971B75 +316 4202 1479 support@socialkings.online Dados pessoais que processamos A SocialKings processa seus","inLanguage":"pt-BR","isPartOf":{"@id":"https:\/\/socialkings.online\/pt-br\/#website"},"breadcrumb":{"@id":"https:\/\/socialkings.online\/pt-br\/politica-de-privacidade\/#breadcrumblist"},"datePublished":"2025-01-15T18:56:43+00:00","dateModified":"2025-01-15T18:56:43+00:00"},{"@type":"WebSite","@id":"https:\/\/socialkings.online\/pt-br\/#website","url":"https:\/\/socialkings.online\/pt-br\/","name":"Social Kings Grow your following","description":"Boost your Social Network","inLanguage":"pt-BR","publisher":{"@id":"https:\/\/socialkings.online\/pt-br\/#organization"}}]},"og:locale":"pt_BR","og:site_name":"Social Kings Grow your following \u2192 Boost your Social Network","og:type":"article","og:title":"Pol\u00edtica de privacidade \u2192 Social Kings Grow your following","og:description":"Pol\u00edtica de privacidade A SocialKings \u00e9 respons\u00e1vel pelo processamento de dados pessoais conforme refletido nesta declara\u00e7\u00e3o de privacidade. Entre em contato com o respons\u00e1vel pela prote\u00e7\u00e3o de dados: SocialKings\u00a9 Smidslaantje 51 8426DC Appelscha N\u00famero da C\u00e2mara de Com\u00e9rcio: 64464105 N\u00famero de VAT: NL002250971B75 +316 4202 1479 support@socialkings.online Dados pessoais que processamos A SocialKings processa seus","og:url":"https:\/\/socialkings.online\/pt-br\/politica-de-privacidade\/","article:published_time":"2025-01-15T18:56:43+00:00","article:modified_time":"2025-01-15T18:56:43+00:00","twitter:card":"summary","twitter:title":"Pol\u00edtica de privacidade \u2192 Social Kings Grow your following","twitter:description":"Pol\u00edtica de privacidade A SocialKings \u00e9 respons\u00e1vel pelo processamento de dados pessoais conforme refletido nesta declara\u00e7\u00e3o de privacidade. Entre em contato com o respons\u00e1vel pela prote\u00e7\u00e3o de dados: SocialKings\u00a9 Smidslaantje 51 8426DC Appelscha N\u00famero da C\u00e2mara de Com\u00e9rcio: 64464105 N\u00famero de VAT: NL002250971B75 +316 4202 1479 support@socialkings.online Dados pessoais que processamos A SocialKings processa seus"},"aioseo_meta_data":{"post_id":"178621","title":null,"description":null,"keywords":null,"keyphrases":null,"primary_term":null,"canonical_url":null,"og_title":null,"og_description":null,"og_object_type":"default","og_image_type":"default","og_image_url":null,"og_image_width":null,"og_image_height":null,"og_image_custom_url":null,"og_image_custom_fields":null,"og_video":null,"og_custom_url":null,"og_article_section":null,"og_article_tags":null,"twitter_use_og":false,"twitter_card":"default","twitter_image_type":"default","twitter_image_url":null,"twitter_image_custom_url":null,"twitter_image_custom_fields":null,"twitter_title":null,"twitter_description":null,"schema":{"blockGraphs":[],"customGraphs":[],"default":{"data":{"Article":[],"Course":[],"Dataset":[],"FAQPage":[],"Movie":[],"Person":[],"Product":[],"ProductReview":[],"Car":[],"Recipe":[],"Service":[],"SoftwareApplication":[],"WebPage":[]},"graphName":"WebPage","isEnabled":true},"graphs":[]},"schema_type":"default","schema_type_options":null,"pillar_content":false,"robots_default":true,"robots_noindex":false,"robots_noarchive":false,"robots_nosnippet":false,"robots_nofollow":false,"robots_noimageindex":false,"robots_noodp":false,"robots_notranslate":false,"robots_max_snippet":null,"robots_max_videopreview":null,"robots_max_imagepreview":"large","priority":null,"frequency":null,"local_seo":null,"seo_analyzer_scan_date":"2025-08-15 01:46:52","breadcrumb_settings":null,"limit_modified_date":false,"open_ai":null,"ai":null,"created":"2025-01-15 18:56:43","updated":"2025-08-15 01:46:52"},"aioseo_breadcrumb":"<div class=\"aioseo-breadcrumbs\"><span class=\"aioseo-breadcrumb\">\n\t<a href=\"https:\/\/socialkings.online\/pt-br\/\" title=\"Home\">Home<\/a>\n<\/span><span class=\"aioseo-breadcrumb-separator\">&raquo;<\/span><span class=\"aioseo-breadcrumb\">\n\tPol\u00edtica de privacidade\n<\/span><\/div>","aioseo_breadcrumb_json":[{"label":"Home","link":"https:\/\/socialkings.online\/pt-br\/"},{"label":"Pol\u00edtica de privacidade","link":"https:\/\/socialkings.online\/pt-br\/politica-de-privacidade\/"}],"_links":{"self":[{"href":"https:\/\/socialkings.online\/pt-br\/wp-json\/wp\/v2\/pages\/178621","targetHints":{"allow":["GET"]}}],"collection":[{"href":"https:\/\/socialkings.online\/pt-br\/wp-json\/wp\/v2\/pages"}],"about":[{"href":"https:\/\/socialkings.online\/pt-br\/wp-json\/wp\/v2\/types\/page"}],"author":[{"embeddable":true,"href":"https:\/\/socialkings.online\/pt-br\/wp-json\/wp\/v2\/users\/1"}],"replies":[{"embeddable":true,"href":"https:\/\/socialkings.online\/pt-br\/wp-json\/wp\/v2\/comments?post=178621"}],"version-history":[{"count":0,"href":"https:\/\/socialkings.online\/pt-br\/wp-json\/wp\/v2\/pages\/178621\/revisions"}],"wp:attachment":[{"href":"https:\/\/socialkings.online\/pt-br\/wp-json\/wp\/v2\/media?parent=178621"}],"curies":[{"name":"wp","href":"https:\/\/api.w.org\/{rel}","templated":true}]}}