{"id":115050,"date":"2024-06-11T12:12:03","date_gmt":"2024-06-11T12:12:03","guid":{"rendered":"https:\/\/socialkings.online\/refund-politica-de-reembolso\/"},"modified":"2024-06-11T12:12:03","modified_gmt":"2024-06-11T12:12:03","slug":"refund-politica-de-reembolso","status":"publish","type":"page","link":"https:\/\/socialkings.online\/pt-br\/refund-politica-de-reembolso\/","title":{"rendered":"Refund Pol\u00edtica de reembolso"},"content":{"rendered":"\t\t<div data-elementor-type=\"wp-page\" data-elementor-id=\"115050\" class=\"elementor elementor-115050 elementor-1017\" data-elementor-post-type=\"page\">\n\t\t\t\t\t\t<section class=\"elementor-section elementor-top-section elementor-element elementor-element-ce00497 elementor-section-boxed elementor-section-height-default elementor-section-height-default\" data-id=\"ce00497\" data-element_type=\"section\">\n\t\t\t\t\t\t<div class=\"elementor-container elementor-column-gap-default\">\n\t\t\t\t\t<div class=\"elementor-column elementor-col-100 elementor-top-column elementor-element elementor-element-ee5c092\" data-id=\"ee5c092\" data-element_type=\"column\">\n\t\t\t<div class=\"elementor-widget-wrap elementor-element-populated\">\n\t\t\t\t\t\t<div class=\"elementor-element elementor-element-9dcdd17 elementor-widget elementor-widget-text-editor\" data-id=\"9dcdd17\" data-element_type=\"widget\" data-widget_type=\"text-editor.default\">\n\t\t\t\t<div class=\"elementor-widget-container\">\n\t\t\t\t\t\t\t\t\t<div class=\"flex-shrink-0 flex flex-col relative items-end\">\r\n<div>\r\n<div class=\"pt-0.5 juice:pt-0\">\r\n<div class=\"gizmo-bot-avatar flex h-6 w-6 items-center justify-center overflow-hidden rounded-full juice:h-8 juice:w-8\">\r\n<div class=\"relative p-1 rounded-sm flex items-center justify-center bg-token-main-surface-primary text-token-text-primary h-8 w-8\"><\/div>\r\n<\/div>\r\n<\/div>\r\n<\/div>\r\n<\/div>\r\n<div class=\"group\/conversation-turn relative flex w-full min-w-0 flex-col agent-turn\">\r\n<div class=\"flex-col gap-1 md:gap-3\">\r\n<div class=\"flex flex-grow flex-col max-w-full\">\r\n<div class=\"min-h-[20px] text-message flex flex-col items-start whitespace-pre-wrap break-words [.text-message+&amp;]:mt-5 juice:w-full juice:items-end overflow-x-auto gap-2\" dir=\"auto\" data-message-author-role=\"assistant\" data-message-id=\"10f82577-490d-43d9-b636-f3ca91ae8caf\">\r\n<div class=\"flex w-full flex-col gap-1 juice:empty:hidden juice:first:pt-[3px]\">\r\n<div class=\"markdown prose w-full break-words dark:prose-invert dark\">\r\n<h3>POL\u00cdTICA DE REEMBOLSO<\/h3>\r\nOferecemos bens intang\u00edveis e irrevog\u00e1veis. Como cliente, voc\u00ea \u00e9 respons\u00e1vel por entender isso ao adquirir qualquer produto\/servi\u00e7o em nosso site. No entanto, reembolsaremos o valor total em caso de insatisfa\u00e7\u00e3o com nossos produtos.\r\n<h3>CONTATO COM O SUPORTE AO CLIENTE<\/h3>\r\n99% dos problemas podem ser resolvidos com um simples e-mail. Solicitamos que voc\u00ea entre em contato conosco enviando um e-mail para <a rel=\"noreferrer\">support@socialkings.online<\/a>. Nosso Departamento de Atendimento ao Cliente responder\u00e1 em 24-48 horas (geralmente menos de 24 horas) com uma revis\u00e3o da sua preocupa\u00e7\u00e3o e uma solu\u00e7\u00e3o.\r\n<h3>SOLICITA\u00c7\u00d5ES DE REEMBOLSO ELEG\u00cdVEIS<\/h3>\r\n<strong>N\u00e3o entrega do produto\/servi\u00e7o<\/strong>: em alguns casos, os tempos de processamento s\u00e3o mais lentos e pode demorar um pouco mais para concluir seu pedido. Nesse caso, recomendamos que voc\u00ea entre em contato conosco para obter assist\u00eancia. As reclama\u00e7\u00f5es por n\u00e3o entrega devem ser submetidas por escrito ao nosso Departamento de Atendimento ao Cliente dentro de 7 dias ap\u00f3s a realiza\u00e7\u00e3o do pedido.\r\n\r\n<strong>Produto n\u00e3o conforme descrito<\/strong>: esses problemas devem ser relatados ao nosso Departamento de Atendimento ao Cliente dentro de 7 dias a partir da data de compra. Deve-se fornecer provas claras de que o produto\/servi\u00e7o adquirido n\u00e3o \u00e9 conforme descrito no site. Reclama\u00e7\u00f5es baseadas apenas em falsas expectativas ou desejos do cliente n\u00e3o s\u00e3o atendidas.\r\n\r\n<strong>O cliente deseja cancelar o pagamento recorrente do produto\/servi\u00e7o e est\u00e1 dentro de 7 dias do \u00faltimo pagamento<\/strong>. Se a solicita\u00e7\u00e3o de reembolso for feita ap\u00f3s 7 dias, o cliente n\u00e3o \u00e9 eleg\u00edvel, e o cancelamento ser\u00e1 realizado em todas as cobran\u00e7as futuras. O cliente pode continuar a receber o servi\u00e7o at\u00e9 o final de seu ciclo de cobran\u00e7a ou optar pela interrup\u00e7\u00e3o imediata do produto\/servi\u00e7o.\r\n<h3>COMPROMISSO COM A SATISFA\u00c7\u00c3O<\/h3>\r\nApoiamos nossos produtos e temos orgulho de oferecer os servi\u00e7os de engajamento em redes sociais da mais alta qualidade dispon\u00edveis online hoje. Nem sempre podemos oferecer um reembolso, mas se voc\u00ea estiver insatisfeito com seu pedido dentro de 7 dias, basta entrar em contato e encontraremos uma solu\u00e7\u00e3o para suas preocupa\u00e7\u00f5es.\r\n\r\n<\/div>\r\n<\/div>\r\n<\/div>\r\n<\/div>\r\n<\/div>\r\n<\/div>\t\t\t\t\t\t\t\t<\/div>\n\t\t\t\t<\/div>\n\t\t\t\t\t<\/div>\n\t\t<\/div>\n\t\t\t\t\t<\/div>\n\t\t<\/section>\n\t\t\t\t<\/div>\n\t\t","protected":false},"excerpt":{"rendered":"<p>&#8230;<\/p>\n","protected":false},"author":1,"featured_media":0,"parent":0,"menu_order":0,"comment_status":"closed","ping_status":"closed","template":"","meta":{"footnotes":""},"class_list":["post-115050","page","type-page","status-publish","hentry"],"aioseo_notices":[],"aioseo_head":"\n\t\t<!-- All in One SEO Pro 4.9.6.2 - aioseo.com -->\n\t<meta name=\"description\" content=\"POL\u00cdTICA DE REEMBOLSO Oferecemos bens intang\u00edveis e irrevog\u00e1veis. Como cliente, voc\u00ea \u00e9 respons\u00e1vel por entender isso ao adquirir qualquer produto\/servi\u00e7o em nosso site. No entanto, reembolsaremos o valor total em caso de insatisfa\u00e7\u00e3o com nossos produtos. CONTATO COM O SUPORTE AO CLIENTE 99% dos problemas podem ser resolvidos com um simples e-mail. Solicitamos que voc\u00ea\" \/>\n\t<meta name=\"robots\" content=\"max-image-preview:large\" \/>\n\t<link rel=\"canonical\" href=\"https:\/\/socialkings.online\/pt-br\/refund-politica-de-reembolso\/\" \/>\n\t<meta name=\"generator\" content=\"All in One SEO Pro (AIOSEO) 4.9.6.2\" \/>\n\t\t<meta property=\"og:locale\" content=\"pt_BR\" \/>\n\t\t<meta property=\"og:site_name\" content=\"Social Kings Grow your following \u2192 Boost your Social Network\" \/>\n\t\t<meta property=\"og:type\" content=\"article\" \/>\n\t\t<meta property=\"og:title\" content=\"Refund Pol\u00edtica de reembolso \u2192 Social Kings Grow your following\" \/>\n\t\t<meta property=\"og:description\" content=\"POL\u00cdTICA DE REEMBOLSO Oferecemos bens intang\u00edveis e irrevog\u00e1veis. Como cliente, voc\u00ea \u00e9 respons\u00e1vel por entender isso ao adquirir qualquer produto\/servi\u00e7o em nosso site. No entanto, reembolsaremos o valor total em caso de insatisfa\u00e7\u00e3o com nossos produtos. CONTATO COM O SUPORTE AO CLIENTE 99% dos problemas podem ser resolvidos com um simples e-mail. Solicitamos que voc\u00ea\" \/>\n\t\t<meta property=\"og:url\" content=\"https:\/\/socialkings.online\/pt-br\/refund-politica-de-reembolso\/\" \/>\n\t\t<meta property=\"article:published_time\" content=\"2024-06-11T12:12:03+00:00\" \/>\n\t\t<meta property=\"article:modified_time\" content=\"2024-06-11T12:12:03+00:00\" \/>\n\t\t<meta name=\"twitter:card\" content=\"summary\" \/>\n\t\t<meta name=\"twitter:title\" content=\"Refund Pol\u00edtica de reembolso \u2192 Social Kings Grow your following\" \/>\n\t\t<meta name=\"twitter:description\" content=\"POL\u00cdTICA DE REEMBOLSO Oferecemos bens intang\u00edveis e irrevog\u00e1veis. Como cliente, voc\u00ea \u00e9 respons\u00e1vel por entender isso ao adquirir qualquer produto\/servi\u00e7o em nosso site. No entanto, reembolsaremos o valor total em caso de insatisfa\u00e7\u00e3o com nossos produtos. CONTATO COM O SUPORTE AO CLIENTE 99% dos problemas podem ser resolvidos com um simples e-mail. Solicitamos que voc\u00ea\" \/>\n\t\t<script type=\"application\/ld+json\" class=\"aioseo-schema\">\n\t\t\t{\"@context\":\"https:\\\/\\\/schema.org\",\"@graph\":[{\"@type\":\"BreadcrumbList\",\"@id\":\"https:\\\/\\\/socialkings.online\\\/pt-br\\\/refund-politica-de-reembolso\\\/#breadcrumblist\",\"itemListElement\":[{\"@type\":\"ListItem\",\"@id\":\"https:\\\/\\\/socialkings.online\\\/pt-br\\\/#listItem\",\"position\":1,\"name\":\"Home\",\"item\":\"https:\\\/\\\/socialkings.online\\\/pt-br\\\/\",\"nextItem\":{\"@type\":\"ListItem\",\"@id\":\"https:\\\/\\\/socialkings.online\\\/pt-br\\\/refund-politica-de-reembolso\\\/#listItem\",\"name\":\"Refund Pol\\u00edtica de reembolso\"}},{\"@type\":\"ListItem\",\"@id\":\"https:\\\/\\\/socialkings.online\\\/pt-br\\\/refund-politica-de-reembolso\\\/#listItem\",\"position\":2,\"name\":\"Refund Pol\\u00edtica de reembolso\",\"previousItem\":{\"@type\":\"ListItem\",\"@id\":\"https:\\\/\\\/socialkings.online\\\/pt-br\\\/#listItem\",\"name\":\"Home\"}}]},{\"@type\":\"Organization\",\"@id\":\"https:\\\/\\\/socialkings.online\\\/pt-br\\\/#organization\",\"name\":\"Social Kings Grow your following\",\"description\":\"Boost your Social Network\",\"url\":\"https:\\\/\\\/socialkings.online\\\/pt-br\\\/\",\"telephone\":\"+31642021479\",\"logo\":{\"@type\":\"ImageObject\",\"url\":\"https:\\\/\\\/socialkings.online\\\/wp-content\\\/uploads\\\/2023\\\/05\\\/logo-new-purple.png\",\"@id\":\"https:\\\/\\\/socialkings.online\\\/pt-br\\\/refund-politica-de-reembolso\\\/#organizationLogo\",\"width\":550,\"height\":150},\"image\":{\"@id\":\"https:\\\/\\\/socialkings.online\\\/pt-br\\\/refund-politica-de-reembolso\\\/#organizationLogo\"}},{\"@type\":\"WebPage\",\"@id\":\"https:\\\/\\\/socialkings.online\\\/pt-br\\\/refund-politica-de-reembolso\\\/#webpage\",\"url\":\"https:\\\/\\\/socialkings.online\\\/pt-br\\\/refund-politica-de-reembolso\\\/\",\"name\":\"Refund Pol\\u00edtica de reembolso \\u2192 Social Kings Grow your following\",\"description\":\"POL\\u00cdTICA DE REEMBOLSO Oferecemos bens intang\\u00edveis e irrevog\\u00e1veis. Como cliente, voc\\u00ea \\u00e9 respons\\u00e1vel por entender isso ao adquirir qualquer produto\\\/servi\\u00e7o em nosso site. No entanto, reembolsaremos o valor total em caso de insatisfa\\u00e7\\u00e3o com nossos produtos. CONTATO COM O SUPORTE AO CLIENTE 99% dos problemas podem ser resolvidos com um simples e-mail. Solicitamos que voc\\u00ea\",\"inLanguage\":\"pt-BR\",\"isPartOf\":{\"@id\":\"https:\\\/\\\/socialkings.online\\\/pt-br\\\/#website\"},\"breadcrumb\":{\"@id\":\"https:\\\/\\\/socialkings.online\\\/pt-br\\\/refund-politica-de-reembolso\\\/#breadcrumblist\"},\"datePublished\":\"2024-06-11T12:12:03+00:00\",\"dateModified\":\"2024-06-11T12:12:03+00:00\"},{\"@type\":\"WebSite\",\"@id\":\"https:\\\/\\\/socialkings.online\\\/pt-br\\\/#website\",\"url\":\"https:\\\/\\\/socialkings.online\\\/pt-br\\\/\",\"name\":\"Social Kings Grow your following\",\"description\":\"Boost your Social Network\",\"inLanguage\":\"pt-BR\",\"publisher\":{\"@id\":\"https:\\\/\\\/socialkings.online\\\/pt-br\\\/#organization\"}}]}\n\t\t<\/script>\n\t\t<!-- All in One SEO Pro -->\r\n\t\t<title>Refund Pol\u00edtica de reembolso \u2192 Social Kings Grow your following<\/title>\n\n","aioseo_head_json":{"title":"Refund Pol\u00edtica de reembolso \u2192 Social Kings Grow your following","description":"POL\u00cdTICA DE REEMBOLSO Oferecemos bens intang\u00edveis e irrevog\u00e1veis. Como cliente, voc\u00ea \u00e9 respons\u00e1vel por entender isso ao adquirir qualquer produto\/servi\u00e7o em nosso site. No entanto, reembolsaremos o valor total em caso de insatisfa\u00e7\u00e3o com nossos produtos. CONTATO COM O SUPORTE AO CLIENTE 99% dos problemas podem ser resolvidos com um simples e-mail. Solicitamos que voc\u00ea","canonical_url":"https:\/\/socialkings.online\/pt-br\/refund-politica-de-reembolso\/","robots":"max-image-preview:large","keywords":"","webmasterTools":{"miscellaneous":""},"schema":{"@context":"https:\/\/schema.org","@graph":[{"@type":"BreadcrumbList","@id":"https:\/\/socialkings.online\/pt-br\/refund-politica-de-reembolso\/#breadcrumblist","itemListElement":[{"@type":"ListItem","@id":"https:\/\/socialkings.online\/pt-br\/#listItem","position":1,"name":"Home","item":"https:\/\/socialkings.online\/pt-br\/","nextItem":{"@type":"ListItem","@id":"https:\/\/socialkings.online\/pt-br\/refund-politica-de-reembolso\/#listItem","name":"Refund Pol\u00edtica de reembolso"}},{"@type":"ListItem","@id":"https:\/\/socialkings.online\/pt-br\/refund-politica-de-reembolso\/#listItem","position":2,"name":"Refund Pol\u00edtica de reembolso","previousItem":{"@type":"ListItem","@id":"https:\/\/socialkings.online\/pt-br\/#listItem","name":"Home"}}]},{"@type":"Organization","@id":"https:\/\/socialkings.online\/pt-br\/#organization","name":"Social Kings Grow your following","description":"Boost your Social Network","url":"https:\/\/socialkings.online\/pt-br\/","telephone":"+31642021479","logo":{"@type":"ImageObject","url":"https:\/\/socialkings.online\/wp-content\/uploads\/2023\/05\/logo-new-purple.png","@id":"https:\/\/socialkings.online\/pt-br\/refund-politica-de-reembolso\/#organizationLogo","width":550,"height":150},"image":{"@id":"https:\/\/socialkings.online\/pt-br\/refund-politica-de-reembolso\/#organizationLogo"}},{"@type":"WebPage","@id":"https:\/\/socialkings.online\/pt-br\/refund-politica-de-reembolso\/#webpage","url":"https:\/\/socialkings.online\/pt-br\/refund-politica-de-reembolso\/","name":"Refund Pol\u00edtica de reembolso \u2192 Social Kings Grow your following","description":"POL\u00cdTICA DE REEMBOLSO Oferecemos bens intang\u00edveis e irrevog\u00e1veis. Como cliente, voc\u00ea \u00e9 respons\u00e1vel por entender isso ao adquirir qualquer produto\/servi\u00e7o em nosso site. No entanto, reembolsaremos o valor total em caso de insatisfa\u00e7\u00e3o com nossos produtos. CONTATO COM O SUPORTE AO CLIENTE 99% dos problemas podem ser resolvidos com um simples e-mail. Solicitamos que voc\u00ea","inLanguage":"pt-BR","isPartOf":{"@id":"https:\/\/socialkings.online\/pt-br\/#website"},"breadcrumb":{"@id":"https:\/\/socialkings.online\/pt-br\/refund-politica-de-reembolso\/#breadcrumblist"},"datePublished":"2024-06-11T12:12:03+00:00","dateModified":"2024-06-11T12:12:03+00:00"},{"@type":"WebSite","@id":"https:\/\/socialkings.online\/pt-br\/#website","url":"https:\/\/socialkings.online\/pt-br\/","name":"Social Kings Grow your following","description":"Boost your Social Network","inLanguage":"pt-BR","publisher":{"@id":"https:\/\/socialkings.online\/pt-br\/#organization"}}]},"og:locale":"pt_BR","og:site_name":"Social Kings Grow your following \u2192 Boost your Social Network","og:type":"article","og:title":"Refund Pol\u00edtica de reembolso \u2192 Social Kings Grow your following","og:description":"POL\u00cdTICA DE REEMBOLSO Oferecemos bens intang\u00edveis e irrevog\u00e1veis. Como cliente, voc\u00ea \u00e9 respons\u00e1vel por entender isso ao adquirir qualquer produto\/servi\u00e7o em nosso site. No entanto, reembolsaremos o valor total em caso de insatisfa\u00e7\u00e3o com nossos produtos. CONTATO COM O SUPORTE AO CLIENTE 99% dos problemas podem ser resolvidos com um simples e-mail. Solicitamos que voc\u00ea","og:url":"https:\/\/socialkings.online\/pt-br\/refund-politica-de-reembolso\/","article:published_time":"2024-06-11T12:12:03+00:00","article:modified_time":"2024-06-11T12:12:03+00:00","twitter:card":"summary","twitter:title":"Refund Pol\u00edtica de reembolso \u2192 Social Kings Grow your following","twitter:description":"POL\u00cdTICA DE REEMBOLSO Oferecemos bens intang\u00edveis e irrevog\u00e1veis. Como cliente, voc\u00ea \u00e9 respons\u00e1vel por entender isso ao adquirir qualquer produto\/servi\u00e7o em nosso site. No entanto, reembolsaremos o valor total em caso de insatisfa\u00e7\u00e3o com nossos produtos. CONTATO COM O SUPORTE AO CLIENTE 99% dos problemas podem ser resolvidos com um simples e-mail. Solicitamos que voc\u00ea"},"aioseo_meta_data":{"post_id":"115050","title":null,"description":null,"keywords":null,"keyphrases":null,"primary_term":null,"canonical_url":null,"og_title":null,"og_description":null,"og_object_type":"default","og_image_type":"default","og_image_url":null,"og_image_width":null,"og_image_height":null,"og_image_custom_url":null,"og_image_custom_fields":null,"og_video":null,"og_custom_url":null,"og_article_section":null,"og_article_tags":null,"twitter_use_og":false,"twitter_card":"default","twitter_image_type":"default","twitter_image_url":null,"twitter_image_custom_url":null,"twitter_image_custom_fields":null,"twitter_title":null,"twitter_description":null,"schema":{"blockGraphs":[],"customGraphs":[],"default":{"data":{"Article":[],"Course":[],"Dataset":[],"FAQPage":[],"Movie":[],"Person":[],"Product":[],"ProductReview":[],"Car":[],"Recipe":[],"Service":[],"SoftwareApplication":[],"WebPage":[]},"graphName":"WebPage","isEnabled":true},"graphs":[]},"schema_type":"default","schema_type_options":null,"pillar_content":false,"robots_default":true,"robots_noindex":false,"robots_noarchive":false,"robots_nosnippet":false,"robots_nofollow":false,"robots_noimageindex":false,"robots_noodp":false,"robots_notranslate":false,"robots_max_snippet":null,"robots_max_videopreview":null,"robots_max_imagepreview":"large","priority":null,"frequency":null,"local_seo":null,"seo_analyzer_scan_date":"2025-08-15 01:18:54","breadcrumb_settings":null,"limit_modified_date":false,"open_ai":null,"ai":null,"created":"2024-06-11 12:12:03","updated":"2025-08-15 01:18:54"},"aioseo_breadcrumb":"<div class=\"aioseo-breadcrumbs\"><span class=\"aioseo-breadcrumb\">\n\t<a href=\"https:\/\/socialkings.online\/pt-br\/\" title=\"Home\">Home<\/a>\n<\/span><span class=\"aioseo-breadcrumb-separator\">&raquo;<\/span><span class=\"aioseo-breadcrumb\">\n\tRefund Pol\u00edtica de reembolso\n<\/span><\/div>","aioseo_breadcrumb_json":[{"label":"Home","link":"https:\/\/socialkings.online\/pt-br\/"},{"label":"Refund Pol\u00edtica de reembolso","link":"https:\/\/socialkings.online\/pt-br\/refund-politica-de-reembolso\/"}],"_links":{"self":[{"href":"https:\/\/socialkings.online\/pt-br\/wp-json\/wp\/v2\/pages\/115050","targetHints":{"allow":["GET"]}}],"collection":[{"href":"https:\/\/socialkings.online\/pt-br\/wp-json\/wp\/v2\/pages"}],"about":[{"href":"https:\/\/socialkings.online\/pt-br\/wp-json\/wp\/v2\/types\/page"}],"author":[{"embeddable":true,"href":"https:\/\/socialkings.online\/pt-br\/wp-json\/wp\/v2\/users\/1"}],"replies":[{"embeddable":true,"href":"https:\/\/socialkings.online\/pt-br\/wp-json\/wp\/v2\/comments?post=115050"}],"version-history":[{"count":0,"href":"https:\/\/socialkings.online\/pt-br\/wp-json\/wp\/v2\/pages\/115050\/revisions"}],"wp:attachment":[{"href":"https:\/\/socialkings.online\/pt-br\/wp-json\/wp\/v2\/media?parent=115050"}],"curies":[{"name":"wp","href":"https:\/\/api.w.org\/{rel}","templated":true}]}}