{"id":43385,"date":"2022-03-30T20:49:17","date_gmt":"2022-03-30T20:49:17","guid":{"rendered":"https:\/\/socialkings.online\/?page_id=43385"},"modified":"2023-05-31T05:41:56","modified_gmt":"2023-05-31T05:41:56","slug":"polityka-prywatnosci","status":"publish","type":"page","link":"https:\/\/socialkings.online\/pl\/polityka-prywatnosci\/","title":{"rendered":"Polityka prywatno\u015bci"},"content":{"rendered":"\n<p><strong>Polityka prywatno\u015bci<\/strong><\/p>\n\n<p>Firma Nure jest odpowiedzialna za przetwarzanie danych osobowych zgodnie z niniejszym o\u015bwiadczeniem o ochronie prywatno\u015bci. Kontakt z inspektorem ochrony danych:<\/p>\n\n<p>Nure\u00a9<\/p>\n\n<p>Smidslaantje 51<\/p>\n\n<p>8426DC Appelscha<\/p>\n\n<p>KvK-nr: 64464105<\/p>\n\n<p>VAT-nr: NL002250971B75<\/p>\n\n<p>+316 4202 1479<\/p>\n\n<p>support@socialkings.online<\/p>\n\n<p><\/p>\n\n<p><strong>Dane osobowe, kt\u00f3re przetwarzamy<\/strong>&#13;\nTurbogrm Ltd przetwarza Twoje dane osobowe, poniewa\u017c korzystasz z naszych us\u0142ug i\/lub poniewa\u017c sam dostarczasz nam te dane.&#13;\nPoni\u017cej znajdziesz przegl\u0105d przetwarzanych przez nas danych osobowych:<\/p>\n\n<ul class=\"wp-block-list\"><li><strong>Nazwa u\u017cytkownika<\/strong>\u00a0&#8211; jest nam potrzebna do dostarczenia i sprawdzenia zam\u00f3wienia.<\/li><li><strong>Pocz\u0105tkowa liczba polubie\u0144 lub obserwuj\u0105cych<\/strong>\u00a0\u2013 pozwala nam sprawdzi\u0107, czy zam\u00f3wienia zosta\u0142y (ca\u0142kowicie) dostarczone.<\/li><li><strong>Adres IP<\/strong>\u00a0&#8211; s\u0142u\u017cy do zapobiegania nadu\u017cyciom lub oszustwom<\/li><li>Adres e-mail &#8211; u\u017cywamy go, aby poinformowa\u0107 Ci\u0119 o Twoim zam\u00f3wieniu<\/li><\/ul>\n\n<p><strong>Specjalne i\/lub wra\u017cliwe dane osobowe, kt\u00f3re przetwarzamy<\/strong>&#13;\nNasza witryna i\/lub us\u0142uga nie maj\u0105 na celu gromadzenia danych o odwiedzaj\u0105cych witryn\u0119, kt\u00f3rzy nie uko\u0144czyli 16 roku \u017cycia. Chyba \u017ce maj\u0105 pozwolenie rodzica lub opiekuna. Nie mo\u017cemy jednak sprawdzi\u0107, czy odwiedzaj\u0105cy ma wi\u0119cej ni\u017c 16 lat. Dlatego radzimy rodzicom, aby anga\u017cowali si\u0119 w dzia\u0142ania swoich dzieci w Internecie, aby zapobiec gromadzeniu danych o dzieciach bez zgody rodzic\u00f3w. Je\u015bli jeste\u015b przekonany, \u017ce zebrali\u015bmy dane osobowe osoby nieletniej bez tego zezwolenia, skontaktuj si\u0119 z nami pod adresem support@socialkings.online, a usuniemy te informacje.<\/p>\n\n<p><strong>W jakim celu i na jakiej podstawie przetwarzamy dane osobowe<\/strong>&#13;\nTurbogrm Ltd przetwarza Twoje dane osobowe w nast\u0119puj\u0105cych celach:&#13;\n&#8211; Aby dostarczy\u0107 Ci towary i us\u0142ugi<\/p>\n\n<p><strong>Jak d\u0142ugo przechowujemy dane osobowe<\/strong>&#13;\nNure\u00a9 nie przechowuje Twoich danych osobowych d\u0142u\u017cej, ni\u017c jest to bezwzgl\u0119dnie konieczne do realizacji cel\u00f3w, dla kt\u00f3rych Twoje dane s\u0105 gromadzone. Stosujemy nast\u0119puj\u0105ce okresy przechowywania dla nast\u0119puj\u0105cych (kategorii) danych osobowych: (Kategoria) dane osobowe &gt; Okres przechowywania &gt; Pow\u00f3d Dane osobowe &gt; Okres przechowywania &gt; Pow\u00f3d Adres &gt; Okres przechowywania &gt; Pow\u00f3d I tak dalej &gt; Okres przechowywania &gt; Jecha\u0142<\/p>\n\n<p><strong>Udost\u0119pnianie danych osobowych stronom trzecim<\/strong>&#13;\nNure\u00a9 dostarcza wy\u0142\u0105cznie stronom trzecim i tylko wtedy, gdy jest to konieczne do wykonania naszej umowy z Tob\u0105 lub do wype\u0142nienia obowi\u0105zku prawnego.<\/p>\n\n<p><strong>Wy\u015bwietlaj, modyfikuj lub usuwaj dane<\/strong>&#13;\nMasz prawo wgl\u0105du do swoich danych osobowych, ich poprawiania lub usuni\u0119cia. Ponadto masz prawo do wycofania zgody na przetwarzanie danych lub wniesienia sprzeciwu wobec przetwarzania Twoich danych osobowych przez Nure\u00a9 oraz masz prawo do przenoszenia danych. Oznacza to, \u017ce mo\u017cesz z\u0142o\u017cy\u0107 do nas wniosek o przes\u0142anie danych osobowych, kt\u00f3re posiadamy o Tobie w pliku komputerowym do Ciebie lub innej wskazanej przez Ciebie organizacji. Na adres support@socialkings.online mo\u017cesz wys\u0142a\u0107 pro\u015bb\u0119 o udost\u0119pnienie, sprostowanie, usuni\u0119cie, przeniesienie danych osobowych lub \u017c\u0105danie wycofania zgody lub wniesienia sprzeciwu wobec przetwarzania Twoich danych osobowych. Aby upewni\u0107 si\u0119, \u017ce wniosek o dost\u0119p zosta\u0142 z\u0142o\u017cony przez Ciebie, prosimy o przes\u0142anie kopii dowodu to\u017csamo\u015bci wraz z wnioskiem. W tej kopii zr\u00f3b zdj\u0119cie paszportowe, MRZ (strefa odczytu maszynowego, pasek z numerami na dole paszportu), numer paszportu i numer BSN. Ma to na celu ochron\u0119 Twojej prywatno\u015bci. Odpowiemy na Twoj\u0105 pro\u015bb\u0119 tak szybko, jak to mo\u017cliwe, ale w ci\u0105gu czterech tygodni. Nure\u00a9 pragnie r\u00f3wnie\u017c zwr\u00f3ci\u0107 uwag\u0119, \u017ce masz mo\u017cliwo\u015b\u0107 z\u0142o\u017cenia skargi do krajowego organu nadzorczego, holenderskiego organu ochrony danych. Mo\u017cesz to zrobi\u0107 za po\u015brednictwem nast\u0119puj\u0105cego linku: https:\/\/autoriteitpersoonsgegevens.nl\/nl\/contact-met-de-autoriteit-persoonsgegevens\/tip-ons<\/p>\n\n<p><strong>Jak chronimy dane osobowe<\/strong>&#13;\nTurbogrm Ltd powa\u017cnie traktuje ochron\u0119 Twoich danych i podejmuje odpowiednie \u015brodki, aby zapobiec niew\u0142a\u015bciwemu u\u017cyciu, utracie, nieautoryzowanemu dost\u0119powi, niechcianemu ujawnieniu i nieautoryzowanej modyfikacji. Je\u015bli uwa\u017casz, \u017ce Twoje dane nie s\u0105 odpowiednio zabezpieczone lub istniej\u0105 oznaki niew\u0142a\u015bciwego wykorzystania, skontaktuj si\u0119 z naszym dzia\u0142em obs\u0142ugi klienta lub pod adresem support@socialkings.online<\/p>\n\n<p><strong>Pliki cookie<\/strong>&#13;\nNa tej stronie internetowej u\u017cywany jest tylko plik cookie Analytics.<\/p>\n\n<p><strong>Prawo prywatno\u015bci i analityka<\/strong>&#13;\nJak opisano poni\u017cej w oficjalnym o\u015bwiadczeniu, kt\u00f3re u\u017cytkownicy Google Analytics musz\u0105 umie\u015bci\u0107 na swojej stronie internetowej, ta strona korzysta z Google Analytics. Ten program zapewnia wa\u017cne statystyki dotycz\u0105ce liczby odwiedzaj\u0105cych, odwiedzanych stron, \u017ar\u00f3de\u0142 ruchu i innych istotnych informacji, dzi\u0119ki kt\u00f3rym mo\u017cemy stale ulepsza\u0107 t\u0119 witryn\u0119 dla u\u017cytkownik\u00f3w. Statystyki te s\u0105 anonimowe i nie mo\u017cna ich powi\u0105za\u0107 z konkretn\u0105 osob\u0105 lub u\u017cytkownikiem. Nie stosujemy \u201ekierowania behawioralnego\u201d, kt\u00f3re pokazuje specjalne tre\u015bci w oparciu o zachowanie zwi\u0105zane z klikaniem; Twoje zachowanie podczas surfowania pozostaje ca\u0142kowicie anonimowe. Dane z formularzy kontaktowych nigdy nie s\u0105 przetwarzane ani przechowywane w Analytics.<\/p>\n\n<p>Google Analytics u\u017cywa pliku cookie, kt\u00f3ry jest ma\u0142ym plikiem przechowywanym na Twoim komputerze. Skonfigurowali\u015bmy us\u0142ug\u0119 Google Analytics zgodnie z przepisami dotycz\u0105cymi prywatno\u015bci, dzi\u0119ki czemu nie jest wymagana \u017cadna uprzednia zgoda u\u017cytkownika.<\/p>\n\n<p><strong>Adresy IP s\u0105 maskowane, a dane nie s\u0105 udost\u0119pniane<\/strong>&#13;\nPlik cookie Google Analytics jest \u201ew\u0142asnym plikiem cookie\u201d, co oznacza, \u017ce \u200b\u200bplik cookie jest oficjalnie w\u0142asno\u015bci\u0105 firmy Hayona, a nie Google. Ten plik cookie nie jest u\u017cywany do cel\u00f3w reklamowych ani innych cel\u00f3w komercyjnych. Hayona ma umow\u0119 na przetwarzanie z Google. Ponadto Google Analytics jest skonfigurowany w taki spos\u00f3b, \u017ce adresy IP s\u0105 anonimowe, dzi\u0119ki czemu dane nigdy nie mog\u0105 by\u0107 powi\u0105zane z Tob\u0105 lub Twoim adresem IP. Ponadto \u017cadne informacje nie s\u0105 udost\u0119pniane Google ani innym podmiotom z konta Hayona Analytics. To sprawia, \u017ce \u200b\u200bplik cookie Analytics firmy Hayona jest w\u0142asnym plikiem cookie niewra\u017cliwym na prywatno\u015b\u0107, kt\u00f3ry jest niezb\u0119dny do zagwarantowania jako\u015bci i bezpiecze\u0144stwa hayona.nl. Plik cookie Analytics zachowuje wa\u017cno\u015b\u0107 przez 6 miesi\u0119cy.<\/p>\n\n<p><strong>Zrezygnuj<\/strong>&#13;\nJe\u015bli wolisz ca\u0142kowicie zablokowa\u0107 skrypt Analytics, mo\u017cesz pobra\u0107 wtyczk\u0119 opt-out dla Google Analytics tutaj: https:\/\/tools.google.com\/dlpage\/gaoptout. Dzi\u0119ki tej wtyczce Twoja wizyta nie jest ju\u017c wliczana do statystyk wszystkich stron internetowych, kt\u00f3re korzystaj\u0105 z Google Analytics.<\/p>\n\n<p><strong>Google Analytics \u2013 O\u015bwiadczenie Google<\/strong>&#13;\nTa strona internetowa korzysta z Google Analytics, us\u0142ugi analizy ogl\u0105dalno\u015bci stron internetowych udost\u0119pnianej przez Google Inc. (&#8222;Google&#8221;). Google Analytics u\u017cywa \u201ecookies\u201d (plik\u00f3w tekstowych umieszczanych na Twoim komputerze), aby pom\u00f3c witrynie analizowa\u0107 spos\u00f3b, w jaki odwiedzaj\u0105cy korzystaj\u0105 z witryny. Anonimowe informacje generowane przez plik cookie na temat korzystania z witryny b\u0119d\u0105 przekazywane i przechowywane przez Google na serwerach w Stanach Zjednoczonych. Google wykorzystuje te informacje do \u015bledzenia sposobu korzystania z tej witryny, tworzenia raport\u00f3w dotycz\u0105cych aktywno\u015bci na stronie dla w\u0142a\u015bciciela tej witryny (Hayona BV) oraz \u015bwiadczenia innych us\u0142ug zwi\u0105zanych z aktywno\u015bci\u0105 na stronie i korzystaniem z Internetu. Google mo\u017ce przekazywa\u0107 te informacje stronom trzecim tylko wtedy, gdy Google jest do tego prawnie zobowi\u0105zany lub je\u015bli te strony trzecie przetwarzaj\u0105 informacje w imieniu Google. Google nie b\u0119dzie \u0142\u0105czy\u0107 Twojego adresu IP z innymi danymi przechowywanymi przez Google. Mo\u017cesz zrezygnowa\u0107 z plik\u00f3w cookie, wybieraj\u0105c odpowiednie ustawienia w swojej przegl\u0105darce. Zwracamy jednak uwag\u0119, \u017ce w takim przypadku mo\u017cesz nie by\u0107 w stanie korzysta\u0107 ze wszystkich funkcji tej witryny. Korzystaj\u0105c z tej witryny, wyra\u017casz zgod\u0119 na przetwarzanie informacji przez Google w spos\u00f3b i w celach opisanych powy\u017cej.<\/p>\n\n<p><strong>P\u0142atno\u015bci<\/strong><\/p>\n\n<p>P\u0142atno\u015bci s\u0105 przetwarzane przez Stripe.<\/p>\n","protected":false},"excerpt":{"rendered":"<p>&#8230;<\/p>\n","protected":false},"author":1,"featured_media":0,"parent":0,"menu_order":0,"comment_status":"closed","ping_status":"open","template":"","meta":{"footnotes":""},"class_list":["post-43385","page","type-page","status-publish","hentry"],"aioseo_notices":[],"aioseo_head":"\n\t\t<!-- All in One SEO Pro 4.9.5.2 - aioseo.com -->\n\t<meta name=\"description\" content=\"Polityka prywatno\u015bci Firma Nure jest odpowiedzialna za przetwarzanie danych osobowych zgodnie z niniejszym o\u015bwiadczeniem o ochronie prywatno\u015bci. Kontakt z inspektorem ochrony danych: Nure\u00a9 Smidslaantje 51 8426DC Appelscha KvK-nr: 64464105 VAT-nr: NL002250971B75 +316 4202 1479 support@socialkings.online Dane osobowe, kt\u00f3re przetwarzamy Turbogrm Ltd przetwarza Twoje dane osobowe, poniewa\u017c korzystasz z naszych us\u0142ug i\/lub poniewa\u017c sam dostarczasz nam\" \/>\n\t<meta name=\"robots\" content=\"max-image-preview:large\" \/>\n\t<link rel=\"canonical\" href=\"https:\/\/socialkings.online\/pl\/polityka-prywatnosci\/\" \/>\n\t<meta name=\"generator\" content=\"All in One SEO Pro (AIOSEO) 4.9.5.2\" \/>\n\t\t<meta property=\"og:locale\" content=\"pl_PL\" \/>\n\t\t<meta property=\"og:site_name\" content=\"Social Kings Grow your following \u2192 Boost your Social Network\" \/>\n\t\t<meta property=\"og:type\" content=\"article\" \/>\n\t\t<meta property=\"og:title\" content=\"Polityka prywatno\u015bci \u2192 Social Kings Grow your following\" \/>\n\t\t<meta property=\"og:description\" content=\"Polityka prywatno\u015bci Firma Nure jest odpowiedzialna za przetwarzanie danych osobowych zgodnie z niniejszym o\u015bwiadczeniem o ochronie prywatno\u015bci. Kontakt z inspektorem ochrony danych: Nure\u00a9 Smidslaantje 51 8426DC Appelscha KvK-nr: 64464105 VAT-nr: NL002250971B75 +316 4202 1479 support@socialkings.online Dane osobowe, kt\u00f3re przetwarzamy Turbogrm Ltd przetwarza Twoje dane osobowe, poniewa\u017c korzystasz z naszych us\u0142ug i\/lub poniewa\u017c sam dostarczasz nam\" \/>\n\t\t<meta property=\"og:url\" content=\"https:\/\/socialkings.online\/pl\/polityka-prywatnosci\/\" \/>\n\t\t<meta property=\"article:published_time\" content=\"2022-03-30T20:49:17+00:00\" \/>\n\t\t<meta property=\"article:modified_time\" content=\"2023-05-31T05:41:56+00:00\" \/>\n\t\t<meta name=\"twitter:card\" content=\"summary\" \/>\n\t\t<meta name=\"twitter:title\" content=\"Polityka prywatno\u015bci \u2192 Social Kings Grow your following\" \/>\n\t\t<meta name=\"twitter:description\" content=\"Polityka prywatno\u015bci Firma Nure jest odpowiedzialna za przetwarzanie danych osobowych zgodnie z niniejszym o\u015bwiadczeniem o ochronie prywatno\u015bci. Kontakt z inspektorem ochrony danych: Nure\u00a9 Smidslaantje 51 8426DC Appelscha KvK-nr: 64464105 VAT-nr: NL002250971B75 +316 4202 1479 support@socialkings.online Dane osobowe, kt\u00f3re przetwarzamy Turbogrm Ltd przetwarza Twoje dane osobowe, poniewa\u017c korzystasz z naszych us\u0142ug i\/lub poniewa\u017c sam dostarczasz nam\" \/>\n\t\t<script type=\"application\/ld+json\" class=\"aioseo-schema\">\n\t\t\t{\"@context\":\"https:\\\/\\\/schema.org\",\"@graph\":[{\"@type\":\"BreadcrumbList\",\"@id\":\"https:\\\/\\\/socialkings.online\\\/pl\\\/polityka-prywatnosci\\\/#breadcrumblist\",\"itemListElement\":[{\"@type\":\"ListItem\",\"@id\":\"https:\\\/\\\/socialkings.online\\\/pl\\\/#listItem\",\"position\":1,\"name\":\"Home\",\"item\":\"https:\\\/\\\/socialkings.online\\\/pl\\\/\",\"nextItem\":{\"@type\":\"ListItem\",\"@id\":\"https:\\\/\\\/socialkings.online\\\/pl\\\/polityka-prywatnosci\\\/#listItem\",\"name\":\"Polityka prywatno\\u015bci\"}},{\"@type\":\"ListItem\",\"@id\":\"https:\\\/\\\/socialkings.online\\\/pl\\\/polityka-prywatnosci\\\/#listItem\",\"position\":2,\"name\":\"Polityka prywatno\\u015bci\",\"previousItem\":{\"@type\":\"ListItem\",\"@id\":\"https:\\\/\\\/socialkings.online\\\/pl\\\/#listItem\",\"name\":\"Home\"}}]},{\"@type\":\"Organization\",\"@id\":\"https:\\\/\\\/socialkings.online\\\/pl\\\/#organization\",\"name\":\"Social Kings Grow your following\",\"description\":\"Boost your Social Network\",\"url\":\"https:\\\/\\\/socialkings.online\\\/pl\\\/\",\"telephone\":\"+31642021479\",\"logo\":{\"@type\":\"ImageObject\",\"url\":\"https:\\\/\\\/socialkings.online\\\/wp-content\\\/uploads\\\/2023\\\/05\\\/logo-new-purple.png\",\"@id\":\"https:\\\/\\\/socialkings.online\\\/pl\\\/polityka-prywatnosci\\\/#organizationLogo\",\"width\":550,\"height\":150},\"image\":{\"@id\":\"https:\\\/\\\/socialkings.online\\\/pl\\\/polityka-prywatnosci\\\/#organizationLogo\"}},{\"@type\":\"WebPage\",\"@id\":\"https:\\\/\\\/socialkings.online\\\/pl\\\/polityka-prywatnosci\\\/#webpage\",\"url\":\"https:\\\/\\\/socialkings.online\\\/pl\\\/polityka-prywatnosci\\\/\",\"name\":\"Polityka prywatno\\u015bci \\u2192 Social Kings Grow your following\",\"description\":\"Polityka prywatno\\u015bci Firma Nure jest odpowiedzialna za przetwarzanie danych osobowych zgodnie z niniejszym o\\u015bwiadczeniem o ochronie prywatno\\u015bci. Kontakt z inspektorem ochrony danych: Nure\\u00a9 Smidslaantje 51 8426DC Appelscha KvK-nr: 64464105 VAT-nr: NL002250971B75 +316 4202 1479 support@socialkings.online Dane osobowe, kt\\u00f3re przetwarzamy Turbogrm Ltd przetwarza Twoje dane osobowe, poniewa\\u017c korzystasz z naszych us\\u0142ug i\\\/lub poniewa\\u017c sam dostarczasz nam\",\"inLanguage\":\"pl-PL\",\"isPartOf\":{\"@id\":\"https:\\\/\\\/socialkings.online\\\/pl\\\/#website\"},\"breadcrumb\":{\"@id\":\"https:\\\/\\\/socialkings.online\\\/pl\\\/polityka-prywatnosci\\\/#breadcrumblist\"},\"datePublished\":\"2022-03-30T20:49:17+00:00\",\"dateModified\":\"2023-05-31T05:41:56+00:00\"},{\"@type\":\"WebSite\",\"@id\":\"https:\\\/\\\/socialkings.online\\\/pl\\\/#website\",\"url\":\"https:\\\/\\\/socialkings.online\\\/pl\\\/\",\"name\":\"Social Kings Grow your following\",\"description\":\"Boost your Social Network\",\"inLanguage\":\"pl-PL\",\"publisher\":{\"@id\":\"https:\\\/\\\/socialkings.online\\\/pl\\\/#organization\"}}]}\n\t\t<\/script>\n\t\t<!-- All in One SEO Pro -->\r\n\t\t<title>Polityka prywatno\u015bci \u2192 Social Kings Grow your following<\/title>\n\n","aioseo_head_json":{"title":"Polityka prywatno\u015bci \u2192 Social Kings Grow your following","description":"Polityka prywatno\u015bci Firma Nure jest odpowiedzialna za przetwarzanie danych osobowych zgodnie z niniejszym o\u015bwiadczeniem o ochronie prywatno\u015bci. Kontakt z inspektorem ochrony danych: Nure\u00a9 Smidslaantje 51 8426DC Appelscha KvK-nr: 64464105 VAT-nr: NL002250971B75 +316 4202 1479 support@socialkings.online Dane osobowe, kt\u00f3re przetwarzamy Turbogrm Ltd przetwarza Twoje dane osobowe, poniewa\u017c korzystasz z naszych us\u0142ug i\/lub poniewa\u017c sam dostarczasz nam","canonical_url":"https:\/\/socialkings.online\/pl\/polityka-prywatnosci\/","robots":"max-image-preview:large","keywords":"","webmasterTools":{"miscellaneous":""},"schema":{"@context":"https:\/\/schema.org","@graph":[{"@type":"BreadcrumbList","@id":"https:\/\/socialkings.online\/pl\/polityka-prywatnosci\/#breadcrumblist","itemListElement":[{"@type":"ListItem","@id":"https:\/\/socialkings.online\/pl\/#listItem","position":1,"name":"Home","item":"https:\/\/socialkings.online\/pl\/","nextItem":{"@type":"ListItem","@id":"https:\/\/socialkings.online\/pl\/polityka-prywatnosci\/#listItem","name":"Polityka prywatno\u015bci"}},{"@type":"ListItem","@id":"https:\/\/socialkings.online\/pl\/polityka-prywatnosci\/#listItem","position":2,"name":"Polityka prywatno\u015bci","previousItem":{"@type":"ListItem","@id":"https:\/\/socialkings.online\/pl\/#listItem","name":"Home"}}]},{"@type":"Organization","@id":"https:\/\/socialkings.online\/pl\/#organization","name":"Social Kings Grow your following","description":"Boost your Social Network","url":"https:\/\/socialkings.online\/pl\/","telephone":"+31642021479","logo":{"@type":"ImageObject","url":"https:\/\/socialkings.online\/wp-content\/uploads\/2023\/05\/logo-new-purple.png","@id":"https:\/\/socialkings.online\/pl\/polityka-prywatnosci\/#organizationLogo","width":550,"height":150},"image":{"@id":"https:\/\/socialkings.online\/pl\/polityka-prywatnosci\/#organizationLogo"}},{"@type":"WebPage","@id":"https:\/\/socialkings.online\/pl\/polityka-prywatnosci\/#webpage","url":"https:\/\/socialkings.online\/pl\/polityka-prywatnosci\/","name":"Polityka prywatno\u015bci \u2192 Social Kings Grow your following","description":"Polityka prywatno\u015bci Firma Nure jest odpowiedzialna za przetwarzanie danych osobowych zgodnie z niniejszym o\u015bwiadczeniem o ochronie prywatno\u015bci. Kontakt z inspektorem ochrony danych: Nure\u00a9 Smidslaantje 51 8426DC Appelscha KvK-nr: 64464105 VAT-nr: NL002250971B75 +316 4202 1479 support@socialkings.online Dane osobowe, kt\u00f3re przetwarzamy Turbogrm Ltd przetwarza Twoje dane osobowe, poniewa\u017c korzystasz z naszych us\u0142ug i\/lub poniewa\u017c sam dostarczasz nam","inLanguage":"pl-PL","isPartOf":{"@id":"https:\/\/socialkings.online\/pl\/#website"},"breadcrumb":{"@id":"https:\/\/socialkings.online\/pl\/polityka-prywatnosci\/#breadcrumblist"},"datePublished":"2022-03-30T20:49:17+00:00","dateModified":"2023-05-31T05:41:56+00:00"},{"@type":"WebSite","@id":"https:\/\/socialkings.online\/pl\/#website","url":"https:\/\/socialkings.online\/pl\/","name":"Social Kings Grow your following","description":"Boost your Social Network","inLanguage":"pl-PL","publisher":{"@id":"https:\/\/socialkings.online\/pl\/#organization"}}]},"og:locale":"pl_PL","og:site_name":"Social Kings Grow your following \u2192 Boost your Social Network","og:type":"article","og:title":"Polityka prywatno\u015bci \u2192 Social Kings Grow your following","og:description":"Polityka prywatno\u015bci Firma Nure jest odpowiedzialna za przetwarzanie danych osobowych zgodnie z niniejszym o\u015bwiadczeniem o ochronie prywatno\u015bci. Kontakt z inspektorem ochrony danych: Nure\u00a9 Smidslaantje 51 8426DC Appelscha KvK-nr: 64464105 VAT-nr: NL002250971B75 +316 4202 1479 support@socialkings.online Dane osobowe, kt\u00f3re przetwarzamy Turbogrm Ltd przetwarza Twoje dane osobowe, poniewa\u017c korzystasz z naszych us\u0142ug i\/lub poniewa\u017c sam dostarczasz nam","og:url":"https:\/\/socialkings.online\/pl\/polityka-prywatnosci\/","article:published_time":"2022-03-30T20:49:17+00:00","article:modified_time":"2023-05-31T05:41:56+00:00","twitter:card":"summary","twitter:title":"Polityka prywatno\u015bci \u2192 Social Kings Grow your following","twitter:description":"Polityka prywatno\u015bci Firma Nure jest odpowiedzialna za przetwarzanie danych osobowych zgodnie z niniejszym o\u015bwiadczeniem o ochronie prywatno\u015bci. Kontakt z inspektorem ochrony danych: Nure\u00a9 Smidslaantje 51 8426DC Appelscha KvK-nr: 64464105 VAT-nr: NL002250971B75 +316 4202 1479 support@socialkings.online Dane osobowe, kt\u00f3re przetwarzamy Turbogrm Ltd przetwarza Twoje dane osobowe, poniewa\u017c korzystasz z naszych us\u0142ug i\/lub poniewa\u017c sam dostarczasz nam"},"aioseo_meta_data":{"post_id":"43385","title":null,"description":null,"keywords":null,"keyphrases":null,"primary_term":null,"canonical_url":null,"og_title":null,"og_description":null,"og_object_type":"default","og_image_type":"default","og_image_url":null,"og_image_width":null,"og_image_height":null,"og_image_custom_url":null,"og_image_custom_fields":null,"og_video":null,"og_custom_url":null,"og_article_section":null,"og_article_tags":null,"twitter_use_og":false,"twitter_card":"default","twitter_image_type":"default","twitter_image_url":null,"twitter_image_custom_url":null,"twitter_image_custom_fields":null,"twitter_title":null,"twitter_description":null,"schema":{"blockGraphs":[],"customGraphs":[],"default":{"data":{"Article":[],"Course":[],"Dataset":[],"FAQPage":[],"Movie":[],"Person":[],"Product":[],"ProductReview":[],"Car":[],"Recipe":[],"Service":[],"SoftwareApplication":[],"WebPage":[]},"graphName":"","isEnabled":true},"graphs":[]},"schema_type":"default","schema_type_options":null,"pillar_content":false,"robots_default":true,"robots_noindex":false,"robots_noarchive":false,"robots_nosnippet":false,"robots_nofollow":false,"robots_noimageindex":false,"robots_noodp":false,"robots_notranslate":false,"robots_max_snippet":null,"robots_max_videopreview":null,"robots_max_imagepreview":"large","priority":null,"frequency":null,"local_seo":null,"seo_analyzer_scan_date":"2025-08-14 23:59:47","breadcrumb_settings":null,"limit_modified_date":false,"open_ai":null,"ai":null,"created":"2023-06-23 16:35:53","updated":"2025-08-14 23:59:47"},"aioseo_breadcrumb":"<div class=\"aioseo-breadcrumbs\"><span class=\"aioseo-breadcrumb\">\n\t<a href=\"https:\/\/socialkings.online\/pl\/\" title=\"Home\">Home<\/a>\n<\/span><span class=\"aioseo-breadcrumb-separator\">&raquo;<\/span><span class=\"aioseo-breadcrumb\">\n\tPolityka prywatno\u015bci\n<\/span><\/div>","aioseo_breadcrumb_json":[{"label":"Home","link":"https:\/\/socialkings.online\/pl\/"},{"label":"Polityka prywatno\u015bci","link":"https:\/\/socialkings.online\/pl\/polityka-prywatnosci\/"}],"_links":{"self":[{"href":"https:\/\/socialkings.online\/pl\/wp-json\/wp\/v2\/pages\/43385","targetHints":{"allow":["GET"]}}],"collection":[{"href":"https:\/\/socialkings.online\/pl\/wp-json\/wp\/v2\/pages"}],"about":[{"href":"https:\/\/socialkings.online\/pl\/wp-json\/wp\/v2\/types\/page"}],"author":[{"embeddable":true,"href":"https:\/\/socialkings.online\/pl\/wp-json\/wp\/v2\/users\/1"}],"replies":[{"embeddable":true,"href":"https:\/\/socialkings.online\/pl\/wp-json\/wp\/v2\/comments?post=43385"}],"version-history":[{"count":0,"href":"https:\/\/socialkings.online\/pl\/wp-json\/wp\/v2\/pages\/43385\/revisions"}],"wp:attachment":[{"href":"https:\/\/socialkings.online\/pl\/wp-json\/wp\/v2\/media?parent=43385"}],"curies":[{"name":"wp","href":"https:\/\/api.w.org\/{rel}","templated":true}]}}