{"id":43347,"date":"2022-03-30T16:29:26","date_gmt":"2022-03-30T16:29:26","guid":{"rendered":"https:\/\/socialkings.online\/?page_id=43347"},"modified":"2023-05-31T05:42:24","modified_gmt":"2023-05-31T05:42:24","slug":"polityka-zwrotow","status":"publish","type":"page","link":"https:\/\/socialkings.online\/pl\/polityka-zwrotow\/","title":{"rendered":"Polityka zwrot\u00f3w"},"content":{"rendered":"\t\t<div data-elementor-type=\"wp-page\" data-elementor-id=\"43347\" class=\"elementor elementor-43347 elementor-1017\" data-elementor-post-type=\"page\">\n\t\t\t\t\t\t<section class=\"elementor-section elementor-top-section elementor-element elementor-element-ce00497 elementor-section-boxed elementor-section-height-default elementor-section-height-default\" data-id=\"ce00497\" data-element_type=\"section\">\n\t\t\t\t\t\t<div class=\"elementor-container elementor-column-gap-default\">\n\t\t\t\t\t<div class=\"elementor-column elementor-col-100 elementor-top-column elementor-element elementor-element-ee5c092\" data-id=\"ee5c092\" data-element_type=\"column\">\n\t\t\t<div class=\"elementor-widget-wrap elementor-element-populated\">\n\t\t\t\t\t\t<div class=\"elementor-element elementor-element-9dcdd17 elementor-widget elementor-widget-text-editor\" data-id=\"9dcdd17\" data-element_type=\"widget\" data-widget_type=\"text-editor.default\">\n\t\t\t\t<div class=\"elementor-widget-container\">\n\t\t\t\t\t\t\t\t\t<strong> POLITYKA ZWROT\u00d3W <\/strong>\r\n\r\nOferujemy towary niematerialne i nieodwo\u0142alne. Jako klient jeste\u015b odpowiedzialny za zrozumienie tego przy zakupie dowolnego produktu \/ us\u0142ugi na naszej stronie. Jednak zwr\u00f3cimy pe\u0142n\u0105 kwot\u0119 w przypadku niezadowolenia z naszych produkt\u00f3w.\r\n\r\n<strong> SKONTAKTUJ SI\u0118 Z OBS\u0141UG\u0104 KLIENTA <\/strong>\r\n\r\n99% problem\u00f3w mo\u017cna rozwi\u0105za\u0107 za pomoc\u0105 prostego e-maila. Prosimy o skontaktowanie si\u0119 z nami, wysy\u0142aj\u0105c e-mail na adres support@socialkings.online0. Nasz Dzia\u0142 Obs\u0142ugi Klienta skontaktuje si\u0119 z Tob\u0105 w ci\u0105gu 24-48 (zwykle mniej ni\u017c 24 godziny) z om\u00f3wieniem Twojego problemu i rozwi\u0105zaniem.\r\n\r\n<strong> KWALIFIKUJ\u0104CE SI\u0118 PRO\u015aBY O ZWROT ZWROTU <\/strong>\r\n<ul>\r\n <li> Niedostarczenie produktu\/us\u0142ugi: w niekt\u00f3rych przypadkach czas procesu jest wolniejszy, a realizacja zam\u00f3wienia zajmuje troch\u0119 wi\u0119cej czasu. W takim przypadku zalecamy skontaktowanie si\u0119 z nami w celu uzyskania pomocy. Roszczenia dotycz\u0105ce niedostarczenia nale\u017cy sk\u0142ada\u0107 do naszego Dzia\u0142u Obs\u0142ugi Klienta na pi\u015bmie w ci\u0105gu 7 dni od z\u0142o\u017cenia zam\u00f3wienia. <\/li>\r\n <li> Produkt niezgodny z opisem: takie problemy nale\u017cy zg\u0142asza\u0107 do naszego Dzia\u0142u Obs\u0142ugi Klienta w ci\u0105gu 7 dni od daty zakupu. Nale\u017cy przedstawi\u0107 jasne dowody na to, \u017ce zakupiony produkt\/us\u0142uga nie jest zgodny z opisem na stronie. Reklamacje oparte wy\u0142\u0105cznie na fa\u0142szywych oczekiwaniach lub \u017cyczeniach klienta nie s\u0105 honorowane.<\/li>\r\n <li> Klient chce anulowa\u0107 powtarzaj\u0105c\u0105 si\u0119 p\u0142atno\u015b\u0107 za produkt \/ us\u0142ug\u0119 i ma to w ci\u0105gu 7 dni od ostatniej p\u0142atno\u015bci. Je\u015bli wniosek o zwrot pieni\u0119dzy zostanie z\u0142o\u017cony po 7 dniach, klient nie kwalifikuje si\u0119, a anulowanie zostanie zako\u0144czone na wszystkich przysz\u0142ych rozliczeniach. Klient mo\u017ce nadal korzysta\u0107 z us\u0142ugi do ko\u0144ca swojego cyklu rozliczeniowego lub zdecydowa\u0107 si\u0119 na natychmiastowe zatrzymanie produktu \/ us\u0142ugi. <\/li>\r\n<\/ul>\r\n<strong> ZAANGA\u017bOWANY W SATYSFAKCJ\u0118 <\/strong>\r\n\r\nStoimy za naszymi produktami i z dum\u0105 dostarczamy dzi\u015b najwy\u017cszej jako\u015bci us\u0142ugi anga\u017cuj\u0105ce w media spo\u0142eczno\u015bciowe online. Nie zawsze mo\u017cemy zaoferowa\u0107 zwrot pieni\u0119dzy, ale je\u015bli w ci\u0105gu 7 dni nie b\u0119dziesz zadowolony ze swojego zam\u00f3wienia, po prostu skontaktuj si\u0119 z nami, a znajdziemy rozwi\u0105zanie Twoich w\u0105tpliwo\u015bci.\t\t\t\t\t\t\t\t<\/div>\n\t\t\t\t<\/div>\n\t\t\t\t\t<\/div>\n\t\t<\/div>\n\t\t\t\t\t<\/div>\n\t\t<\/section>\n\t\t\t\t<\/div>\n\t\t","protected":false},"excerpt":{"rendered":"<p>&#8230;<\/p>\n","protected":false},"author":1,"featured_media":0,"parent":0,"menu_order":0,"comment_status":"closed","ping_status":"closed","template":"","meta":{"footnotes":""},"class_list":["post-43347","page","type-page","status-publish","hentry"],"aioseo_notices":[],"aioseo_head":"\n\t\t<!-- All in One SEO Pro 4.9.5.2 - aioseo.com -->\n\t<meta name=\"description\" content=\"POLITYKA ZWROT\u00d3W Oferujemy towary niematerialne i nieodwo\u0142alne. Jako klient jeste\u015b odpowiedzialny za zrozumienie tego przy zakupie dowolnego produktu \/ us\u0142ugi na naszej stronie. Jednak zwr\u00f3cimy pe\u0142n\u0105 kwot\u0119 w przypadku niezadowolenia z naszych produkt\u00f3w. SKONTAKTUJ SI\u0118 Z OBS\u0141UG\u0104 KLIENTA 99% problem\u00f3w mo\u017cna rozwi\u0105za\u0107 za pomoc\u0105 prostego e-maila. Prosimy o skontaktowanie si\u0119 z nami, wysy\u0142aj\u0105c e-mail na\" \/>\n\t<meta name=\"robots\" content=\"max-image-preview:large\" \/>\n\t<link rel=\"canonical\" href=\"https:\/\/socialkings.online\/pl\/polityka-zwrotow\/\" \/>\n\t<meta name=\"generator\" content=\"All in One SEO Pro (AIOSEO) 4.9.5.2\" \/>\n\t\t<meta property=\"og:locale\" content=\"pl_PL\" \/>\n\t\t<meta property=\"og:site_name\" content=\"Social Kings Grow your following \u2192 Boost your Social Network\" \/>\n\t\t<meta property=\"og:type\" content=\"article\" \/>\n\t\t<meta property=\"og:title\" content=\"Polityka zwrot\u00f3w \u2192 Social Kings Grow your following\" \/>\n\t\t<meta property=\"og:description\" content=\"POLITYKA ZWROT\u00d3W Oferujemy towary niematerialne i nieodwo\u0142alne. Jako klient jeste\u015b odpowiedzialny za zrozumienie tego przy zakupie dowolnego produktu \/ us\u0142ugi na naszej stronie. Jednak zwr\u00f3cimy pe\u0142n\u0105 kwot\u0119 w przypadku niezadowolenia z naszych produkt\u00f3w. SKONTAKTUJ SI\u0118 Z OBS\u0141UG\u0104 KLIENTA 99% problem\u00f3w mo\u017cna rozwi\u0105za\u0107 za pomoc\u0105 prostego e-maila. Prosimy o skontaktowanie si\u0119 z nami, wysy\u0142aj\u0105c e-mail na\" \/>\n\t\t<meta property=\"og:url\" content=\"https:\/\/socialkings.online\/pl\/polityka-zwrotow\/\" \/>\n\t\t<meta property=\"article:published_time\" content=\"2022-03-30T16:29:26+00:00\" \/>\n\t\t<meta property=\"article:modified_time\" content=\"2023-05-31T05:42:24+00:00\" \/>\n\t\t<meta name=\"twitter:card\" content=\"summary\" \/>\n\t\t<meta name=\"twitter:title\" content=\"Polityka zwrot\u00f3w \u2192 Social Kings Grow your following\" \/>\n\t\t<meta name=\"twitter:description\" content=\"POLITYKA ZWROT\u00d3W Oferujemy towary niematerialne i nieodwo\u0142alne. Jako klient jeste\u015b odpowiedzialny za zrozumienie tego przy zakupie dowolnego produktu \/ us\u0142ugi na naszej stronie. Jednak zwr\u00f3cimy pe\u0142n\u0105 kwot\u0119 w przypadku niezadowolenia z naszych produkt\u00f3w. SKONTAKTUJ SI\u0118 Z OBS\u0141UG\u0104 KLIENTA 99% problem\u00f3w mo\u017cna rozwi\u0105za\u0107 za pomoc\u0105 prostego e-maila. Prosimy o skontaktowanie si\u0119 z nami, wysy\u0142aj\u0105c e-mail na\" \/>\n\t\t<script type=\"application\/ld+json\" class=\"aioseo-schema\">\n\t\t\t{\"@context\":\"https:\\\/\\\/schema.org\",\"@graph\":[{\"@type\":\"BreadcrumbList\",\"@id\":\"https:\\\/\\\/socialkings.online\\\/pl\\\/polityka-zwrotow\\\/#breadcrumblist\",\"itemListElement\":[{\"@type\":\"ListItem\",\"@id\":\"https:\\\/\\\/socialkings.online\\\/pl\\\/#listItem\",\"position\":1,\"name\":\"Home\",\"item\":\"https:\\\/\\\/socialkings.online\\\/pl\\\/\",\"nextItem\":{\"@type\":\"ListItem\",\"@id\":\"https:\\\/\\\/socialkings.online\\\/pl\\\/polityka-zwrotow\\\/#listItem\",\"name\":\"Polityka zwrot\\u00f3w\"}},{\"@type\":\"ListItem\",\"@id\":\"https:\\\/\\\/socialkings.online\\\/pl\\\/polityka-zwrotow\\\/#listItem\",\"position\":2,\"name\":\"Polityka zwrot\\u00f3w\",\"previousItem\":{\"@type\":\"ListItem\",\"@id\":\"https:\\\/\\\/socialkings.online\\\/pl\\\/#listItem\",\"name\":\"Home\"}}]},{\"@type\":\"Organization\",\"@id\":\"https:\\\/\\\/socialkings.online\\\/pl\\\/#organization\",\"name\":\"Social Kings Grow your following\",\"description\":\"Boost your Social Network\",\"url\":\"https:\\\/\\\/socialkings.online\\\/pl\\\/\",\"telephone\":\"+31642021479\",\"logo\":{\"@type\":\"ImageObject\",\"url\":\"https:\\\/\\\/socialkings.online\\\/wp-content\\\/uploads\\\/2023\\\/05\\\/logo-new-purple.png\",\"@id\":\"https:\\\/\\\/socialkings.online\\\/pl\\\/polityka-zwrotow\\\/#organizationLogo\",\"width\":550,\"height\":150},\"image\":{\"@id\":\"https:\\\/\\\/socialkings.online\\\/pl\\\/polityka-zwrotow\\\/#organizationLogo\"}},{\"@type\":\"WebPage\",\"@id\":\"https:\\\/\\\/socialkings.online\\\/pl\\\/polityka-zwrotow\\\/#webpage\",\"url\":\"https:\\\/\\\/socialkings.online\\\/pl\\\/polityka-zwrotow\\\/\",\"name\":\"Polityka zwrot\\u00f3w \\u2192 Social Kings Grow your following\",\"description\":\"POLITYKA ZWROT\\u00d3W Oferujemy towary niematerialne i nieodwo\\u0142alne. Jako klient jeste\\u015b odpowiedzialny za zrozumienie tego przy zakupie dowolnego produktu \\\/ us\\u0142ugi na naszej stronie. Jednak zwr\\u00f3cimy pe\\u0142n\\u0105 kwot\\u0119 w przypadku niezadowolenia z naszych produkt\\u00f3w. SKONTAKTUJ SI\\u0118 Z OBS\\u0141UG\\u0104 KLIENTA 99% problem\\u00f3w mo\\u017cna rozwi\\u0105za\\u0107 za pomoc\\u0105 prostego e-maila. Prosimy o skontaktowanie si\\u0119 z nami, wysy\\u0142aj\\u0105c e-mail na\",\"inLanguage\":\"pl-PL\",\"isPartOf\":{\"@id\":\"https:\\\/\\\/socialkings.online\\\/pl\\\/#website\"},\"breadcrumb\":{\"@id\":\"https:\\\/\\\/socialkings.online\\\/pl\\\/polityka-zwrotow\\\/#breadcrumblist\"},\"datePublished\":\"2022-03-30T16:29:26+00:00\",\"dateModified\":\"2023-05-31T05:42:24+00:00\"},{\"@type\":\"WebSite\",\"@id\":\"https:\\\/\\\/socialkings.online\\\/pl\\\/#website\",\"url\":\"https:\\\/\\\/socialkings.online\\\/pl\\\/\",\"name\":\"Social Kings Grow your following\",\"description\":\"Boost your Social Network\",\"inLanguage\":\"pl-PL\",\"publisher\":{\"@id\":\"https:\\\/\\\/socialkings.online\\\/pl\\\/#organization\"}}]}\n\t\t<\/script>\n\t\t<!-- All in One SEO Pro -->\r\n\t\t<title>Polityka zwrot\u00f3w \u2192 Social Kings Grow your following<\/title>\n\n","aioseo_head_json":{"title":"Polityka zwrot\u00f3w \u2192 Social Kings Grow your following","description":"POLITYKA ZWROT\u00d3W Oferujemy towary niematerialne i nieodwo\u0142alne. Jako klient jeste\u015b odpowiedzialny za zrozumienie tego przy zakupie dowolnego produktu \/ us\u0142ugi na naszej stronie. Jednak zwr\u00f3cimy pe\u0142n\u0105 kwot\u0119 w przypadku niezadowolenia z naszych produkt\u00f3w. SKONTAKTUJ SI\u0118 Z OBS\u0141UG\u0104 KLIENTA 99% problem\u00f3w mo\u017cna rozwi\u0105za\u0107 za pomoc\u0105 prostego e-maila. Prosimy o skontaktowanie si\u0119 z nami, wysy\u0142aj\u0105c e-mail na","canonical_url":"https:\/\/socialkings.online\/pl\/polityka-zwrotow\/","robots":"max-image-preview:large","keywords":"","webmasterTools":{"miscellaneous":""},"schema":{"@context":"https:\/\/schema.org","@graph":[{"@type":"BreadcrumbList","@id":"https:\/\/socialkings.online\/pl\/polityka-zwrotow\/#breadcrumblist","itemListElement":[{"@type":"ListItem","@id":"https:\/\/socialkings.online\/pl\/#listItem","position":1,"name":"Home","item":"https:\/\/socialkings.online\/pl\/","nextItem":{"@type":"ListItem","@id":"https:\/\/socialkings.online\/pl\/polityka-zwrotow\/#listItem","name":"Polityka zwrot\u00f3w"}},{"@type":"ListItem","@id":"https:\/\/socialkings.online\/pl\/polityka-zwrotow\/#listItem","position":2,"name":"Polityka zwrot\u00f3w","previousItem":{"@type":"ListItem","@id":"https:\/\/socialkings.online\/pl\/#listItem","name":"Home"}}]},{"@type":"Organization","@id":"https:\/\/socialkings.online\/pl\/#organization","name":"Social Kings Grow your following","description":"Boost your Social Network","url":"https:\/\/socialkings.online\/pl\/","telephone":"+31642021479","logo":{"@type":"ImageObject","url":"https:\/\/socialkings.online\/wp-content\/uploads\/2023\/05\/logo-new-purple.png","@id":"https:\/\/socialkings.online\/pl\/polityka-zwrotow\/#organizationLogo","width":550,"height":150},"image":{"@id":"https:\/\/socialkings.online\/pl\/polityka-zwrotow\/#organizationLogo"}},{"@type":"WebPage","@id":"https:\/\/socialkings.online\/pl\/polityka-zwrotow\/#webpage","url":"https:\/\/socialkings.online\/pl\/polityka-zwrotow\/","name":"Polityka zwrot\u00f3w \u2192 Social Kings Grow your following","description":"POLITYKA ZWROT\u00d3W Oferujemy towary niematerialne i nieodwo\u0142alne. Jako klient jeste\u015b odpowiedzialny za zrozumienie tego przy zakupie dowolnego produktu \/ us\u0142ugi na naszej stronie. Jednak zwr\u00f3cimy pe\u0142n\u0105 kwot\u0119 w przypadku niezadowolenia z naszych produkt\u00f3w. SKONTAKTUJ SI\u0118 Z OBS\u0141UG\u0104 KLIENTA 99% problem\u00f3w mo\u017cna rozwi\u0105za\u0107 za pomoc\u0105 prostego e-maila. Prosimy o skontaktowanie si\u0119 z nami, wysy\u0142aj\u0105c e-mail na","inLanguage":"pl-PL","isPartOf":{"@id":"https:\/\/socialkings.online\/pl\/#website"},"breadcrumb":{"@id":"https:\/\/socialkings.online\/pl\/polityka-zwrotow\/#breadcrumblist"},"datePublished":"2022-03-30T16:29:26+00:00","dateModified":"2023-05-31T05:42:24+00:00"},{"@type":"WebSite","@id":"https:\/\/socialkings.online\/pl\/#website","url":"https:\/\/socialkings.online\/pl\/","name":"Social Kings Grow your following","description":"Boost your Social Network","inLanguage":"pl-PL","publisher":{"@id":"https:\/\/socialkings.online\/pl\/#organization"}}]},"og:locale":"pl_PL","og:site_name":"Social Kings Grow your following \u2192 Boost your Social Network","og:type":"article","og:title":"Polityka zwrot\u00f3w \u2192 Social Kings Grow your following","og:description":"POLITYKA ZWROT\u00d3W Oferujemy towary niematerialne i nieodwo\u0142alne. Jako klient jeste\u015b odpowiedzialny za zrozumienie tego przy zakupie dowolnego produktu \/ us\u0142ugi na naszej stronie. Jednak zwr\u00f3cimy pe\u0142n\u0105 kwot\u0119 w przypadku niezadowolenia z naszych produkt\u00f3w. SKONTAKTUJ SI\u0118 Z OBS\u0141UG\u0104 KLIENTA 99% problem\u00f3w mo\u017cna rozwi\u0105za\u0107 za pomoc\u0105 prostego e-maila. Prosimy o skontaktowanie si\u0119 z nami, wysy\u0142aj\u0105c e-mail na","og:url":"https:\/\/socialkings.online\/pl\/polityka-zwrotow\/","article:published_time":"2022-03-30T16:29:26+00:00","article:modified_time":"2023-05-31T05:42:24+00:00","twitter:card":"summary","twitter:title":"Polityka zwrot\u00f3w \u2192 Social Kings Grow your following","twitter:description":"POLITYKA ZWROT\u00d3W Oferujemy towary niematerialne i nieodwo\u0142alne. Jako klient jeste\u015b odpowiedzialny za zrozumienie tego przy zakupie dowolnego produktu \/ us\u0142ugi na naszej stronie. Jednak zwr\u00f3cimy pe\u0142n\u0105 kwot\u0119 w przypadku niezadowolenia z naszych produkt\u00f3w. SKONTAKTUJ SI\u0118 Z OBS\u0141UG\u0104 KLIENTA 99% problem\u00f3w mo\u017cna rozwi\u0105za\u0107 za pomoc\u0105 prostego e-maila. Prosimy o skontaktowanie si\u0119 z nami, wysy\u0142aj\u0105c e-mail na"},"aioseo_meta_data":{"post_id":"43347","title":null,"description":null,"keywords":null,"keyphrases":null,"primary_term":null,"canonical_url":null,"og_title":null,"og_description":null,"og_object_type":"default","og_image_type":"default","og_image_url":null,"og_image_width":null,"og_image_height":null,"og_image_custom_url":null,"og_image_custom_fields":null,"og_video":null,"og_custom_url":null,"og_article_section":null,"og_article_tags":null,"twitter_use_og":false,"twitter_card":"default","twitter_image_type":"default","twitter_image_url":null,"twitter_image_custom_url":null,"twitter_image_custom_fields":null,"twitter_title":null,"twitter_description":null,"schema":{"blockGraphs":[],"customGraphs":[],"default":{"data":{"Article":[],"Course":[],"Dataset":[],"FAQPage":[],"Movie":[],"Person":[],"Product":[],"ProductReview":[],"Car":[],"Recipe":[],"Service":[],"SoftwareApplication":[],"WebPage":[]},"graphName":"","isEnabled":true},"graphs":[]},"schema_type":"default","schema_type_options":null,"pillar_content":false,"robots_default":true,"robots_noindex":false,"robots_noarchive":false,"robots_nosnippet":false,"robots_nofollow":false,"robots_noimageindex":false,"robots_noodp":false,"robots_notranslate":false,"robots_max_snippet":null,"robots_max_videopreview":null,"robots_max_imagepreview":"large","priority":null,"frequency":null,"local_seo":null,"seo_analyzer_scan_date":"2025-08-14 23:54:55","breadcrumb_settings":null,"limit_modified_date":false,"open_ai":null,"ai":null,"created":"2023-06-23 16:35:53","updated":"2025-09-26 23:51:38"},"aioseo_breadcrumb":"<div class=\"aioseo-breadcrumbs\"><span class=\"aioseo-breadcrumb\">\n\t<a href=\"https:\/\/socialkings.online\/pl\/\" title=\"Home\">Home<\/a>\n<\/span><span class=\"aioseo-breadcrumb-separator\">&raquo;<\/span><span class=\"aioseo-breadcrumb\">\n\tPolityka zwrot\u00f3w\n<\/span><\/div>","aioseo_breadcrumb_json":[{"label":"Home","link":"https:\/\/socialkings.online\/pl\/"},{"label":"Polityka zwrot\u00f3w","link":"https:\/\/socialkings.online\/pl\/polityka-zwrotow\/"}],"_links":{"self":[{"href":"https:\/\/socialkings.online\/pl\/wp-json\/wp\/v2\/pages\/43347","targetHints":{"allow":["GET"]}}],"collection":[{"href":"https:\/\/socialkings.online\/pl\/wp-json\/wp\/v2\/pages"}],"about":[{"href":"https:\/\/socialkings.online\/pl\/wp-json\/wp\/v2\/types\/page"}],"author":[{"embeddable":true,"href":"https:\/\/socialkings.online\/pl\/wp-json\/wp\/v2\/users\/1"}],"replies":[{"embeddable":true,"href":"https:\/\/socialkings.online\/pl\/wp-json\/wp\/v2\/comments?post=43347"}],"version-history":[{"count":0,"href":"https:\/\/socialkings.online\/pl\/wp-json\/wp\/v2\/pages\/43347\/revisions"}],"wp:attachment":[{"href":"https:\/\/socialkings.online\/pl\/wp-json\/wp\/v2\/media?parent=43347"}],"curies":[{"name":"wp","href":"https:\/\/api.w.org\/{rel}","templated":true}]}}