{"id":43382,"date":"2022-03-30T20:41:55","date_gmt":"2022-03-30T20:41:55","guid":{"rendered":"https:\/\/socialkings.online\/?page_id=43382"},"modified":"2023-05-31T05:39:23","modified_gmt":"2023-05-31T05:39:23","slug":"norme-sulla-privacy","status":"publish","type":"page","link":"https:\/\/socialkings.online\/it\/norme-sulla-privacy\/","title":{"rendered":"Norme sulla privacy"},"content":{"rendered":"\n<p><strong>Norme sulla privacy<\/strong><\/p>\n\n<p>Nure \u00e8 responsabile del trattamento dei dati personali come illustrato nella presente informativa sulla privacy. Contatta il responsabile della protezione dei dati:<\/p>\n\n<p>Nure\u00a9<\/p>\n\n<p>Smidslaantje 51<\/p>\n\n<p>8426DC Appelscha<\/p>\n\n<p>KvK-nr: 64464105<\/p>\n\n<p>VAT-nr: NL002250971B75<\/p>\n\n<p>+316 4202 1479<\/p>\n\n<p>support@socialkings.online<\/p>\n\n<p><\/p>\n\n<p><strong>Dati personali che elaboriamo<\/strong>&#13;\nTurbogrm ltd tratta i tuoi dati personali perch\u00e9 utilizzi i nostri servizi e\/o perch\u00e9 ci fornisci tu stesso questi dati.&#13;\nDi seguito troverai una panoramica dei dati personali che trattiamo:<\/p>\n\n<ul class=\"wp-block-list\"><li><strong>Nome utente<\/strong>\u00a0&#8211; Ne abbiamo bisogno per consegnare e controllare l&#8217;ordine.<\/li><li><strong>Numero iniziale di Mi piace o follower<\/strong>\u00a0&#8211; Questo ci consente di verificare se gli ordini sono stati (completamente) consegnati.<\/li><li><strong>Indirizzo IP<\/strong>\u00a0&#8211; Viene utilizzato per prevenire abusi o frodi<\/li><li>Indirizzo e-mail: lo utilizziamo per informarti sul tuo ordine<\/li><\/ul>\n\n<p><strong>Dati personali speciali e\/o sensibili che elaboriamo<\/strong>&#13;\nIl nostro sito Web e\/o servizio non intende raccogliere dati sui visitatori del sito Web di et\u00e0 inferiore ai 16 anni. A meno che non abbiano il permesso dei genitori o del tutore. Tuttavia, non possiamo verificare se un visitatore ha pi\u00f9 di 16 anni. Consigliamo quindi ai genitori di essere coinvolti nelle attivit\u00e0 online dei propri figli, al fine di evitare che i dati sui bambini vengano raccolti senza il consenso dei genitori. Se sei convinto che abbiamo raccolto informazioni personali su un minore senza tale autorizzazione, contattaci all&#8217;indirizzo support@socialkings.online e cancelleremo queste informazioni.<\/p>\n\n<p><strong>Per quale scopo e su quali basi trattiamo i dati personali<\/strong>&#13;\nTurbogrm ltd tratta i tuoi dati personali per le seguenti finalit\u00e0:&#13;\n&#8211; Per consegnarti beni e servizi<\/p>\n\n<p><strong>Per quanto tempo conserviamo i dati personali<\/strong>&#13;\nNure\u00a9 non conserva i tuoi dati personali per un periodo di tempo superiore a quello strettamente necessario per realizzare le finalit\u00e0 per le quali i tuoi dati vengono raccolti. Utilizziamo i seguenti periodi di conservazione per le seguenti (categorie) di dati personali: (Categoria) dati personali &gt; Periodo di conservazione &gt; Motivo Dati personali &gt; Periodo di conservazione &gt; Motivo Indirizzo &gt; Periodo di conservazione &gt; Motivo E cos\u00ec via &gt; Periodo di conservazione &gt; Cavalc\u00f2<\/p>\n\n<p><strong>Condivisione di dati personali con terze parti<\/strong>&#13;\nNure\u00a9 fornisce esclusivamente a terzi e solo se ci\u00f2 \u00e8 necessario per l&#8217;esecuzione del nostro accordo con te o per adempiere a un obbligo legale.<\/p>\n\n<p><strong>Visualizza, modifica o elimina i dati<\/strong>&#13;\nHai il diritto di visualizzare, correggere o cancellare i tuoi dati personali. Inoltre, hai il diritto di revocare il tuo consenso al trattamento dei dati o di opporti al trattamento dei tuoi dati personali da parte di Nure\u00a9 e hai diritto alla portabilit\u00e0 dei dati. Ci\u00f2 significa che puoi inviarci una richiesta per inviare i dati personali che abbiamo su di te in un file del computer a te o a un&#8217;altra organizzazione da te menzionata. Puoi inviare una richiesta di accesso, rettifica, cancellazione, trasferimento dei dati dei tuoi dati personali o richiesta di revoca del tuo consenso o opposizione al trattamento dei tuoi dati personali a support@socialkings.online. Per garantire che la richiesta di accesso sia stata da te presentata, ti chiediamo di inviare una copia della tua prova di identit\u00e0 con la richiesta. Rendi nera la tua foto del passaporto, MRZ (zona leggibile dalla macchina, la striscia con i numeri nella parte inferiore del passaporto), il numero del passaporto e il Citizen Service Number (BSN) in questa copia. Questo per proteggere la tua privacy. Risponderemo alla tua richiesta il prima possibile, ma entro quattro settimane. Nure\u00a9 desidera inoltre sottolineare che hai la possibilit\u00e0 di presentare un reclamo all&#8217;autorit\u00e0 di controllo nazionale, l&#8217;Autorit\u00e0 olandese per la protezione dei dati. Puoi farlo tramite il seguente link: https:\/\/autoriteitpersoonsgegevens.nl\/nl\/contact-met-de-autoriteit-persoonsgegevens\/tip-ons<\/p>\n\n<p><strong>Come proteggiamo i dati personali<\/strong>&#13;\nTurbogrm ltd prende sul serio la protezione dei tuoi dati e adotta le misure appropriate per prevenire l&#8217;uso improprio, la perdita, l&#8217;accesso non autorizzato, la divulgazione indesiderata e la modifica non autorizzata. Se ritieni che i tuoi dati non siano adeguatamente protetti o ci siano indicazioni di uso improprio, contatta il nostro servizio clienti o tramite support@socialkings.online<\/p>\n\n<p><strong>Cookie<\/strong>&#13;\nSu questo sito web viene utilizzato solo un cookie Analytics.<\/p>\n\n<p><strong>Diritto sulla privacy e analisi<\/strong>&#13;\nCome descritto di seguito nella dichiarazione ufficiale che gli utenti di Google Analytics devono inserire sul proprio sito Web, questo sito Web utilizza Google Analytics. Questo programma fornisce importanti statistiche sul numero di visitatori, le pagine visitate, le sorgenti di traffico e altre informazioni essenziali con le quali possiamo migliorare continuamente questo sito Web per gli utenti. Queste statistiche sono anonime e non possono essere ricondotte a una persona o un utente specifico. Non viene utilizzato alcun &#8220;targeting comportamentale&#8221;, che mostra contenuti speciali in base al comportamento dei clic; il tuo comportamento di navigazione rimane completamente anonimo. I dati dei moduli di contatto non vengono mai elaborati o archiviati in Analytics.<\/p>\n\n<p>Google Analytics utilizza un cookie, che \u00e8 un piccolo file che viene memorizzato sul tuo computer. Abbiamo impostato Google Analytics in conformit\u00e0 con la normativa sulla privacy, in modo che non sia richiesta alcuna autorizzazione preventiva da parte dell&#8217;utente.<\/p>\n\n<p><strong>Gli indirizzi IP sono mascherati e i dati non sono condivisi<\/strong>&#13;\nIl cookie di Google Analytics \u00e8 un &#8220;cookie di prima parte&#8221;, il che significa che il cookie \u00e8 ufficialmente di propriet\u00e0 di Hayona e non di Google. Questo cookie non viene utilizzato per scopi pubblicitari o altri scopi commerciali. Hayona ha un contratto di elaborazione con Google. Inoltre, Google Analytics \u00e8 impostato in modo tale che gli indirizzi IP siano resi anonimi, in modo che i dati non possano mai essere ricondotti a te o al tuo indirizzo IP. Inoltre, nessuna informazione viene condivisa con Google o altre parti dall&#8217;account Analytics di Hayona. Ci\u00f2 rende il cookie Analytics di Hayona un cookie di prima parte non sensibile alla privacy, necessario per garantire la qualit\u00e0 e la sicurezza di hayona.nl. Il cookie Analytics rimane valido per 6 mesi.<\/p>\n\n<p><strong>Disattiva<\/strong>&#13;\nSe preferisci bloccare completamente lo script di Analytics, puoi scaricare un plug-in di opt-out per Google Analytics qui: https:\/\/tools.google.com\/dlpage\/gaoptout. Con questo plugin la tua visita non conta pi\u00f9 nelle statistiche di tutti i siti web che utilizzano Google Analytics.<\/p>\n\n<p><strong>Google Analytics \u2013 Dichiarazione di Google<\/strong>&#13;\nQuesto sito web utilizza Google Analytics, un servizio di analisi web fornito da Google Inc. (&#8220;Google&#8221;). Google Analytics utilizza dei &#8220;cookie&#8221; (file di testo che vengono depositati sul tuo computer) per consentire al sito web di analizzare come i visitatori utilizzano il sito. Le informazioni anonime generate dal cookie sull&#8217;utilizzo del sito Web da parte dell&#8217;utente verranno trasferite e archiviate da Google su server negli Stati Uniti. Google utilizza queste informazioni per tenere traccia dell&#8217;utilizzo di questo sito Web, per compilare report sull&#8217;attivit\u00e0 del sito Web per il proprietario di questo sito Web (Hayona BV) e per fornire altri servizi relativi all&#8217;attivit\u00e0 del sito Web e all&#8217;utilizzo di Internet. Google pu\u00f2 fornire queste informazioni a terzi solo se Google \u00e8 legalmente obbligato a farlo o nella misura in cui tali terzi trattino le informazioni per conto di Google. Google non combiner\u00e0 il tuo indirizzo IP con altri dati detenuti da Google. Puoi rifiutare l&#8217;uso dei cookie selezionando le impostazioni appropriate sul tuo browser. Tuttavia, vorremmo sottolineare che in tal caso potresti non essere in grado di utilizzare tutte le funzionalit\u00e0 di questo sito Web. Utilizzando questo sito web, acconsenti al trattamento delle informazioni da parte di Google secondo le modalit\u00e0 e per le finalit\u00e0 sopra descritte.<\/p>\n\n<p><strong>Pagamenti<\/strong><\/p>\n\n<p>I pagamenti vengono elaborati da Stripe.<\/p>\n","protected":false},"excerpt":{"rendered":"<p>&#8230;<\/p>\n","protected":false},"author":1,"featured_media":0,"parent":0,"menu_order":0,"comment_status":"closed","ping_status":"open","template":"","meta":{"footnotes":""},"class_list":["post-43382","page","type-page","status-publish","hentry"],"aioseo_notices":[],"aioseo_head":"\n\t\t<!-- All in One SEO Pro 4.9.5.2 - aioseo.com -->\n\t<meta name=\"description\" content=\"Norme sulla privacy Nure \u00e8 responsabile del trattamento dei dati personali come illustrato nella presente informativa sulla privacy. Contatta il responsabile della protezione dei dati: Nure\u00a9 Smidslaantje 51 8426DC Appelscha KvK-nr: 64464105 VAT-nr: NL002250971B75 +316 4202 1479 support@socialkings.online Dati personali che elaboriamo Turbogrm ltd tratta i tuoi dati personali perch\u00e9 utilizzi i nostri servizi e\/o\" \/>\n\t<meta name=\"robots\" content=\"max-image-preview:large\" \/>\n\t<link rel=\"canonical\" href=\"https:\/\/socialkings.online\/it\/norme-sulla-privacy\/\" \/>\n\t<meta name=\"generator\" content=\"All in One SEO Pro (AIOSEO) 4.9.5.2\" \/>\n\t\t<meta property=\"og:locale\" content=\"it_IT\" \/>\n\t\t<meta property=\"og:site_name\" content=\"Social Kings Grow your following \u2192 Boost your Social Network\" \/>\n\t\t<meta property=\"og:type\" content=\"article\" \/>\n\t\t<meta property=\"og:title\" content=\"Norme sulla privacy \u2192 Social Kings Grow your following\" \/>\n\t\t<meta property=\"og:description\" content=\"Norme sulla privacy Nure \u00e8 responsabile del trattamento dei dati personali come illustrato nella presente informativa sulla privacy. Contatta il responsabile della protezione dei dati: Nure\u00a9 Smidslaantje 51 8426DC Appelscha KvK-nr: 64464105 VAT-nr: NL002250971B75 +316 4202 1479 support@socialkings.online Dati personali che elaboriamo Turbogrm ltd tratta i tuoi dati personali perch\u00e9 utilizzi i nostri servizi e\/o\" \/>\n\t\t<meta property=\"og:url\" content=\"https:\/\/socialkings.online\/it\/norme-sulla-privacy\/\" \/>\n\t\t<meta property=\"article:published_time\" content=\"2022-03-30T20:41:55+00:00\" \/>\n\t\t<meta property=\"article:modified_time\" content=\"2023-05-31T05:39:23+00:00\" \/>\n\t\t<meta name=\"twitter:card\" content=\"summary\" \/>\n\t\t<meta name=\"twitter:title\" content=\"Norme sulla privacy \u2192 Social Kings Grow your following\" \/>\n\t\t<meta name=\"twitter:description\" content=\"Norme sulla privacy Nure \u00e8 responsabile del trattamento dei dati personali come illustrato nella presente informativa sulla privacy. Contatta il responsabile della protezione dei dati: Nure\u00a9 Smidslaantje 51 8426DC Appelscha KvK-nr: 64464105 VAT-nr: NL002250971B75 +316 4202 1479 support@socialkings.online Dati personali che elaboriamo Turbogrm ltd tratta i tuoi dati personali perch\u00e9 utilizzi i nostri servizi e\/o\" \/>\n\t\t<script type=\"application\/ld+json\" class=\"aioseo-schema\">\n\t\t\t{\"@context\":\"https:\\\/\\\/schema.org\",\"@graph\":[{\"@type\":\"BreadcrumbList\",\"@id\":\"https:\\\/\\\/socialkings.online\\\/it\\\/norme-sulla-privacy\\\/#breadcrumblist\",\"itemListElement\":[{\"@type\":\"ListItem\",\"@id\":\"https:\\\/\\\/socialkings.online\\\/it\\\/#listItem\",\"position\":1,\"name\":\"Home\",\"item\":\"https:\\\/\\\/socialkings.online\\\/it\\\/\",\"nextItem\":{\"@type\":\"ListItem\",\"@id\":\"https:\\\/\\\/socialkings.online\\\/it\\\/norme-sulla-privacy\\\/#listItem\",\"name\":\"Norme sulla privacy\"}},{\"@type\":\"ListItem\",\"@id\":\"https:\\\/\\\/socialkings.online\\\/it\\\/norme-sulla-privacy\\\/#listItem\",\"position\":2,\"name\":\"Norme sulla privacy\",\"previousItem\":{\"@type\":\"ListItem\",\"@id\":\"https:\\\/\\\/socialkings.online\\\/it\\\/#listItem\",\"name\":\"Home\"}}]},{\"@type\":\"Organization\",\"@id\":\"https:\\\/\\\/socialkings.online\\\/it\\\/#organization\",\"name\":\"Social Kings Grow your following\",\"description\":\"Boost your Social Network\",\"url\":\"https:\\\/\\\/socialkings.online\\\/it\\\/\",\"telephone\":\"+31642021479\",\"logo\":{\"@type\":\"ImageObject\",\"url\":\"https:\\\/\\\/socialkings.online\\\/wp-content\\\/uploads\\\/2023\\\/05\\\/logo-new-purple.png\",\"@id\":\"https:\\\/\\\/socialkings.online\\\/it\\\/norme-sulla-privacy\\\/#organizationLogo\",\"width\":550,\"height\":150},\"image\":{\"@id\":\"https:\\\/\\\/socialkings.online\\\/it\\\/norme-sulla-privacy\\\/#organizationLogo\"}},{\"@type\":\"WebPage\",\"@id\":\"https:\\\/\\\/socialkings.online\\\/it\\\/norme-sulla-privacy\\\/#webpage\",\"url\":\"https:\\\/\\\/socialkings.online\\\/it\\\/norme-sulla-privacy\\\/\",\"name\":\"Norme sulla privacy \\u2192 Social Kings Grow your following\",\"description\":\"Norme sulla privacy Nure \\u00e8 responsabile del trattamento dei dati personali come illustrato nella presente informativa sulla privacy. Contatta il responsabile della protezione dei dati: Nure\\u00a9 Smidslaantje 51 8426DC Appelscha KvK-nr: 64464105 VAT-nr: NL002250971B75 +316 4202 1479 support@socialkings.online Dati personali che elaboriamo Turbogrm ltd tratta i tuoi dati personali perch\\u00e9 utilizzi i nostri servizi e\\\/o\",\"inLanguage\":\"it-IT\",\"isPartOf\":{\"@id\":\"https:\\\/\\\/socialkings.online\\\/it\\\/#website\"},\"breadcrumb\":{\"@id\":\"https:\\\/\\\/socialkings.online\\\/it\\\/norme-sulla-privacy\\\/#breadcrumblist\"},\"datePublished\":\"2022-03-30T20:41:55+00:00\",\"dateModified\":\"2023-05-31T05:39:23+00:00\"},{\"@type\":\"WebSite\",\"@id\":\"https:\\\/\\\/socialkings.online\\\/it\\\/#website\",\"url\":\"https:\\\/\\\/socialkings.online\\\/it\\\/\",\"name\":\"Social Kings Grow your following\",\"description\":\"Boost your Social Network\",\"inLanguage\":\"it-IT\",\"publisher\":{\"@id\":\"https:\\\/\\\/socialkings.online\\\/it\\\/#organization\"}}]}\n\t\t<\/script>\n\t\t<!-- All in One SEO Pro -->\r\n\t\t<title>Norme sulla privacy \u2192 Social Kings Grow your following<\/title>\n\n","aioseo_head_json":{"title":"Norme sulla privacy \u2192 Social Kings Grow your following","description":"Norme sulla privacy Nure \u00e8 responsabile del trattamento dei dati personali come illustrato nella presente informativa sulla privacy. Contatta il responsabile della protezione dei dati: Nure\u00a9 Smidslaantje 51 8426DC Appelscha KvK-nr: 64464105 VAT-nr: NL002250971B75 +316 4202 1479 support@socialkings.online Dati personali che elaboriamo Turbogrm ltd tratta i tuoi dati personali perch\u00e9 utilizzi i nostri servizi e\/o","canonical_url":"https:\/\/socialkings.online\/it\/norme-sulla-privacy\/","robots":"max-image-preview:large","keywords":"","webmasterTools":{"miscellaneous":""},"schema":{"@context":"https:\/\/schema.org","@graph":[{"@type":"BreadcrumbList","@id":"https:\/\/socialkings.online\/it\/norme-sulla-privacy\/#breadcrumblist","itemListElement":[{"@type":"ListItem","@id":"https:\/\/socialkings.online\/it\/#listItem","position":1,"name":"Home","item":"https:\/\/socialkings.online\/it\/","nextItem":{"@type":"ListItem","@id":"https:\/\/socialkings.online\/it\/norme-sulla-privacy\/#listItem","name":"Norme sulla privacy"}},{"@type":"ListItem","@id":"https:\/\/socialkings.online\/it\/norme-sulla-privacy\/#listItem","position":2,"name":"Norme sulla privacy","previousItem":{"@type":"ListItem","@id":"https:\/\/socialkings.online\/it\/#listItem","name":"Home"}}]},{"@type":"Organization","@id":"https:\/\/socialkings.online\/it\/#organization","name":"Social Kings Grow your following","description":"Boost your Social Network","url":"https:\/\/socialkings.online\/it\/","telephone":"+31642021479","logo":{"@type":"ImageObject","url":"https:\/\/socialkings.online\/wp-content\/uploads\/2023\/05\/logo-new-purple.png","@id":"https:\/\/socialkings.online\/it\/norme-sulla-privacy\/#organizationLogo","width":550,"height":150},"image":{"@id":"https:\/\/socialkings.online\/it\/norme-sulla-privacy\/#organizationLogo"}},{"@type":"WebPage","@id":"https:\/\/socialkings.online\/it\/norme-sulla-privacy\/#webpage","url":"https:\/\/socialkings.online\/it\/norme-sulla-privacy\/","name":"Norme sulla privacy \u2192 Social Kings Grow your following","description":"Norme sulla privacy Nure \u00e8 responsabile del trattamento dei dati personali come illustrato nella presente informativa sulla privacy. Contatta il responsabile della protezione dei dati: Nure\u00a9 Smidslaantje 51 8426DC Appelscha KvK-nr: 64464105 VAT-nr: NL002250971B75 +316 4202 1479 support@socialkings.online Dati personali che elaboriamo Turbogrm ltd tratta i tuoi dati personali perch\u00e9 utilizzi i nostri servizi e\/o","inLanguage":"it-IT","isPartOf":{"@id":"https:\/\/socialkings.online\/it\/#website"},"breadcrumb":{"@id":"https:\/\/socialkings.online\/it\/norme-sulla-privacy\/#breadcrumblist"},"datePublished":"2022-03-30T20:41:55+00:00","dateModified":"2023-05-31T05:39:23+00:00"},{"@type":"WebSite","@id":"https:\/\/socialkings.online\/it\/#website","url":"https:\/\/socialkings.online\/it\/","name":"Social Kings Grow your following","description":"Boost your Social Network","inLanguage":"it-IT","publisher":{"@id":"https:\/\/socialkings.online\/it\/#organization"}}]},"og:locale":"it_IT","og:site_name":"Social Kings Grow your following \u2192 Boost your Social Network","og:type":"article","og:title":"Norme sulla privacy \u2192 Social Kings Grow your following","og:description":"Norme sulla privacy Nure \u00e8 responsabile del trattamento dei dati personali come illustrato nella presente informativa sulla privacy. Contatta il responsabile della protezione dei dati: Nure\u00a9 Smidslaantje 51 8426DC Appelscha KvK-nr: 64464105 VAT-nr: NL002250971B75 +316 4202 1479 support@socialkings.online Dati personali che elaboriamo Turbogrm ltd tratta i tuoi dati personali perch\u00e9 utilizzi i nostri servizi e\/o","og:url":"https:\/\/socialkings.online\/it\/norme-sulla-privacy\/","article:published_time":"2022-03-30T20:41:55+00:00","article:modified_time":"2023-05-31T05:39:23+00:00","twitter:card":"summary","twitter:title":"Norme sulla privacy \u2192 Social Kings Grow your following","twitter:description":"Norme sulla privacy Nure \u00e8 responsabile del trattamento dei dati personali come illustrato nella presente informativa sulla privacy. Contatta il responsabile della protezione dei dati: Nure\u00a9 Smidslaantje 51 8426DC Appelscha KvK-nr: 64464105 VAT-nr: NL002250971B75 +316 4202 1479 support@socialkings.online Dati personali che elaboriamo Turbogrm ltd tratta i tuoi dati personali perch\u00e9 utilizzi i nostri servizi e\/o"},"aioseo_meta_data":{"post_id":"43382","title":null,"description":null,"keywords":null,"keyphrases":null,"primary_term":null,"canonical_url":null,"og_title":null,"og_description":null,"og_object_type":"default","og_image_type":"default","og_image_url":null,"og_image_width":null,"og_image_height":null,"og_image_custom_url":null,"og_image_custom_fields":null,"og_video":null,"og_custom_url":null,"og_article_section":null,"og_article_tags":null,"twitter_use_og":false,"twitter_card":"default","twitter_image_type":"default","twitter_image_url":null,"twitter_image_custom_url":null,"twitter_image_custom_fields":null,"twitter_title":null,"twitter_description":null,"schema":{"blockGraphs":[],"customGraphs":[],"default":{"data":{"Article":[],"Course":[],"Dataset":[],"FAQPage":[],"Movie":[],"Person":[],"Product":[],"ProductReview":[],"Car":[],"Recipe":[],"Service":[],"SoftwareApplication":[],"WebPage":[]},"graphName":"","isEnabled":true},"graphs":[]},"schema_type":"default","schema_type_options":null,"pillar_content":false,"robots_default":true,"robots_noindex":false,"robots_noarchive":false,"robots_nosnippet":false,"robots_nofollow":false,"robots_noimageindex":false,"robots_noodp":false,"robots_notranslate":false,"robots_max_snippet":null,"robots_max_videopreview":null,"robots_max_imagepreview":"large","priority":null,"frequency":null,"local_seo":null,"seo_analyzer_scan_date":"2025-08-14 23:59:45","breadcrumb_settings":null,"limit_modified_date":false,"open_ai":null,"ai":null,"created":"2023-06-23 16:35:53","updated":"2025-08-14 23:59:45"},"aioseo_breadcrumb":"<div class=\"aioseo-breadcrumbs\"><span class=\"aioseo-breadcrumb\">\n\t<a href=\"https:\/\/socialkings.online\/it\/\" title=\"Home\">Home<\/a>\n<\/span><span class=\"aioseo-breadcrumb-separator\">&raquo;<\/span><span class=\"aioseo-breadcrumb\">\n\tNorme sulla privacy\n<\/span><\/div>","aioseo_breadcrumb_json":[{"label":"Home","link":"https:\/\/socialkings.online\/it\/"},{"label":"Norme sulla privacy","link":"https:\/\/socialkings.online\/it\/norme-sulla-privacy\/"}],"_links":{"self":[{"href":"https:\/\/socialkings.online\/it\/wp-json\/wp\/v2\/pages\/43382","targetHints":{"allow":["GET"]}}],"collection":[{"href":"https:\/\/socialkings.online\/it\/wp-json\/wp\/v2\/pages"}],"about":[{"href":"https:\/\/socialkings.online\/it\/wp-json\/wp\/v2\/types\/page"}],"author":[{"embeddable":true,"href":"https:\/\/socialkings.online\/it\/wp-json\/wp\/v2\/users\/1"}],"replies":[{"embeddable":true,"href":"https:\/\/socialkings.online\/it\/wp-json\/wp\/v2\/comments?post=43382"}],"version-history":[{"count":0,"href":"https:\/\/socialkings.online\/it\/wp-json\/wp\/v2\/pages\/43382\/revisions"}],"wp:attachment":[{"href":"https:\/\/socialkings.online\/it\/wp-json\/wp\/v2\/media?parent=43382"}],"curies":[{"name":"wp","href":"https:\/\/api.w.org\/{rel}","templated":true}]}}