{"id":43345,"date":"2022-03-30T16:28:43","date_gmt":"2022-03-30T16:28:43","guid":{"rendered":"https:\/\/socialkings.online\/?page_id=43345"},"modified":"2023-05-31T05:40:34","modified_gmt":"2023-05-31T05:40:34","slug":"politica-di-rimborso","status":"publish","type":"page","link":"https:\/\/socialkings.online\/it\/politica-di-rimborso\/","title":{"rendered":"Politica di rimborso"},"content":{"rendered":"\t\t<div data-elementor-type=\"wp-page\" data-elementor-id=\"43345\" class=\"elementor elementor-43345 elementor-1017\" data-elementor-post-type=\"page\">\n\t\t\t\t\t\t<section class=\"elementor-section elementor-top-section elementor-element elementor-element-ce00497 elementor-section-boxed elementor-section-height-default elementor-section-height-default\" data-id=\"ce00497\" data-element_type=\"section\">\n\t\t\t\t\t\t<div class=\"elementor-container elementor-column-gap-default\">\n\t\t\t\t\t<div class=\"elementor-column elementor-col-100 elementor-top-column elementor-element elementor-element-ee5c092\" data-id=\"ee5c092\" data-element_type=\"column\">\n\t\t\t<div class=\"elementor-widget-wrap elementor-element-populated\">\n\t\t\t\t\t\t<div class=\"elementor-element elementor-element-9dcdd17 elementor-widget elementor-widget-text-editor\" data-id=\"9dcdd17\" data-element_type=\"widget\" data-widget_type=\"text-editor.default\">\n\t\t\t\t<div class=\"elementor-widget-container\">\n\t\t\t\t\t\t\t\t\t<strong> POLITICA DI RIMBORSO <\/strong>\r\n\r\nOffriamo beni irrevocabili non tangibili. In qualit\u00e0 di cliente, sei responsabile di capirlo al momento dell&#8217;acquisto di qualsiasi prodotto\/servizio sul nostro sito. Tuttavia, rimborseremo l&#8217;intero importo in caso di insoddisfazione per i nostri prodotti.\r\n\r\n<strong> CONTATTA L&#8217;ASSISTENZA CLIENTI <\/strong>\r\n\r\nIl 99% dei problemi pu\u00f2 essere risolto con una semplice e-mail. Ti chiediamo di contattarci inviandoci un&#8217;e-mail all&#8217;indirizzo support@socialkings.online0. Il nostro servizio clienti ti risponder\u00e0 entro 24-48 (di solito meno di 24 ore) con una revisione del tuo problema e una soluzione.\r\n\r\n<strong> RICHIESTE DI RIMBORSO IDONEE <\/strong>\r\n<ul>\r\n <li> Mancata consegna del prodotto\/servizio: in alcuni casi i tempi di elaborazione sono pi\u00f9 lenti e il completamento dell&#8217;ordine richiede un po&#8217; pi\u00f9 di tempo. In questo caso, ti consigliamo di contattarci per assistenza. I reclami per mancata consegna devono essere presentati per iscritto al nostro Servizio Clienti entro 7 giorni dall&#8217;effettuazione dell&#8217;ordine. <\/li>\r\n <li> Prodotto non conforme alla descrizione: tali problemi devono essere segnalati al nostro Servizio Clienti entro 7 giorni dalla data di acquisto. Devono essere fornite prove evidenti che dimostrino che il prodotto\/servizio acquistato non \u00e8 come descritto sul sito web. I reclami che si basano semplicemente su false aspettative o desideri del cliente non vengono onorati. <\/li>\r\n <li> Il cliente desidera annullare il pagamento ricorrente del prodotto\/servizio ed \u00e8 entro 7 giorni dall&#8217;ultimo pagamento. Se viene presentata una richiesta di rimborso dopo 7 giorni, il cliente non \u00e8 idoneo e l&#8217;annullamento verr\u00e0 completato su tutte le fatture future. Il cliente pu\u00f2 continuare a ricevere il servizio fino al termine del ciclo di fatturazione, oppure optare per l&#8217;interruzione immediata del prodotto\/servizio. <\/li>\r\n<\/ul>\r\n<strong> IMPEGNATO PER LA SODDISFAZIONE <\/strong>\r\n\r\nSosteniamo i nostri prodotti e siamo orgogliosi di offrire oggi online servizi di coinvolgimento sui social media della massima qualit\u00e0. Non sempre possiamo offrire un rimborso, ma se entro 7 giorni non sei soddisfatto del tuo ordine, contatta semplicemente e troveremo una soluzione alle tue preoccupazioni.\t\t\t\t\t\t\t\t<\/div>\n\t\t\t\t<\/div>\n\t\t\t\t\t<\/div>\n\t\t<\/div>\n\t\t\t\t\t<\/div>\n\t\t<\/section>\n\t\t\t\t<\/div>\n\t\t","protected":false},"excerpt":{"rendered":"<p>&#8230;<\/p>\n","protected":false},"author":1,"featured_media":0,"parent":0,"menu_order":0,"comment_status":"closed","ping_status":"closed","template":"","meta":{"footnotes":""},"class_list":["post-43345","page","type-page","status-publish","hentry"],"aioseo_notices":[],"aioseo_head":"\n\t\t<!-- All in One SEO Pro 4.9.5.2 - aioseo.com -->\n\t<meta name=\"description\" content=\"POLITICA DI RIMBORSO Offriamo beni irrevocabili non tangibili. In qualit\u00e0 di cliente, sei responsabile di capirlo al momento dell\u2019acquisto di qualsiasi prodotto\/servizio sul nostro sito. Tuttavia, rimborseremo l\u2019intero importo in caso di insoddisfazione per i nostri prodotti. CONTATTA L\u2019ASSISTENZA CLIENTI Il 99% dei problemi pu\u00f2 essere risolto con una semplice e-mail. Ti chiediamo di contattarci\" \/>\n\t<meta name=\"robots\" content=\"max-image-preview:large\" \/>\n\t<link rel=\"canonical\" href=\"https:\/\/socialkings.online\/it\/politica-di-rimborso\/\" \/>\n\t<meta name=\"generator\" content=\"All in One SEO Pro (AIOSEO) 4.9.5.2\" \/>\n\t\t<meta property=\"og:locale\" content=\"it_IT\" \/>\n\t\t<meta property=\"og:site_name\" content=\"Social Kings Grow your following \u2192 Boost your Social Network\" \/>\n\t\t<meta property=\"og:type\" content=\"article\" \/>\n\t\t<meta property=\"og:title\" content=\"Politica di rimborso \u2192 Social Kings Grow your following\" \/>\n\t\t<meta property=\"og:description\" content=\"POLITICA DI RIMBORSO Offriamo beni irrevocabili non tangibili. In qualit\u00e0 di cliente, sei responsabile di capirlo al momento dell\u2019acquisto di qualsiasi prodotto\/servizio sul nostro sito. Tuttavia, rimborseremo l\u2019intero importo in caso di insoddisfazione per i nostri prodotti. CONTATTA L\u2019ASSISTENZA CLIENTI Il 99% dei problemi pu\u00f2 essere risolto con una semplice e-mail. Ti chiediamo di contattarci\" \/>\n\t\t<meta property=\"og:url\" content=\"https:\/\/socialkings.online\/it\/politica-di-rimborso\/\" \/>\n\t\t<meta property=\"article:published_time\" content=\"2022-03-30T16:28:43+00:00\" \/>\n\t\t<meta property=\"article:modified_time\" content=\"2023-05-31T05:40:34+00:00\" \/>\n\t\t<meta name=\"twitter:card\" content=\"summary\" \/>\n\t\t<meta name=\"twitter:title\" content=\"Politica di rimborso \u2192 Social Kings Grow your following\" \/>\n\t\t<meta name=\"twitter:description\" content=\"POLITICA DI RIMBORSO Offriamo beni irrevocabili non tangibili. In qualit\u00e0 di cliente, sei responsabile di capirlo al momento dell\u2019acquisto di qualsiasi prodotto\/servizio sul nostro sito. Tuttavia, rimborseremo l\u2019intero importo in caso di insoddisfazione per i nostri prodotti. CONTATTA L\u2019ASSISTENZA CLIENTI Il 99% dei problemi pu\u00f2 essere risolto con una semplice e-mail. Ti chiediamo di contattarci\" \/>\n\t\t<script type=\"application\/ld+json\" class=\"aioseo-schema\">\n\t\t\t{\"@context\":\"https:\\\/\\\/schema.org\",\"@graph\":[{\"@type\":\"BreadcrumbList\",\"@id\":\"https:\\\/\\\/socialkings.online\\\/it\\\/politica-di-rimborso\\\/#breadcrumblist\",\"itemListElement\":[{\"@type\":\"ListItem\",\"@id\":\"https:\\\/\\\/socialkings.online\\\/it\\\/#listItem\",\"position\":1,\"name\":\"Home\",\"item\":\"https:\\\/\\\/socialkings.online\\\/it\\\/\",\"nextItem\":{\"@type\":\"ListItem\",\"@id\":\"https:\\\/\\\/socialkings.online\\\/it\\\/politica-di-rimborso\\\/#listItem\",\"name\":\"Politica di rimborso\"}},{\"@type\":\"ListItem\",\"@id\":\"https:\\\/\\\/socialkings.online\\\/it\\\/politica-di-rimborso\\\/#listItem\",\"position\":2,\"name\":\"Politica di rimborso\",\"previousItem\":{\"@type\":\"ListItem\",\"@id\":\"https:\\\/\\\/socialkings.online\\\/it\\\/#listItem\",\"name\":\"Home\"}}]},{\"@type\":\"Organization\",\"@id\":\"https:\\\/\\\/socialkings.online\\\/it\\\/#organization\",\"name\":\"Social Kings Grow your following\",\"description\":\"Boost your Social Network\",\"url\":\"https:\\\/\\\/socialkings.online\\\/it\\\/\",\"telephone\":\"+31642021479\",\"logo\":{\"@type\":\"ImageObject\",\"url\":\"https:\\\/\\\/socialkings.online\\\/wp-content\\\/uploads\\\/2023\\\/05\\\/logo-new-purple.png\",\"@id\":\"https:\\\/\\\/socialkings.online\\\/it\\\/politica-di-rimborso\\\/#organizationLogo\",\"width\":550,\"height\":150},\"image\":{\"@id\":\"https:\\\/\\\/socialkings.online\\\/it\\\/politica-di-rimborso\\\/#organizationLogo\"}},{\"@type\":\"WebPage\",\"@id\":\"https:\\\/\\\/socialkings.online\\\/it\\\/politica-di-rimborso\\\/#webpage\",\"url\":\"https:\\\/\\\/socialkings.online\\\/it\\\/politica-di-rimborso\\\/\",\"name\":\"Politica di rimborso \\u2192 Social Kings Grow your following\",\"description\":\"POLITICA DI RIMBORSO Offriamo beni irrevocabili non tangibili. In qualit\\u00e0 di cliente, sei responsabile di capirlo al momento dell\\u2019acquisto di qualsiasi prodotto\\\/servizio sul nostro sito. Tuttavia, rimborseremo l\\u2019intero importo in caso di insoddisfazione per i nostri prodotti. CONTATTA L\\u2019ASSISTENZA CLIENTI Il 99% dei problemi pu\\u00f2 essere risolto con una semplice e-mail. Ti chiediamo di contattarci\",\"inLanguage\":\"it-IT\",\"isPartOf\":{\"@id\":\"https:\\\/\\\/socialkings.online\\\/it\\\/#website\"},\"breadcrumb\":{\"@id\":\"https:\\\/\\\/socialkings.online\\\/it\\\/politica-di-rimborso\\\/#breadcrumblist\"},\"datePublished\":\"2022-03-30T16:28:43+00:00\",\"dateModified\":\"2023-05-31T05:40:34+00:00\"},{\"@type\":\"WebSite\",\"@id\":\"https:\\\/\\\/socialkings.online\\\/it\\\/#website\",\"url\":\"https:\\\/\\\/socialkings.online\\\/it\\\/\",\"name\":\"Social Kings Grow your following\",\"description\":\"Boost your Social Network\",\"inLanguage\":\"it-IT\",\"publisher\":{\"@id\":\"https:\\\/\\\/socialkings.online\\\/it\\\/#organization\"}}]}\n\t\t<\/script>\n\t\t<!-- All in One SEO Pro -->\r\n\t\t<title>Politica di rimborso \u2192 Social Kings Grow your following<\/title>\n\n","aioseo_head_json":{"title":"Politica di rimborso \u2192 Social Kings Grow your following","description":"POLITICA DI RIMBORSO Offriamo beni irrevocabili non tangibili. In qualit\u00e0 di cliente, sei responsabile di capirlo al momento dell\u2019acquisto di qualsiasi prodotto\/servizio sul nostro sito. Tuttavia, rimborseremo l\u2019intero importo in caso di insoddisfazione per i nostri prodotti. CONTATTA L\u2019ASSISTENZA CLIENTI Il 99% dei problemi pu\u00f2 essere risolto con una semplice e-mail. Ti chiediamo di contattarci","canonical_url":"https:\/\/socialkings.online\/it\/politica-di-rimborso\/","robots":"max-image-preview:large","keywords":"","webmasterTools":{"miscellaneous":""},"schema":{"@context":"https:\/\/schema.org","@graph":[{"@type":"BreadcrumbList","@id":"https:\/\/socialkings.online\/it\/politica-di-rimborso\/#breadcrumblist","itemListElement":[{"@type":"ListItem","@id":"https:\/\/socialkings.online\/it\/#listItem","position":1,"name":"Home","item":"https:\/\/socialkings.online\/it\/","nextItem":{"@type":"ListItem","@id":"https:\/\/socialkings.online\/it\/politica-di-rimborso\/#listItem","name":"Politica di rimborso"}},{"@type":"ListItem","@id":"https:\/\/socialkings.online\/it\/politica-di-rimborso\/#listItem","position":2,"name":"Politica di rimborso","previousItem":{"@type":"ListItem","@id":"https:\/\/socialkings.online\/it\/#listItem","name":"Home"}}]},{"@type":"Organization","@id":"https:\/\/socialkings.online\/it\/#organization","name":"Social Kings Grow your following","description":"Boost your Social Network","url":"https:\/\/socialkings.online\/it\/","telephone":"+31642021479","logo":{"@type":"ImageObject","url":"https:\/\/socialkings.online\/wp-content\/uploads\/2023\/05\/logo-new-purple.png","@id":"https:\/\/socialkings.online\/it\/politica-di-rimborso\/#organizationLogo","width":550,"height":150},"image":{"@id":"https:\/\/socialkings.online\/it\/politica-di-rimborso\/#organizationLogo"}},{"@type":"WebPage","@id":"https:\/\/socialkings.online\/it\/politica-di-rimborso\/#webpage","url":"https:\/\/socialkings.online\/it\/politica-di-rimborso\/","name":"Politica di rimborso \u2192 Social Kings Grow your following","description":"POLITICA DI RIMBORSO Offriamo beni irrevocabili non tangibili. In qualit\u00e0 di cliente, sei responsabile di capirlo al momento dell\u2019acquisto di qualsiasi prodotto\/servizio sul nostro sito. Tuttavia, rimborseremo l\u2019intero importo in caso di insoddisfazione per i nostri prodotti. CONTATTA L\u2019ASSISTENZA CLIENTI Il 99% dei problemi pu\u00f2 essere risolto con una semplice e-mail. Ti chiediamo di contattarci","inLanguage":"it-IT","isPartOf":{"@id":"https:\/\/socialkings.online\/it\/#website"},"breadcrumb":{"@id":"https:\/\/socialkings.online\/it\/politica-di-rimborso\/#breadcrumblist"},"datePublished":"2022-03-30T16:28:43+00:00","dateModified":"2023-05-31T05:40:34+00:00"},{"@type":"WebSite","@id":"https:\/\/socialkings.online\/it\/#website","url":"https:\/\/socialkings.online\/it\/","name":"Social Kings Grow your following","description":"Boost your Social Network","inLanguage":"it-IT","publisher":{"@id":"https:\/\/socialkings.online\/it\/#organization"}}]},"og:locale":"it_IT","og:site_name":"Social Kings Grow your following \u2192 Boost your Social Network","og:type":"article","og:title":"Politica di rimborso \u2192 Social Kings Grow your following","og:description":"POLITICA DI RIMBORSO Offriamo beni irrevocabili non tangibili. In qualit\u00e0 di cliente, sei responsabile di capirlo al momento dell\u2019acquisto di qualsiasi prodotto\/servizio sul nostro sito. Tuttavia, rimborseremo l\u2019intero importo in caso di insoddisfazione per i nostri prodotti. CONTATTA L\u2019ASSISTENZA CLIENTI Il 99% dei problemi pu\u00f2 essere risolto con una semplice e-mail. Ti chiediamo di contattarci","og:url":"https:\/\/socialkings.online\/it\/politica-di-rimborso\/","article:published_time":"2022-03-30T16:28:43+00:00","article:modified_time":"2023-05-31T05:40:34+00:00","twitter:card":"summary","twitter:title":"Politica di rimborso \u2192 Social Kings Grow your following","twitter:description":"POLITICA DI RIMBORSO Offriamo beni irrevocabili non tangibili. In qualit\u00e0 di cliente, sei responsabile di capirlo al momento dell\u2019acquisto di qualsiasi prodotto\/servizio sul nostro sito. Tuttavia, rimborseremo l\u2019intero importo in caso di insoddisfazione per i nostri prodotti. CONTATTA L\u2019ASSISTENZA CLIENTI Il 99% dei problemi pu\u00f2 essere risolto con una semplice e-mail. Ti chiediamo di contattarci"},"aioseo_meta_data":{"post_id":"43345","title":null,"description":null,"keywords":null,"keyphrases":null,"primary_term":null,"canonical_url":null,"og_title":null,"og_description":null,"og_object_type":"default","og_image_type":"default","og_image_url":null,"og_image_width":null,"og_image_height":null,"og_image_custom_url":null,"og_image_custom_fields":null,"og_video":null,"og_custom_url":null,"og_article_section":null,"og_article_tags":null,"twitter_use_og":false,"twitter_card":"default","twitter_image_type":"default","twitter_image_url":null,"twitter_image_custom_url":null,"twitter_image_custom_fields":null,"twitter_title":null,"twitter_description":null,"schema":{"blockGraphs":[],"customGraphs":[],"default":{"data":{"Article":[],"Course":[],"Dataset":[],"FAQPage":[],"Movie":[],"Person":[],"Product":[],"ProductReview":[],"Car":[],"Recipe":[],"Service":[],"SoftwareApplication":[],"WebPage":[]},"graphName":"","isEnabled":true},"graphs":[]},"schema_type":"default","schema_type_options":null,"pillar_content":false,"robots_default":true,"robots_noindex":false,"robots_noarchive":false,"robots_nosnippet":false,"robots_nofollow":false,"robots_noimageindex":false,"robots_noodp":false,"robots_notranslate":false,"robots_max_snippet":null,"robots_max_videopreview":null,"robots_max_imagepreview":"large","priority":null,"frequency":null,"local_seo":null,"seo_analyzer_scan_date":"2025-08-14 23:48:53","breadcrumb_settings":null,"limit_modified_date":false,"open_ai":null,"ai":null,"created":"2023-06-23 16:35:53","updated":"2025-09-30 18:07:24"},"aioseo_breadcrumb":"<div class=\"aioseo-breadcrumbs\"><span class=\"aioseo-breadcrumb\">\n\t<a href=\"https:\/\/socialkings.online\/it\/\" title=\"Home\">Home<\/a>\n<\/span><span class=\"aioseo-breadcrumb-separator\">&raquo;<\/span><span class=\"aioseo-breadcrumb\">\n\tPolitica di rimborso\n<\/span><\/div>","aioseo_breadcrumb_json":[{"label":"Home","link":"https:\/\/socialkings.online\/it\/"},{"label":"Politica di rimborso","link":"https:\/\/socialkings.online\/it\/politica-di-rimborso\/"}],"_links":{"self":[{"href":"https:\/\/socialkings.online\/it\/wp-json\/wp\/v2\/pages\/43345","targetHints":{"allow":["GET"]}}],"collection":[{"href":"https:\/\/socialkings.online\/it\/wp-json\/wp\/v2\/pages"}],"about":[{"href":"https:\/\/socialkings.online\/it\/wp-json\/wp\/v2\/types\/page"}],"author":[{"embeddable":true,"href":"https:\/\/socialkings.online\/it\/wp-json\/wp\/v2\/users\/1"}],"replies":[{"embeddable":true,"href":"https:\/\/socialkings.online\/it\/wp-json\/wp\/v2\/comments?post=43345"}],"version-history":[{"count":0,"href":"https:\/\/socialkings.online\/it\/wp-json\/wp\/v2\/pages\/43345\/revisions"}],"wp:attachment":[{"href":"https:\/\/socialkings.online\/it\/wp-json\/wp\/v2\/media?parent=43345"}],"curies":[{"name":"wp","href":"https:\/\/api.w.org\/{rel}","templated":true}]}}