{"id":43367,"date":"2022-03-30T19:32:57","date_gmt":"2022-03-30T19:32:57","guid":{"rendered":"https:\/\/socialkings.online\/?page_id=43367"},"modified":"2023-05-31T05:03:08","modified_gmt":"2023-05-31T05:03:08","slug":"politika-privatnosti","status":"publish","type":"page","link":"https:\/\/socialkings.online\/hr\/politika-privatnosti\/","title":{"rendered":"Politika privatnosti"},"content":{"rendered":"\n<p><strong> Politika privatnosti <\/strong><\/p>\n\n<p>Nure je odgovorna za obradu osobnih podataka kako je prikazano u ovoj izjavi o privatnosti. Kontaktirajte slu\u017ebenika za za\u0161titu podataka:<\/p>\n\n<p>Nure \u00a9<\/p>\n\n<p>Smidslaantje 51<\/p>\n\n<p>8426DC Appelscha<\/p>\n\n<p>KvK-nr: 64464105<\/p>\n\n<p>VAT-nr: NL002250971B75<\/p>\n\n<p>+316 4202 1479<\/p>\n\n<p>support@socialkings.online<\/p>\n\n<p><\/p>\n\n<p><strong>Osobni podaci koje obra\u0111ujemo<\/strong>&#13;\nTurbogrm doo obra\u0111uje Va\u0161e osobne podatke jer koristite na\u0161e usluge i\/ili zato \u0161to nam ih sami dajete.&#13;\nU nastavku \u0107ete prona\u0107i pregled osobnih podataka koje obra\u0111ujemo:<\/p>\n\n<ul class=\"wp-block-list\"><li><strong>Korisni\u010dko ime<\/strong>\u00a0&#8211; Ovo nam je potrebno za isporuku i provjeru narud\u017ebe.<\/li><li><strong>Po\u010detni broj lajkova ili pratitelja<\/strong>\u00a0&#8211; To nam omogu\u0107uje da provjerimo jesu li narud\u017ebe (u potpunosti) isporu\u010dene.<\/li><li><strong>IP adresa<\/strong>\u00a0&#8211; koristi se za sprje\u010davanje zlouporabe ili prijevare<\/li><li>Adresa e-po\u0161te &#8211; koristimo je kako bismo vas obavijestili o va\u0161oj narud\u017ebi<\/li><\/ul>\n\n<p><strong>Posebni i\/ili osjetljivi osobni podaci koje obra\u0111ujemo<\/strong>&#13;\nNa\u0161a web stranica i\/ili usluga ne namjeravaju prikupljati podatke o posjetiteljima web stranica mla\u0111im od 16 godina. Osim ako imaju dopu\u0161tenje roditelja ili staratelja. Me\u0111utim, ne mo\u017eemo provjeriti je li posjetitelj stariji od 16 godina. Stoga savjetujemo roditeljima da se uklju\u010de u online aktivnosti svoje djece, kako bi sprije\u010dili prikupljanje podataka o djeci bez pristanka roditelja. Ako ste uvjereni da smo prikupili osobne podatke o maloljetniku bez tog dopu\u0161tenja, kontaktirajte nas na support@socialkings.online i mi \u0107emo te podatke izbrisati.<\/p>\n\n<p><strong>U koju svrhu i na temelju \u010dega obra\u0111ujemo osobne podatke<\/strong>&#13;\nTurbogrm doo obra\u0111uje Va\u0161e osobne podatke u sljede\u0107e svrhe:&#13;\n&#8211; Da vam isporu\u010dimo robu i usluge<\/p>\n\n<p><strong>Koliko dugo \u010duvamo osobne podatke<\/strong>&#13;\nNure\u00a9 ne pohranjuje va\u0161e osobne podatke dulje nego \u0161to je to strogo potrebno za ostvarenje svrhe za koju se va\u0161i podaci prikupljaju. Koristimo sljede\u0107a razdoblja \u010duvanja za sljede\u0107e (kategorije) osobnih podataka: (Kategorija) osobni podaci &gt; Razdoblje zadr\u017eavanja &gt; Razlog Osobni podaci &gt; Razdoblje zadr\u017eavanja &gt; Razlog Adresa &gt; Razdoblje zadr\u017eavanja &gt; Razlog I tako dalje &gt; Razdoblje zadr\u017eavanja &gt; Rode<\/p>\n\n<p><strong>Dijeljenje osobnih podataka s tre\u0107im stranama<\/strong>&#13;\nNure\u00a9 pru\u017ea usluge isklju\u010divo tre\u0107im stranama i to samo ako je to potrebno za izvr\u0161enje na\u0161eg ugovora s vama ili za ispunjavanje zakonske obveze.<\/p>\n\n<p><strong>Prikaz, izmjena ili brisanje podataka<\/strong>&#13;\nImate pravo pregledavati, ispravljati ili brisati svoje osobne podatke. Osim toga, imate pravo povu\u0107i svoju suglasnost za obradu podataka ili prigovoriti na obradu va\u0161ih osobnih podataka od strane Nure\u00a9 i imate pravo na prenosivost podataka. To zna\u010di da nam mo\u017eete podnijeti zahtjev za slanje osobnih podataka koje imamo o vama u ra\u010dunalnoj datoteci vama ili drugoj organizaciji koju ste spomenuli. Zahtjev za pristup, ispravak, brisanje, prijenos podataka va\u0161ih osobnih podataka ili zahtjev za povla\u010denje privole ili prigovora na obradu va\u0161ih osobnih podataka mo\u017eete poslati na support@socialkings.online. Kako bismo bili sigurni da ste vi podnijeli zahtjev za pristup, molimo vas da uz zahtjev po\u0161aljete kopiju va\u0161eg dokaza identiteta. U ovoj kopiji u\u010dinite crnom fotografiju svoje putovnice, MRZ (strojno \u010ditljiva zona, traka s brojevima na dnu putovnice), broj putovnice i broj slu\u017ebenog gra\u0111anina (BSN). Ovo je radi za\u0161tite va\u0161e privatnosti. Odgovorit \u0107emo na va\u0161 zahtjev u najkra\u0107em mogu\u0107em roku, ali u roku od \u010detiri tjedna. Nure\u00a9 tako\u0111er \u017eeli istaknuti da imate mogu\u0107nost podno\u0161enja pritu\u017ebe nacionalnom nadzornom tijelu, Nizozemskom tijelu za za\u0161titu podataka. To mo\u017eete u\u010diniti putem sljede\u0107e veze: https:\/\/autoriteitpersoonsgegevens.nl\/nl\/contact-met-de-autoriteit-persoonsgegevens\/tip-ons<\/p>\n\n<p><strong>Kako \u0161titimo osobne podatke<\/strong>&#13;\nTurbogrm doo ozbiljno shva\u0107a za\u0161titu va\u0161ih podataka i poduzima odgovaraju\u0107e mjere za sprje\u010davanje zlouporabe, gubitka, neovla\u0161tenog pristupa, ne\u017eeljenog otkrivanja i neovla\u0161tene izmjene. Ako smatrate da va\u0161i podaci nisu ispravno za\u0161ti\u0107eni ili postoje naznake zlouporabe, obratite se na\u0161oj korisni\u010dkoj slu\u017ebi ili putem support@socialkings.online<\/p>\n\n<p><strong>Kola\u010di\u0107i<\/strong>&#13;\nNa ovoj web stranici koristi se samo Analytics kola\u010di\u0107.<\/p>\n\n<p><strong>Zakon o privatnosti i analitika<\/strong>&#13;\nKao \u0161to je dolje opisano u slu\u017ebenoj izjavi koju korisnici Google Analyticsa moraju postaviti na svoje web mjesto, ova web stranica koristi Google Analytics. Ovaj program pru\u017ea va\u017ene statistike o broju posjetitelja, posje\u0107enim stranicama, izvorima prometa i drugim bitnim informacijama s kojima mo\u017eemo kontinuirano pobolj\u0161avati ovu web stranicu za korisnike. Ove statistike su anonimne i ne mogu se pratiti do odre\u0111ene osobe ili korisnika. Ne koristi se &#8216;bihevioralno ciljanje&#8217; koje vam pokazuje poseban sadr\u017eaj na temelju va\u0161eg pona\u0161anja klikova; Va\u0161e pona\u0161anje surfanja ostaje potpuno anonimno. Podaci iz obrazaca za kontakt nikada se ne obra\u0111uju niti pohranjuju u Analyticsu.<\/p>\n\n<p>Google Analytics koristi kola\u010di\u0107, malu datoteku koja je pohranjena na va\u0161em ra\u010dunalu. Postavili smo Google Analytics u skladu sa zakonima o privatnosti, tako da nije potrebno prethodno dopu\u0161tenje korisnika.<\/p>\n\n<p><strong>IP adrese su maskirane i podaci se ne dijele<\/strong>&#13;\nKola\u010di\u0107 Google Analytics je &#8220;kola\u010di\u0107 prve strane&#8221;, \u0161to zna\u010di da je kola\u010di\u0107 slu\u017ebeno u vlasni\u0161tvu Hayone, a ne Googlea. Ovaj kola\u010di\u0107 se ne koristi u reklamne ili druge komercijalne svrhe. Hayona ima ugovor o procesoru s Googleom. Osim toga, Google Analytics je postavljen na na\u010din da IP adrese budu anonimne, tako da se podaci nikada ne mogu pratiti do vas ili va\u0161e IP adrese. Nadalje, ne dijele se nikakve informacije s Googleom ili drugim stranama s Hayoninog Analytics ra\u010duna. To \u010dini Hayonin Analytics kola\u010di\u0107 prvim kola\u010di\u0107em koji nije osjetljiv na privatnost i koji je neophodan da jam\u010di kvalitetu i sigurnost hayona.nl. Analytics kola\u010di\u0107 ostaje va\u017ee\u0107i 6 mjeseci.<\/p>\n\n<p><strong>Isklju\u010dite se<\/strong>&#13;\nAko \u017eelite potpuno blokirati Analytics skriptu, mo\u017eete preuzeti dodatak za isklju\u010divanje za Google Analytics ovdje: https:\/\/tools.google.com\/dlpage\/gaoptout. Uz ovaj dodatak, va\u0161 posjet se vi\u0161e ne ra\u010duna u statistici svih web stranica koje koriste Google Analytics.<\/p>\n\n<p><strong>Google Analytics \u2013 Googleova izjava<\/strong>&#13;\nOva web stranica koristi Google Analytics, uslugu web analitike koju pru\u017ea Google Inc. (\u201cGoogle\u201d). Google Analytics koristi &#8220;kola\u010di\u0107e&#8221; (tekstualne datoteke koje se postavljaju na va\u0161e ra\u010dunalo) kako bi pomogla web stranici analizirati kako posjetitelji koriste stranicu. Anonimne informacije koje generira kola\u010di\u0107 o va\u0161em kori\u0161tenju web-mjesta Google \u0107e prenijeti i pohraniti na poslu\u017eiteljima u Sjedinjenim Dr\u017eavama. Google koristi ove informacije za pra\u0107enje na\u010dina na koji se ova web stranica koristi, za sastavljanje izvje\u0161\u0107a o aktivnostima web stranice za vlasnika ove web stranice (Hayona BV) i za pru\u017eanje drugih usluga povezanih s aktivnostima web stranice i kori\u0161tenjem interneta. Google mo\u017ee dati ove podatke tre\u0107im stranama samo ako je Google to zakonski obvezan ili ukoliko te tre\u0107e strane obra\u0111uju podatke u ime Googlea. Google ne\u0107e kombinirati va\u0161u IP adresu s drugim podacima koje dr\u017ei Google. Mo\u017eete odbiti kori\u0161tenje kola\u010di\u0107a odabirom odgovaraju\u0107ih postavki na va\u0161em pregledniku. Me\u0111utim, \u017eelimo istaknuti da u tom slu\u010daju mo\u017eda ne\u0107ete mo\u0107i koristiti sve zna\u010dajke ove web stranice. Kori\u0161tenjem ove web stranice pristajete na obradu podataka od strane Googlea na na\u010din i za gore opisane svrhe.<\/p>\n\n<p><strong>Pla\u0107anja<\/strong><\/p>\n\n<p>Pla\u0107anja obra\u0111uje Stripe.<\/p>\n","protected":false},"excerpt":{"rendered":"<p>&#8230;<\/p>\n","protected":false},"author":1,"featured_media":0,"parent":0,"menu_order":0,"comment_status":"closed","ping_status":"open","template":"","meta":{"footnotes":""},"class_list":["post-43367","page","type-page","status-publish","hentry"],"aioseo_notices":[],"aioseo_head":"\n\t\t<!-- All in One SEO Pro 4.9.5.2 - aioseo.com -->\n\t<meta name=\"description\" content=\"Politika privatnosti Nure je odgovorna za obradu osobnih podataka kako je prikazano u ovoj izjavi o privatnosti. Kontaktirajte slu\u017ebenika za za\u0161titu podataka: Nure \u00a9 Smidslaantje 51 8426DC Appelscha KvK-nr: 64464105 VAT-nr: NL002250971B75 +316 4202 1479 support@socialkings.online Osobni podaci koje obra\u0111ujemo Turbogrm doo obra\u0111uje Va\u0161e osobne podatke jer koristite na\u0161e usluge i\/ili zato \u0161to nam ih\" \/>\n\t<meta name=\"robots\" content=\"max-image-preview:large\" \/>\n\t<link rel=\"canonical\" href=\"https:\/\/socialkings.online\/hr\/politika-privatnosti\/\" \/>\n\t<meta name=\"generator\" content=\"All in One SEO Pro (AIOSEO) 4.9.5.2\" \/>\n\t\t<meta property=\"og:locale\" content=\"hr_HR\" \/>\n\t\t<meta property=\"og:site_name\" content=\"Social Kings Grow your following \u2192 Boost your Social Network\" \/>\n\t\t<meta property=\"og:type\" content=\"article\" \/>\n\t\t<meta property=\"og:title\" content=\"Politika privatnosti \u2192 Social Kings Grow your following\" \/>\n\t\t<meta property=\"og:description\" content=\"Politika privatnosti Nure je odgovorna za obradu osobnih podataka kako je prikazano u ovoj izjavi o privatnosti. Kontaktirajte slu\u017ebenika za za\u0161titu podataka: Nure \u00a9 Smidslaantje 51 8426DC Appelscha KvK-nr: 64464105 VAT-nr: NL002250971B75 +316 4202 1479 support@socialkings.online Osobni podaci koje obra\u0111ujemo Turbogrm doo obra\u0111uje Va\u0161e osobne podatke jer koristite na\u0161e usluge i\/ili zato \u0161to nam ih\" \/>\n\t\t<meta property=\"og:url\" content=\"https:\/\/socialkings.online\/hr\/politika-privatnosti\/\" \/>\n\t\t<meta property=\"article:published_time\" content=\"2022-03-30T19:32:57+00:00\" \/>\n\t\t<meta property=\"article:modified_time\" content=\"2023-05-31T05:03:08+00:00\" \/>\n\t\t<meta name=\"twitter:card\" content=\"summary\" \/>\n\t\t<meta name=\"twitter:title\" content=\"Politika privatnosti \u2192 Social Kings Grow your following\" \/>\n\t\t<meta name=\"twitter:description\" content=\"Politika privatnosti Nure je odgovorna za obradu osobnih podataka kako je prikazano u ovoj izjavi o privatnosti. Kontaktirajte slu\u017ebenika za za\u0161titu podataka: Nure \u00a9 Smidslaantje 51 8426DC Appelscha KvK-nr: 64464105 VAT-nr: NL002250971B75 +316 4202 1479 support@socialkings.online Osobni podaci koje obra\u0111ujemo Turbogrm doo obra\u0111uje Va\u0161e osobne podatke jer koristite na\u0161e usluge i\/ili zato \u0161to nam ih\" \/>\n\t\t<script type=\"application\/ld+json\" class=\"aioseo-schema\">\n\t\t\t{\"@context\":\"https:\\\/\\\/schema.org\",\"@graph\":[{\"@type\":\"BreadcrumbList\",\"@id\":\"https:\\\/\\\/socialkings.online\\\/hr\\\/politika-privatnosti\\\/#breadcrumblist\",\"itemListElement\":[{\"@type\":\"ListItem\",\"@id\":\"https:\\\/\\\/socialkings.online\\\/hr\\\/#listItem\",\"position\":1,\"name\":\"Home\",\"item\":\"https:\\\/\\\/socialkings.online\\\/hr\\\/\",\"nextItem\":{\"@type\":\"ListItem\",\"@id\":\"https:\\\/\\\/socialkings.online\\\/hr\\\/politika-privatnosti\\\/#listItem\",\"name\":\"Politika privatnosti\"}},{\"@type\":\"ListItem\",\"@id\":\"https:\\\/\\\/socialkings.online\\\/hr\\\/politika-privatnosti\\\/#listItem\",\"position\":2,\"name\":\"Politika privatnosti\",\"previousItem\":{\"@type\":\"ListItem\",\"@id\":\"https:\\\/\\\/socialkings.online\\\/hr\\\/#listItem\",\"name\":\"Home\"}}]},{\"@type\":\"Organization\",\"@id\":\"https:\\\/\\\/socialkings.online\\\/hr\\\/#organization\",\"name\":\"Social Kings Grow your following\",\"description\":\"Boost your Social Network\",\"url\":\"https:\\\/\\\/socialkings.online\\\/hr\\\/\",\"telephone\":\"+31642021479\",\"logo\":{\"@type\":\"ImageObject\",\"url\":\"https:\\\/\\\/socialkings.online\\\/wp-content\\\/uploads\\\/2023\\\/05\\\/logo-new-purple.png\",\"@id\":\"https:\\\/\\\/socialkings.online\\\/hr\\\/politika-privatnosti\\\/#organizationLogo\",\"width\":550,\"height\":150},\"image\":{\"@id\":\"https:\\\/\\\/socialkings.online\\\/hr\\\/politika-privatnosti\\\/#organizationLogo\"}},{\"@type\":\"WebPage\",\"@id\":\"https:\\\/\\\/socialkings.online\\\/hr\\\/politika-privatnosti\\\/#webpage\",\"url\":\"https:\\\/\\\/socialkings.online\\\/hr\\\/politika-privatnosti\\\/\",\"name\":\"Politika privatnosti \\u2192 Social Kings Grow your following\",\"description\":\"Politika privatnosti Nure je odgovorna za obradu osobnih podataka kako je prikazano u ovoj izjavi o privatnosti. Kontaktirajte slu\\u017ebenika za za\\u0161titu podataka: Nure \\u00a9 Smidslaantje 51 8426DC Appelscha KvK-nr: 64464105 VAT-nr: NL002250971B75 +316 4202 1479 support@socialkings.online Osobni podaci koje obra\\u0111ujemo Turbogrm doo obra\\u0111uje Va\\u0161e osobne podatke jer koristite na\\u0161e usluge i\\\/ili zato \\u0161to nam ih\",\"inLanguage\":\"hr\",\"isPartOf\":{\"@id\":\"https:\\\/\\\/socialkings.online\\\/hr\\\/#website\"},\"breadcrumb\":{\"@id\":\"https:\\\/\\\/socialkings.online\\\/hr\\\/politika-privatnosti\\\/#breadcrumblist\"},\"datePublished\":\"2022-03-30T19:32:57+00:00\",\"dateModified\":\"2023-05-31T05:03:08+00:00\"},{\"@type\":\"WebSite\",\"@id\":\"https:\\\/\\\/socialkings.online\\\/hr\\\/#website\",\"url\":\"https:\\\/\\\/socialkings.online\\\/hr\\\/\",\"name\":\"Social Kings Grow your following\",\"description\":\"Boost your Social Network\",\"inLanguage\":\"hr\",\"publisher\":{\"@id\":\"https:\\\/\\\/socialkings.online\\\/hr\\\/#organization\"}}]}\n\t\t<\/script>\n\t\t<!-- All in One SEO Pro -->\r\n\t\t<title>Politika privatnosti \u2192 Social Kings Grow your following<\/title>\n\n","aioseo_head_json":{"title":"Politika privatnosti \u2192 Social Kings Grow your following","description":"Politika privatnosti Nure je odgovorna za obradu osobnih podataka kako je prikazano u ovoj izjavi o privatnosti. Kontaktirajte slu\u017ebenika za za\u0161titu podataka: Nure \u00a9 Smidslaantje 51 8426DC Appelscha KvK-nr: 64464105 VAT-nr: NL002250971B75 +316 4202 1479 support@socialkings.online Osobni podaci koje obra\u0111ujemo Turbogrm doo obra\u0111uje Va\u0161e osobne podatke jer koristite na\u0161e usluge i\/ili zato \u0161to nam ih","canonical_url":"https:\/\/socialkings.online\/hr\/politika-privatnosti\/","robots":"max-image-preview:large","keywords":"","webmasterTools":{"miscellaneous":""},"schema":{"@context":"https:\/\/schema.org","@graph":[{"@type":"BreadcrumbList","@id":"https:\/\/socialkings.online\/hr\/politika-privatnosti\/#breadcrumblist","itemListElement":[{"@type":"ListItem","@id":"https:\/\/socialkings.online\/hr\/#listItem","position":1,"name":"Home","item":"https:\/\/socialkings.online\/hr\/","nextItem":{"@type":"ListItem","@id":"https:\/\/socialkings.online\/hr\/politika-privatnosti\/#listItem","name":"Politika privatnosti"}},{"@type":"ListItem","@id":"https:\/\/socialkings.online\/hr\/politika-privatnosti\/#listItem","position":2,"name":"Politika privatnosti","previousItem":{"@type":"ListItem","@id":"https:\/\/socialkings.online\/hr\/#listItem","name":"Home"}}]},{"@type":"Organization","@id":"https:\/\/socialkings.online\/hr\/#organization","name":"Social Kings Grow your following","description":"Boost your Social Network","url":"https:\/\/socialkings.online\/hr\/","telephone":"+31642021479","logo":{"@type":"ImageObject","url":"https:\/\/socialkings.online\/wp-content\/uploads\/2023\/05\/logo-new-purple.png","@id":"https:\/\/socialkings.online\/hr\/politika-privatnosti\/#organizationLogo","width":550,"height":150},"image":{"@id":"https:\/\/socialkings.online\/hr\/politika-privatnosti\/#organizationLogo"}},{"@type":"WebPage","@id":"https:\/\/socialkings.online\/hr\/politika-privatnosti\/#webpage","url":"https:\/\/socialkings.online\/hr\/politika-privatnosti\/","name":"Politika privatnosti \u2192 Social Kings Grow your following","description":"Politika privatnosti Nure je odgovorna za obradu osobnih podataka kako je prikazano u ovoj izjavi o privatnosti. Kontaktirajte slu\u017ebenika za za\u0161titu podataka: Nure \u00a9 Smidslaantje 51 8426DC Appelscha KvK-nr: 64464105 VAT-nr: NL002250971B75 +316 4202 1479 support@socialkings.online Osobni podaci koje obra\u0111ujemo Turbogrm doo obra\u0111uje Va\u0161e osobne podatke jer koristite na\u0161e usluge i\/ili zato \u0161to nam ih","inLanguage":"hr","isPartOf":{"@id":"https:\/\/socialkings.online\/hr\/#website"},"breadcrumb":{"@id":"https:\/\/socialkings.online\/hr\/politika-privatnosti\/#breadcrumblist"},"datePublished":"2022-03-30T19:32:57+00:00","dateModified":"2023-05-31T05:03:08+00:00"},{"@type":"WebSite","@id":"https:\/\/socialkings.online\/hr\/#website","url":"https:\/\/socialkings.online\/hr\/","name":"Social Kings Grow your following","description":"Boost your Social Network","inLanguage":"hr","publisher":{"@id":"https:\/\/socialkings.online\/hr\/#organization"}}]},"og:locale":"hr_HR","og:site_name":"Social Kings Grow your following \u2192 Boost your Social Network","og:type":"article","og:title":"Politika privatnosti \u2192 Social Kings Grow your following","og:description":"Politika privatnosti Nure je odgovorna za obradu osobnih podataka kako je prikazano u ovoj izjavi o privatnosti. Kontaktirajte slu\u017ebenika za za\u0161titu podataka: Nure \u00a9 Smidslaantje 51 8426DC Appelscha KvK-nr: 64464105 VAT-nr: NL002250971B75 +316 4202 1479 support@socialkings.online Osobni podaci koje obra\u0111ujemo Turbogrm doo obra\u0111uje Va\u0161e osobne podatke jer koristite na\u0161e usluge i\/ili zato \u0161to nam ih","og:url":"https:\/\/socialkings.online\/hr\/politika-privatnosti\/","article:published_time":"2022-03-30T19:32:57+00:00","article:modified_time":"2023-05-31T05:03:08+00:00","twitter:card":"summary","twitter:title":"Politika privatnosti \u2192 Social Kings Grow your following","twitter:description":"Politika privatnosti Nure je odgovorna za obradu osobnih podataka kako je prikazano u ovoj izjavi o privatnosti. Kontaktirajte slu\u017ebenika za za\u0161titu podataka: Nure \u00a9 Smidslaantje 51 8426DC Appelscha KvK-nr: 64464105 VAT-nr: NL002250971B75 +316 4202 1479 support@socialkings.online Osobni podaci koje obra\u0111ujemo Turbogrm doo obra\u0111uje Va\u0161e osobne podatke jer koristite na\u0161e usluge i\/ili zato \u0161to nam ih"},"aioseo_meta_data":{"post_id":"43367","title":null,"description":null,"keywords":null,"keyphrases":null,"primary_term":null,"canonical_url":null,"og_title":null,"og_description":null,"og_object_type":"default","og_image_type":"default","og_image_url":null,"og_image_width":null,"og_image_height":null,"og_image_custom_url":null,"og_image_custom_fields":null,"og_video":null,"og_custom_url":null,"og_article_section":null,"og_article_tags":null,"twitter_use_og":false,"twitter_card":"default","twitter_image_type":"default","twitter_image_url":null,"twitter_image_custom_url":null,"twitter_image_custom_fields":null,"twitter_title":null,"twitter_description":null,"schema":{"blockGraphs":[],"customGraphs":[],"default":{"data":{"Article":[],"Course":[],"Dataset":[],"FAQPage":[],"Movie":[],"Person":[],"Product":[],"ProductReview":[],"Car":[],"Recipe":[],"Service":[],"SoftwareApplication":[],"WebPage":[]},"graphName":"","isEnabled":true},"graphs":[]},"schema_type":"default","schema_type_options":null,"pillar_content":false,"robots_default":true,"robots_noindex":false,"robots_noarchive":false,"robots_nosnippet":false,"robots_nofollow":false,"robots_noimageindex":false,"robots_noodp":false,"robots_notranslate":false,"robots_max_snippet":null,"robots_max_videopreview":null,"robots_max_imagepreview":"large","priority":null,"frequency":null,"local_seo":null,"seo_analyzer_scan_date":"2025-08-14 23:54:55","breadcrumb_settings":null,"limit_modified_date":false,"open_ai":null,"ai":null,"created":"2023-06-23 16:35:53","updated":"2025-08-14 23:54:55"},"aioseo_breadcrumb":"<div class=\"aioseo-breadcrumbs\"><span class=\"aioseo-breadcrumb\">\n\t<a href=\"https:\/\/socialkings.online\/hr\/\" title=\"Home\">Home<\/a>\n<\/span><span class=\"aioseo-breadcrumb-separator\">&raquo;<\/span><span class=\"aioseo-breadcrumb\">\n\tPolitika privatnosti\n<\/span><\/div>","aioseo_breadcrumb_json":[{"label":"Home","link":"https:\/\/socialkings.online\/hr\/"},{"label":"Politika privatnosti","link":"https:\/\/socialkings.online\/hr\/politika-privatnosti\/"}],"_links":{"self":[{"href":"https:\/\/socialkings.online\/hr\/wp-json\/wp\/v2\/pages\/43367","targetHints":{"allow":["GET"]}}],"collection":[{"href":"https:\/\/socialkings.online\/hr\/wp-json\/wp\/v2\/pages"}],"about":[{"href":"https:\/\/socialkings.online\/hr\/wp-json\/wp\/v2\/types\/page"}],"author":[{"embeddable":true,"href":"https:\/\/socialkings.online\/hr\/wp-json\/wp\/v2\/users\/1"}],"replies":[{"embeddable":true,"href":"https:\/\/socialkings.online\/hr\/wp-json\/wp\/v2\/comments?post=43367"}],"version-history":[{"count":0,"href":"https:\/\/socialkings.online\/hr\/wp-json\/wp\/v2\/pages\/43367\/revisions"}],"wp:attachment":[{"href":"https:\/\/socialkings.online\/hr\/wp-json\/wp\/v2\/media?parent=43367"}],"curies":[{"name":"wp","href":"https:\/\/api.w.org\/{rel}","templated":true}]}}