{"id":43337,"date":"2022-03-30T16:25:52","date_gmt":"2022-03-30T16:25:52","guid":{"rendered":"https:\/\/socialkings.online\/?page_id=43337"},"modified":"2023-05-31T05:03:19","modified_gmt":"2023-05-31T05:03:19","slug":"politika-povrata-novca","status":"publish","type":"page","link":"https:\/\/socialkings.online\/hr\/politika-povrata-novca\/","title":{"rendered":"Politika povrata novca"},"content":{"rendered":"\t\t<div data-elementor-type=\"wp-page\" data-elementor-id=\"43337\" class=\"elementor elementor-43337 elementor-1017\" data-elementor-post-type=\"page\">\n\t\t\t\t\t\t<section class=\"elementor-section elementor-top-section elementor-element elementor-element-ce00497 elementor-section-boxed elementor-section-height-default elementor-section-height-default\" data-id=\"ce00497\" data-element_type=\"section\">\n\t\t\t\t\t\t<div class=\"elementor-container elementor-column-gap-default\">\n\t\t\t\t\t<div class=\"elementor-column elementor-col-100 elementor-top-column elementor-element elementor-element-ee5c092\" data-id=\"ee5c092\" data-element_type=\"column\">\n\t\t\t<div class=\"elementor-widget-wrap elementor-element-populated\">\n\t\t\t\t\t\t<div class=\"elementor-element elementor-element-9dcdd17 elementor-widget elementor-widget-text-editor\" data-id=\"9dcdd17\" data-element_type=\"widget\" data-widget_type=\"text-editor.default\">\n\t\t\t\t<div class=\"elementor-widget-container\">\n\t\t\t\t\t\t\t\t\t<strong>POLITIKA POVRATA NOVCA<\/strong>\r\n\r\nNudimo nematerijalnu neopozivu robu. Kao kupac, odgovorni ste za razumijevanje ovoga nakon kupnje bilo kojeg proizvoda\/usluge na na\u0161oj stranici. Me\u0111utim, vratit \u0107emo puni iznos ako ste nezadovoljni na\u0161im proizvodima.\r\n\r\n<strong> KONTAKTIRAJTE KORISNI\u010cKU PODR\u0160KU<\/strong>\r\n\r\n99% problema mo\u017ee se rije\u0161iti jednostavnom e-po\u0161tom. Molimo da nam se obratite e-po\u0161tom na support@socialkings.online0. Na\u0161 odjel za korisni\u010dku podr\u0161ku javit \u0107e vam se u roku od 24-48 (obi\u010dno manje od 24 sata) s pregledom va\u0161e zabrinutosti i rje\u0161enjem.\r\n\r\n<strong>ZAHTJEVI ZA POVRAT KOJI ISPUNJAVAJU UVJETE<\/strong>\r\n<ul>\r\n \t<li>Neisporuka proizvoda\/usluge: u nekim slu\u010dajevima procesi su sporiji i potrebno je malo dulje da se va\u0161a narud\u017eba zavr\u0161i. U tom slu\u010daju preporu\u010dujemo da nas kontaktirate za pomo\u0107. Zahtjevi za neisporuku moraju se podnijeti na\u0161em Odjelu za korisni\u010dku podr\u0161ku u pisanom obliku u roku od 7 dana od slanja narud\u017ebe.<\/li>\r\n \t<li>Proizvod nije kako je opisano: takve probleme treba prijaviti na\u0161em Odjelu za korisni\u010dku podr\u0161ku u roku od 7 dana od datuma kupnje. Mora se dostaviti jasan dokaz koji dokazuje da kupljeni proizvod\/usluga nije onakav kakav je opisan na web stranici. Ne uva\u017eavaju se \u017ealbe koje se temelje samo na la\u017enim o\u010dekivanjima ili \u017eeljama korisnika.<\/li>\r\n \t<li>Klijent \u017eeli otkazati ponovno pla\u0107anje proizvoda\/usluge i to je u roku od 7 dana od posljednje uplate. Ako se podnese zahtjev za povrat novca nakon 7 dana, korisnik ne ispunjava uvjete, a otkazivanje \u0107e biti dovr\u0161eno za sve budu\u0107e naplate. Kupac mo\u017ee nastaviti primati uslugu do kraja svog ciklusa naplate ili se odlu\u010diti za trenutni prekid proizvoda\/usluge.<\/li>\r\n<\/ul>\r\n<strong>PREDANI ZADOVOLJSTVO<\/strong>\r\n\r\nStojimo iza na\u0161ih proizvoda i ponosni smo \u0161to danas pru\u017eamo najkvalitetnije usluge anga\u017eiranja na dru\u0161tvenim mre\u017eama online. Ne mo\u017eemo uvijek ponuditi povrat novca, ali ako u roku od 7 dana niste zadovoljni svojom narud\u017ebom jednostavno kontaktirajte i mi \u0107emo prona\u0107i rje\u0161enje za va\u0161e brige.\t\t\t\t\t\t\t\t<\/div>\n\t\t\t\t<\/div>\n\t\t\t\t\t<\/div>\n\t\t<\/div>\n\t\t\t\t\t<\/div>\n\t\t<\/section>\n\t\t\t\t<\/div>\n\t\t","protected":false},"excerpt":{"rendered":"<p>&#8230;<\/p>\n","protected":false},"author":1,"featured_media":0,"parent":0,"menu_order":0,"comment_status":"closed","ping_status":"closed","template":"","meta":{"footnotes":""},"class_list":["post-43337","page","type-page","status-publish","hentry"],"aioseo_notices":[],"aioseo_head":"\n\t\t<!-- All in One SEO Pro 4.9.5.2 - aioseo.com -->\n\t<meta name=\"description\" content=\"POLITIKA POVRATA NOVCA Nudimo nematerijalnu neopozivu robu. Kao kupac, odgovorni ste za razumijevanje ovoga nakon kupnje bilo kojeg proizvoda\/usluge na na\u0161oj stranici. Me\u0111utim, vratit \u0107emo puni iznos ako ste nezadovoljni na\u0161im proizvodima. KONTAKTIRAJTE KORISNI\u010cKU PODR\u0160KU 99% problema mo\u017ee se rije\u0161iti jednostavnom e-po\u0161tom. Molimo da nam se obratite e-po\u0161tom na support@socialkings.online0. Na\u0161 odjel za korisni\u010dku podr\u0161ku\" \/>\n\t<meta name=\"robots\" content=\"max-image-preview:large\" \/>\n\t<link rel=\"canonical\" href=\"https:\/\/socialkings.online\/hr\/politika-povrata-novca\/\" \/>\n\t<meta name=\"generator\" content=\"All in One SEO Pro (AIOSEO) 4.9.5.2\" \/>\n\t\t<meta property=\"og:locale\" content=\"hr_HR\" \/>\n\t\t<meta property=\"og:site_name\" content=\"Social Kings Grow your following \u2192 Boost your Social Network\" \/>\n\t\t<meta property=\"og:type\" content=\"article\" \/>\n\t\t<meta property=\"og:title\" content=\"Politika povrata novca \u2192 Social Kings Grow your following\" \/>\n\t\t<meta property=\"og:description\" content=\"POLITIKA POVRATA NOVCA Nudimo nematerijalnu neopozivu robu. Kao kupac, odgovorni ste za razumijevanje ovoga nakon kupnje bilo kojeg proizvoda\/usluge na na\u0161oj stranici. Me\u0111utim, vratit \u0107emo puni iznos ako ste nezadovoljni na\u0161im proizvodima. KONTAKTIRAJTE KORISNI\u010cKU PODR\u0160KU 99% problema mo\u017ee se rije\u0161iti jednostavnom e-po\u0161tom. Molimo da nam se obratite e-po\u0161tom na support@socialkings.online0. Na\u0161 odjel za korisni\u010dku podr\u0161ku\" \/>\n\t\t<meta property=\"og:url\" content=\"https:\/\/socialkings.online\/hr\/politika-povrata-novca\/\" \/>\n\t\t<meta property=\"article:published_time\" content=\"2022-03-30T16:25:52+00:00\" \/>\n\t\t<meta property=\"article:modified_time\" content=\"2023-05-31T05:03:19+00:00\" \/>\n\t\t<meta name=\"twitter:card\" content=\"summary\" \/>\n\t\t<meta name=\"twitter:title\" content=\"Politika povrata novca \u2192 Social Kings Grow your following\" \/>\n\t\t<meta name=\"twitter:description\" content=\"POLITIKA POVRATA NOVCA Nudimo nematerijalnu neopozivu robu. Kao kupac, odgovorni ste za razumijevanje ovoga nakon kupnje bilo kojeg proizvoda\/usluge na na\u0161oj stranici. Me\u0111utim, vratit \u0107emo puni iznos ako ste nezadovoljni na\u0161im proizvodima. KONTAKTIRAJTE KORISNI\u010cKU PODR\u0160KU 99% problema mo\u017ee se rije\u0161iti jednostavnom e-po\u0161tom. Molimo da nam se obratite e-po\u0161tom na support@socialkings.online0. Na\u0161 odjel za korisni\u010dku podr\u0161ku\" \/>\n\t\t<script type=\"application\/ld+json\" class=\"aioseo-schema\">\n\t\t\t{\"@context\":\"https:\\\/\\\/schema.org\",\"@graph\":[{\"@type\":\"BreadcrumbList\",\"@id\":\"https:\\\/\\\/socialkings.online\\\/hr\\\/politika-povrata-novca\\\/#breadcrumblist\",\"itemListElement\":[{\"@type\":\"ListItem\",\"@id\":\"https:\\\/\\\/socialkings.online\\\/hr\\\/#listItem\",\"position\":1,\"name\":\"Home\",\"item\":\"https:\\\/\\\/socialkings.online\\\/hr\\\/\",\"nextItem\":{\"@type\":\"ListItem\",\"@id\":\"https:\\\/\\\/socialkings.online\\\/hr\\\/politika-povrata-novca\\\/#listItem\",\"name\":\"Politika povrata novca\"}},{\"@type\":\"ListItem\",\"@id\":\"https:\\\/\\\/socialkings.online\\\/hr\\\/politika-povrata-novca\\\/#listItem\",\"position\":2,\"name\":\"Politika povrata novca\",\"previousItem\":{\"@type\":\"ListItem\",\"@id\":\"https:\\\/\\\/socialkings.online\\\/hr\\\/#listItem\",\"name\":\"Home\"}}]},{\"@type\":\"Organization\",\"@id\":\"https:\\\/\\\/socialkings.online\\\/hr\\\/#organization\",\"name\":\"Social Kings Grow your following\",\"description\":\"Boost your Social Network\",\"url\":\"https:\\\/\\\/socialkings.online\\\/hr\\\/\",\"telephone\":\"+31642021479\",\"logo\":{\"@type\":\"ImageObject\",\"url\":\"https:\\\/\\\/socialkings.online\\\/wp-content\\\/uploads\\\/2023\\\/05\\\/logo-new-purple.png\",\"@id\":\"https:\\\/\\\/socialkings.online\\\/hr\\\/politika-povrata-novca\\\/#organizationLogo\",\"width\":550,\"height\":150},\"image\":{\"@id\":\"https:\\\/\\\/socialkings.online\\\/hr\\\/politika-povrata-novca\\\/#organizationLogo\"}},{\"@type\":\"WebPage\",\"@id\":\"https:\\\/\\\/socialkings.online\\\/hr\\\/politika-povrata-novca\\\/#webpage\",\"url\":\"https:\\\/\\\/socialkings.online\\\/hr\\\/politika-povrata-novca\\\/\",\"name\":\"Politika povrata novca \\u2192 Social Kings Grow your following\",\"description\":\"POLITIKA POVRATA NOVCA Nudimo nematerijalnu neopozivu robu. Kao kupac, odgovorni ste za razumijevanje ovoga nakon kupnje bilo kojeg proizvoda\\\/usluge na na\\u0161oj stranici. Me\\u0111utim, vratit \\u0107emo puni iznos ako ste nezadovoljni na\\u0161im proizvodima. KONTAKTIRAJTE KORISNI\\u010cKU PODR\\u0160KU 99% problema mo\\u017ee se rije\\u0161iti jednostavnom e-po\\u0161tom. Molimo da nam se obratite e-po\\u0161tom na support@socialkings.online0. Na\\u0161 odjel za korisni\\u010dku podr\\u0161ku\",\"inLanguage\":\"hr\",\"isPartOf\":{\"@id\":\"https:\\\/\\\/socialkings.online\\\/hr\\\/#website\"},\"breadcrumb\":{\"@id\":\"https:\\\/\\\/socialkings.online\\\/hr\\\/politika-povrata-novca\\\/#breadcrumblist\"},\"datePublished\":\"2022-03-30T16:25:52+00:00\",\"dateModified\":\"2023-05-31T05:03:19+00:00\"},{\"@type\":\"WebSite\",\"@id\":\"https:\\\/\\\/socialkings.online\\\/hr\\\/#website\",\"url\":\"https:\\\/\\\/socialkings.online\\\/hr\\\/\",\"name\":\"Social Kings Grow your following\",\"description\":\"Boost your Social Network\",\"inLanguage\":\"hr\",\"publisher\":{\"@id\":\"https:\\\/\\\/socialkings.online\\\/hr\\\/#organization\"}}]}\n\t\t<\/script>\n\t\t<!-- All in One SEO Pro -->\r\n\t\t<title>Politika povrata novca \u2192 Social Kings Grow your following<\/title>\n\n","aioseo_head_json":{"title":"Politika povrata novca \u2192 Social Kings Grow your following","description":"POLITIKA POVRATA NOVCA Nudimo nematerijalnu neopozivu robu. Kao kupac, odgovorni ste za razumijevanje ovoga nakon kupnje bilo kojeg proizvoda\/usluge na na\u0161oj stranici. Me\u0111utim, vratit \u0107emo puni iznos ako ste nezadovoljni na\u0161im proizvodima. KONTAKTIRAJTE KORISNI\u010cKU PODR\u0160KU 99% problema mo\u017ee se rije\u0161iti jednostavnom e-po\u0161tom. Molimo da nam se obratite e-po\u0161tom na support@socialkings.online0. Na\u0161 odjel za korisni\u010dku podr\u0161ku","canonical_url":"https:\/\/socialkings.online\/hr\/politika-povrata-novca\/","robots":"max-image-preview:large","keywords":"","webmasterTools":{"miscellaneous":""},"schema":{"@context":"https:\/\/schema.org","@graph":[{"@type":"BreadcrumbList","@id":"https:\/\/socialkings.online\/hr\/politika-povrata-novca\/#breadcrumblist","itemListElement":[{"@type":"ListItem","@id":"https:\/\/socialkings.online\/hr\/#listItem","position":1,"name":"Home","item":"https:\/\/socialkings.online\/hr\/","nextItem":{"@type":"ListItem","@id":"https:\/\/socialkings.online\/hr\/politika-povrata-novca\/#listItem","name":"Politika povrata novca"}},{"@type":"ListItem","@id":"https:\/\/socialkings.online\/hr\/politika-povrata-novca\/#listItem","position":2,"name":"Politika povrata novca","previousItem":{"@type":"ListItem","@id":"https:\/\/socialkings.online\/hr\/#listItem","name":"Home"}}]},{"@type":"Organization","@id":"https:\/\/socialkings.online\/hr\/#organization","name":"Social Kings Grow your following","description":"Boost your Social Network","url":"https:\/\/socialkings.online\/hr\/","telephone":"+31642021479","logo":{"@type":"ImageObject","url":"https:\/\/socialkings.online\/wp-content\/uploads\/2023\/05\/logo-new-purple.png","@id":"https:\/\/socialkings.online\/hr\/politika-povrata-novca\/#organizationLogo","width":550,"height":150},"image":{"@id":"https:\/\/socialkings.online\/hr\/politika-povrata-novca\/#organizationLogo"}},{"@type":"WebPage","@id":"https:\/\/socialkings.online\/hr\/politika-povrata-novca\/#webpage","url":"https:\/\/socialkings.online\/hr\/politika-povrata-novca\/","name":"Politika povrata novca \u2192 Social Kings Grow your following","description":"POLITIKA POVRATA NOVCA Nudimo nematerijalnu neopozivu robu. Kao kupac, odgovorni ste za razumijevanje ovoga nakon kupnje bilo kojeg proizvoda\/usluge na na\u0161oj stranici. Me\u0111utim, vratit \u0107emo puni iznos ako ste nezadovoljni na\u0161im proizvodima. KONTAKTIRAJTE KORISNI\u010cKU PODR\u0160KU 99% problema mo\u017ee se rije\u0161iti jednostavnom e-po\u0161tom. Molimo da nam se obratite e-po\u0161tom na support@socialkings.online0. Na\u0161 odjel za korisni\u010dku podr\u0161ku","inLanguage":"hr","isPartOf":{"@id":"https:\/\/socialkings.online\/hr\/#website"},"breadcrumb":{"@id":"https:\/\/socialkings.online\/hr\/politika-povrata-novca\/#breadcrumblist"},"datePublished":"2022-03-30T16:25:52+00:00","dateModified":"2023-05-31T05:03:19+00:00"},{"@type":"WebSite","@id":"https:\/\/socialkings.online\/hr\/#website","url":"https:\/\/socialkings.online\/hr\/","name":"Social Kings Grow your following","description":"Boost your Social Network","inLanguage":"hr","publisher":{"@id":"https:\/\/socialkings.online\/hr\/#organization"}}]},"og:locale":"hr_HR","og:site_name":"Social Kings Grow your following \u2192 Boost your Social Network","og:type":"article","og:title":"Politika povrata novca \u2192 Social Kings Grow your following","og:description":"POLITIKA POVRATA NOVCA Nudimo nematerijalnu neopozivu robu. Kao kupac, odgovorni ste za razumijevanje ovoga nakon kupnje bilo kojeg proizvoda\/usluge na na\u0161oj stranici. Me\u0111utim, vratit \u0107emo puni iznos ako ste nezadovoljni na\u0161im proizvodima. KONTAKTIRAJTE KORISNI\u010cKU PODR\u0160KU 99% problema mo\u017ee se rije\u0161iti jednostavnom e-po\u0161tom. Molimo da nam se obratite e-po\u0161tom na support@socialkings.online0. Na\u0161 odjel za korisni\u010dku podr\u0161ku","og:url":"https:\/\/socialkings.online\/hr\/politika-povrata-novca\/","article:published_time":"2022-03-30T16:25:52+00:00","article:modified_time":"2023-05-31T05:03:19+00:00","twitter:card":"summary","twitter:title":"Politika povrata novca \u2192 Social Kings Grow your following","twitter:description":"POLITIKA POVRATA NOVCA Nudimo nematerijalnu neopozivu robu. Kao kupac, odgovorni ste za razumijevanje ovoga nakon kupnje bilo kojeg proizvoda\/usluge na na\u0161oj stranici. Me\u0111utim, vratit \u0107emo puni iznos ako ste nezadovoljni na\u0161im proizvodima. KONTAKTIRAJTE KORISNI\u010cKU PODR\u0160KU 99% problema mo\u017ee se rije\u0161iti jednostavnom e-po\u0161tom. Molimo da nam se obratite e-po\u0161tom na support@socialkings.online0. Na\u0161 odjel za korisni\u010dku podr\u0161ku"},"aioseo_meta_data":{"post_id":"43337","title":null,"description":null,"keywords":null,"keyphrases":null,"primary_term":null,"canonical_url":null,"og_title":null,"og_description":null,"og_object_type":"default","og_image_type":"default","og_image_url":null,"og_image_width":null,"og_image_height":null,"og_image_custom_url":null,"og_image_custom_fields":null,"og_video":null,"og_custom_url":null,"og_article_section":null,"og_article_tags":null,"twitter_use_og":false,"twitter_card":"default","twitter_image_type":"default","twitter_image_url":null,"twitter_image_custom_url":null,"twitter_image_custom_fields":null,"twitter_title":null,"twitter_description":null,"schema":{"blockGraphs":[],"customGraphs":[],"default":{"data":{"Article":[],"Course":[],"Dataset":[],"FAQPage":[],"Movie":[],"Person":[],"Product":[],"ProductReview":[],"Car":[],"Recipe":[],"Service":[],"SoftwareApplication":[],"WebPage":[]},"graphName":"","isEnabled":true},"graphs":[]},"schema_type":"default","schema_type_options":null,"pillar_content":false,"robots_default":true,"robots_noindex":false,"robots_noarchive":false,"robots_nosnippet":false,"robots_nofollow":false,"robots_noimageindex":false,"robots_noodp":false,"robots_notranslate":false,"robots_max_snippet":null,"robots_max_videopreview":null,"robots_max_imagepreview":"large","priority":null,"frequency":null,"local_seo":null,"seo_analyzer_scan_date":"2025-08-14 23:48:53","breadcrumb_settings":null,"limit_modified_date":false,"open_ai":null,"ai":null,"created":"2023-06-23 16:35:53","updated":"2025-10-15 20:12:31"},"aioseo_breadcrumb":"<div class=\"aioseo-breadcrumbs\"><span class=\"aioseo-breadcrumb\">\n\t<a href=\"https:\/\/socialkings.online\/hr\/\" title=\"Home\">Home<\/a>\n<\/span><span class=\"aioseo-breadcrumb-separator\">&raquo;<\/span><span class=\"aioseo-breadcrumb\">\n\tPolitika povrata novca\n<\/span><\/div>","aioseo_breadcrumb_json":[{"label":"Home","link":"https:\/\/socialkings.online\/hr\/"},{"label":"Politika povrata novca","link":"https:\/\/socialkings.online\/hr\/politika-povrata-novca\/"}],"_links":{"self":[{"href":"https:\/\/socialkings.online\/hr\/wp-json\/wp\/v2\/pages\/43337","targetHints":{"allow":["GET"]}}],"collection":[{"href":"https:\/\/socialkings.online\/hr\/wp-json\/wp\/v2\/pages"}],"about":[{"href":"https:\/\/socialkings.online\/hr\/wp-json\/wp\/v2\/types\/page"}],"author":[{"embeddable":true,"href":"https:\/\/socialkings.online\/hr\/wp-json\/wp\/v2\/users\/1"}],"replies":[{"embeddable":true,"href":"https:\/\/socialkings.online\/hr\/wp-json\/wp\/v2\/comments?post=43337"}],"version-history":[{"count":0,"href":"https:\/\/socialkings.online\/hr\/wp-json\/wp\/v2\/pages\/43337\/revisions"}],"wp:attachment":[{"href":"https:\/\/socialkings.online\/hr\/wp-json\/wp\/v2\/media?parent=43337"}],"curies":[{"name":"wp","href":"https:\/\/api.w.org\/{rel}","templated":true}]}}