{"id":43372,"date":"2022-03-30T19:42:53","date_gmt":"2022-03-30T19:42:53","guid":{"rendered":"https:\/\/socialkings.online\/?page_id=43372"},"modified":"2023-05-31T05:34:25","modified_gmt":"2023-05-31T05:34:25","slug":"politique-de-confidentialite","status":"publish","type":"page","link":"https:\/\/socialkings.online\/fr\/politique-de-confidentialite\/","title":{"rendered":"Politique de confidentialit\u00e9"},"content":{"rendered":"\n<p><strong>Politique de confidentialit\u00e9<\/strong><\/p>\n\n<p>Nure est responsable du traitement des donn\u00e9es personnelles comme indiqu\u00e9 dans cette d\u00e9claration de confidentialit\u00e9. Contacter le d\u00e9l\u00e9gu\u00e9 \u00e0 la protection des donn\u00e9es:<\/p>\n\n<p>Nure\u00a9<\/p>\n\n<p>Smidslaantje 51<\/p>\n\n<p>8426DC Appelscha<\/p>\n\n<p>KvK-nr: 64464105<\/p>\n\n<p>VAT-nr: NL002250971B75<\/p>\n\n<p>+316 4202 1479<\/p>\n\n<p>support@socialkings.online<\/p>\n\n<p><\/p>\n\n<p><strong>Donn\u00e9es personnelles que nous traitons<\/strong>&#13;\nTurbogrm ltd traite vos donn\u00e9es personnelles parce que vous utilisez nos services et\/ou parce que vous nous fournissez vous-m\u00eame ces donn\u00e9es.&#13;\nVous trouverez ci-dessous un aper\u00e7u des donn\u00e9es personnelles que nous traitons:<\/p>\n\n<ul class=\"wp-block-list\"><li><strong>Nom d&rsquo;utilisateur<\/strong>\u00a0: nous en avons besoin pour livrer et v\u00e9rifier la commande.<\/li><li><strong>Nombre initial de likes ou d&rsquo;abonn\u00e9s<\/strong>: cela nous permet de v\u00e9rifier si les commandes ont \u00e9t\u00e9 (compl\u00e8tement) livr\u00e9es.<\/li><li><strong>Adresse\u00a0IP<\/strong>: elle est utilis\u00e9e pour pr\u00e9venir les abus ou les fraudes<\/li><li>Adresse e-mail &#8211; nous l&rsquo;utilisons pour vous informer de votre commande<\/li><\/ul>\n\n<p><strong>Donn\u00e9es personnelles sp\u00e9ciales et\/ou sensibles que nous traitons<\/strong>&#13;\nNotre site Web et\/ou service n&rsquo;a pas l&rsquo;intention de collecter des donn\u00e9es sur les visiteurs du site Web \u00e2g\u00e9s de moins de 16 ans. Sauf s&rsquo;ils ont l&rsquo;autorisation parentale ou du tuteur. Cependant, nous ne pouvons pas v\u00e9rifier si un visiteur a plus de 16 ans. Nous conseillons donc aux parents de s&rsquo;impliquer dans les activit\u00e9s en ligne de leurs enfants, afin d&rsquo;\u00e9viter que des donn\u00e9es sur les enfants soient collect\u00e9es sans le consentement parental. Si vous \u00eates convaincu que nous avons collect\u00e9 des informations personnelles sur un mineur sans cette autorisation, veuillez nous contacter \u00e0 support@socialkings.online et nous supprimerons ces informations.<\/p>\n\n<p><strong>Dans quel but et sur quelle base traitons-nous les donn\u00e9es personnelles<\/strong>&#13;\nTurbogrm ltd traite vos donn\u00e9es personnelles aux fins suivantes:&#13;\n&#8211; Pour vous livrer des biens et des services<\/p>\n\n<p><strong>Combien de temps conservons-nous les donn\u00e9es personnelles<\/strong>&#13;\nNure\u00a9 ne conserve pas vos donn\u00e9es personnelles plus longtemps que n\u00e9cessaire pour r\u00e9aliser les finalit\u00e9s pour lesquelles vos donn\u00e9es sont n\u00e9cessaires. Nous utilisons les dur\u00e9es de conservation suivantes pour les (cat\u00e9gories) de donn\u00e9es personnelles suivantes: (Categorie) donn\u00e9es personnelles &gt; Dur\u00e9e de conservation &gt; Raison Donn\u00e9es personnelles &gt; Dur\u00e9e de conservation &gt; Adressez la raison &gt; Dur\u00e9e de conservation &gt; Raison Et ainsi de suite &gt; Dur\u00e9e de conservation &gt; Monte<\/p>\n\n<p><strong>Partage de donn\u00e9es personnelles avec des tiers<\/strong>&#13;\nNure\u00a9 fournit exclusivement \u00e0 des tiers et uniquement si cela est n\u00e9cessaire pour l&rsquo;ex\u00e9cution de notre accord avec vous ou pour se conformer \u00e0 une obligation l\u00e9gale.<\/p>\n\n<p><strong>Afficher, modifier ou supprimer des donn\u00e9es<\/strong>&#13;\nVous avez le droit de consulter, de corriger ou de supprimer vos donn\u00e9es personnelles. En outre, vous avez le droit de retirer votre consentement au traitement des donn\u00e9es ou de vous opposer au traitement de vos donn\u00e9es personnelles par Nure\u00a9 et vous avez le droit \u00e0 la portabilit\u00e9 des donn\u00e9es. Cela signifie que vous pouvez nous soumettre une demande pour envoyer les donn\u00e9es personnelles que nous avons sur vous dans un fichier informatique \u00e0 vous ou \u00e0 une autre organisation que vous avez mentionn\u00e9e. Vous pouvez envoyer une demande d&rsquo;acc\u00e8s, de rectification, de suppression, de transfert de vos donn\u00e9es personnelles ou une demande de retrait de votre consentement ou d&rsquo;opposition au traitement de vos donn\u00e9es personnelles \u00e0 support@socialkings.online. Pour vous assurer que la demande d&rsquo;acc\u00e8s a bien \u00e9t\u00e9 faite par vous, nous vous demandons d&rsquo;envoyer une copie de votre pi\u00e8ce d&rsquo;identit\u00e9 avec la demande. Faites votre photo de passeport, MRZ (zone lisible par machine, la bande avec des chiffres au bas du passeport), num\u00e9ro de passeport et num\u00e9ro de service citoyen (BSN) en noir dans cette copie. C&rsquo;est pour prot\u00e9ger votre vie priv\u00e9e. Nous r\u00e9pondrons \u00e0 votre demande d\u00e8s que possible, mais dans un d\u00e9lai de quatre semaines. Nure\u00a9 tient \u00e9galement \u00e0 souligner que vous avez la possibilit\u00e9 de d\u00e9poser une plainte aupr\u00e8s de l&rsquo;autorit\u00e9 de contr\u00f4le nationale, l&rsquo;autorit\u00e9 n\u00e9erlandaise de protection des donn\u00e9es. Vous pouvez le faire via le lien suivant : https:\/\/autoriteitpersoonsgegevens.nl\/nl\/contact-met-de-autoriteit-persoonsgegevens\/tip-ons<\/p>\n\n<p><strong>Comment nous prot\u00e9geons les donn\u00e9es personnelles<\/strong>&#13;\nTurbogrm ltd prend la protection de vos donn\u00e9es au s\u00e9rieux et prend les mesures appropri\u00e9es pour emp\u00eacher l&rsquo;utilisation abusive, la perte, l&rsquo;acc\u00e8s non autoris\u00e9, la divulgation non d\u00e9sir\u00e9e et la modification non autoris\u00e9e. Si vous pensez que vos donn\u00e9es ne sont pas correctement s\u00e9curis\u00e9es ou s&rsquo;il y a des indications d&rsquo;utilisation abusive, veuillez contacter notre service client ou via support@socialkings.online<\/p>\n\n<p><strong>Cookies<\/strong>&#13;\nSeul un cookie Analytics est utilis\u00e9 sur ce site Web.<\/p>\n\n<p><strong>Droit de confidentialit\u00e9 et analytique<\/strong>&#13;\nComme d\u00e9crit ci-dessous dans la d\u00e9claration officielle que les utilisateurs de Google Analytics doivent placer sur leur site Web, ce site Web utilise Google Analytics. Ce programme fournit des statistiques importantes sur le nombre de visiteurs, les pages visit\u00e9es, les sources de trafic et d&rsquo;autres informations essentielles avec lesquelles nous pouvons continuellement am\u00e9liorer ce site Web pour les utilisateurs. Ces statistiques sont anonymes et ne peuvent pas \u00eatre retrac\u00e9es jusqu&rsquo;\u00e0 une personne ou un utilisateur sp\u00e9cifique. Aucun \u00ab\u00a0ciblage comportemental\u00a0\u00bb n&rsquo;est utilis\u00e9, ce qui vous montre un contenu sp\u00e9cial en fonction de votre comportement de clic\u00a0; votre comportement de navigation reste compl\u00e8tement anonyme. Les donn\u00e9es des formulaires de contact ne sont jamais trait\u00e9es ou stock\u00e9es dans Analytics.<\/p>\n\n<p>Google Analytics utilise un cookie, qui est un petit fichier stock\u00e9 sur votre ordinateur. Nous avons mis en place Google Analytics conform\u00e9ment \u00e0 la l\u00e9gislation sur la protection de la vie priv\u00e9e, de sorte qu&rsquo;aucune autorisation pr\u00e9alable de l&rsquo;utilisateur n&rsquo;est requise.<\/p>\n\n<p><strong>Les adresses IP sont masqu\u00e9es et les donn\u00e9es ne sont pas partag\u00e9es<\/strong>&#13;\nLe cookie Google Analytics est un \u00ab\u00a0cookie propri\u00e9taire\u00a0\u00bb, ce qui signifie que le cookie est officiellement la propri\u00e9t\u00e9 de Hayona et non de Google. Ce cookie n&rsquo;est pas utilis\u00e9 \u00e0 des fins publicitaires ou \u00e0 d&rsquo;autres fins commerciales. Hayona a un accord de sous-traitance avec Google. De plus, Google Analytics est configur\u00e9 de mani\u00e8re \u00e0 ce que les adresses IP soient rendues anonymes, de sorte que les donn\u00e9es ne puissent jamais \u00eatre retrac\u00e9es jusqu&rsquo;\u00e0 vous ou votre adresse IP. De plus, aucune information n&rsquo;est partag\u00e9e avec Google ou d&rsquo;autres parties \u00e0 partir du compte Analytics de Hayona. Cela fait du cookie Analytics de Hayona un cookie propri\u00e9taire non sensible \u00e0 la vie priv\u00e9e qui est n\u00e9cessaire pour garantir la qualit\u00e9 et la s\u00e9curit\u00e9 de hayona.nl. Le cookie Analytics reste valable 6 mois.<\/p>\n\n<p><strong>D\u00e9sactiver<\/strong>&#13;\nSi vous pr\u00e9f\u00e9rez bloquer compl\u00e8tement le script Analytics, vous pouvez t\u00e9l\u00e9charger un plugin de d\u00e9sactivation pour Google Analytics ici : https:\/\/tools.google.com\/dlpage\/gaoptout. Avec ce plugin, votre visite ne compte plus dans les statistiques de tous les sites Web qui utilisent Google Analytics.<\/p>\n\n<p><strong>Google Analytics \u2013 D\u00e9claration de Google<\/strong>&#13;\nCe site Web utilise Google Analytics, un service d&rsquo;analyse Web fourni par Google Inc. (\u00ab\u00a0Google\u00a0\u00bb). Google Analytics utilise des \u00ab\u00a0cookies\u00a0\u00bb (fichiers texte qui sont plac\u00e9s sur votre ordinateur) pour aider le site Web \u00e0 analyser la fa\u00e7on dont les visiteurs utilisent le site. Les informations anonymes g\u00e9n\u00e9r\u00e9es par le cookie concernant votre utilisation du site Web seront transf\u00e9r\u00e9es et stock\u00e9es par Google sur des serveurs aux \u00c9tats-Unis. Google utilise ces informations pour suivre l&rsquo;utilisation de ce site Web, pour compiler des rapports sur l&rsquo;activit\u00e9 du site Web pour le propri\u00e9taire de ce site Web (Hayona BV) et pour fournir d&rsquo;autres services li\u00e9s \u00e0 l&rsquo;activit\u00e9 du site Web et \u00e0 l&rsquo;utilisation d&rsquo;Internet. Google ne peut fournir ces informations \u00e0 des tiers que si Google est l\u00e9galement tenu de le faire ou dans la mesure o\u00f9 ces tiers traitent les informations pour le compte de Google. Google ne combinera pas votre adresse IP avec d&rsquo;autres donn\u00e9es d\u00e9tenues par Google. Vous pouvez refuser l&rsquo;utilisation de cookies en s\u00e9lectionnant les param\u00e8tres appropri\u00e9s de votre navigateur. Cependant, nous attirons votre attention sur le fait que dans ce cas, vous ne pourrez peut-\u00eatre pas utiliser toutes les fonctionnalit\u00e9s de ce site Web. En utilisant ce site Internet, vous consentez express\u00e9ment au traitement de vos informations par Google dans les conditions et pour les finalit\u00e9s d\u00e9crites ci-dessus.<\/p>\n\n<p><strong>Paiements<\/strong><\/p>\n\n<p>Les paiements sont trait\u00e9s par Stripe.<\/p>\n","protected":false},"excerpt":{"rendered":"<p>&#8230;<\/p>\n","protected":false},"author":1,"featured_media":0,"parent":0,"menu_order":0,"comment_status":"closed","ping_status":"open","template":"","meta":{"footnotes":""},"class_list":["post-43372","page","type-page","status-publish","hentry"],"aioseo_notices":[],"aioseo_head":"\n\t\t<!-- All in One SEO Pro 4.9.5.2 - aioseo.com -->\n\t<meta name=\"description\" content=\"Politique de confidentialit\u00e9 Nure est responsable du traitement des donn\u00e9es personnelles comme indiqu\u00e9 dans cette d\u00e9claration de confidentialit\u00e9. Contacter le d\u00e9l\u00e9gu\u00e9 \u00e0 la protection des donn\u00e9es: Nure\u00a9 Smidslaantje 51 8426DC Appelscha KvK-nr: 64464105 VAT-nr: NL002250971B75 +316 4202 1479 support@socialkings.online Donn\u00e9es personnelles que nous traitons Turbogrm ltd traite vos donn\u00e9es personnelles parce que vous utilisez nos\" \/>\n\t<meta name=\"robots\" content=\"max-image-preview:large\" \/>\n\t<link rel=\"canonical\" href=\"https:\/\/socialkings.online\/fr\/politique-de-confidentialite\/\" \/>\n\t<meta name=\"generator\" content=\"All in One SEO Pro (AIOSEO) 4.9.5.2\" \/>\n\t\t<meta property=\"og:locale\" content=\"fr_FR\" \/>\n\t\t<meta property=\"og:site_name\" content=\"Social Kings Grow your following \u2192 Boost your Social Network\" \/>\n\t\t<meta property=\"og:type\" content=\"article\" \/>\n\t\t<meta property=\"og:title\" content=\"Politique de confidentialit\u00e9 \u2192 Social Kings Grow your following\" \/>\n\t\t<meta property=\"og:description\" content=\"Politique de confidentialit\u00e9 Nure est responsable du traitement des donn\u00e9es personnelles comme indiqu\u00e9 dans cette d\u00e9claration de confidentialit\u00e9. Contacter le d\u00e9l\u00e9gu\u00e9 \u00e0 la protection des donn\u00e9es: Nure\u00a9 Smidslaantje 51 8426DC Appelscha KvK-nr: 64464105 VAT-nr: NL002250971B75 +316 4202 1479 support@socialkings.online Donn\u00e9es personnelles que nous traitons Turbogrm ltd traite vos donn\u00e9es personnelles parce que vous utilisez nos\" \/>\n\t\t<meta property=\"og:url\" content=\"https:\/\/socialkings.online\/fr\/politique-de-confidentialite\/\" \/>\n\t\t<meta property=\"article:published_time\" content=\"2022-03-30T19:42:53+00:00\" \/>\n\t\t<meta property=\"article:modified_time\" content=\"2023-05-31T05:34:25+00:00\" \/>\n\t\t<meta name=\"twitter:card\" content=\"summary\" \/>\n\t\t<meta name=\"twitter:title\" content=\"Politique de confidentialit\u00e9 \u2192 Social Kings Grow your following\" \/>\n\t\t<meta name=\"twitter:description\" content=\"Politique de confidentialit\u00e9 Nure est responsable du traitement des donn\u00e9es personnelles comme indiqu\u00e9 dans cette d\u00e9claration de confidentialit\u00e9. Contacter le d\u00e9l\u00e9gu\u00e9 \u00e0 la protection des donn\u00e9es: Nure\u00a9 Smidslaantje 51 8426DC Appelscha KvK-nr: 64464105 VAT-nr: NL002250971B75 +316 4202 1479 support@socialkings.online Donn\u00e9es personnelles que nous traitons Turbogrm ltd traite vos donn\u00e9es personnelles parce que vous utilisez nos\" \/>\n\t\t<script type=\"application\/ld+json\" class=\"aioseo-schema\">\n\t\t\t{\"@context\":\"https:\\\/\\\/schema.org\",\"@graph\":[{\"@type\":\"BreadcrumbList\",\"@id\":\"https:\\\/\\\/socialkings.online\\\/fr\\\/politique-de-confidentialite\\\/#breadcrumblist\",\"itemListElement\":[{\"@type\":\"ListItem\",\"@id\":\"https:\\\/\\\/socialkings.online\\\/fr\\\/#listItem\",\"position\":1,\"name\":\"Home\",\"item\":\"https:\\\/\\\/socialkings.online\\\/fr\\\/\",\"nextItem\":{\"@type\":\"ListItem\",\"@id\":\"https:\\\/\\\/socialkings.online\\\/fr\\\/politique-de-confidentialite\\\/#listItem\",\"name\":\"Politique de confidentialit\\u00e9\"}},{\"@type\":\"ListItem\",\"@id\":\"https:\\\/\\\/socialkings.online\\\/fr\\\/politique-de-confidentialite\\\/#listItem\",\"position\":2,\"name\":\"Politique de confidentialit\\u00e9\",\"previousItem\":{\"@type\":\"ListItem\",\"@id\":\"https:\\\/\\\/socialkings.online\\\/fr\\\/#listItem\",\"name\":\"Home\"}}]},{\"@type\":\"Organization\",\"@id\":\"https:\\\/\\\/socialkings.online\\\/fr\\\/#organization\",\"name\":\"Social Kings Grow your following\",\"description\":\"Boost your Social Network\",\"url\":\"https:\\\/\\\/socialkings.online\\\/fr\\\/\",\"telephone\":\"+31642021479\",\"logo\":{\"@type\":\"ImageObject\",\"url\":\"https:\\\/\\\/socialkings.online\\\/wp-content\\\/uploads\\\/2023\\\/05\\\/logo-new-purple.png\",\"@id\":\"https:\\\/\\\/socialkings.online\\\/fr\\\/politique-de-confidentialite\\\/#organizationLogo\",\"width\":550,\"height\":150},\"image\":{\"@id\":\"https:\\\/\\\/socialkings.online\\\/fr\\\/politique-de-confidentialite\\\/#organizationLogo\"}},{\"@type\":\"WebPage\",\"@id\":\"https:\\\/\\\/socialkings.online\\\/fr\\\/politique-de-confidentialite\\\/#webpage\",\"url\":\"https:\\\/\\\/socialkings.online\\\/fr\\\/politique-de-confidentialite\\\/\",\"name\":\"Politique de confidentialit\\u00e9 \\u2192 Social Kings Grow your following\",\"description\":\"Politique de confidentialit\\u00e9 Nure est responsable du traitement des donn\\u00e9es personnelles comme indiqu\\u00e9 dans cette d\\u00e9claration de confidentialit\\u00e9. Contacter le d\\u00e9l\\u00e9gu\\u00e9 \\u00e0 la protection des donn\\u00e9es: Nure\\u00a9 Smidslaantje 51 8426DC Appelscha KvK-nr: 64464105 VAT-nr: NL002250971B75 +316 4202 1479 support@socialkings.online Donn\\u00e9es personnelles que nous traitons Turbogrm ltd traite vos donn\\u00e9es personnelles parce que vous utilisez nos\",\"inLanguage\":\"fr-FR\",\"isPartOf\":{\"@id\":\"https:\\\/\\\/socialkings.online\\\/fr\\\/#website\"},\"breadcrumb\":{\"@id\":\"https:\\\/\\\/socialkings.online\\\/fr\\\/politique-de-confidentialite\\\/#breadcrumblist\"},\"datePublished\":\"2022-03-30T19:42:53+00:00\",\"dateModified\":\"2023-05-31T05:34:25+00:00\"},{\"@type\":\"WebSite\",\"@id\":\"https:\\\/\\\/socialkings.online\\\/fr\\\/#website\",\"url\":\"https:\\\/\\\/socialkings.online\\\/fr\\\/\",\"name\":\"Social Kings Grow your following\",\"description\":\"Boost your Social Network\",\"inLanguage\":\"fr-FR\",\"publisher\":{\"@id\":\"https:\\\/\\\/socialkings.online\\\/fr\\\/#organization\"}}]}\n\t\t<\/script>\n\t\t<!-- All in One SEO Pro -->\r\n\t\t<title>Politique de confidentialit\u00e9 \u2192 Social Kings Grow your following<\/title>\n\n","aioseo_head_json":{"title":"Politique de confidentialit\u00e9 \u2192 Social Kings Grow your following","description":"Politique de confidentialit\u00e9 Nure est responsable du traitement des donn\u00e9es personnelles comme indiqu\u00e9 dans cette d\u00e9claration de confidentialit\u00e9. Contacter le d\u00e9l\u00e9gu\u00e9 \u00e0 la protection des donn\u00e9es: Nure\u00a9 Smidslaantje 51 8426DC Appelscha KvK-nr: 64464105 VAT-nr: NL002250971B75 +316 4202 1479 support@socialkings.online Donn\u00e9es personnelles que nous traitons Turbogrm ltd traite vos donn\u00e9es personnelles parce que vous utilisez nos","canonical_url":"https:\/\/socialkings.online\/fr\/politique-de-confidentialite\/","robots":"max-image-preview:large","keywords":"","webmasterTools":{"miscellaneous":""},"schema":{"@context":"https:\/\/schema.org","@graph":[{"@type":"BreadcrumbList","@id":"https:\/\/socialkings.online\/fr\/politique-de-confidentialite\/#breadcrumblist","itemListElement":[{"@type":"ListItem","@id":"https:\/\/socialkings.online\/fr\/#listItem","position":1,"name":"Home","item":"https:\/\/socialkings.online\/fr\/","nextItem":{"@type":"ListItem","@id":"https:\/\/socialkings.online\/fr\/politique-de-confidentialite\/#listItem","name":"Politique de confidentialit\u00e9"}},{"@type":"ListItem","@id":"https:\/\/socialkings.online\/fr\/politique-de-confidentialite\/#listItem","position":2,"name":"Politique de confidentialit\u00e9","previousItem":{"@type":"ListItem","@id":"https:\/\/socialkings.online\/fr\/#listItem","name":"Home"}}]},{"@type":"Organization","@id":"https:\/\/socialkings.online\/fr\/#organization","name":"Social Kings Grow your following","description":"Boost your Social Network","url":"https:\/\/socialkings.online\/fr\/","telephone":"+31642021479","logo":{"@type":"ImageObject","url":"https:\/\/socialkings.online\/wp-content\/uploads\/2023\/05\/logo-new-purple.png","@id":"https:\/\/socialkings.online\/fr\/politique-de-confidentialite\/#organizationLogo","width":550,"height":150},"image":{"@id":"https:\/\/socialkings.online\/fr\/politique-de-confidentialite\/#organizationLogo"}},{"@type":"WebPage","@id":"https:\/\/socialkings.online\/fr\/politique-de-confidentialite\/#webpage","url":"https:\/\/socialkings.online\/fr\/politique-de-confidentialite\/","name":"Politique de confidentialit\u00e9 \u2192 Social Kings Grow your following","description":"Politique de confidentialit\u00e9 Nure est responsable du traitement des donn\u00e9es personnelles comme indiqu\u00e9 dans cette d\u00e9claration de confidentialit\u00e9. Contacter le d\u00e9l\u00e9gu\u00e9 \u00e0 la protection des donn\u00e9es: Nure\u00a9 Smidslaantje 51 8426DC Appelscha KvK-nr: 64464105 VAT-nr: NL002250971B75 +316 4202 1479 support@socialkings.online Donn\u00e9es personnelles que nous traitons Turbogrm ltd traite vos donn\u00e9es personnelles parce que vous utilisez nos","inLanguage":"fr-FR","isPartOf":{"@id":"https:\/\/socialkings.online\/fr\/#website"},"breadcrumb":{"@id":"https:\/\/socialkings.online\/fr\/politique-de-confidentialite\/#breadcrumblist"},"datePublished":"2022-03-30T19:42:53+00:00","dateModified":"2023-05-31T05:34:25+00:00"},{"@type":"WebSite","@id":"https:\/\/socialkings.online\/fr\/#website","url":"https:\/\/socialkings.online\/fr\/","name":"Social Kings Grow your following","description":"Boost your Social Network","inLanguage":"fr-FR","publisher":{"@id":"https:\/\/socialkings.online\/fr\/#organization"}}]},"og:locale":"fr_FR","og:site_name":"Social Kings Grow your following \u2192 Boost your Social Network","og:type":"article","og:title":"Politique de confidentialit\u00e9 \u2192 Social Kings Grow your following","og:description":"Politique de confidentialit\u00e9 Nure est responsable du traitement des donn\u00e9es personnelles comme indiqu\u00e9 dans cette d\u00e9claration de confidentialit\u00e9. Contacter le d\u00e9l\u00e9gu\u00e9 \u00e0 la protection des donn\u00e9es: Nure\u00a9 Smidslaantje 51 8426DC Appelscha KvK-nr: 64464105 VAT-nr: NL002250971B75 +316 4202 1479 support@socialkings.online Donn\u00e9es personnelles que nous traitons Turbogrm ltd traite vos donn\u00e9es personnelles parce que vous utilisez nos","og:url":"https:\/\/socialkings.online\/fr\/politique-de-confidentialite\/","article:published_time":"2022-03-30T19:42:53+00:00","article:modified_time":"2023-05-31T05:34:25+00:00","twitter:card":"summary","twitter:title":"Politique de confidentialit\u00e9 \u2192 Social Kings Grow your following","twitter:description":"Politique de confidentialit\u00e9 Nure est responsable du traitement des donn\u00e9es personnelles comme indiqu\u00e9 dans cette d\u00e9claration de confidentialit\u00e9. Contacter le d\u00e9l\u00e9gu\u00e9 \u00e0 la protection des donn\u00e9es: Nure\u00a9 Smidslaantje 51 8426DC Appelscha KvK-nr: 64464105 VAT-nr: NL002250971B75 +316 4202 1479 support@socialkings.online Donn\u00e9es personnelles que nous traitons Turbogrm ltd traite vos donn\u00e9es personnelles parce que vous utilisez nos"},"aioseo_meta_data":{"post_id":"43372","title":null,"description":null,"keywords":null,"keyphrases":null,"primary_term":null,"canonical_url":null,"og_title":null,"og_description":null,"og_object_type":"default","og_image_type":"default","og_image_url":null,"og_image_width":null,"og_image_height":null,"og_image_custom_url":null,"og_image_custom_fields":null,"og_video":null,"og_custom_url":null,"og_article_section":null,"og_article_tags":null,"twitter_use_og":false,"twitter_card":"default","twitter_image_type":"default","twitter_image_url":null,"twitter_image_custom_url":null,"twitter_image_custom_fields":null,"twitter_title":null,"twitter_description":null,"schema":{"blockGraphs":[],"customGraphs":[],"default":{"data":{"Article":[],"Course":[],"Dataset":[],"FAQPage":[],"Movie":[],"Person":[],"Product":[],"ProductReview":[],"Car":[],"Recipe":[],"Service":[],"SoftwareApplication":[],"WebPage":[]},"graphName":"","isEnabled":true},"graphs":[]},"schema_type":"default","schema_type_options":null,"pillar_content":false,"robots_default":true,"robots_noindex":false,"robots_noarchive":false,"robots_nosnippet":false,"robots_nofollow":false,"robots_noimageindex":false,"robots_noodp":false,"robots_notranslate":false,"robots_max_snippet":null,"robots_max_videopreview":null,"robots_max_imagepreview":"large","priority":null,"frequency":null,"local_seo":null,"seo_analyzer_scan_date":"2025-08-14 23:54:55","breadcrumb_settings":null,"limit_modified_date":false,"open_ai":null,"ai":null,"created":"2023-06-23 16:35:53","updated":"2025-08-14 23:54:55"},"aioseo_breadcrumb":"<div class=\"aioseo-breadcrumbs\"><span class=\"aioseo-breadcrumb\">\n\t<a href=\"https:\/\/socialkings.online\/fr\/\" title=\"Home\">Home<\/a>\n<\/span><span class=\"aioseo-breadcrumb-separator\">&raquo;<\/span><span class=\"aioseo-breadcrumb\">\n\tPolitique de confidentialit\u00e9\n<\/span><\/div>","aioseo_breadcrumb_json":[{"label":"Home","link":"https:\/\/socialkings.online\/fr\/"},{"label":"Politique de confidentialit\u00e9","link":"https:\/\/socialkings.online\/fr\/politique-de-confidentialite\/"}],"_links":{"self":[{"href":"https:\/\/socialkings.online\/fr\/wp-json\/wp\/v2\/pages\/43372","targetHints":{"allow":["GET"]}}],"collection":[{"href":"https:\/\/socialkings.online\/fr\/wp-json\/wp\/v2\/pages"}],"about":[{"href":"https:\/\/socialkings.online\/fr\/wp-json\/wp\/v2\/types\/page"}],"author":[{"embeddable":true,"href":"https:\/\/socialkings.online\/fr\/wp-json\/wp\/v2\/users\/1"}],"replies":[{"embeddable":true,"href":"https:\/\/socialkings.online\/fr\/wp-json\/wp\/v2\/comments?post=43372"}],"version-history":[{"count":0,"href":"https:\/\/socialkings.online\/fr\/wp-json\/wp\/v2\/pages\/43372\/revisions"}],"wp:attachment":[{"href":"https:\/\/socialkings.online\/fr\/wp-json\/wp\/v2\/media?parent=43372"}],"curies":[{"name":"wp","href":"https:\/\/api.w.org\/{rel}","templated":true}]}}