{"id":43341,"date":"2022-03-30T16:27:30","date_gmt":"2022-03-30T16:27:30","guid":{"rendered":"https:\/\/socialkings.online\/?page_id=43341"},"modified":"2023-05-31T05:34:15","modified_gmt":"2023-05-31T05:34:15","slug":"politique-de-remboursement","status":"publish","type":"page","link":"https:\/\/socialkings.online\/fr\/politique-de-remboursement\/","title":{"rendered":"Politique de remboursement"},"content":{"rendered":"\t\t<div data-elementor-type=\"wp-page\" data-elementor-id=\"43341\" class=\"elementor elementor-43341 elementor-1017\" data-elementor-post-type=\"page\">\n\t\t\t\t\t\t<section class=\"elementor-section elementor-top-section elementor-element elementor-element-ce00497 elementor-section-boxed elementor-section-height-default elementor-section-height-default\" data-id=\"ce00497\" data-element_type=\"section\">\n\t\t\t\t\t\t<div class=\"elementor-container elementor-column-gap-default\">\n\t\t\t\t\t<div class=\"elementor-column elementor-col-100 elementor-top-column elementor-element elementor-element-ee5c092\" data-id=\"ee5c092\" data-element_type=\"column\">\n\t\t\t<div class=\"elementor-widget-wrap elementor-element-populated\">\n\t\t\t\t\t\t<div class=\"elementor-element elementor-element-9dcdd17 elementor-widget elementor-widget-text-editor\" data-id=\"9dcdd17\" data-element_type=\"widget\" data-widget_type=\"text-editor.default\">\n\t\t\t\t<div class=\"elementor-widget-container\">\n\t\t\t\t\t\t\t\t\t<strong> POLITIQUE DE REMBOURSEMENT <\/strong>\r\n\r\nNous proposons des biens irr\u00e9vocables immat\u00e9riels. En tant que client, vous \u00eates responsable de comprendre cela lors de l&rsquo;achat de tout produit \/ service sur notre site. Cependant, nous vous rembourserons le montant total si vous n&rsquo;\u00eates pas satisfait de nos produits.\r\n\r\n<strong> CONTACTER LE SERVICE CLIENT <\/strong>\r\n\r\n99% des probl\u00e8mes peuvent \u00eatre r\u00e9solus avec un simple email. Nous vous demandons de nous contacter en nous envoyant un e-mail \u00e0 support@socialkings.online0. Notre service client vous r\u00e9pondra dans les 24 \u00e0 48 heures (g\u00e9n\u00e9ralement moins de 24 heures) avec un examen de votre probl\u00e8me et une solution.\r\n\r\n<strong> DEMANDES DE REMBOURSEMENT \u00c9LIGIBLES <\/strong>\r\n<ul>\r\n \t<li>Non-livraison du produit\/service\u00a0: dans certains cas, les d\u00e9lais de traitement sont plus lents et la livraison de votre commande prend un peu plus de temps. Dans ce cas, nous vous recommandons de nous contacter pour obtenir de l&rsquo;aide. Les r\u00e9clamations pour non-livraison doivent \u00eatre soumises par \u00e9crit \u00e0 notre service client dans les 7 jours suivant la commande.<\/li>\r\n \t<li>Produit non conforme \u00e0 la description\u00a0: ces probl\u00e8mes doivent \u00eatre signal\u00e9s \u00e0 notre service client\u00e8le dans les 7\u00a0jours suivant la date d&rsquo;achat. Des preuves claires doivent \u00eatre fournies prouvant que le produit \/ service achet\u00e9 n&rsquo;est pas tel que d\u00e9crit sur le site Web. Les r\u00e9clamations fond\u00e9es uniquement sur les fausses attentes ou souhaits du client ne sont pas honor\u00e9es.<\/li>\r\n \t<li>Le client souhaite annuler le paiement r\u00e9current du produit\/service et est dans les 7 jours suivant le dernier paiement. Si une demande de remboursement est faite apr\u00e8s 7 jours, le client n&rsquo;est pas \u00e9ligible et une annulation sera effectu\u00e9e sur toutes les factures futures. Le client peut continuer \u00e0 b\u00e9n\u00e9ficier du service jusqu&rsquo;\u00e0 la fin de son cycle de facturation, ou opter pour l&rsquo;arr\u00eat imm\u00e9diat du produit\/service.<\/li>\r\n<\/ul>\r\n<strong> ENGAG\u00c9 POUR LA SATISFACTION <\/strong>\r\n\r\nNous soutenons nos produits et sommes fiers de fournir des services d&rsquo;engagement sur les m\u00e9dias sociaux en ligne de la plus haute qualit\u00e9 aujourd&rsquo;hui. Nous ne pouvons pas toujours offrir un remboursement, mais si dans les 7 jours vous n&rsquo;\u00eates pas satisfait de votre commande, contactez-nous simplement et nous trouverons une solution \u00e0 vos pr\u00e9occupations.\t\t\t\t\t\t\t\t<\/div>\n\t\t\t\t<\/div>\n\t\t\t\t\t<\/div>\n\t\t<\/div>\n\t\t\t\t\t<\/div>\n\t\t<\/section>\n\t\t\t\t<\/div>\n\t\t","protected":false},"excerpt":{"rendered":"<p>&#8230;<\/p>\n","protected":false},"author":1,"featured_media":0,"parent":0,"menu_order":0,"comment_status":"closed","ping_status":"closed","template":"","meta":{"footnotes":""},"class_list":["post-43341","page","type-page","status-publish","hentry"],"aioseo_notices":[],"aioseo_head":"\n\t\t<!-- All in One SEO Pro 4.9.5.2 - aioseo.com -->\n\t<meta name=\"description\" content=\"POLITIQUE DE REMBOURSEMENT Nous proposons des biens irr\u00e9vocables immat\u00e9riels. En tant que client, vous \u00eates responsable de comprendre cela lors de l\u2019achat de tout produit \/ service sur notre site. Cependant, nous vous rembourserons le montant total si vous n\u2019\u00eates pas satisfait de nos produits. CONTACTER LE SERVICE CLIENT 99% des probl\u00e8mes peuvent \u00eatre r\u00e9solus\" \/>\n\t<meta name=\"robots\" content=\"max-image-preview:large\" \/>\n\t<link rel=\"canonical\" href=\"https:\/\/socialkings.online\/fr\/politique-de-remboursement\/\" \/>\n\t<meta name=\"generator\" content=\"All in One SEO Pro (AIOSEO) 4.9.5.2\" \/>\n\t\t<meta property=\"og:locale\" content=\"fr_FR\" \/>\n\t\t<meta property=\"og:site_name\" content=\"Social Kings Grow your following \u2192 Boost your Social Network\" \/>\n\t\t<meta property=\"og:type\" content=\"article\" \/>\n\t\t<meta property=\"og:title\" content=\"Politique de remboursement \u2192 Social Kings Grow your following\" \/>\n\t\t<meta property=\"og:description\" content=\"POLITIQUE DE REMBOURSEMENT Nous proposons des biens irr\u00e9vocables immat\u00e9riels. En tant que client, vous \u00eates responsable de comprendre cela lors de l\u2019achat de tout produit \/ service sur notre site. Cependant, nous vous rembourserons le montant total si vous n\u2019\u00eates pas satisfait de nos produits. CONTACTER LE SERVICE CLIENT 99% des probl\u00e8mes peuvent \u00eatre r\u00e9solus\" \/>\n\t\t<meta property=\"og:url\" content=\"https:\/\/socialkings.online\/fr\/politique-de-remboursement\/\" \/>\n\t\t<meta property=\"article:published_time\" content=\"2022-03-30T16:27:30+00:00\" \/>\n\t\t<meta property=\"article:modified_time\" content=\"2023-05-31T05:34:15+00:00\" \/>\n\t\t<meta name=\"twitter:card\" content=\"summary\" \/>\n\t\t<meta name=\"twitter:title\" content=\"Politique de remboursement \u2192 Social Kings Grow your following\" \/>\n\t\t<meta name=\"twitter:description\" content=\"POLITIQUE DE REMBOURSEMENT Nous proposons des biens irr\u00e9vocables immat\u00e9riels. En tant que client, vous \u00eates responsable de comprendre cela lors de l\u2019achat de tout produit \/ service sur notre site. Cependant, nous vous rembourserons le montant total si vous n\u2019\u00eates pas satisfait de nos produits. CONTACTER LE SERVICE CLIENT 99% des probl\u00e8mes peuvent \u00eatre r\u00e9solus\" \/>\n\t\t<script type=\"application\/ld+json\" class=\"aioseo-schema\">\n\t\t\t{\"@context\":\"https:\\\/\\\/schema.org\",\"@graph\":[{\"@type\":\"BreadcrumbList\",\"@id\":\"https:\\\/\\\/socialkings.online\\\/fr\\\/politique-de-remboursement\\\/#breadcrumblist\",\"itemListElement\":[{\"@type\":\"ListItem\",\"@id\":\"https:\\\/\\\/socialkings.online\\\/fr\\\/#listItem\",\"position\":1,\"name\":\"Home\",\"item\":\"https:\\\/\\\/socialkings.online\\\/fr\\\/\",\"nextItem\":{\"@type\":\"ListItem\",\"@id\":\"https:\\\/\\\/socialkings.online\\\/fr\\\/politique-de-remboursement\\\/#listItem\",\"name\":\"Politique de remboursement\"}},{\"@type\":\"ListItem\",\"@id\":\"https:\\\/\\\/socialkings.online\\\/fr\\\/politique-de-remboursement\\\/#listItem\",\"position\":2,\"name\":\"Politique de remboursement\",\"previousItem\":{\"@type\":\"ListItem\",\"@id\":\"https:\\\/\\\/socialkings.online\\\/fr\\\/#listItem\",\"name\":\"Home\"}}]},{\"@type\":\"Organization\",\"@id\":\"https:\\\/\\\/socialkings.online\\\/fr\\\/#organization\",\"name\":\"Social Kings Grow your following\",\"description\":\"Boost your Social Network\",\"url\":\"https:\\\/\\\/socialkings.online\\\/fr\\\/\",\"telephone\":\"+31642021479\",\"logo\":{\"@type\":\"ImageObject\",\"url\":\"https:\\\/\\\/socialkings.online\\\/wp-content\\\/uploads\\\/2023\\\/05\\\/logo-new-purple.png\",\"@id\":\"https:\\\/\\\/socialkings.online\\\/fr\\\/politique-de-remboursement\\\/#organizationLogo\",\"width\":550,\"height\":150},\"image\":{\"@id\":\"https:\\\/\\\/socialkings.online\\\/fr\\\/politique-de-remboursement\\\/#organizationLogo\"}},{\"@type\":\"WebPage\",\"@id\":\"https:\\\/\\\/socialkings.online\\\/fr\\\/politique-de-remboursement\\\/#webpage\",\"url\":\"https:\\\/\\\/socialkings.online\\\/fr\\\/politique-de-remboursement\\\/\",\"name\":\"Politique de remboursement \\u2192 Social Kings Grow your following\",\"description\":\"POLITIQUE DE REMBOURSEMENT Nous proposons des biens irr\\u00e9vocables immat\\u00e9riels. En tant que client, vous \\u00eates responsable de comprendre cela lors de l\\u2019achat de tout produit \\\/ service sur notre site. Cependant, nous vous rembourserons le montant total si vous n\\u2019\\u00eates pas satisfait de nos produits. CONTACTER LE SERVICE CLIENT 99% des probl\\u00e8mes peuvent \\u00eatre r\\u00e9solus\",\"inLanguage\":\"fr-FR\",\"isPartOf\":{\"@id\":\"https:\\\/\\\/socialkings.online\\\/fr\\\/#website\"},\"breadcrumb\":{\"@id\":\"https:\\\/\\\/socialkings.online\\\/fr\\\/politique-de-remboursement\\\/#breadcrumblist\"},\"datePublished\":\"2022-03-30T16:27:30+00:00\",\"dateModified\":\"2023-05-31T05:34:15+00:00\"},{\"@type\":\"WebSite\",\"@id\":\"https:\\\/\\\/socialkings.online\\\/fr\\\/#website\",\"url\":\"https:\\\/\\\/socialkings.online\\\/fr\\\/\",\"name\":\"Social Kings Grow your following\",\"description\":\"Boost your Social Network\",\"inLanguage\":\"fr-FR\",\"publisher\":{\"@id\":\"https:\\\/\\\/socialkings.online\\\/fr\\\/#organization\"}}]}\n\t\t<\/script>\n\t\t<!-- All in One SEO Pro -->\r\n\t\t<title>Politique de remboursement \u2192 Social Kings Grow your following<\/title>\n\n","aioseo_head_json":{"title":"Politique de remboursement \u2192 Social Kings Grow your following","description":"POLITIQUE DE REMBOURSEMENT Nous proposons des biens irr\u00e9vocables immat\u00e9riels. En tant que client, vous \u00eates responsable de comprendre cela lors de l\u2019achat de tout produit \/ service sur notre site. Cependant, nous vous rembourserons le montant total si vous n\u2019\u00eates pas satisfait de nos produits. CONTACTER LE SERVICE CLIENT 99% des probl\u00e8mes peuvent \u00eatre r\u00e9solus","canonical_url":"https:\/\/socialkings.online\/fr\/politique-de-remboursement\/","robots":"max-image-preview:large","keywords":"","webmasterTools":{"miscellaneous":""},"schema":{"@context":"https:\/\/schema.org","@graph":[{"@type":"BreadcrumbList","@id":"https:\/\/socialkings.online\/fr\/politique-de-remboursement\/#breadcrumblist","itemListElement":[{"@type":"ListItem","@id":"https:\/\/socialkings.online\/fr\/#listItem","position":1,"name":"Home","item":"https:\/\/socialkings.online\/fr\/","nextItem":{"@type":"ListItem","@id":"https:\/\/socialkings.online\/fr\/politique-de-remboursement\/#listItem","name":"Politique de remboursement"}},{"@type":"ListItem","@id":"https:\/\/socialkings.online\/fr\/politique-de-remboursement\/#listItem","position":2,"name":"Politique de remboursement","previousItem":{"@type":"ListItem","@id":"https:\/\/socialkings.online\/fr\/#listItem","name":"Home"}}]},{"@type":"Organization","@id":"https:\/\/socialkings.online\/fr\/#organization","name":"Social Kings Grow your following","description":"Boost your Social Network","url":"https:\/\/socialkings.online\/fr\/","telephone":"+31642021479","logo":{"@type":"ImageObject","url":"https:\/\/socialkings.online\/wp-content\/uploads\/2023\/05\/logo-new-purple.png","@id":"https:\/\/socialkings.online\/fr\/politique-de-remboursement\/#organizationLogo","width":550,"height":150},"image":{"@id":"https:\/\/socialkings.online\/fr\/politique-de-remboursement\/#organizationLogo"}},{"@type":"WebPage","@id":"https:\/\/socialkings.online\/fr\/politique-de-remboursement\/#webpage","url":"https:\/\/socialkings.online\/fr\/politique-de-remboursement\/","name":"Politique de remboursement \u2192 Social Kings Grow your following","description":"POLITIQUE DE REMBOURSEMENT Nous proposons des biens irr\u00e9vocables immat\u00e9riels. En tant que client, vous \u00eates responsable de comprendre cela lors de l\u2019achat de tout produit \/ service sur notre site. Cependant, nous vous rembourserons le montant total si vous n\u2019\u00eates pas satisfait de nos produits. CONTACTER LE SERVICE CLIENT 99% des probl\u00e8mes peuvent \u00eatre r\u00e9solus","inLanguage":"fr-FR","isPartOf":{"@id":"https:\/\/socialkings.online\/fr\/#website"},"breadcrumb":{"@id":"https:\/\/socialkings.online\/fr\/politique-de-remboursement\/#breadcrumblist"},"datePublished":"2022-03-30T16:27:30+00:00","dateModified":"2023-05-31T05:34:15+00:00"},{"@type":"WebSite","@id":"https:\/\/socialkings.online\/fr\/#website","url":"https:\/\/socialkings.online\/fr\/","name":"Social Kings Grow your following","description":"Boost your Social Network","inLanguage":"fr-FR","publisher":{"@id":"https:\/\/socialkings.online\/fr\/#organization"}}]},"og:locale":"fr_FR","og:site_name":"Social Kings Grow your following \u2192 Boost your Social Network","og:type":"article","og:title":"Politique de remboursement \u2192 Social Kings Grow your following","og:description":"POLITIQUE DE REMBOURSEMENT Nous proposons des biens irr\u00e9vocables immat\u00e9riels. En tant que client, vous \u00eates responsable de comprendre cela lors de l\u2019achat de tout produit \/ service sur notre site. Cependant, nous vous rembourserons le montant total si vous n\u2019\u00eates pas satisfait de nos produits. CONTACTER LE SERVICE CLIENT 99% des probl\u00e8mes peuvent \u00eatre r\u00e9solus","og:url":"https:\/\/socialkings.online\/fr\/politique-de-remboursement\/","article:published_time":"2022-03-30T16:27:30+00:00","article:modified_time":"2023-05-31T05:34:15+00:00","twitter:card":"summary","twitter:title":"Politique de remboursement \u2192 Social Kings Grow your following","twitter:description":"POLITIQUE DE REMBOURSEMENT Nous proposons des biens irr\u00e9vocables immat\u00e9riels. En tant que client, vous \u00eates responsable de comprendre cela lors de l\u2019achat de tout produit \/ service sur notre site. Cependant, nous vous rembourserons le montant total si vous n\u2019\u00eates pas satisfait de nos produits. CONTACTER LE SERVICE CLIENT 99% des probl\u00e8mes peuvent \u00eatre r\u00e9solus"},"aioseo_meta_data":{"post_id":"43341","title":null,"description":null,"keywords":null,"keyphrases":null,"primary_term":null,"canonical_url":null,"og_title":null,"og_description":null,"og_object_type":"default","og_image_type":"default","og_image_url":null,"og_image_width":null,"og_image_height":null,"og_image_custom_url":null,"og_image_custom_fields":null,"og_video":null,"og_custom_url":null,"og_article_section":null,"og_article_tags":null,"twitter_use_og":false,"twitter_card":"default","twitter_image_type":"default","twitter_image_url":null,"twitter_image_custom_url":null,"twitter_image_custom_fields":null,"twitter_title":null,"twitter_description":null,"schema":{"blockGraphs":[],"customGraphs":[],"default":{"data":{"Article":[],"Course":[],"Dataset":[],"FAQPage":[],"Movie":[],"Person":[],"Product":[],"ProductReview":[],"Car":[],"Recipe":[],"Service":[],"SoftwareApplication":[],"WebPage":[]},"graphName":"","isEnabled":true},"graphs":[]},"schema_type":"default","schema_type_options":null,"pillar_content":false,"robots_default":true,"robots_noindex":false,"robots_noarchive":false,"robots_nosnippet":false,"robots_nofollow":false,"robots_noimageindex":false,"robots_noodp":false,"robots_notranslate":false,"robots_max_snippet":null,"robots_max_videopreview":null,"robots_max_imagepreview":"large","priority":null,"frequency":null,"local_seo":null,"seo_analyzer_scan_date":"2025-08-14 23:48:53","breadcrumb_settings":null,"limit_modified_date":false,"open_ai":null,"ai":null,"created":"2023-06-23 16:35:53","updated":"2025-10-15 20:12:31"},"aioseo_breadcrumb":"<div class=\"aioseo-breadcrumbs\"><span class=\"aioseo-breadcrumb\">\n\t<a href=\"https:\/\/socialkings.online\/fr\/\" title=\"Home\">Home<\/a>\n<\/span><span class=\"aioseo-breadcrumb-separator\">&raquo;<\/span><span class=\"aioseo-breadcrumb\">\n\tPolitique de remboursement\n<\/span><\/div>","aioseo_breadcrumb_json":[{"label":"Home","link":"https:\/\/socialkings.online\/fr\/"},{"label":"Politique de remboursement","link":"https:\/\/socialkings.online\/fr\/politique-de-remboursement\/"}],"_links":{"self":[{"href":"https:\/\/socialkings.online\/fr\/wp-json\/wp\/v2\/pages\/43341","targetHints":{"allow":["GET"]}}],"collection":[{"href":"https:\/\/socialkings.online\/fr\/wp-json\/wp\/v2\/pages"}],"about":[{"href":"https:\/\/socialkings.online\/fr\/wp-json\/wp\/v2\/types\/page"}],"author":[{"embeddable":true,"href":"https:\/\/socialkings.online\/fr\/wp-json\/wp\/v2\/users\/1"}],"replies":[{"embeddable":true,"href":"https:\/\/socialkings.online\/fr\/wp-json\/wp\/v2\/comments?post=43341"}],"version-history":[{"count":0,"href":"https:\/\/socialkings.online\/fr\/wp-json\/wp\/v2\/pages\/43341\/revisions"}],"wp:attachment":[{"href":"https:\/\/socialkings.online\/fr\/wp-json\/wp\/v2\/media?parent=43341"}],"curies":[{"name":"wp","href":"https:\/\/api.w.org\/{rel}","templated":true}]}}