{"id":178634,"date":"2025-01-15T19:00:13","date_gmt":"2025-01-15T19:00:13","guid":{"rendered":"https:\/\/socialkings.online\/pagina-de-inicio-nuevo\/"},"modified":"2025-01-15T19:00:13","modified_gmt":"2025-01-15T19:00:13","slug":"pagina-de-inicio-nuevo","status":"publish","type":"page","link":"https:\/\/socialkings.online\/es\/pagina-de-inicio-nuevo\/","title":{"rendered":"P\u00e1gina de inicio Nuevo"},"content":{"rendered":"\t\t<div data-elementor-type=\"wp-page\" data-elementor-id=\"178634\" class=\"elementor elementor-178634 elementor-88517\" data-elementor-post-type=\"page\">\n\t\t\t\t\t\t<section class=\"elementor-section elementor-top-section elementor-element elementor-element-3ea42b49 elementor-section-stretched elementor-section-content-middle elementor-section-full_width elementor-section-height-default elementor-section-height-default\" data-id=\"3ea42b49\" data-element_type=\"section\" data-settings=\"{&quot;stretch_section&quot;:&quot;section-stretched&quot;}\">\n\t\t\t\t\t\t<div class=\"elementor-container elementor-column-gap-custom\">\n\t\t\t\t\t<div class=\"elementor-column elementor-col-33 elementor-top-column elementor-element elementor-element-582edbe0\" data-id=\"582edbe0\" data-element_type=\"column\" data-settings=\"{&quot;background_background&quot;:&quot;classic&quot;}\">\n\t\t\t<div class=\"elementor-widget-wrap\">\n\t\t\t\t\t\t\t<\/div>\n\t\t<\/div>\n\t\t\t\t<div class=\"elementor-column elementor-col-33 elementor-top-column elementor-element elementor-element-5e854bf6\" data-id=\"5e854bf6\" data-element_type=\"column\" data-settings=\"{&quot;background_background&quot;:&quot;classic&quot;}\">\n\t\t\t<div class=\"elementor-widget-wrap elementor-element-populated\">\n\t\t\t\t\t\t<div class=\"elementor-element elementor-element-44d3c499 elementor-widget elementor-widget-heading\" data-id=\"44d3c499\" data-element_type=\"widget\" data-widget_type=\"heading.default\">\n\t\t\t\t<div class=\"elementor-widget-container\">\n\t\t\t\t\t<h2 class=\"elementor-heading-title elementor-size-default\">desde 2017<\/h2>\t\t\t\t<\/div>\n\t\t\t\t<\/div>\n\t\t\t\t<div class=\"elementor-element elementor-element-11623154 elementor-align-left elementor-widget elementor-widget-etheme_advanced_headline\" data-id=\"11623154\" data-element_type=\"widget\" data-widget_type=\"etheme_advanced_headline.default\">\n\t\t\t\t<div class=\"elementor-widget-container\">\n\t\t\t\t\t        \n        <div class=\"etheme-a-h-wrapper\">\n        \n            \n        <h2 class=\"etheme-advanced-headline\">\n\n            Somos los m\u00e1s grandes<span class=\"etheme-a-h-text\">Centro de Alquiler de Coches<\/span>\n                \n        <\/h2>\n\t\t\n                    \n        <\/div>\n        \n\t\t\t\t\t\t<\/div>\n\t\t\t\t<\/div>\n\t\t\t\t<div class=\"elementor-element elementor-element-07ca6f3 elementor-widget elementor-widget-etheme_animated_headline\" data-id=\"07ca6f3\" data-element_type=\"widget\" data-settings=\"{&quot;text_style&quot;:&quot;animate&quot;,&quot;animation_type&quot;:&quot;slide-down&quot;,&quot;animated_text&quot;:&quot;\\n\\n\\n\\n\\n\\n\\nSeguidores Me gusta Vistas Suscriptores Flujos Fans Comentarios Concienciaci\\u00f3n&quot;}\" data-widget_type=\"etheme_animated_headline.default\">\n\t\t\t\t<div class=\"elementor-widget-container\">\n\t\t\t\t\t        \n        <div class=\"etheme-headline-wrapper\">\n            <h2 class=\"etheme-headline etheme-headline-animation-type-slide-down\" data-style=\"animate\">\n\t\t                        <span class=\"etheme-headline-text-wrapper\">\n                \n\t\t            \n                    <span class=\"etheme-headline-text etheme-headline-text-active\"><\/span><span class=\"etheme-headline-text \"><\/span><span class=\"etheme-headline-text \"><\/span><span class=\"etheme-headline-text \"><\/span><span class=\"etheme-headline-text \"><\/span><span class=\"etheme-headline-text \"><\/span><span class=\"etheme-headline-text \"><\/span><span class=\"etheme-headline-text \">Seguidores&nbsp;Me&nbsp;gusta&nbsp;Vistas&nbsp;Suscriptores&nbsp;Flujos&nbsp;Fans&nbsp;Comentarios&nbsp;Concienciaci\u00f3n<\/span>                \n                <\/span>\n                            <\/h2>\n        <\/div>\n        \n\t\t\t\t\t\t<\/div>\n\t\t\t\t<\/div>\n\t\t\t\t<div class=\"elementor-element elementor-element-35455d10 elementor-widget elementor-widget-text-editor\" data-id=\"35455d10\" data-element_type=\"widget\" data-widget_type=\"text-editor.default\">\n\t\t\t\t<div class=\"elementor-widget-container\">\n\t\t\t\t\t\t\t\t\t\nHay muchas variaciones de pasajes de lorems Ipsum con disponibles, pero la mayor\u00eda han sufrido alteraciones de alguna forma por humores inyectados, o palabras aleatorias que no parecen ni m\u00ednimamente cre\u00edbles. \t\t\t\t\t\t\t\t<\/div>\n\t\t\t\t<\/div>\n\t\t\t\t<section class=\"elementor-section elementor-inner-section elementor-element elementor-element-22be9365 elementor-section-boxed elementor-section-height-default elementor-section-height-default\" data-id=\"22be9365\" data-element_type=\"section\">\n\t\t\t\t\t\t<div class=\"elementor-container elementor-column-gap-custom\">\n\t\t\t\t\t<div class=\"elementor-column elementor-col-33 elementor-inner-column elementor-element elementor-element-f10398c\" data-id=\"f10398c\" data-element_type=\"column\">\n\t\t\t<div class=\"elementor-widget-wrap elementor-element-populated\">\n\t\t\t\t\t\t<div class=\"elementor-element elementor-element-49a9947d elementor-align-left elementor-widget elementor-widget-etheme_icon_box\" data-id=\"49a9947d\" data-element_type=\"widget\" data-settings=\"{&quot;icon_type&quot;:&quot;image&quot;}\" data-widget_type=\"etheme_icon_box.default\">\n\t\t\t\t<div class=\"elementor-widget-container\">\n\t\t\t\t\t\t\t\t<div class=\"etheme-icon-box etheme-icon-box-icon-position-left\">\n        \n                            \n                <div class=\"etheme-icon-box-icon etheme-icon-box-icon-type-image\">\n        \n                <img decoding=\"async\" src=\"https:\/\/socialkings.online\/wp-content\/uploads\/2023\/05\/Icon-3.svg\" title=\"\" alt=\"\" loading=\"lazy\" \/>        \n                <\/div>\n            \n                <div class=\"etheme-icon-box-content\">\n\t\t\n                                        \n                                            <h3 class=\"etheme-icon-box-title\">\n                            <span>25+<\/span>\n                        <\/h3>\n                    \t\t\n                    \n                            \n                <\/div>\n\t\t\t<\/div>\n\t\t\t\t\t\t<\/div>\n\t\t\t\t<\/div>\n\t\t\t\t<div class=\"elementor-element elementor-element-43017f27 elementor-widget elementor-widget-text-editor\" data-id=\"43017f27\" data-element_type=\"widget\" data-widget_type=\"text-editor.default\">\n\t\t\t\t<div class=\"elementor-widget-container\">\n\t\t\t\t\t\t\t\t\t<p>A\u00f1os de experiencia<\/p>\n\t\t\t\t\t\t\t\t<\/div>\n\t\t\t\t<\/div>\n\t\t\t\t\t<\/div>\n\t\t<\/div>\n\t\t\t\t<div class=\"elementor-column elementor-col-33 elementor-inner-column elementor-element elementor-element-300e1d91\" data-id=\"300e1d91\" data-element_type=\"column\">\n\t\t\t<div class=\"elementor-widget-wrap elementor-element-populated\">\n\t\t\t\t\t\t<div class=\"elementor-element elementor-element-33e37c0e elementor-align-left elementor-widget elementor-widget-etheme_icon_box\" data-id=\"33e37c0e\" data-element_type=\"widget\" data-settings=\"{&quot;icon_type&quot;:&quot;image&quot;}\" data-widget_type=\"etheme_icon_box.default\">\n\t\t\t\t<div class=\"elementor-widget-container\">\n\t\t\t\t\t\t\t\t<div class=\"etheme-icon-box etheme-icon-box-icon-position-left\">\n        \n                            \n                <div class=\"etheme-icon-box-icon etheme-icon-box-icon-type-image\">\n        \n                <img decoding=\"async\" src=\"https:\/\/socialkings.online\/wp-content\/uploads\/2023\/05\/Vector.svg\" title=\"\" alt=\"\" loading=\"lazy\" \/>        \n                <\/div>\n            \n                <div class=\"etheme-icon-box-content\">\n\t\t\n                                        \n                                            <h3 class=\"etheme-icon-box-title\">\n                            <span>80+<\/span>\n                        <\/h3>\n                    \t\t\n                    \n                            \n                <\/div>\n\t\t\t<\/div>\n\t\t\t\t\t\t<\/div>\n\t\t\t\t<\/div>\n\t\t\t\t<div class=\"elementor-element elementor-element-317aa63e elementor-widget elementor-widget-text-editor\" data-id=\"317aa63e\" data-element_type=\"widget\" data-widget_type=\"text-editor.default\">\n\t\t\t\t<div class=\"elementor-widget-container\">\n\t\t\t\t\t\t\t\t\t<p>Coche listo para alquilar<\/p>\n\t\t\t\t\t\t\t\t<\/div>\n\t\t\t\t<\/div>\n\t\t\t\t\t<\/div>\n\t\t<\/div>\n\t\t\t\t<div class=\"elementor-column elementor-col-33 elementor-inner-column elementor-element elementor-element-c0f0cdf\" data-id=\"c0f0cdf\" data-element_type=\"column\">\n\t\t\t<div class=\"elementor-widget-wrap elementor-element-populated\">\n\t\t\t\t\t\t<div class=\"elementor-element elementor-element-1bedb29e elementor-align-left elementor-widget elementor-widget-etheme_icon_box\" data-id=\"1bedb29e\" data-element_type=\"widget\" data-settings=\"{&quot;icon_type&quot;:&quot;image&quot;}\" data-widget_type=\"etheme_icon_box.default\">\n\t\t\t\t<div class=\"elementor-widget-container\">\n\t\t\t\t\t\t\t\t<div class=\"etheme-icon-box etheme-icon-box-icon-position-left\">\n        \n                            \n                <div class=\"etheme-icon-box-icon etheme-icon-box-icon-type-image\">\n        \n                <img decoding=\"async\" src=\"https:\/\/socialkings.online\/wp-content\/uploads\/2023\/05\/Icon-1-1.svg\" title=\"\" alt=\"\" loading=\"lazy\" \/>        \n                <\/div>\n            \n                <div class=\"etheme-icon-box-content\">\n\t\t\n                                        \n                                            <h3 class=\"etheme-icon-box-title\">\n                            <span>14+<\/span>\n                        <\/h3>\n                    \t\t\n                    \n                            \n                <\/div>\n\t\t\t<\/div>\n\t\t\t\t\t\t<\/div>\n\t\t\t\t<\/div>\n\t\t\t\t<div class=\"elementor-element elementor-element-69b81b5d elementor-widget elementor-widget-text-editor\" data-id=\"69b81b5d\" data-element_type=\"widget\" data-widget_type=\"text-editor.default\">\n\t\t\t\t<div class=\"elementor-widget-container\">\n\t\t\t\t\t\t\t\t\t<p>Premios empresariales<\/p>\n\t\t\t\t\t\t\t\t<\/div>\n\t\t\t\t<\/div>\n\t\t\t\t\t<\/div>\n\t\t<\/div>\n\t\t\t\t\t<\/div>\n\t\t<\/section>\n\t\t\t\t<div class=\"elementor-element elementor-element-279cc6c6 elementor-widget elementor-widget-text_button\" data-id=\"279cc6c6\" data-element_type=\"widget\" data-widget_type=\"text_button.default\">\n\t\t\t\t<div class=\"elementor-widget-container\">\n\t\t\t\t\t<span class=\"etheme-ajaxify-lazy-wrapper etheme-ajaxify-replace\" data-type=\"elementor\" data-request=\"WyJlbGVtZW50b3IiLDE3ODYzNCwiYmJjYThiZTAiXQ==\"><\/span>\t\t\t\t<\/div>\n\t\t\t\t<\/div>\n\t\t\t\t\t<\/div>\n\t\t<\/div>\n\t\t\t\t<div class=\"elementor-column elementor-col-33 elementor-top-column elementor-element elementor-element-1e7ee351 elementor-hidden-mobile\" data-id=\"1e7ee351\" data-element_type=\"column\">\n\t\t\t<div class=\"elementor-widget-wrap elementor-element-populated\">\n\t\t\t\t\t\t<div class=\"elementor-element elementor-element-a172896 elementor-align-center elementor-widget elementor-widget-lottie\" data-id=\"a172896\" data-element_type=\"widget\" data-settings=\"{&quot;source_json&quot;:{&quot;url&quot;:&quot;https:\\\/\\\/socialkings.online\\\/wp-content\\\/uploads\\\/2021\\\/10\\\/rocket-colored.json&quot;,&quot;id&quot;:88487,&quot;size&quot;:&quot;&quot;,&quot;alt&quot;:&quot;&quot;,&quot;source&quot;:&quot;library&quot;},&quot;source&quot;:&quot;media_file&quot;,&quot;caption_source&quot;:&quot;none&quot;,&quot;link_to&quot;:&quot;none&quot;,&quot;trigger&quot;:&quot;arriving_to_viewport&quot;,&quot;viewport&quot;:{&quot;unit&quot;:&quot;%&quot;,&quot;size&quot;:&quot;&quot;,&quot;sizes&quot;:{&quot;start&quot;:0,&quot;end&quot;:100}},&quot;play_speed&quot;:{&quot;unit&quot;:&quot;px&quot;,&quot;size&quot;:1,&quot;sizes&quot;:[]},&quot;start_point&quot;:{&quot;unit&quot;:&quot;%&quot;,&quot;size&quot;:0,&quot;sizes&quot;:[]},&quot;end_point&quot;:{&quot;unit&quot;:&quot;%&quot;,&quot;size&quot;:100,&quot;sizes&quot;:[]},&quot;renderer&quot;:&quot;svg&quot;}\" data-widget_type=\"lottie.default\">\n\t\t\t\t<div class=\"elementor-widget-container\">\n\t\t\t\t\t<div class=\"e-lottie__container\"><div class=\"e-lottie__animation\"><\/div><\/div>\t\t\t\t<\/div>\n\t\t\t\t<\/div>\n\t\t\t\t\t<\/div>\n\t\t<\/div>\n\t\t\t\t\t<\/div>\n\t\t<\/section>\n\t\t\t\t<\/div>\n\t\t","protected":false},"excerpt":{"rendered":"<p>&#8230;<\/p>\n","protected":false},"author":1,"featured_media":0,"parent":0,"menu_order":0,"comment_status":"closed","ping_status":"closed","template":"","meta":{"footnotes":""},"class_list":["post-178634","page","type-page","status-publish","hentry"],"aioseo_notices":[],"aioseo_head":"\n\t\t<!-- All in One SEO Pro 4.9.6.1 - aioseo.com -->\n\t<meta name=\"description\" content=\"desde 2017 Somos los m\u00e1s grandesCentro de Alquiler de Coches Seguidores Me gusta Vistas Suscriptores Flujos Fans Comentarios Concienciaci\u00f3n Hay muchas variaciones de pasajes de lorems Ipsum con disponibles, pero la mayor\u00eda han sufrido alteraciones de alguna forma por humores inyectados, o palabras aleatorias que no parecen ni m\u00ednimamente cre\u00edbles. 25+ A\u00f1os de experiencia 80+ Coche listo para alquilar 14+ Premios empresariales\" \/>\n\t<meta name=\"robots\" content=\"max-image-preview:large\" \/>\n\t<link rel=\"canonical\" href=\"https:\/\/socialkings.online\/es\/pagina-de-inicio-nuevo\/\" \/>\n\t<meta name=\"generator\" content=\"All in One SEO Pro (AIOSEO) 4.9.6.1\" \/>\n\t\t<meta property=\"og:locale\" content=\"es_ES\" \/>\n\t\t<meta property=\"og:site_name\" content=\"Social Kings Grow your following \u2192 Boost your Social Network\" \/>\n\t\t<meta property=\"og:type\" content=\"article\" \/>\n\t\t<meta property=\"og:title\" content=\"P\u00e1gina de inicio Nuevo \u2192 Social Kings Grow your following\" \/>\n\t\t<meta property=\"og:description\" content=\"desde 2017 Somos los m\u00e1s grandesCentro de Alquiler de Coches Seguidores Me gusta Vistas Suscriptores Flujos Fans Comentarios Concienciaci\u00f3n Hay muchas variaciones de pasajes de lorems Ipsum con disponibles, pero la mayor\u00eda han sufrido alteraciones de alguna forma por humores inyectados, o palabras aleatorias que no parecen ni m\u00ednimamente cre\u00edbles. 25+ A\u00f1os de experiencia 80+ Coche listo para alquilar 14+ Premios empresariales\" \/>\n\t\t<meta property=\"og:url\" content=\"https:\/\/socialkings.online\/es\/pagina-de-inicio-nuevo\/\" \/>\n\t\t<meta property=\"article:published_time\" content=\"2025-01-15T19:00:13+00:00\" \/>\n\t\t<meta property=\"article:modified_time\" content=\"2025-01-15T19:00:13+00:00\" \/>\n\t\t<meta name=\"twitter:card\" content=\"summary\" \/>\n\t\t<meta name=\"twitter:title\" content=\"P\u00e1gina de inicio Nuevo \u2192 Social Kings Grow your following\" \/>\n\t\t<meta name=\"twitter:description\" content=\"desde 2017 Somos los m\u00e1s grandesCentro de Alquiler de Coches Seguidores Me gusta Vistas Suscriptores Flujos Fans Comentarios Concienciaci\u00f3n Hay muchas variaciones de pasajes de lorems Ipsum con disponibles, pero la mayor\u00eda han sufrido alteraciones de alguna forma por humores inyectados, o palabras aleatorias que no parecen ni m\u00ednimamente cre\u00edbles. 25+ A\u00f1os de experiencia 80+ Coche listo para alquilar 14+ Premios empresariales\" \/>\n\t\t<script type=\"application\/ld+json\" class=\"aioseo-schema\">\n\t\t\t{\"@context\":\"https:\\\/\\\/schema.org\",\"@graph\":[{\"@type\":\"BreadcrumbList\",\"@id\":\"https:\\\/\\\/socialkings.online\\\/es\\\/pagina-de-inicio-nuevo\\\/#breadcrumblist\",\"itemListElement\":[{\"@type\":\"ListItem\",\"@id\":\"https:\\\/\\\/socialkings.online\\\/es\\\/#listItem\",\"position\":1,\"name\":\"Home\",\"item\":\"https:\\\/\\\/socialkings.online\\\/es\\\/\",\"nextItem\":{\"@type\":\"ListItem\",\"@id\":\"https:\\\/\\\/socialkings.online\\\/es\\\/pagina-de-inicio-nuevo\\\/#listItem\",\"name\":\"P\\u00e1gina de inicio Nuevo\"}},{\"@type\":\"ListItem\",\"@id\":\"https:\\\/\\\/socialkings.online\\\/es\\\/pagina-de-inicio-nuevo\\\/#listItem\",\"position\":2,\"name\":\"P\\u00e1gina de inicio Nuevo\",\"previousItem\":{\"@type\":\"ListItem\",\"@id\":\"https:\\\/\\\/socialkings.online\\\/es\\\/#listItem\",\"name\":\"Home\"}}]},{\"@type\":\"Organization\",\"@id\":\"https:\\\/\\\/socialkings.online\\\/es\\\/#organization\",\"name\":\"Social Kings Grow your following\",\"description\":\"Boost your Social Network\",\"url\":\"https:\\\/\\\/socialkings.online\\\/es\\\/\",\"telephone\":\"+31642021479\",\"logo\":{\"@type\":\"ImageObject\",\"url\":\"https:\\\/\\\/socialkings.online\\\/wp-content\\\/uploads\\\/2023\\\/05\\\/logo-new-purple.png\",\"@id\":\"https:\\\/\\\/socialkings.online\\\/es\\\/pagina-de-inicio-nuevo\\\/#organizationLogo\",\"width\":550,\"height\":150},\"image\":{\"@id\":\"https:\\\/\\\/socialkings.online\\\/es\\\/pagina-de-inicio-nuevo\\\/#organizationLogo\"}},{\"@type\":\"WebPage\",\"@id\":\"https:\\\/\\\/socialkings.online\\\/es\\\/pagina-de-inicio-nuevo\\\/#webpage\",\"url\":\"https:\\\/\\\/socialkings.online\\\/es\\\/pagina-de-inicio-nuevo\\\/\",\"name\":\"P\\u00e1gina de inicio Nuevo \\u2192 Social Kings Grow your following\",\"description\":\"desde 2017 Somos los m\\u00e1s grandesCentro de Alquiler de Coches Seguidores Me gusta Vistas Suscriptores Flujos Fans Comentarios Concienciaci\\u00f3n Hay muchas variaciones de pasajes de lorems Ipsum con disponibles, pero la mayor\\u00eda han sufrido alteraciones de alguna forma por humores inyectados, o palabras aleatorias que no parecen ni m\\u00ednimamente cre\\u00edbles. 25+ A\\u00f1os de experiencia 80+ Coche listo para alquilar 14+ Premios empresariales\",\"inLanguage\":\"es-ES\",\"isPartOf\":{\"@id\":\"https:\\\/\\\/socialkings.online\\\/es\\\/#website\"},\"breadcrumb\":{\"@id\":\"https:\\\/\\\/socialkings.online\\\/es\\\/pagina-de-inicio-nuevo\\\/#breadcrumblist\"},\"datePublished\":\"2025-01-15T19:00:13+00:00\",\"dateModified\":\"2025-01-15T19:00:13+00:00\"},{\"@type\":\"WebSite\",\"@id\":\"https:\\\/\\\/socialkings.online\\\/es\\\/#website\",\"url\":\"https:\\\/\\\/socialkings.online\\\/es\\\/\",\"name\":\"Social Kings Grow your following\",\"description\":\"Boost your Social Network\",\"inLanguage\":\"es-ES\",\"publisher\":{\"@id\":\"https:\\\/\\\/socialkings.online\\\/es\\\/#organization\"}}]}\n\t\t<\/script>\n\t\t<!-- All in One SEO Pro -->\r\n\t\t<title>P\u00e1gina de inicio Nuevo \u2192 Social Kings Grow your following<\/title>\n\n","aioseo_head_json":{"title":"P\u00e1gina de inicio Nuevo \u2192 Social Kings Grow your following","description":"desde 2017 Somos los m\u00e1s grandesCentro de Alquiler de Coches Seguidores Me gusta Vistas Suscriptores Flujos Fans Comentarios Concienciaci\u00f3n Hay muchas variaciones de pasajes de lorems Ipsum con disponibles, pero la mayor\u00eda han sufrido alteraciones de alguna forma por humores inyectados, o palabras aleatorias que no parecen ni m\u00ednimamente cre\u00edbles. 25+ A\u00f1os de experiencia 80+ Coche listo para alquilar 14+ Premios empresariales","canonical_url":"https:\/\/socialkings.online\/es\/pagina-de-inicio-nuevo\/","robots":"max-image-preview:large","keywords":"","webmasterTools":{"miscellaneous":""},"schema":{"@context":"https:\/\/schema.org","@graph":[{"@type":"BreadcrumbList","@id":"https:\/\/socialkings.online\/es\/pagina-de-inicio-nuevo\/#breadcrumblist","itemListElement":[{"@type":"ListItem","@id":"https:\/\/socialkings.online\/es\/#listItem","position":1,"name":"Home","item":"https:\/\/socialkings.online\/es\/","nextItem":{"@type":"ListItem","@id":"https:\/\/socialkings.online\/es\/pagina-de-inicio-nuevo\/#listItem","name":"P\u00e1gina de inicio Nuevo"}},{"@type":"ListItem","@id":"https:\/\/socialkings.online\/es\/pagina-de-inicio-nuevo\/#listItem","position":2,"name":"P\u00e1gina de inicio Nuevo","previousItem":{"@type":"ListItem","@id":"https:\/\/socialkings.online\/es\/#listItem","name":"Home"}}]},{"@type":"Organization","@id":"https:\/\/socialkings.online\/es\/#organization","name":"Social Kings Grow your following","description":"Boost your Social Network","url":"https:\/\/socialkings.online\/es\/","telephone":"+31642021479","logo":{"@type":"ImageObject","url":"https:\/\/socialkings.online\/wp-content\/uploads\/2023\/05\/logo-new-purple.png","@id":"https:\/\/socialkings.online\/es\/pagina-de-inicio-nuevo\/#organizationLogo","width":550,"height":150},"image":{"@id":"https:\/\/socialkings.online\/es\/pagina-de-inicio-nuevo\/#organizationLogo"}},{"@type":"WebPage","@id":"https:\/\/socialkings.online\/es\/pagina-de-inicio-nuevo\/#webpage","url":"https:\/\/socialkings.online\/es\/pagina-de-inicio-nuevo\/","name":"P\u00e1gina de inicio Nuevo \u2192 Social Kings Grow your following","description":"desde 2017 Somos los m\u00e1s grandesCentro de Alquiler de Coches Seguidores Me gusta Vistas Suscriptores Flujos Fans Comentarios Concienciaci\u00f3n Hay muchas variaciones de pasajes de lorems Ipsum con disponibles, pero la mayor\u00eda han sufrido alteraciones de alguna forma por humores inyectados, o palabras aleatorias que no parecen ni m\u00ednimamente cre\u00edbles. 25+ A\u00f1os de experiencia 80+ Coche listo para alquilar 14+ Premios empresariales","inLanguage":"es-ES","isPartOf":{"@id":"https:\/\/socialkings.online\/es\/#website"},"breadcrumb":{"@id":"https:\/\/socialkings.online\/es\/pagina-de-inicio-nuevo\/#breadcrumblist"},"datePublished":"2025-01-15T19:00:13+00:00","dateModified":"2025-01-15T19:00:13+00:00"},{"@type":"WebSite","@id":"https:\/\/socialkings.online\/es\/#website","url":"https:\/\/socialkings.online\/es\/","name":"Social Kings Grow your following","description":"Boost your Social Network","inLanguage":"es-ES","publisher":{"@id":"https:\/\/socialkings.online\/es\/#organization"}}]},"og:locale":"es_ES","og:site_name":"Social Kings Grow your following \u2192 Boost your Social Network","og:type":"article","og:title":"P\u00e1gina de inicio Nuevo \u2192 Social Kings Grow your following","og:description":"desde 2017 Somos los m\u00e1s grandesCentro de Alquiler de Coches Seguidores Me gusta Vistas Suscriptores Flujos Fans Comentarios Concienciaci\u00f3n Hay muchas variaciones de pasajes de lorems Ipsum con disponibles, pero la mayor\u00eda han sufrido alteraciones de alguna forma por humores inyectados, o palabras aleatorias que no parecen ni m\u00ednimamente cre\u00edbles. 25+ A\u00f1os de experiencia 80+ Coche listo para alquilar 14+ Premios empresariales","og:url":"https:\/\/socialkings.online\/es\/pagina-de-inicio-nuevo\/","article:published_time":"2025-01-15T19:00:13+00:00","article:modified_time":"2025-01-15T19:00:13+00:00","twitter:card":"summary","twitter:title":"P\u00e1gina de inicio Nuevo \u2192 Social Kings Grow your following","twitter:description":"desde 2017 Somos los m\u00e1s grandesCentro de Alquiler de Coches Seguidores Me gusta Vistas Suscriptores Flujos Fans Comentarios Concienciaci\u00f3n Hay muchas variaciones de pasajes de lorems Ipsum con disponibles, pero la mayor\u00eda han sufrido alteraciones de alguna forma por humores inyectados, o palabras aleatorias que no parecen ni m\u00ednimamente cre\u00edbles. 25+ A\u00f1os de experiencia 80+ Coche listo para alquilar 14+ Premios empresariales"},"aioseo_meta_data":{"post_id":"178634","title":null,"description":null,"keywords":null,"keyphrases":null,"primary_term":null,"canonical_url":null,"og_title":null,"og_description":null,"og_object_type":"default","og_image_type":"default","og_image_url":null,"og_image_width":null,"og_image_height":null,"og_image_custom_url":null,"og_image_custom_fields":null,"og_video":null,"og_custom_url":null,"og_article_section":null,"og_article_tags":null,"twitter_use_og":false,"twitter_card":"default","twitter_image_type":"default","twitter_image_url":null,"twitter_image_custom_url":null,"twitter_image_custom_fields":null,"twitter_title":null,"twitter_description":null,"schema":{"blockGraphs":[],"customGraphs":[],"default":{"data":{"Article":[],"Course":[],"Dataset":[],"FAQPage":[],"Movie":[],"Person":[],"Product":[],"ProductReview":[],"Car":[],"Recipe":[],"Service":[],"SoftwareApplication":[],"WebPage":[]},"graphName":"","isEnabled":true},"graphs":[]},"schema_type":"default","schema_type_options":null,"pillar_content":false,"robots_default":true,"robots_noindex":false,"robots_noarchive":false,"robots_nosnippet":false,"robots_nofollow":false,"robots_noimageindex":false,"robots_noodp":false,"robots_notranslate":false,"robots_max_snippet":null,"robots_max_videopreview":null,"robots_max_imagepreview":"large","priority":null,"frequency":null,"local_seo":null,"seo_analyzer_scan_date":"2025-08-15 01:50:58","breadcrumb_settings":null,"limit_modified_date":false,"open_ai":null,"ai":null,"created":"2025-01-15 19:00:13","updated":"2025-08-15 01:50:58"},"aioseo_breadcrumb":"<div class=\"aioseo-breadcrumbs\"><span class=\"aioseo-breadcrumb\">\n\t<a href=\"https:\/\/socialkings.online\/es\/\" title=\"Home\">Home<\/a>\n<\/span><span class=\"aioseo-breadcrumb-separator\">&raquo;<\/span><span class=\"aioseo-breadcrumb\">\n\tP\u00e1gina de inicio Nuevo\n<\/span><\/div>","aioseo_breadcrumb_json":[{"label":"Home","link":"https:\/\/socialkings.online\/es\/"},{"label":"P\u00e1gina de inicio Nuevo","link":"https:\/\/socialkings.online\/es\/pagina-de-inicio-nuevo\/"}],"_links":{"self":[{"href":"https:\/\/socialkings.online\/es\/wp-json\/wp\/v2\/pages\/178634","targetHints":{"allow":["GET"]}}],"collection":[{"href":"https:\/\/socialkings.online\/es\/wp-json\/wp\/v2\/pages"}],"about":[{"href":"https:\/\/socialkings.online\/es\/wp-json\/wp\/v2\/types\/page"}],"author":[{"embeddable":true,"href":"https:\/\/socialkings.online\/es\/wp-json\/wp\/v2\/users\/1"}],"replies":[{"embeddable":true,"href":"https:\/\/socialkings.online\/es\/wp-json\/wp\/v2\/comments?post=178634"}],"version-history":[{"count":0,"href":"https:\/\/socialkings.online\/es\/wp-json\/wp\/v2\/pages\/178634\/revisions"}],"wp:attachment":[{"href":"https:\/\/socialkings.online\/es\/wp-json\/wp\/v2\/media?parent=178634"}],"curies":[{"name":"wp","href":"https:\/\/api.w.org\/{rel}","templated":true}]}}