{"id":178630,"date":"2025-01-15T18:58:49","date_gmt":"2025-01-15T18:58:49","guid":{"rendered":"https:\/\/socialkings.online\/politica-de-devoluciones\/"},"modified":"2025-01-15T18:58:49","modified_gmt":"2025-01-15T18:58:49","slug":"politica-de-devoluciones","status":"publish","type":"page","link":"https:\/\/socialkings.online\/es\/politica-de-devoluciones\/","title":{"rendered":"Pol\u00edtica de devoluciones"},"content":{"rendered":"\t\t<div data-elementor-type=\"wp-page\" data-elementor-id=\"178630\" class=\"elementor elementor-178630 elementor-1017\" data-elementor-post-type=\"page\">\n\t\t\t\t\t\t<section class=\"elementor-section elementor-top-section elementor-element elementor-element-ce00497 elementor-section-boxed elementor-section-height-default elementor-section-height-default\" data-id=\"ce00497\" data-element_type=\"section\">\n\t\t\t\t\t\t<div class=\"elementor-container elementor-column-gap-default\">\n\t\t\t\t\t<div class=\"elementor-column elementor-col-100 elementor-top-column elementor-element elementor-element-ee5c092\" data-id=\"ee5c092\" data-element_type=\"column\">\n\t\t\t<div class=\"elementor-widget-wrap elementor-element-populated\">\n\t\t\t\t\t\t<div class=\"elementor-element elementor-element-9dcdd17 elementor-widget elementor-widget-text-editor\" data-id=\"9dcdd17\" data-element_type=\"widget\" data-widget_type=\"text-editor.default\">\n\t\t\t\t<div class=\"elementor-widget-container\">\n\t\t\t\t\t\t\t\t\t<p><strong>POL\u00cdTICA DE DEVOLUCI\u00d3N<\/strong><\/p>\n<p>Ofrecemos bienes no tangibles irrevocables. Como cliente, eres responsable de comprender esto al comprar cualquier producto\/servicio en nuestro sitio. No obstante, te devolveremos el importe \u00edntegro si no est\u00e1s satisfecho con nuestros productos.  <\/p>\n<p><strong>CONTACTA CON ATENCI\u00d3N AL CLIENTE<\/strong><\/p>\n<p>El 99% de los problemas pueden resolverse con un simple correo electr\u00f3nico. Te rogamos que te pongas en contacto con nosotros envi\u00e1ndonos un correo electr\u00f3nico a support@socialkings.online0. Nuestro Departamento de Atenci\u00f3n al Cliente se pondr\u00e1 en contacto contigo en un plazo de 24-48 (normalmente menos de 24 horas) con una revisi\u00f3n de tu problema y una soluci\u00f3n.  <\/p>\n<p><strong>SOLICITUDES DE DEVOLUCI\u00d3N ADMISIBLES<\/strong><\/p>\n<ul>\n<li>Falta de entrega del producto\/servicio: en algunos casos los tiempos de proceso son m\u00e1s lentos, y puede que tu pedido tarde un poco m\u00e1s en finalizar. En este caso, te recomendamos que te pongas en contacto con nosotros para que te ayudemos. Las reclamaciones por falta de entrega deben presentarse por escrito a nuestro Servicio de Atenci\u00f3n al Cliente en un plazo de 7 d\u00edas desde la realizaci\u00f3n del pedido.  <\/li>\n<li>Producto no conforme a la descripci\u00f3n: estos problemas deben comunicarse a nuestro Servicio de Atenci\u00f3n al Cliente en un plazo de 7 d\u00edas a partir de la fecha de la compra. Deben aportarse pruebas claras que demuestren que el producto\/servicio adquirido no es como se describe en el sitio web. No se aceptar\u00e1n las reclamaciones que se basen \u00fanicamente en falsas expectativas o deseos del cliente.  <\/li>\n<li>El cliente desea cancelar el pago recurrente del producto\/servicio y se encuentra dentro de los 7 d\u00edas siguientes al \u00faltimo pago. Si se solicita un reembolso despu\u00e9s de 7 d\u00edas, el cliente no podr\u00e1 optar a \u00e9l, y se completar\u00e1 una cancelaci\u00f3n en todas las facturaciones futuras. El cliente puede seguir recibiendo el servicio hasta el final de su ciclo de facturaci\u00f3n, u optar por la suspensi\u00f3n inmediata del producto\/servicio.  <\/li>\n<\/ul>\n<p><strong>COMPROMETIDOS CON LA SATISFACCI\u00d3N<\/strong><\/p>\n<p>Respaldamos nuestros productos y estamos orgullosos de ofrecer los servicios de participaci\u00f3n en redes sociales de mayor calidad que existen hoy en d\u00eda. No siempre podemos ofrecerte un reembolso, pero si en un plazo de 7 d\u00edas no est\u00e1s satisfecho con tu pedido, ponte en contacto con nosotros y encontraremos una soluci\u00f3n a tus problemas. <\/p>\t\t\t\t\t\t\t\t<\/div>\n\t\t\t\t<\/div>\n\t\t\t\t\t<\/div>\n\t\t<\/div>\n\t\t\t\t\t<\/div>\n\t\t<\/section>\n\t\t\t\t<\/div>\n\t\t","protected":false},"excerpt":{"rendered":"<p>&#8230;<\/p>\n","protected":false},"author":1,"featured_media":0,"parent":0,"menu_order":0,"comment_status":"closed","ping_status":"closed","template":"","meta":{"footnotes":""},"class_list":["post-178630","page","type-page","status-publish","hentry"],"aioseo_notices":[],"aioseo_head":"\n\t\t<!-- All in One SEO Pro 4.9.6.1 - aioseo.com -->\n\t<meta name=\"description\" content=\"POL\u00cdTICA DE DEVOLUCI\u00d3N Ofrecemos bienes no tangibles irrevocables. Como cliente, eres responsable de comprender esto al comprar cualquier producto\/servicio en nuestro sitio. No obstante, te devolveremos el importe \u00edntegro si no est\u00e1s satisfecho con nuestros productos. CONTACTA CON ATENCI\u00d3N AL CLIENTE El 99% de los problemas pueden resolverse con un simple correo electr\u00f3nico. Te rogamos\" \/>\n\t<meta name=\"robots\" content=\"max-image-preview:large\" \/>\n\t<link rel=\"canonical\" href=\"https:\/\/socialkings.online\/es\/politica-de-devoluciones\/\" \/>\n\t<meta name=\"generator\" content=\"All in One SEO Pro (AIOSEO) 4.9.6.1\" \/>\n\t\t<meta property=\"og:locale\" content=\"es_ES\" \/>\n\t\t<meta property=\"og:site_name\" content=\"Social Kings Grow your following \u2192 Boost your Social Network\" \/>\n\t\t<meta property=\"og:type\" content=\"article\" \/>\n\t\t<meta property=\"og:title\" content=\"Pol\u00edtica de devoluciones \u2192 Social Kings Grow your following\" \/>\n\t\t<meta property=\"og:description\" content=\"POL\u00cdTICA DE DEVOLUCI\u00d3N Ofrecemos bienes no tangibles irrevocables. Como cliente, eres responsable de comprender esto al comprar cualquier producto\/servicio en nuestro sitio. No obstante, te devolveremos el importe \u00edntegro si no est\u00e1s satisfecho con nuestros productos. CONTACTA CON ATENCI\u00d3N AL CLIENTE El 99% de los problemas pueden resolverse con un simple correo electr\u00f3nico. Te rogamos\" \/>\n\t\t<meta property=\"og:url\" content=\"https:\/\/socialkings.online\/es\/politica-de-devoluciones\/\" \/>\n\t\t<meta property=\"article:published_time\" content=\"2025-01-15T18:58:49+00:00\" \/>\n\t\t<meta property=\"article:modified_time\" content=\"2025-01-15T18:58:49+00:00\" \/>\n\t\t<meta name=\"twitter:card\" content=\"summary\" \/>\n\t\t<meta name=\"twitter:title\" content=\"Pol\u00edtica de devoluciones \u2192 Social Kings Grow your following\" \/>\n\t\t<meta name=\"twitter:description\" content=\"POL\u00cdTICA DE DEVOLUCI\u00d3N Ofrecemos bienes no tangibles irrevocables. Como cliente, eres responsable de comprender esto al comprar cualquier producto\/servicio en nuestro sitio. No obstante, te devolveremos el importe \u00edntegro si no est\u00e1s satisfecho con nuestros productos. CONTACTA CON ATENCI\u00d3N AL CLIENTE El 99% de los problemas pueden resolverse con un simple correo electr\u00f3nico. Te rogamos\" \/>\n\t\t<script type=\"application\/ld+json\" class=\"aioseo-schema\">\n\t\t\t{\"@context\":\"https:\\\/\\\/schema.org\",\"@graph\":[{\"@type\":\"BreadcrumbList\",\"@id\":\"https:\\\/\\\/socialkings.online\\\/es\\\/politica-de-devoluciones\\\/#breadcrumblist\",\"itemListElement\":[{\"@type\":\"ListItem\",\"@id\":\"https:\\\/\\\/socialkings.online\\\/es\\\/#listItem\",\"position\":1,\"name\":\"Home\",\"item\":\"https:\\\/\\\/socialkings.online\\\/es\\\/\",\"nextItem\":{\"@type\":\"ListItem\",\"@id\":\"https:\\\/\\\/socialkings.online\\\/es\\\/politica-de-devoluciones\\\/#listItem\",\"name\":\"Pol\\u00edtica de devoluciones\"}},{\"@type\":\"ListItem\",\"@id\":\"https:\\\/\\\/socialkings.online\\\/es\\\/politica-de-devoluciones\\\/#listItem\",\"position\":2,\"name\":\"Pol\\u00edtica de devoluciones\",\"previousItem\":{\"@type\":\"ListItem\",\"@id\":\"https:\\\/\\\/socialkings.online\\\/es\\\/#listItem\",\"name\":\"Home\"}}]},{\"@type\":\"Organization\",\"@id\":\"https:\\\/\\\/socialkings.online\\\/es\\\/#organization\",\"name\":\"Social Kings Grow your following\",\"description\":\"Boost your Social Network\",\"url\":\"https:\\\/\\\/socialkings.online\\\/es\\\/\",\"telephone\":\"+31642021479\",\"logo\":{\"@type\":\"ImageObject\",\"url\":\"https:\\\/\\\/socialkings.online\\\/wp-content\\\/uploads\\\/2023\\\/05\\\/logo-new-purple.png\",\"@id\":\"https:\\\/\\\/socialkings.online\\\/es\\\/politica-de-devoluciones\\\/#organizationLogo\",\"width\":550,\"height\":150},\"image\":{\"@id\":\"https:\\\/\\\/socialkings.online\\\/es\\\/politica-de-devoluciones\\\/#organizationLogo\"}},{\"@type\":\"WebPage\",\"@id\":\"https:\\\/\\\/socialkings.online\\\/es\\\/politica-de-devoluciones\\\/#webpage\",\"url\":\"https:\\\/\\\/socialkings.online\\\/es\\\/politica-de-devoluciones\\\/\",\"name\":\"Pol\\u00edtica de devoluciones \\u2192 Social Kings Grow your following\",\"description\":\"POL\\u00cdTICA DE DEVOLUCI\\u00d3N Ofrecemos bienes no tangibles irrevocables. Como cliente, eres responsable de comprender esto al comprar cualquier producto\\\/servicio en nuestro sitio. No obstante, te devolveremos el importe \\u00edntegro si no est\\u00e1s satisfecho con nuestros productos. CONTACTA CON ATENCI\\u00d3N AL CLIENTE El 99% de los problemas pueden resolverse con un simple correo electr\\u00f3nico. Te rogamos\",\"inLanguage\":\"es-ES\",\"isPartOf\":{\"@id\":\"https:\\\/\\\/socialkings.online\\\/es\\\/#website\"},\"breadcrumb\":{\"@id\":\"https:\\\/\\\/socialkings.online\\\/es\\\/politica-de-devoluciones\\\/#breadcrumblist\"},\"datePublished\":\"2025-01-15T18:58:49+00:00\",\"dateModified\":\"2025-01-15T18:58:49+00:00\"},{\"@type\":\"WebSite\",\"@id\":\"https:\\\/\\\/socialkings.online\\\/es\\\/#website\",\"url\":\"https:\\\/\\\/socialkings.online\\\/es\\\/\",\"name\":\"Social Kings Grow your following\",\"description\":\"Boost your Social Network\",\"inLanguage\":\"es-ES\",\"publisher\":{\"@id\":\"https:\\\/\\\/socialkings.online\\\/es\\\/#organization\"}}]}\n\t\t<\/script>\n\t\t<!-- All in One SEO Pro -->\r\n\t\t<title>Pol\u00edtica de devoluciones \u2192 Social Kings Grow your following<\/title>\n\n","aioseo_head_json":{"title":"Pol\u00edtica de devoluciones \u2192 Social Kings Grow your following","description":"POL\u00cdTICA DE DEVOLUCI\u00d3N Ofrecemos bienes no tangibles irrevocables. Como cliente, eres responsable de comprender esto al comprar cualquier producto\/servicio en nuestro sitio. No obstante, te devolveremos el importe \u00edntegro si no est\u00e1s satisfecho con nuestros productos. CONTACTA CON ATENCI\u00d3N AL CLIENTE El 99% de los problemas pueden resolverse con un simple correo electr\u00f3nico. Te rogamos","canonical_url":"https:\/\/socialkings.online\/es\/politica-de-devoluciones\/","robots":"max-image-preview:large","keywords":"","webmasterTools":{"miscellaneous":""},"schema":{"@context":"https:\/\/schema.org","@graph":[{"@type":"BreadcrumbList","@id":"https:\/\/socialkings.online\/es\/politica-de-devoluciones\/#breadcrumblist","itemListElement":[{"@type":"ListItem","@id":"https:\/\/socialkings.online\/es\/#listItem","position":1,"name":"Home","item":"https:\/\/socialkings.online\/es\/","nextItem":{"@type":"ListItem","@id":"https:\/\/socialkings.online\/es\/politica-de-devoluciones\/#listItem","name":"Pol\u00edtica de devoluciones"}},{"@type":"ListItem","@id":"https:\/\/socialkings.online\/es\/politica-de-devoluciones\/#listItem","position":2,"name":"Pol\u00edtica de devoluciones","previousItem":{"@type":"ListItem","@id":"https:\/\/socialkings.online\/es\/#listItem","name":"Home"}}]},{"@type":"Organization","@id":"https:\/\/socialkings.online\/es\/#organization","name":"Social Kings Grow your following","description":"Boost your Social Network","url":"https:\/\/socialkings.online\/es\/","telephone":"+31642021479","logo":{"@type":"ImageObject","url":"https:\/\/socialkings.online\/wp-content\/uploads\/2023\/05\/logo-new-purple.png","@id":"https:\/\/socialkings.online\/es\/politica-de-devoluciones\/#organizationLogo","width":550,"height":150},"image":{"@id":"https:\/\/socialkings.online\/es\/politica-de-devoluciones\/#organizationLogo"}},{"@type":"WebPage","@id":"https:\/\/socialkings.online\/es\/politica-de-devoluciones\/#webpage","url":"https:\/\/socialkings.online\/es\/politica-de-devoluciones\/","name":"Pol\u00edtica de devoluciones \u2192 Social Kings Grow your following","description":"POL\u00cdTICA DE DEVOLUCI\u00d3N Ofrecemos bienes no tangibles irrevocables. Como cliente, eres responsable de comprender esto al comprar cualquier producto\/servicio en nuestro sitio. No obstante, te devolveremos el importe \u00edntegro si no est\u00e1s satisfecho con nuestros productos. CONTACTA CON ATENCI\u00d3N AL CLIENTE El 99% de los problemas pueden resolverse con un simple correo electr\u00f3nico. Te rogamos","inLanguage":"es-ES","isPartOf":{"@id":"https:\/\/socialkings.online\/es\/#website"},"breadcrumb":{"@id":"https:\/\/socialkings.online\/es\/politica-de-devoluciones\/#breadcrumblist"},"datePublished":"2025-01-15T18:58:49+00:00","dateModified":"2025-01-15T18:58:49+00:00"},{"@type":"WebSite","@id":"https:\/\/socialkings.online\/es\/#website","url":"https:\/\/socialkings.online\/es\/","name":"Social Kings Grow your following","description":"Boost your Social Network","inLanguage":"es-ES","publisher":{"@id":"https:\/\/socialkings.online\/es\/#organization"}}]},"og:locale":"es_ES","og:site_name":"Social Kings Grow your following \u2192 Boost your Social Network","og:type":"article","og:title":"Pol\u00edtica de devoluciones \u2192 Social Kings Grow your following","og:description":"POL\u00cdTICA DE DEVOLUCI\u00d3N Ofrecemos bienes no tangibles irrevocables. Como cliente, eres responsable de comprender esto al comprar cualquier producto\/servicio en nuestro sitio. No obstante, te devolveremos el importe \u00edntegro si no est\u00e1s satisfecho con nuestros productos. CONTACTA CON ATENCI\u00d3N AL CLIENTE El 99% de los problemas pueden resolverse con un simple correo electr\u00f3nico. Te rogamos","og:url":"https:\/\/socialkings.online\/es\/politica-de-devoluciones\/","article:published_time":"2025-01-15T18:58:49+00:00","article:modified_time":"2025-01-15T18:58:49+00:00","twitter:card":"summary","twitter:title":"Pol\u00edtica de devoluciones \u2192 Social Kings Grow your following","twitter:description":"POL\u00cdTICA DE DEVOLUCI\u00d3N Ofrecemos bienes no tangibles irrevocables. Como cliente, eres responsable de comprender esto al comprar cualquier producto\/servicio en nuestro sitio. No obstante, te devolveremos el importe \u00edntegro si no est\u00e1s satisfecho con nuestros productos. CONTACTA CON ATENCI\u00d3N AL CLIENTE El 99% de los problemas pueden resolverse con un simple correo electr\u00f3nico. Te rogamos"},"aioseo_meta_data":{"post_id":"178630","title":null,"description":null,"keywords":null,"keyphrases":null,"primary_term":null,"canonical_url":null,"og_title":null,"og_description":null,"og_object_type":"default","og_image_type":"default","og_image_url":null,"og_image_width":null,"og_image_height":null,"og_image_custom_url":null,"og_image_custom_fields":null,"og_video":null,"og_custom_url":null,"og_article_section":null,"og_article_tags":null,"twitter_use_og":false,"twitter_card":"default","twitter_image_type":"default","twitter_image_url":null,"twitter_image_custom_url":null,"twitter_image_custom_fields":null,"twitter_title":null,"twitter_description":null,"schema":{"blockGraphs":[],"customGraphs":[],"default":{"data":{"Article":[],"Course":[],"Dataset":[],"FAQPage":[],"Movie":[],"Person":[],"Product":[],"ProductReview":[],"Car":[],"Recipe":[],"Service":[],"SoftwareApplication":[],"WebPage":[]},"graphName":"WebPage","isEnabled":true},"graphs":[]},"schema_type":"default","schema_type_options":null,"pillar_content":false,"robots_default":true,"robots_noindex":false,"robots_noarchive":false,"robots_nosnippet":false,"robots_nofollow":false,"robots_noimageindex":false,"robots_noodp":false,"robots_notranslate":false,"robots_max_snippet":null,"robots_max_videopreview":null,"robots_max_imagepreview":"large","priority":null,"frequency":null,"local_seo":null,"seo_analyzer_scan_date":"2025-08-15 01:50:54","breadcrumb_settings":null,"limit_modified_date":false,"open_ai":null,"ai":null,"created":"2025-01-15 18:58:49","updated":"2025-08-15 01:50:54"},"aioseo_breadcrumb":"<div class=\"aioseo-breadcrumbs\"><span class=\"aioseo-breadcrumb\">\n\t<a href=\"https:\/\/socialkings.online\/es\/\" title=\"Home\">Home<\/a>\n<\/span><span class=\"aioseo-breadcrumb-separator\">&raquo;<\/span><span class=\"aioseo-breadcrumb\">\n\tPol\u00edtica de devoluciones\n<\/span><\/div>","aioseo_breadcrumb_json":[{"label":"Home","link":"https:\/\/socialkings.online\/es\/"},{"label":"Pol\u00edtica de devoluciones","link":"https:\/\/socialkings.online\/es\/politica-de-devoluciones\/"}],"_links":{"self":[{"href":"https:\/\/socialkings.online\/es\/wp-json\/wp\/v2\/pages\/178630","targetHints":{"allow":["GET"]}}],"collection":[{"href":"https:\/\/socialkings.online\/es\/wp-json\/wp\/v2\/pages"}],"about":[{"href":"https:\/\/socialkings.online\/es\/wp-json\/wp\/v2\/types\/page"}],"author":[{"embeddable":true,"href":"https:\/\/socialkings.online\/es\/wp-json\/wp\/v2\/users\/1"}],"replies":[{"embeddable":true,"href":"https:\/\/socialkings.online\/es\/wp-json\/wp\/v2\/comments?post=178630"}],"version-history":[{"count":0,"href":"https:\/\/socialkings.online\/es\/wp-json\/wp\/v2\/pages\/178630\/revisions"}],"wp:attachment":[{"href":"https:\/\/socialkings.online\/es\/wp-json\/wp\/v2\/media?parent=178630"}],"curies":[{"name":"wp","href":"https:\/\/api.w.org\/{rel}","templated":true}]}}