{"id":178623,"date":"2025-01-15T18:57:14","date_gmt":"2025-01-15T18:57:14","guid":{"rendered":"https:\/\/socialkings.online\/politica-de-privacidad\/"},"modified":"2025-01-15T18:57:15","modified_gmt":"2025-01-15T18:57:15","slug":"politica-de-privacidad","status":"publish","type":"page","link":"https:\/\/socialkings.online\/es\/politica-de-privacidad\/","title":{"rendered":"Pol\u00edtica de privacidad"},"content":{"rendered":"\n<p><strong>Pol\u00edtica de privacidad<\/strong><\/p>\n\n<p>SocialKings es responsable del tratamiento de los datos personales reflejados en esta declaraci\u00f3n de privacidad. Contacta con el Responsable de Protecci\u00f3n de Datos: <\/p>\n\n<p>SocialKings\u00a9<\/p>\n\n<p>Smidslaantje 51<\/p>\n\n<p>8426DC Appelscha<\/p>\n\n<p>C\u00e1mara de Comercio n\u00ba: 64464105<\/p>\n\n<p>N\u00famero de IVA: NL002250971B75<\/p>\n\n<p>+316 4202 1479<\/p>\n\n<p>support@socialkings.online<\/p>\n\n<p><\/p>\n\n<p><br\/><br\/>D<strong>atos personales que procesamos<\/strong> SocialKings procesa tus datos personales porque utilizas nuestros servicios y\/o porque t\u00fa mismo nos proporcionas estos datos. A continuaci\u00f3n encontrar\u00e1s un resumen de los datos personales que procesamos:<\/p>\n\n<ul class=\"wp-block-list\"><li><strong>Nombre de usuario<\/strong> &#8211; Lo necesitamos para entregar y verificar el pedido.<\/li><li><strong>N\u00famero inicial de me gusta o seguidores<\/strong> &#8211; Nos permite comprobar si los pedidos se han entregado (en su totalidad).<\/li><li><strong>Direcci\u00f3n IP<\/strong> &#8211; Se utiliza para evitar abusos o fraudes<\/li><li>Direcci\u00f3n de correo electr\u00f3nico &#8211; la utilizamos para informarte sobre tu pedido<\/li><\/ul>\n\n<p><br\/>D<strong>atos personales especiales y\/o sensibles que tratamos<\/strong> Nuestro sitio web y\/o servicio no pretende recoger datos de visitantes del sitio web menores de 16 a\u00f1os. A menos que tengan permiso de sus padres o tutores. Sin embargo, no podemos verificar si un visitante es mayor de 16 a\u00f1os. Por lo tanto, aconsejamos a los padres que se impliquen en las actividades en l\u00ednea de sus hijos para evitar la recogida de datos de menores sin el consentimiento paterno. Si est\u00e1s convencido de que hemos recopilado datos personales de un menor sin dicho consentimiento, ponte en contacto con nosotros en support@socialkings.online y eliminaremos esta informaci\u00f3n.    <\/p>\n\n<p><br\/><br\/>C<strong>on qu\u00e9 finalidad y en base a qu\u00e9 tratamos los datos personales<\/strong> SocialKings trata tus datos personales con las siguientes finalidades: &#8211; Entregarte bienes y servicios<\/p>\n\n<p><br\/>C<strong>u\u00e1nto tiempo conservamos<\/strong> los datos personales SocialKings no conservar\u00e1 tus datos personales durante m\u00e1s tiempo del estrictamente necesario para cumplir los fines para los que se recogieron tus datos. Utilizamos los siguientes periodos de conservaci\u00f3n para las siguientes (categor\u00edas de) datos personales: (Categor\u00eda de) datos personales  &gt;  Periodo de conservaci\u00f3n  &gt;  Raz\u00f3n Personalia  &gt;  Periodo de conservaci\u00f3n  &gt;  Motivo Direcci\u00f3n  &gt;  Periodo de conservaci\u00f3n  &gt;  Raz\u00f3n Etc.  &gt;  Periodo de conservaci\u00f3n  &gt;  Raz\u00f3n<\/p>\n\n<p><br\/>C<strong>ompartir datos personales con terceros<\/strong> SocialKings s\u00f3lo proporciona datos personales a terceros y s\u00f3lo cuando es necesario para el cumplimiento de nuestro acuerdo contigo o para cumplir una obligaci\u00f3n legal.<\/p>\n\n<p><br\/>V<strong>er, rectificar o suprimir datos<\/strong> Tienes derecho a ver, rectificar o suprimir tus datos personales. Adem\u00e1s, tienes derecho a retirar tu posible consentimiento al tratamiento de datos u oponerte al tratamiento de tus datos personales por SocialKings y tienes derecho a la portabilidad de datos. Esto significa que puedes presentarnos una solicitud para que te enviemos los datos personales que tenemos sobre ti en un archivo inform\u00e1tico a ti o a otra organizaci\u00f3n nombrada por ti. Puedes enviar una solicitud de inspecci\u00f3n, rectificaci\u00f3n, supresi\u00f3n, transferencia de tus datos personales o una solicitud para retirar tu consentimiento u oponerte al tratamiento de tus datos personales a support@socialkings.online. Para asegurarnos de que la solicitud de inspecci\u00f3n la realizas t\u00fa, te pedimos que env\u00edes una copia de tu documento de identidad junto con la solicitud. En esta copia, tacha la foto de tu pasaporte, la MRZ (zona legible por m\u00e1quina, la franja de n\u00fameros en la parte inferior del pasaporte), el n\u00famero de pasaporte y el N\u00famero de Atenci\u00f3n al Ciudadano (BSN). Esto es para proteger tu intimidad. Responderemos a tu solicitud lo antes posible, pero en un plazo m\u00e1ximo de cuatro semanas. Nure\u00a9 tambi\u00e9n desea se\u00f1alar que tienes la opci\u00f3n de presentar una reclamaci\u00f3n ante la autoridad nacional de control, la Autoridad de Datos Personales. Puedes hacerlo a trav\u00e9s del siguiente enlace: https:\/\/autoriteitpersoonsgegevens.nl\/nl\/contact-met-de-autoriteit-persoonsgegevens\/tip-ons         <\/p>\n\n<p><br\/>C<strong>\u00f3mo protegemos los datos personales<\/strong> Turbogrm ltd se toma en serio la protecci\u00f3n de tus datos y adopta las medidas adecuadas para protegerlos contra el uso indebido, la p\u00e9rdida, el acceso no autorizado, la divulgaci\u00f3n no deseada y la modificaci\u00f3n no autorizada. Si a pesar de ello crees que tus datos no est\u00e1n debidamente protegidos o hay indicios de uso indebido, ponte en contacto con nuestro servicio de atenci\u00f3n al cliente o a trav\u00e9s de support@socialkings.online. <\/p>\n\n<p><br\/>C<strong>ookies<\/strong> En este sitio web s\u00f3lo se utiliza una cookie de Analytics.<\/p>\n\n<p><br\/>L<strong>egislaci\u00f3n sobre privacidad y Analytics<\/strong> Como se describe m\u00e1s adelante en la declaraci\u00f3n oficial que los usuarios de Google Analytics deben colocar en sus sitios web, este sitio web utiliza Google Analytics. Este programa proporciona estad\u00edsticas importantes sobre el n\u00famero de visitantes, p\u00e1ginas visitadas, fuentes de tr\u00e1fico y otra informaci\u00f3n esencial que nos permite mejorar continuamente este sitio web para los usuarios. Estas estad\u00edsticas son an\u00f3nimas y no pueden ser rastreadas hasta una persona o usuario concreto. No se hace uso de la segmentaci\u00f3n por comportamiento que te muestra contenido especial basado en tu comportamiento al hacer clic; tu comportamiento de navegaci\u00f3n permanece completamente an\u00f3nimo. Los datos de los formularios de contacto nunca se procesan ni se almacenan en Analytics.    <\/p>\n\n<p>Google Analytics utiliza una cookie, que es un peque\u00f1o archivo que se almacena en tu ordenador. Hemos configurado Google Analytics de acuerdo con la legislaci\u00f3n sobre privacidad, por lo que no se requiere el consentimiento previo del usuario. <\/p>\n\n<p><br\/>Las <strong>direcciones IP est\u00e1n enmascaradas y los datos no se comparten<\/strong> La cookie de Google Analytics es una \u00abcookie de primera parte\u00bb, lo que significa que la cookie es propiedad oficial de Hayona y no de Google. Esta cookie no se utiliza con fines publicitarios u otros fines comerciales. Hayona tiene un acuerdo de procesamiento con Google. Adem\u00e1s, Google Analytics est\u00e1 configurado para anonimizar las direcciones IP de modo que los datos nunca puedan ser rastreados hasta ti o tu direcci\u00f3n IP. Adem\u00e1s, desde la cuenta de Analytics de Hayona no se comparte ninguna informaci\u00f3n con Google ni con otras partes. Como tal, la cookie Analytics de Hayona es una cookie de origen no sensible a la privacidad necesaria para garantizar la calidad y seguridad de hayona.es. La cookie de Analytics tiene una validez de 6 meses.      <\/p>\n\n<p><br\/>E<strong>xclusi\u00f3n<\/strong> Si prefieres bloquear completamente el script de Analytics, puedes descargar un plugin de exclusi\u00f3n para Google Analytics aqu\u00ed: https:\/\/tools.google.com\/dlpage\/gaoptout. Con este plugin, tu visita ya no cuenta en las estad\u00edsticas de todos los sitios web que utilizan Google Analytics.<\/p>\n\n<p><br\/>G<strong>oogle Analytics &#8211; declaraci\u00f3n de Google<\/strong> Este sitio web utiliza Google Analytics, un servicio anal\u00edtico de web prestado por Google Inc (\u00abGoogle\u00bb). Google Analytics utiliza \u00abcookies\u00bb (archivos de texto ubicados en tu ordenador) para ayudar al website a analizar el uso que hacen los usuarios del sitio web. La informaci\u00f3n an\u00f3nima que genera la cookie acerca de tu uso del sitio web se transmite a un servidor de Google en Estados Unidos, donde se almacena. Google usar\u00e1 esta informaci\u00f3n para rastrear c\u00f3mo se utiliza este sitio web, recopilando informes de la actividad del sitio web para el propietario de este sitio web (Hayona BV) y prestando otros servicios relacionados con la actividad del sitio web y el uso de Internet. Google s\u00f3lo puede proporcionar esta informaci\u00f3n a terceros si Google est\u00e1 legalmente obligado a hacerlo, o en la medida en que estos terceros procesen la informaci\u00f3n en nombre de Google. Google no combinar\u00e1 tu direcci\u00f3n IP con ning\u00fan otro dato del que disponga Google. Puedes rechazar el uso de cookies seleccionando la configuraci\u00f3n apropiada en tu navegador. Sin embargo, ten en cuenta que en este caso es posible que no puedas utilizar todas las funciones de este sitio web. Al utilizar este sitio web, consientes el tratamiento de informaci\u00f3n por Google en la forma y para los fines arriba indicados.         <\/p>\n\n<p><strong>Pagos<\/strong><\/p>\n\n<p>Los pagos son procesados por Stripe.<\/p>\n","protected":false},"excerpt":{"rendered":"<p>&#8230;<\/p>\n","protected":false},"author":1,"featured_media":0,"parent":0,"menu_order":0,"comment_status":"closed","ping_status":"open","template":"","meta":{"footnotes":""},"class_list":["post-178623","page","type-page","status-publish","hentry"],"aioseo_notices":[],"aioseo_head":"\n\t\t<!-- All in One SEO Pro 4.9.5.2 - aioseo.com -->\n\t<meta name=\"description\" content=\"Pol\u00edtica de privacidad SocialKings es responsable del tratamiento de los datos personales reflejados en esta declaraci\u00f3n de privacidad. Contacta con el Responsable de Protecci\u00f3n de Datos: SocialKings\u00a9 Smidslaantje 51 8426DC Appelscha C\u00e1mara de Comercio n\u00ba: 64464105 N\u00famero de IVA: NL002250971B75 +316 4202 1479 support@socialkings.online Datos personales que procesamos SocialKings procesa tus datos personales porque utilizas\" \/>\n\t<meta name=\"robots\" content=\"max-image-preview:large\" \/>\n\t<link rel=\"canonical\" href=\"https:\/\/socialkings.online\/es\/politica-de-privacidad\/\" \/>\n\t<meta name=\"generator\" content=\"All in One SEO Pro (AIOSEO) 4.9.5.2\" \/>\n\t\t<meta property=\"og:locale\" content=\"es_ES\" \/>\n\t\t<meta property=\"og:site_name\" content=\"Social Kings Grow your following \u2192 Boost your Social Network\" \/>\n\t\t<meta property=\"og:type\" content=\"article\" \/>\n\t\t<meta property=\"og:title\" content=\"Pol\u00edtica de privacidad \u2192 Social Kings Grow your following\" \/>\n\t\t<meta property=\"og:description\" content=\"Pol\u00edtica de privacidad SocialKings es responsable del tratamiento de los datos personales reflejados en esta declaraci\u00f3n de privacidad. Contacta con el Responsable de Protecci\u00f3n de Datos: SocialKings\u00a9 Smidslaantje 51 8426DC Appelscha C\u00e1mara de Comercio n\u00ba: 64464105 N\u00famero de IVA: NL002250971B75 +316 4202 1479 support@socialkings.online Datos personales que procesamos SocialKings procesa tus datos personales porque utilizas\" \/>\n\t\t<meta property=\"og:url\" content=\"https:\/\/socialkings.online\/es\/politica-de-privacidad\/\" \/>\n\t\t<meta property=\"article:published_time\" content=\"2025-01-15T18:57:14+00:00\" \/>\n\t\t<meta property=\"article:modified_time\" content=\"2025-01-15T18:57:15+00:00\" \/>\n\t\t<meta name=\"twitter:card\" content=\"summary\" \/>\n\t\t<meta name=\"twitter:title\" content=\"Pol\u00edtica de privacidad \u2192 Social Kings Grow your following\" \/>\n\t\t<meta name=\"twitter:description\" content=\"Pol\u00edtica de privacidad SocialKings es responsable del tratamiento de los datos personales reflejados en esta declaraci\u00f3n de privacidad. Contacta con el Responsable de Protecci\u00f3n de Datos: SocialKings\u00a9 Smidslaantje 51 8426DC Appelscha C\u00e1mara de Comercio n\u00ba: 64464105 N\u00famero de IVA: NL002250971B75 +316 4202 1479 support@socialkings.online Datos personales que procesamos SocialKings procesa tus datos personales porque utilizas\" \/>\n\t\t<script type=\"application\/ld+json\" class=\"aioseo-schema\">\n\t\t\t{\"@context\":\"https:\\\/\\\/schema.org\",\"@graph\":[{\"@type\":\"BreadcrumbList\",\"@id\":\"https:\\\/\\\/socialkings.online\\\/es\\\/politica-de-privacidad\\\/#breadcrumblist\",\"itemListElement\":[{\"@type\":\"ListItem\",\"@id\":\"https:\\\/\\\/socialkings.online\\\/es\\\/#listItem\",\"position\":1,\"name\":\"Home\",\"item\":\"https:\\\/\\\/socialkings.online\\\/es\\\/\",\"nextItem\":{\"@type\":\"ListItem\",\"@id\":\"https:\\\/\\\/socialkings.online\\\/es\\\/politica-de-privacidad\\\/#listItem\",\"name\":\"Pol\\u00edtica de privacidad\"}},{\"@type\":\"ListItem\",\"@id\":\"https:\\\/\\\/socialkings.online\\\/es\\\/politica-de-privacidad\\\/#listItem\",\"position\":2,\"name\":\"Pol\\u00edtica de privacidad\",\"previousItem\":{\"@type\":\"ListItem\",\"@id\":\"https:\\\/\\\/socialkings.online\\\/es\\\/#listItem\",\"name\":\"Home\"}}]},{\"@type\":\"Organization\",\"@id\":\"https:\\\/\\\/socialkings.online\\\/es\\\/#organization\",\"name\":\"Social Kings Grow your following\",\"description\":\"Boost your Social Network\",\"url\":\"https:\\\/\\\/socialkings.online\\\/es\\\/\",\"telephone\":\"+31642021479\",\"logo\":{\"@type\":\"ImageObject\",\"url\":\"https:\\\/\\\/socialkings.online\\\/wp-content\\\/uploads\\\/2023\\\/05\\\/logo-new-purple.png\",\"@id\":\"https:\\\/\\\/socialkings.online\\\/es\\\/politica-de-privacidad\\\/#organizationLogo\",\"width\":550,\"height\":150},\"image\":{\"@id\":\"https:\\\/\\\/socialkings.online\\\/es\\\/politica-de-privacidad\\\/#organizationLogo\"}},{\"@type\":\"WebPage\",\"@id\":\"https:\\\/\\\/socialkings.online\\\/es\\\/politica-de-privacidad\\\/#webpage\",\"url\":\"https:\\\/\\\/socialkings.online\\\/es\\\/politica-de-privacidad\\\/\",\"name\":\"Pol\\u00edtica de privacidad \\u2192 Social Kings Grow your following\",\"description\":\"Pol\\u00edtica de privacidad SocialKings es responsable del tratamiento de los datos personales reflejados en esta declaraci\\u00f3n de privacidad. Contacta con el Responsable de Protecci\\u00f3n de Datos: SocialKings\\u00a9 Smidslaantje 51 8426DC Appelscha C\\u00e1mara de Comercio n\\u00ba: 64464105 N\\u00famero de IVA: NL002250971B75 +316 4202 1479 support@socialkings.online Datos personales que procesamos SocialKings procesa tus datos personales porque utilizas\",\"inLanguage\":\"es-ES\",\"isPartOf\":{\"@id\":\"https:\\\/\\\/socialkings.online\\\/es\\\/#website\"},\"breadcrumb\":{\"@id\":\"https:\\\/\\\/socialkings.online\\\/es\\\/politica-de-privacidad\\\/#breadcrumblist\"},\"datePublished\":\"2025-01-15T18:57:14+00:00\",\"dateModified\":\"2025-01-15T18:57:15+00:00\"},{\"@type\":\"WebSite\",\"@id\":\"https:\\\/\\\/socialkings.online\\\/es\\\/#website\",\"url\":\"https:\\\/\\\/socialkings.online\\\/es\\\/\",\"name\":\"Social Kings Grow your following\",\"description\":\"Boost your Social Network\",\"inLanguage\":\"es-ES\",\"publisher\":{\"@id\":\"https:\\\/\\\/socialkings.online\\\/es\\\/#organization\"}}]}\n\t\t<\/script>\n\t\t<!-- All in One SEO Pro -->\r\n\t\t<title>Pol\u00edtica de privacidad \u2192 Social Kings Grow your following<\/title>\n\n","aioseo_head_json":{"title":"Pol\u00edtica de privacidad \u2192 Social Kings Grow your following","description":"Pol\u00edtica de privacidad SocialKings es responsable del tratamiento de los datos personales reflejados en esta declaraci\u00f3n de privacidad. Contacta con el Responsable de Protecci\u00f3n de Datos: SocialKings\u00a9 Smidslaantje 51 8426DC Appelscha C\u00e1mara de Comercio n\u00ba: 64464105 N\u00famero de IVA: NL002250971B75 +316 4202 1479 support@socialkings.online Datos personales que procesamos SocialKings procesa tus datos personales porque utilizas","canonical_url":"https:\/\/socialkings.online\/es\/politica-de-privacidad\/","robots":"max-image-preview:large","keywords":"","webmasterTools":{"miscellaneous":""},"schema":{"@context":"https:\/\/schema.org","@graph":[{"@type":"BreadcrumbList","@id":"https:\/\/socialkings.online\/es\/politica-de-privacidad\/#breadcrumblist","itemListElement":[{"@type":"ListItem","@id":"https:\/\/socialkings.online\/es\/#listItem","position":1,"name":"Home","item":"https:\/\/socialkings.online\/es\/","nextItem":{"@type":"ListItem","@id":"https:\/\/socialkings.online\/es\/politica-de-privacidad\/#listItem","name":"Pol\u00edtica de privacidad"}},{"@type":"ListItem","@id":"https:\/\/socialkings.online\/es\/politica-de-privacidad\/#listItem","position":2,"name":"Pol\u00edtica de privacidad","previousItem":{"@type":"ListItem","@id":"https:\/\/socialkings.online\/es\/#listItem","name":"Home"}}]},{"@type":"Organization","@id":"https:\/\/socialkings.online\/es\/#organization","name":"Social Kings Grow your following","description":"Boost your Social Network","url":"https:\/\/socialkings.online\/es\/","telephone":"+31642021479","logo":{"@type":"ImageObject","url":"https:\/\/socialkings.online\/wp-content\/uploads\/2023\/05\/logo-new-purple.png","@id":"https:\/\/socialkings.online\/es\/politica-de-privacidad\/#organizationLogo","width":550,"height":150},"image":{"@id":"https:\/\/socialkings.online\/es\/politica-de-privacidad\/#organizationLogo"}},{"@type":"WebPage","@id":"https:\/\/socialkings.online\/es\/politica-de-privacidad\/#webpage","url":"https:\/\/socialkings.online\/es\/politica-de-privacidad\/","name":"Pol\u00edtica de privacidad \u2192 Social Kings Grow your following","description":"Pol\u00edtica de privacidad SocialKings es responsable del tratamiento de los datos personales reflejados en esta declaraci\u00f3n de privacidad. Contacta con el Responsable de Protecci\u00f3n de Datos: SocialKings\u00a9 Smidslaantje 51 8426DC Appelscha C\u00e1mara de Comercio n\u00ba: 64464105 N\u00famero de IVA: NL002250971B75 +316 4202 1479 support@socialkings.online Datos personales que procesamos SocialKings procesa tus datos personales porque utilizas","inLanguage":"es-ES","isPartOf":{"@id":"https:\/\/socialkings.online\/es\/#website"},"breadcrumb":{"@id":"https:\/\/socialkings.online\/es\/politica-de-privacidad\/#breadcrumblist"},"datePublished":"2025-01-15T18:57:14+00:00","dateModified":"2025-01-15T18:57:15+00:00"},{"@type":"WebSite","@id":"https:\/\/socialkings.online\/es\/#website","url":"https:\/\/socialkings.online\/es\/","name":"Social Kings Grow your following","description":"Boost your Social Network","inLanguage":"es-ES","publisher":{"@id":"https:\/\/socialkings.online\/es\/#organization"}}]},"og:locale":"es_ES","og:site_name":"Social Kings Grow your following \u2192 Boost your Social Network","og:type":"article","og:title":"Pol\u00edtica de privacidad \u2192 Social Kings Grow your following","og:description":"Pol\u00edtica de privacidad SocialKings es responsable del tratamiento de los datos personales reflejados en esta declaraci\u00f3n de privacidad. Contacta con el Responsable de Protecci\u00f3n de Datos: SocialKings\u00a9 Smidslaantje 51 8426DC Appelscha C\u00e1mara de Comercio n\u00ba: 64464105 N\u00famero de IVA: NL002250971B75 +316 4202 1479 support@socialkings.online Datos personales que procesamos SocialKings procesa tus datos personales porque utilizas","og:url":"https:\/\/socialkings.online\/es\/politica-de-privacidad\/","article:published_time":"2025-01-15T18:57:14+00:00","article:modified_time":"2025-01-15T18:57:15+00:00","twitter:card":"summary","twitter:title":"Pol\u00edtica de privacidad \u2192 Social Kings Grow your following","twitter:description":"Pol\u00edtica de privacidad SocialKings es responsable del tratamiento de los datos personales reflejados en esta declaraci\u00f3n de privacidad. Contacta con el Responsable de Protecci\u00f3n de Datos: SocialKings\u00a9 Smidslaantje 51 8426DC Appelscha C\u00e1mara de Comercio n\u00ba: 64464105 N\u00famero de IVA: NL002250971B75 +316 4202 1479 support@socialkings.online Datos personales que procesamos SocialKings procesa tus datos personales porque utilizas"},"aioseo_meta_data":{"post_id":"178623","title":null,"description":null,"keywords":null,"keyphrases":null,"primary_term":null,"canonical_url":null,"og_title":null,"og_description":null,"og_object_type":"default","og_image_type":"default","og_image_url":null,"og_image_width":null,"og_image_height":null,"og_image_custom_url":null,"og_image_custom_fields":null,"og_video":null,"og_custom_url":null,"og_article_section":null,"og_article_tags":null,"twitter_use_og":false,"twitter_card":"default","twitter_image_type":"default","twitter_image_url":null,"twitter_image_custom_url":null,"twitter_image_custom_fields":null,"twitter_title":null,"twitter_description":null,"schema":{"blockGraphs":[],"customGraphs":[],"default":{"data":{"Article":[],"Course":[],"Dataset":[],"FAQPage":[],"Movie":[],"Person":[],"Product":[],"ProductReview":[],"Car":[],"Recipe":[],"Service":[],"SoftwareApplication":[],"WebPage":[]},"graphName":"WebPage","isEnabled":true},"graphs":[]},"schema_type":"default","schema_type_options":null,"pillar_content":false,"robots_default":true,"robots_noindex":false,"robots_noarchive":false,"robots_nosnippet":false,"robots_nofollow":false,"robots_noimageindex":false,"robots_noodp":false,"robots_notranslate":false,"robots_max_snippet":null,"robots_max_videopreview":null,"robots_max_imagepreview":"large","priority":null,"frequency":null,"local_seo":null,"seo_analyzer_scan_date":"2025-08-15 01:46:54","breadcrumb_settings":null,"limit_modified_date":false,"open_ai":null,"ai":null,"created":"2025-01-15 18:57:14","updated":"2025-08-15 01:46:54"},"aioseo_breadcrumb":"<div class=\"aioseo-breadcrumbs\"><span class=\"aioseo-breadcrumb\">\n\t<a href=\"https:\/\/socialkings.online\/es\/\" title=\"Home\">Home<\/a>\n<\/span><span class=\"aioseo-breadcrumb-separator\">&raquo;<\/span><span class=\"aioseo-breadcrumb\">\n\tPol\u00edtica de privacidad\n<\/span><\/div>","aioseo_breadcrumb_json":[{"label":"Home","link":"https:\/\/socialkings.online\/es\/"},{"label":"Pol\u00edtica de privacidad","link":"https:\/\/socialkings.online\/es\/politica-de-privacidad\/"}],"_links":{"self":[{"href":"https:\/\/socialkings.online\/es\/wp-json\/wp\/v2\/pages\/178623","targetHints":{"allow":["GET"]}}],"collection":[{"href":"https:\/\/socialkings.online\/es\/wp-json\/wp\/v2\/pages"}],"about":[{"href":"https:\/\/socialkings.online\/es\/wp-json\/wp\/v2\/types\/page"}],"author":[{"embeddable":true,"href":"https:\/\/socialkings.online\/es\/wp-json\/wp\/v2\/users\/1"}],"replies":[{"embeddable":true,"href":"https:\/\/socialkings.online\/es\/wp-json\/wp\/v2\/comments?post=178623"}],"version-history":[{"count":0,"href":"https:\/\/socialkings.online\/es\/wp-json\/wp\/v2\/pages\/178623\/revisions"}],"wp:attachment":[{"href":"https:\/\/socialkings.online\/es\/wp-json\/wp\/v2\/media?parent=178623"}],"curies":[{"name":"wp","href":"https:\/\/api.w.org\/{rel}","templated":true}]}}