{"id":43375,"date":"2022-03-30T19:46:57","date_gmt":"2022-03-30T19:46:57","guid":{"rendered":"https:\/\/socialkings.online\/?page_id=43375"},"modified":"2023-05-31T05:31:32","modified_gmt":"2023-05-31T05:31:32","slug":"datenschutzerklarung","status":"publish","type":"page","link":"https:\/\/socialkings.online\/de\/datenschutzerklarung\/","title":{"rendered":"Datenschutzerkl\u00e4rung"},"content":{"rendered":"\n<p><strong>Datenschutzerkl\u00e4rung<\/strong><\/p>\n\n<p>Nure ist f\u00fcr die Verarbeitung personenbezogener Daten gem\u00e4\u00df dieser Datenschutzerkl\u00e4rung verantwortlich. Kontakt Datenschutzbeauftragter:<\/p>\n\n<p>Nure\u00a9<\/p>\n\n<p>Smidslaantje 51<\/p>\n\n<p>8426DC Appelscha<\/p>\n\n<p>KvK-nr: 64464105<\/p>\n\n<p>VAT-nr: NL002250971B75<\/p>\n\n<p>+316 4202 1479<\/p>\n\n<p>support@socialkings.online<\/p>\n\n<p><\/p>\n\n<p><strong>Personenbezogene Daten, die wir verarbeiten<\/strong>&#13;\nTurbogrm ltd verarbeitet Ihre personenbezogenen Daten, weil Sie unsere Dienste nutzen und\/oder weil Sie uns diese Daten selbst zur Verf\u00fcgung stellen.&#13;\nNachfolgend finden Sie eine \u00dcbersicht \u00fcber die von uns verarbeiteten personenbezogenen Daten:<\/p>\n\n<ul class=\"wp-block-list\"><li><strong>Benutzername<\/strong>\u00a0\u2013 Wir ben\u00f6tigen diesen, um die Bestellung zu liefern und zu pr\u00fcfen.<\/li><li><strong>Anfangsanzahl an Likes oder Followern<\/strong>\u00a0\u2013 Damit k\u00f6nnen wir \u00fcberpr\u00fcfen, ob Bestellungen (vollst\u00e4ndig) geliefert wurden.<\/li><li><strong>IP-Adresse<\/strong>\u00a0\u2013 Wird verwendet, um Missbrauch oder Betrug zu verhindern<\/li><li>E-Mail-Adresse &#8211; wir verwenden diese, um Sie \u00fcber Ihre Bestellung zu informieren<\/li><\/ul>\n\n<p><strong>Besondere und\/oder sensible personenbezogene Daten, die wir verarbeiten<\/strong>&#13;\nUnsere Website und\/oder unser Dienst beabsichtigen nicht, Daten \u00fcber Website-Besucher zu sammeln, die j\u00fcnger als 16 Jahre sind. Es sei denn, sie haben die Erlaubnis der Eltern oder Erziehungsberechtigten. Wir k\u00f6nnen jedoch nicht \u00fcberpr\u00fcfen, ob ein Besucher \u00e4lter als 16 Jahre ist. Wir raten Eltern daher, sich an den Online-Aktivit\u00e4ten ihrer Kinder zu beteiligen, um zu verhindern, dass Daten \u00fcber Kinder ohne elterliche Zustimmung gesammelt werden. Wenn Sie davon \u00fcberzeugt sind, dass wir ohne diese Erlaubnis personenbezogene Daten \u00fcber einen Minderj\u00e4hrigen gesammelt haben, kontaktieren Sie uns bitte unter support@socialkings.online und wir werden diese Daten l\u00f6schen.<\/p>\n\n<p><strong>Zu welchem \u200b\u200bZweck und auf welcher Grundlage verarbeiten wir personenbezogene Daten<\/strong>&#13;\nTurbogrm ltd verarbeitet Ihre personenbezogenen Daten f\u00fcr folgende Zwecke:&#13;\n&#8211; Um Waren und Dienstleistungen an Sie zu liefern<\/p>\n\n<p><strong>Wie lange wir personenbezogene Daten aufbewahren<\/strong>&#13;\nNure\u00a9 speichert Ihre personenbezogenen Daten nicht l\u00e4nger als unbedingt erforderlich, um die Zwecke zu erf\u00fcllen, f\u00fcr die Ihre Daten erhoben werden. Wir verwenden die folgenden Aufbewahrungsfristen f\u00fcr die folgenden (Kategorien) personenbezogener Daten: (Kategorie) personenbezogene Daten &gt; Aufbewahrungszeitraum &gt; Grund Pers\u00f6nliche Daten &gt; Aufbewahrungszeitraum &gt; Grund Adresse &gt; Aufbewahrungszeitraum &gt; Grund usw. &gt; Aufbewahrungszeitraum &gt; Ritt<\/p>\n\n<p><strong>Teilen personenbezogener Daten mit Dritten<\/strong>&#13;\nNure\u00a9 liefert ausschlie\u00dflich an Dritte und nur dann, wenn dies f\u00fcr die Ausf\u00fchrung unserer Vereinbarung mit Ihnen oder zur Erf\u00fcllung einer gesetzlichen Verpflichtung erforderlich ist.<\/p>\n\n<p><strong>Daten anzeigen, \u00e4ndern oder l\u00f6schen<\/strong>&#13;\nSie haben das Recht, Ihre personenbezogenen Daten einzusehen, zu korrigieren oder zu l\u00f6schen. Dar\u00fcber hinaus haben Sie das Recht, Ihre Einwilligung zur Datenverarbeitung zu widerrufen oder der Verarbeitung Ihrer personenbezogenen Daten durch Nure\u00a9 zu widersprechen, und Sie haben das Recht auf Daten\u00fcbertragbarkeit. Das bedeutet, dass Sie uns bitten k\u00f6nnen, die personenbezogenen Daten, die wir \u00fcber Sie haben, in einer Computerdatei an Sie oder eine andere von Ihnen genannte Organisation zu senden. Sie k\u00f6nnen einen Antrag auf Auskunft, Berichtigung, L\u00f6schung, Daten\u00fcbertragung Ihrer personenbezogenen Daten oder einen Antrag auf Widerruf Ihrer Einwilligung oder Widerspruch gegen die Verarbeitung Ihrer personenbezogenen Daten an support@socialkings.online senden. Um sicherzustellen, dass der Zugangsantrag von Ihnen gestellt wurde, bitten wir Sie, dem Antrag eine Kopie Ihres Identit\u00e4tsnachweises beizuf\u00fcgen. Machen Sie in dieser Kopie Ihr Passfoto, MRZ (maschinenlesbare Zone, der Nummernstreifen am unteren Rand des Passes), Passnummer und B\u00fcrgerservicenummer (BSN) schwarz. Dies dient dem Schutz Ihrer Privatsph\u00e4re. Wir werden Ihre Anfrage so schnell wie m\u00f6glich beantworten, jedoch innerhalb von vier Wochen. Nure\u00a9 m\u00f6chte auch darauf hinweisen, dass Sie die M\u00f6glichkeit haben, eine Beschwerde bei der nationalen Aufsichtsbeh\u00f6rde, der niederl\u00e4ndischen Datenschutzbeh\u00f6rde, einzureichen. Sie k\u00f6nnen dies \u00fcber den folgenden Link tun: https:\/\/autoriteitpersoonsgegevens.nl\/nl\/contact-met-de-autoriteit-persoonsgegevens\/tip-ons<\/p>\n\n<p><strong>Wie wir personenbezogene Daten sch\u00fctzen<\/strong>&#13;\nTurbogrm ltd nimmt den Schutz Ihrer Daten ernst und ergreift geeignete Ma\u00dfnahmen, um Missbrauch, Verlust, unbefugten Zugriff, unerw\u00fcnschte Offenlegung und unbefugte \u00c4nderung zu verhindern. Wenn Sie der Meinung sind, dass Ihre Daten nicht ausreichend gesch\u00fctzt sind oder Hinweise auf Missbrauch vorliegen, wenden Sie sich bitte an unseren Kundenservice oder \u00fcber support@socialkings.online<\/p>\n\n<p><strong>Cookies<\/strong>&#13;\nAuf dieser Website wird nur ein Analytics-Cookie verwendet.<\/p>\n\n<p><strong>Datenschutzrecht und Analytik<\/strong>&#13;\nWie unten in der offiziellen Erkl\u00e4rung beschrieben, die Nutzer von Google Analytics auf ihrer Website platzieren m\u00fcssen, verwendet diese Website Google Analytics. Dieses Programm liefert wichtige Statistiken \u00fcber die Anzahl der Besucher, die besuchten Seiten, die Verkehrsquellen und andere wesentliche Informationen, mit denen wir diese Website f\u00fcr die Benutzer kontinuierlich verbessern k\u00f6nnen. Diese Statistiken sind anonym und k\u00f6nnen nicht auf eine bestimmte Person oder einen Benutzer zur\u00fcckgef\u00fchrt werden. Es wird kein \u201eBehavioral Targeting\u201c verwendet, das Ihnen aufgrund Ihres Klickverhaltens spezielle Inhalte anzeigt; Ihr Surfverhalten bleibt vollkommen anonym. Daten aus Kontaktformularen werden niemals in Analytics verarbeitet oder gespeichert.<\/p>\n\n<p>Google Analytics verwendet ein Cookie, das ist eine kleine Datei, die auf Ihrem Computer gespeichert wird. Wir haben Google Analytics in \u00dcbereinstimmung mit den Datenschutzbestimmungen eingerichtet, sodass keine vorherige Zustimmung des Benutzers erforderlich ist.<\/p>\n\n<p><strong>IP-Adressen werden maskiert und Daten werden nicht weitergegeben<\/strong>&#13;\nDas Google Analytics-Cookie ist ein \u201eErstanbieter-Cookie\u201c, was bedeutet, dass das Cookie offiziell Hayona und nicht Google geh\u00f6rt. Dieses Cookie wird nicht f\u00fcr Werbe- oder andere kommerzielle Zwecke verwendet. Hayona hat eine Verarbeitungsvereinbarung mit Google. Dar\u00fcber hinaus ist Google Analytics so eingerichtet, dass IP-Adressen anonymisiert werden, sodass Daten niemals auf Sie oder Ihre IP-Adresse zur\u00fcckgef\u00fchrt werden k\u00f6nnen. Dar\u00fcber hinaus werden keine Informationen aus dem Analytics-Konto von Hayona an Google oder andere Parteien weitergegeben. Dies macht das Analytics-Cookie von Hayona zu einem nicht datenschutzrelevanten First-Party-Cookie, das erforderlich ist, um die Qualit\u00e4t und Sicherheit von hayona.nl zu gew\u00e4hrleisten. Das Analytics-Cookie bleibt 6 Monate g\u00fcltig.<\/p>\n\n<p><strong>Abmelden<\/strong>&#13;\nWenn Sie das Analytics-Skript lieber vollst\u00e4ndig blockieren m\u00f6chten, k\u00f6nnen Sie hier ein Deaktivierungs-Plugin f\u00fcr Google Analytics herunterladen: https:\/\/tools.google.com\/dlpage\/gaoptout. Mit diesem Plugin z\u00e4hlt Ihr Besuch nicht mehr in den Statistiken aller Websites, die Google Analytics verwenden.<\/p>\n\n<p><strong>Google Analytics \u2013 Erkl\u00e4rung von Google<\/strong>&#13;\nDiese Website benutzt Google Analytics, einen Webanalysedienst der Google Inc. (&#8222;Google&#8220;). Google Analytics verwendet \u201eCookies\u201c (Textdateien, die auf Ihrem Computer abgelegt werden), um die Website bei der Analyse der Nutzung der Website durch Besucher zu unterst\u00fctzen. Die durch den Cookie erzeugten anonymen Informationen \u00fcber Ihre Benutzung dieser Website werden an einen Server von Google in den USA \u00fcbertragen und dort gespeichert. Google verwendet diese Informationen, um zu verfolgen, wie diese Website genutzt wird, um Berichte \u00fcber die Website-Aktivit\u00e4t f\u00fcr den Eigent\u00fcmer dieser Website (Hayona BV) zusammenzustellen und um weitere mit der Website-Aktivit\u00e4t und der Internetnutzung verbundene Dienstleistungen zu erbringen. Google darf diese Informationen nur dann an Dritte weitergeben, wenn Google dazu gesetzlich verpflichtet ist oder soweit diese Dritten die Informationen im Auftrag von Google verarbeiten. Google wird Ihre IP-Adresse nicht mit anderen Daten von Google zusammenf\u00fchren. Sie k\u00f6nnen die Verwendung von Cookies ablehnen, indem Sie die entsprechenden Einstellungen in Ihrem Browser ausw\u00e4hlen. wir weisen Sie jedoch darauf hin, dass Sie in diesem Fall gegebenenfalls nicht s\u00e4mtliche Funktionen dieser Website nutzen k\u00f6nnen. Durch die Nutzung dieser Website stimmen Sie der Verarbeitung der Informationen durch Google in der oben beschriebenen Weise und zu den oben beschriebenen Zwecken zu.<\/p>\n\n<p><strong>Zahlungen<\/strong><\/p>\n\n<p>Zahlungen werden von Stripe verarbeitet.<\/p>\n","protected":false},"excerpt":{"rendered":"<p>&#8230;<\/p>\n","protected":false},"author":1,"featured_media":0,"parent":0,"menu_order":0,"comment_status":"closed","ping_status":"open","template":"","meta":{"footnotes":""},"class_list":["post-43375","page","type-page","status-publish","hentry"],"aioseo_notices":[],"aioseo_head":"\n\t\t<!-- All in One SEO Pro 4.9.6.2 - aioseo.com -->\n\t<meta name=\"description\" content=\"Datenschutzerkl\u00e4rung Nure ist f\u00fcr die Verarbeitung personenbezogener Daten gem\u00e4\u00df dieser Datenschutzerkl\u00e4rung verantwortlich. Kontakt Datenschutzbeauftragter: Nure\u00a9 Smidslaantje 51 8426DC Appelscha KvK-nr: 64464105 VAT-nr: NL002250971B75 +316 4202 1479 support@socialkings.online Personenbezogene Daten, die wir verarbeiten Turbogrm ltd verarbeitet Ihre personenbezogenen Daten, weil Sie unsere Dienste nutzen und\/oder weil Sie uns diese Daten selbst zur Verf\u00fcgung stellen. Nachfolgend finden\" \/>\n\t<meta name=\"robots\" content=\"max-image-preview:large\" \/>\n\t<link rel=\"canonical\" href=\"https:\/\/socialkings.online\/de\/datenschutzerklarung\/\" \/>\n\t<meta name=\"generator\" content=\"All in One SEO Pro (AIOSEO) 4.9.6.2\" \/>\n\t\t<meta property=\"og:locale\" content=\"de_DE\" \/>\n\t\t<meta property=\"og:site_name\" content=\"Social Kings Grow your following \u2192 Boost your Social Network\" \/>\n\t\t<meta property=\"og:type\" content=\"article\" \/>\n\t\t<meta property=\"og:title\" content=\"Datenschutzerkl\u00e4rung \u2192 Social Kings Grow your following\" \/>\n\t\t<meta property=\"og:description\" content=\"Datenschutzerkl\u00e4rung Nure ist f\u00fcr die Verarbeitung personenbezogener Daten gem\u00e4\u00df dieser Datenschutzerkl\u00e4rung verantwortlich. Kontakt Datenschutzbeauftragter: Nure\u00a9 Smidslaantje 51 8426DC Appelscha KvK-nr: 64464105 VAT-nr: NL002250971B75 +316 4202 1479 support@socialkings.online Personenbezogene Daten, die wir verarbeiten Turbogrm ltd verarbeitet Ihre personenbezogenen Daten, weil Sie unsere Dienste nutzen und\/oder weil Sie uns diese Daten selbst zur Verf\u00fcgung stellen. Nachfolgend finden\" \/>\n\t\t<meta property=\"og:url\" content=\"https:\/\/socialkings.online\/de\/datenschutzerklarung\/\" \/>\n\t\t<meta property=\"article:published_time\" content=\"2022-03-30T19:46:57+00:00\" \/>\n\t\t<meta property=\"article:modified_time\" content=\"2023-05-31T05:31:32+00:00\" \/>\n\t\t<meta name=\"twitter:card\" content=\"summary\" \/>\n\t\t<meta name=\"twitter:title\" content=\"Datenschutzerkl\u00e4rung \u2192 Social Kings Grow your following\" \/>\n\t\t<meta name=\"twitter:description\" content=\"Datenschutzerkl\u00e4rung Nure ist f\u00fcr die Verarbeitung personenbezogener Daten gem\u00e4\u00df dieser Datenschutzerkl\u00e4rung verantwortlich. Kontakt Datenschutzbeauftragter: Nure\u00a9 Smidslaantje 51 8426DC Appelscha KvK-nr: 64464105 VAT-nr: NL002250971B75 +316 4202 1479 support@socialkings.online Personenbezogene Daten, die wir verarbeiten Turbogrm ltd verarbeitet Ihre personenbezogenen Daten, weil Sie unsere Dienste nutzen und\/oder weil Sie uns diese Daten selbst zur Verf\u00fcgung stellen. Nachfolgend finden\" \/>\n\t\t<script type=\"application\/ld+json\" class=\"aioseo-schema\">\n\t\t\t{\"@context\":\"https:\\\/\\\/schema.org\",\"@graph\":[{\"@type\":\"BreadcrumbList\",\"@id\":\"https:\\\/\\\/socialkings.online\\\/de\\\/datenschutzerklarung\\\/#breadcrumblist\",\"itemListElement\":[{\"@type\":\"ListItem\",\"@id\":\"https:\\\/\\\/socialkings.online\\\/de\\\/#listItem\",\"position\":1,\"name\":\"Home\",\"item\":\"https:\\\/\\\/socialkings.online\\\/de\\\/\",\"nextItem\":{\"@type\":\"ListItem\",\"@id\":\"https:\\\/\\\/socialkings.online\\\/de\\\/datenschutzerklarung\\\/#listItem\",\"name\":\"Datenschutzerkl\\u00e4rung\"}},{\"@type\":\"ListItem\",\"@id\":\"https:\\\/\\\/socialkings.online\\\/de\\\/datenschutzerklarung\\\/#listItem\",\"position\":2,\"name\":\"Datenschutzerkl\\u00e4rung\",\"previousItem\":{\"@type\":\"ListItem\",\"@id\":\"https:\\\/\\\/socialkings.online\\\/de\\\/#listItem\",\"name\":\"Home\"}}]},{\"@type\":\"Organization\",\"@id\":\"https:\\\/\\\/socialkings.online\\\/de\\\/#organization\",\"name\":\"Social Kings Grow your following\",\"description\":\"Boost your Social Network\",\"url\":\"https:\\\/\\\/socialkings.online\\\/de\\\/\",\"telephone\":\"+31642021479\",\"logo\":{\"@type\":\"ImageObject\",\"url\":\"https:\\\/\\\/socialkings.online\\\/wp-content\\\/uploads\\\/2023\\\/05\\\/logo-new-purple.png\",\"@id\":\"https:\\\/\\\/socialkings.online\\\/de\\\/datenschutzerklarung\\\/#organizationLogo\",\"width\":550,\"height\":150},\"image\":{\"@id\":\"https:\\\/\\\/socialkings.online\\\/de\\\/datenschutzerklarung\\\/#organizationLogo\"}},{\"@type\":\"WebPage\",\"@id\":\"https:\\\/\\\/socialkings.online\\\/de\\\/datenschutzerklarung\\\/#webpage\",\"url\":\"https:\\\/\\\/socialkings.online\\\/de\\\/datenschutzerklarung\\\/\",\"name\":\"Datenschutzerkl\\u00e4rung \\u2192 Social Kings Grow your following\",\"description\":\"Datenschutzerkl\\u00e4rung Nure ist f\\u00fcr die Verarbeitung personenbezogener Daten gem\\u00e4\\u00df dieser Datenschutzerkl\\u00e4rung verantwortlich. Kontakt Datenschutzbeauftragter: Nure\\u00a9 Smidslaantje 51 8426DC Appelscha KvK-nr: 64464105 VAT-nr: NL002250971B75 +316 4202 1479 support@socialkings.online Personenbezogene Daten, die wir verarbeiten Turbogrm ltd verarbeitet Ihre personenbezogenen Daten, weil Sie unsere Dienste nutzen und\\\/oder weil Sie uns diese Daten selbst zur Verf\\u00fcgung stellen. Nachfolgend finden\",\"inLanguage\":\"de-DE\",\"isPartOf\":{\"@id\":\"https:\\\/\\\/socialkings.online\\\/de\\\/#website\"},\"breadcrumb\":{\"@id\":\"https:\\\/\\\/socialkings.online\\\/de\\\/datenschutzerklarung\\\/#breadcrumblist\"},\"datePublished\":\"2022-03-30T19:46:57+00:00\",\"dateModified\":\"2023-05-31T05:31:32+00:00\"},{\"@type\":\"WebSite\",\"@id\":\"https:\\\/\\\/socialkings.online\\\/de\\\/#website\",\"url\":\"https:\\\/\\\/socialkings.online\\\/de\\\/\",\"name\":\"Social Kings Grow your following\",\"description\":\"Boost your Social Network\",\"inLanguage\":\"de-DE\",\"publisher\":{\"@id\":\"https:\\\/\\\/socialkings.online\\\/de\\\/#organization\"}}]}\n\t\t<\/script>\n\t\t<!-- All in One SEO Pro -->\r\n\t\t<title>Datenschutzerkl\u00e4rung \u2192 Social Kings Grow your following<\/title>\n\n","aioseo_head_json":{"title":"Datenschutzerkl\u00e4rung \u2192 Social Kings Grow your following","description":"Datenschutzerkl\u00e4rung Nure ist f\u00fcr die Verarbeitung personenbezogener Daten gem\u00e4\u00df dieser Datenschutzerkl\u00e4rung verantwortlich. Kontakt Datenschutzbeauftragter: Nure\u00a9 Smidslaantje 51 8426DC Appelscha KvK-nr: 64464105 VAT-nr: NL002250971B75 +316 4202 1479 support@socialkings.online Personenbezogene Daten, die wir verarbeiten Turbogrm ltd verarbeitet Ihre personenbezogenen Daten, weil Sie unsere Dienste nutzen und\/oder weil Sie uns diese Daten selbst zur Verf\u00fcgung stellen. Nachfolgend finden","canonical_url":"https:\/\/socialkings.online\/de\/datenschutzerklarung\/","robots":"max-image-preview:large","keywords":"","webmasterTools":{"miscellaneous":""},"schema":{"@context":"https:\/\/schema.org","@graph":[{"@type":"BreadcrumbList","@id":"https:\/\/socialkings.online\/de\/datenschutzerklarung\/#breadcrumblist","itemListElement":[{"@type":"ListItem","@id":"https:\/\/socialkings.online\/de\/#listItem","position":1,"name":"Home","item":"https:\/\/socialkings.online\/de\/","nextItem":{"@type":"ListItem","@id":"https:\/\/socialkings.online\/de\/datenschutzerklarung\/#listItem","name":"Datenschutzerkl\u00e4rung"}},{"@type":"ListItem","@id":"https:\/\/socialkings.online\/de\/datenschutzerklarung\/#listItem","position":2,"name":"Datenschutzerkl\u00e4rung","previousItem":{"@type":"ListItem","@id":"https:\/\/socialkings.online\/de\/#listItem","name":"Home"}}]},{"@type":"Organization","@id":"https:\/\/socialkings.online\/de\/#organization","name":"Social Kings Grow your following","description":"Boost your Social Network","url":"https:\/\/socialkings.online\/de\/","telephone":"+31642021479","logo":{"@type":"ImageObject","url":"https:\/\/socialkings.online\/wp-content\/uploads\/2023\/05\/logo-new-purple.png","@id":"https:\/\/socialkings.online\/de\/datenschutzerklarung\/#organizationLogo","width":550,"height":150},"image":{"@id":"https:\/\/socialkings.online\/de\/datenschutzerklarung\/#organizationLogo"}},{"@type":"WebPage","@id":"https:\/\/socialkings.online\/de\/datenschutzerklarung\/#webpage","url":"https:\/\/socialkings.online\/de\/datenschutzerklarung\/","name":"Datenschutzerkl\u00e4rung \u2192 Social Kings Grow your following","description":"Datenschutzerkl\u00e4rung Nure ist f\u00fcr die Verarbeitung personenbezogener Daten gem\u00e4\u00df dieser Datenschutzerkl\u00e4rung verantwortlich. Kontakt Datenschutzbeauftragter: Nure\u00a9 Smidslaantje 51 8426DC Appelscha KvK-nr: 64464105 VAT-nr: NL002250971B75 +316 4202 1479 support@socialkings.online Personenbezogene Daten, die wir verarbeiten Turbogrm ltd verarbeitet Ihre personenbezogenen Daten, weil Sie unsere Dienste nutzen und\/oder weil Sie uns diese Daten selbst zur Verf\u00fcgung stellen. Nachfolgend finden","inLanguage":"de-DE","isPartOf":{"@id":"https:\/\/socialkings.online\/de\/#website"},"breadcrumb":{"@id":"https:\/\/socialkings.online\/de\/datenschutzerklarung\/#breadcrumblist"},"datePublished":"2022-03-30T19:46:57+00:00","dateModified":"2023-05-31T05:31:32+00:00"},{"@type":"WebSite","@id":"https:\/\/socialkings.online\/de\/#website","url":"https:\/\/socialkings.online\/de\/","name":"Social Kings Grow your following","description":"Boost your Social Network","inLanguage":"de-DE","publisher":{"@id":"https:\/\/socialkings.online\/de\/#organization"}}]},"og:locale":"de_DE","og:site_name":"Social Kings Grow your following \u2192 Boost your Social Network","og:type":"article","og:title":"Datenschutzerkl\u00e4rung \u2192 Social Kings Grow your following","og:description":"Datenschutzerkl\u00e4rung Nure ist f\u00fcr die Verarbeitung personenbezogener Daten gem\u00e4\u00df dieser Datenschutzerkl\u00e4rung verantwortlich. Kontakt Datenschutzbeauftragter: Nure\u00a9 Smidslaantje 51 8426DC Appelscha KvK-nr: 64464105 VAT-nr: NL002250971B75 +316 4202 1479 support@socialkings.online Personenbezogene Daten, die wir verarbeiten Turbogrm ltd verarbeitet Ihre personenbezogenen Daten, weil Sie unsere Dienste nutzen und\/oder weil Sie uns diese Daten selbst zur Verf\u00fcgung stellen. Nachfolgend finden","og:url":"https:\/\/socialkings.online\/de\/datenschutzerklarung\/","article:published_time":"2022-03-30T19:46:57+00:00","article:modified_time":"2023-05-31T05:31:32+00:00","twitter:card":"summary","twitter:title":"Datenschutzerkl\u00e4rung \u2192 Social Kings Grow your following","twitter:description":"Datenschutzerkl\u00e4rung Nure ist f\u00fcr die Verarbeitung personenbezogener Daten gem\u00e4\u00df dieser Datenschutzerkl\u00e4rung verantwortlich. Kontakt Datenschutzbeauftragter: Nure\u00a9 Smidslaantje 51 8426DC Appelscha KvK-nr: 64464105 VAT-nr: NL002250971B75 +316 4202 1479 support@socialkings.online Personenbezogene Daten, die wir verarbeiten Turbogrm ltd verarbeitet Ihre personenbezogenen Daten, weil Sie unsere Dienste nutzen und\/oder weil Sie uns diese Daten selbst zur Verf\u00fcgung stellen. Nachfolgend finden"},"aioseo_meta_data":{"post_id":"43375","title":null,"description":null,"keywords":null,"keyphrases":null,"primary_term":null,"canonical_url":null,"og_title":null,"og_description":null,"og_object_type":"default","og_image_type":"default","og_image_url":null,"og_image_width":null,"og_image_height":null,"og_image_custom_url":null,"og_image_custom_fields":null,"og_video":null,"og_custom_url":null,"og_article_section":null,"og_article_tags":null,"twitter_use_og":false,"twitter_card":"default","twitter_image_type":"default","twitter_image_url":null,"twitter_image_custom_url":null,"twitter_image_custom_fields":null,"twitter_title":null,"twitter_description":null,"schema":{"blockGraphs":[],"customGraphs":[],"default":{"data":{"Article":[],"Course":[],"Dataset":[],"FAQPage":[],"Movie":[],"Person":[],"Product":[],"ProductReview":[],"Car":[],"Recipe":[],"Service":[],"SoftwareApplication":[],"WebPage":[]},"graphName":"","isEnabled":true},"graphs":[]},"schema_type":"default","schema_type_options":null,"pillar_content":false,"robots_default":true,"robots_noindex":false,"robots_noarchive":false,"robots_nosnippet":false,"robots_nofollow":false,"robots_noimageindex":false,"robots_noodp":false,"robots_notranslate":false,"robots_max_snippet":null,"robots_max_videopreview":null,"robots_max_imagepreview":"large","priority":null,"frequency":null,"local_seo":null,"seo_analyzer_scan_date":"2025-08-14 23:59:45","breadcrumb_settings":null,"limit_modified_date":false,"open_ai":null,"ai":null,"created":"2023-06-23 16:35:53","updated":"2025-08-14 23:59:45"},"aioseo_breadcrumb":"<div class=\"aioseo-breadcrumbs\"><span class=\"aioseo-breadcrumb\">\n\t<a href=\"https:\/\/socialkings.online\/de\/\" title=\"Home\">Home<\/a>\n<\/span><span class=\"aioseo-breadcrumb-separator\">&raquo;<\/span><span class=\"aioseo-breadcrumb\">\n\tDatenschutzerkl\u00e4rung\n<\/span><\/div>","aioseo_breadcrumb_json":[{"label":"Home","link":"https:\/\/socialkings.online\/de\/"},{"label":"Datenschutzerkl\u00e4rung","link":"https:\/\/socialkings.online\/de\/datenschutzerklarung\/"}],"_links":{"self":[{"href":"https:\/\/socialkings.online\/de\/wp-json\/wp\/v2\/pages\/43375","targetHints":{"allow":["GET"]}}],"collection":[{"href":"https:\/\/socialkings.online\/de\/wp-json\/wp\/v2\/pages"}],"about":[{"href":"https:\/\/socialkings.online\/de\/wp-json\/wp\/v2\/types\/page"}],"author":[{"embeddable":true,"href":"https:\/\/socialkings.online\/de\/wp-json\/wp\/v2\/users\/1"}],"replies":[{"embeddable":true,"href":"https:\/\/socialkings.online\/de\/wp-json\/wp\/v2\/comments?post=43375"}],"version-history":[{"count":0,"href":"https:\/\/socialkings.online\/de\/wp-json\/wp\/v2\/pages\/43375\/revisions"}],"wp:attachment":[{"href":"https:\/\/socialkings.online\/de\/wp-json\/wp\/v2\/media?parent=43375"}],"curies":[{"name":"wp","href":"https:\/\/api.w.org\/{rel}","templated":true}]}}