{"id":43343,"date":"2022-03-30T16:28:09","date_gmt":"2022-03-30T16:28:09","guid":{"rendered":"https:\/\/socialkings.online\/?page_id=43343"},"modified":"2022-06-07T17:34:55","modified_gmt":"2022-06-07T17:34:55","slug":"rueckgaberecht","status":"publish","type":"page","link":"https:\/\/socialkings.online\/de\/rueckgaberecht\/","title":{"rendered":"R\u00fcckgaberecht"},"content":{"rendered":"\t\t<div data-elementor-type=\"wp-page\" data-elementor-id=\"43343\" class=\"elementor elementor-43343 elementor-1017\" data-elementor-post-type=\"page\">\n\t\t\t\t\t\t<section class=\"elementor-section elementor-top-section elementor-element elementor-element-ce00497 elementor-section-boxed elementor-section-height-default elementor-section-height-default\" data-id=\"ce00497\" data-element_type=\"section\">\n\t\t\t\t\t\t<div class=\"elementor-container elementor-column-gap-default\">\n\t\t\t\t\t<div class=\"elementor-column elementor-col-100 elementor-top-column elementor-element elementor-element-ee5c092\" data-id=\"ee5c092\" data-element_type=\"column\">\n\t\t\t<div class=\"elementor-widget-wrap elementor-element-populated\">\n\t\t\t\t\t\t<div class=\"elementor-element elementor-element-9dcdd17 elementor-widget elementor-widget-text-editor\" data-id=\"9dcdd17\" data-element_type=\"widget\" data-widget_type=\"text-editor.default\">\n\t\t\t\t<div class=\"elementor-widget-container\">\n\t\t\t\t\t\t\t\t\t<strong> R\u00dcCKERSTATTUNGSRICHTLINIE <\/strong>\r\n\r\nWir bieten immaterielle unwiderrufliche Waren an. Als Kunde sind Sie daf\u00fcr verantwortlich, dies beim Kauf eines Produkts \/ einer Dienstleistung auf unserer Website zu verstehen. Wir erstatten jedoch den vollen Betrag, wenn Sie mit unseren Produkten nicht zufrieden sind.\r\n\r\n<strong> WENDEN SIE SICH AN DEN KUNDENSUPPORT <\/strong>\r\n\r\n99 % der Probleme k\u00f6nnen mit einer einfachen E-Mail gel\u00f6st werden. Wir bitten Sie, sich an uns zu wenden, indem Sie uns eine E-Mail an support@socialkings.online0 senden. Unsere Kundendienstabteilung wird sich innerhalb von 24-48 (normalerweise weniger als 24 Stunden) mit einer \u00dcberpr\u00fcfung Ihres Anliegens und einer L\u00f6sung bei Ihnen melden.\r\n\r\n<strong> F\u00c4HIGE ERSTATTUNGSANFRAGEN <\/strong>\r\n<ul>\r\n \t<li>Nichtlieferung des Produkts \/ der Dienstleistung: In einigen F\u00e4llen sind die Bearbeitungszeiten langsamer und es dauert etwas l\u00e4nger, bis Ihre Bestellung abgeschlossen ist. In diesem Fall empfehlen wir, sich mit uns in Verbindung zu setzen, um Unterst\u00fctzung zu erhalten. Reklamationen wegen Nichtlieferung m\u00fcssen innerhalb von 7 Tagen nach Auftragserteilung schriftlich bei unserer Kundendienstabteilung eingereicht werden.<\/li>\r\n \t<li>Produkt entspricht nicht der Beschreibung: Solche Probleme sollten unserer Kundendienstabteilung innerhalb von 7 Tagen ab Kaufdatum gemeldet werden. Es muss ein eindeutiger Nachweis erbracht werden, dass das gekaufte Produkt \/ die gekaufte Dienstleistung nicht der Beschreibung auf der Website entspricht. Reklamationen, die lediglich auf falschen Erwartungen oder W\u00fcnschen des Kunden beruhen, werden nicht anerkannt.<\/li>\r\n \t<li>Der Kunde m\u00f6chte die wiederkehrende Zahlung des Produkts \/ der Dienstleistung stornieren und muss dies innerhalb von 7 Tagen nach der letzten Zahlung tun. Wenn nach 7 Tagen eine R\u00fcckerstattung beantragt wird, ist der Kunde nicht berechtigt, und eine Stornierung wird f\u00fcr alle zuk\u00fcnftigen Rechnungen durchgef\u00fchrt. Der Kunde kann den Dienst bis zum Ende seines Abrechnungszeitraums weiterhin erhalten oder sich f\u00fcr eine sofortige Einstellung des Produkts\/Dienstes entscheiden.<\/li>\r\n<\/ul>\r\n<strong> DER ZUFRIEDENHEIT VERPFLICHTET <\/strong>\r\n\r\nWir stehen hinter unseren Produkten und sind stolz darauf, heute die hochwertigsten Social-Media-Engagement-Services online anzubieten. Wir k\u00f6nnen nicht immer eine R\u00fcckerstattung anbieten, aber wenn Sie innerhalb von 7 Tagen mit Ihrer Bestellung unzufrieden sind, kontaktieren Sie uns einfach und wir werden eine L\u00f6sung f\u00fcr Ihre Bedenken finden.\t\t\t\t\t\t\t\t<\/div>\n\t\t\t\t<\/div>\n\t\t\t\t\t<\/div>\n\t\t<\/div>\n\t\t\t\t\t<\/div>\n\t\t<\/section>\n\t\t\t\t<\/div>\n\t\t","protected":false},"excerpt":{"rendered":"<p>&#8230;<\/p>\n","protected":false},"author":1,"featured_media":0,"parent":0,"menu_order":0,"comment_status":"closed","ping_status":"closed","template":"","meta":{"footnotes":""},"class_list":["post-43343","page","type-page","status-publish","hentry"],"aioseo_notices":[],"aioseo_head":"\n\t\t<!-- All in One SEO Pro 4.9.5.2 - aioseo.com -->\n\t<meta name=\"description\" content=\"R\u00dcCKERSTATTUNGSRICHTLINIE Wir bieten immaterielle unwiderrufliche Waren an. Als Kunde sind Sie daf\u00fcr verantwortlich, dies beim Kauf eines Produkts \/ einer Dienstleistung auf unserer Website zu verstehen. Wir erstatten jedoch den vollen Betrag, wenn Sie mit unseren Produkten nicht zufrieden sind. WENDEN SIE SICH AN DEN KUNDENSUPPORT 99 % der Probleme k\u00f6nnen mit einer einfachen E-Mail\" \/>\n\t<meta name=\"robots\" content=\"max-image-preview:large\" \/>\n\t<link rel=\"canonical\" href=\"https:\/\/socialkings.online\/de\/rueckgaberecht\/\" \/>\n\t<meta name=\"generator\" content=\"All in One SEO Pro (AIOSEO) 4.9.5.2\" \/>\n\t\t<meta property=\"og:locale\" content=\"de_DE\" \/>\n\t\t<meta property=\"og:site_name\" content=\"Social Kings Grow your following \u2192 Boost your Social Network\" \/>\n\t\t<meta property=\"og:type\" content=\"article\" \/>\n\t\t<meta property=\"og:title\" content=\"R\u00fcckgaberecht \u2192 Social Kings Grow your following\" \/>\n\t\t<meta property=\"og:description\" content=\"R\u00dcCKERSTATTUNGSRICHTLINIE Wir bieten immaterielle unwiderrufliche Waren an. Als Kunde sind Sie daf\u00fcr verantwortlich, dies beim Kauf eines Produkts \/ einer Dienstleistung auf unserer Website zu verstehen. Wir erstatten jedoch den vollen Betrag, wenn Sie mit unseren Produkten nicht zufrieden sind. WENDEN SIE SICH AN DEN KUNDENSUPPORT 99 % der Probleme k\u00f6nnen mit einer einfachen E-Mail\" \/>\n\t\t<meta property=\"og:url\" content=\"https:\/\/socialkings.online\/de\/rueckgaberecht\/\" \/>\n\t\t<meta property=\"article:published_time\" content=\"2022-03-30T16:28:09+00:00\" \/>\n\t\t<meta property=\"article:modified_time\" content=\"2022-06-07T17:34:55+00:00\" \/>\n\t\t<meta name=\"twitter:card\" content=\"summary\" \/>\n\t\t<meta name=\"twitter:title\" content=\"R\u00fcckgaberecht \u2192 Social Kings Grow your following\" \/>\n\t\t<meta name=\"twitter:description\" content=\"R\u00dcCKERSTATTUNGSRICHTLINIE Wir bieten immaterielle unwiderrufliche Waren an. Als Kunde sind Sie daf\u00fcr verantwortlich, dies beim Kauf eines Produkts \/ einer Dienstleistung auf unserer Website zu verstehen. Wir erstatten jedoch den vollen Betrag, wenn Sie mit unseren Produkten nicht zufrieden sind. WENDEN SIE SICH AN DEN KUNDENSUPPORT 99 % der Probleme k\u00f6nnen mit einer einfachen E-Mail\" \/>\n\t\t<script type=\"application\/ld+json\" class=\"aioseo-schema\">\n\t\t\t{\"@context\":\"https:\\\/\\\/schema.org\",\"@graph\":[{\"@type\":\"BreadcrumbList\",\"@id\":\"https:\\\/\\\/socialkings.online\\\/de\\\/rueckgaberecht\\\/#breadcrumblist\",\"itemListElement\":[{\"@type\":\"ListItem\",\"@id\":\"https:\\\/\\\/socialkings.online\\\/de\\\/#listItem\",\"position\":1,\"name\":\"Home\",\"item\":\"https:\\\/\\\/socialkings.online\\\/de\\\/\",\"nextItem\":{\"@type\":\"ListItem\",\"@id\":\"https:\\\/\\\/socialkings.online\\\/de\\\/rueckgaberecht\\\/#listItem\",\"name\":\"R\\u00fcckgaberecht\"}},{\"@type\":\"ListItem\",\"@id\":\"https:\\\/\\\/socialkings.online\\\/de\\\/rueckgaberecht\\\/#listItem\",\"position\":2,\"name\":\"R\\u00fcckgaberecht\",\"previousItem\":{\"@type\":\"ListItem\",\"@id\":\"https:\\\/\\\/socialkings.online\\\/de\\\/#listItem\",\"name\":\"Home\"}}]},{\"@type\":\"Organization\",\"@id\":\"https:\\\/\\\/socialkings.online\\\/de\\\/#organization\",\"name\":\"Social Kings Grow your following\",\"description\":\"Boost your Social Network\",\"url\":\"https:\\\/\\\/socialkings.online\\\/de\\\/\",\"telephone\":\"+31642021479\",\"logo\":{\"@type\":\"ImageObject\",\"url\":\"https:\\\/\\\/socialkings.online\\\/wp-content\\\/uploads\\\/2023\\\/05\\\/logo-new-purple.png\",\"@id\":\"https:\\\/\\\/socialkings.online\\\/de\\\/rueckgaberecht\\\/#organizationLogo\",\"width\":550,\"height\":150},\"image\":{\"@id\":\"https:\\\/\\\/socialkings.online\\\/de\\\/rueckgaberecht\\\/#organizationLogo\"}},{\"@type\":\"WebPage\",\"@id\":\"https:\\\/\\\/socialkings.online\\\/de\\\/rueckgaberecht\\\/#webpage\",\"url\":\"https:\\\/\\\/socialkings.online\\\/de\\\/rueckgaberecht\\\/\",\"name\":\"R\\u00fcckgaberecht \\u2192 Social Kings Grow your following\",\"description\":\"R\\u00dcCKERSTATTUNGSRICHTLINIE Wir bieten immaterielle unwiderrufliche Waren an. Als Kunde sind Sie daf\\u00fcr verantwortlich, dies beim Kauf eines Produkts \\\/ einer Dienstleistung auf unserer Website zu verstehen. Wir erstatten jedoch den vollen Betrag, wenn Sie mit unseren Produkten nicht zufrieden sind. WENDEN SIE SICH AN DEN KUNDENSUPPORT 99 % der Probleme k\\u00f6nnen mit einer einfachen E-Mail\",\"inLanguage\":\"de-DE\",\"isPartOf\":{\"@id\":\"https:\\\/\\\/socialkings.online\\\/de\\\/#website\"},\"breadcrumb\":{\"@id\":\"https:\\\/\\\/socialkings.online\\\/de\\\/rueckgaberecht\\\/#breadcrumblist\"},\"datePublished\":\"2022-03-30T16:28:09+00:00\",\"dateModified\":\"2022-06-07T17:34:55+00:00\"},{\"@type\":\"WebSite\",\"@id\":\"https:\\\/\\\/socialkings.online\\\/de\\\/#website\",\"url\":\"https:\\\/\\\/socialkings.online\\\/de\\\/\",\"name\":\"Social Kings Grow your following\",\"description\":\"Boost your Social Network\",\"inLanguage\":\"de-DE\",\"publisher\":{\"@id\":\"https:\\\/\\\/socialkings.online\\\/de\\\/#organization\"}}]}\n\t\t<\/script>\n\t\t<!-- All in One SEO Pro -->\r\n\t\t<title>R\u00fcckgaberecht \u2192 Social Kings Grow your following<\/title>\n\n","aioseo_head_json":{"title":"R\u00fcckgaberecht \u2192 Social Kings Grow your following","description":"R\u00dcCKERSTATTUNGSRICHTLINIE Wir bieten immaterielle unwiderrufliche Waren an. Als Kunde sind Sie daf\u00fcr verantwortlich, dies beim Kauf eines Produkts \/ einer Dienstleistung auf unserer Website zu verstehen. Wir erstatten jedoch den vollen Betrag, wenn Sie mit unseren Produkten nicht zufrieden sind. WENDEN SIE SICH AN DEN KUNDENSUPPORT 99 % der Probleme k\u00f6nnen mit einer einfachen E-Mail","canonical_url":"https:\/\/socialkings.online\/de\/rueckgaberecht\/","robots":"max-image-preview:large","keywords":"","webmasterTools":{"miscellaneous":""},"schema":{"@context":"https:\/\/schema.org","@graph":[{"@type":"BreadcrumbList","@id":"https:\/\/socialkings.online\/de\/rueckgaberecht\/#breadcrumblist","itemListElement":[{"@type":"ListItem","@id":"https:\/\/socialkings.online\/de\/#listItem","position":1,"name":"Home","item":"https:\/\/socialkings.online\/de\/","nextItem":{"@type":"ListItem","@id":"https:\/\/socialkings.online\/de\/rueckgaberecht\/#listItem","name":"R\u00fcckgaberecht"}},{"@type":"ListItem","@id":"https:\/\/socialkings.online\/de\/rueckgaberecht\/#listItem","position":2,"name":"R\u00fcckgaberecht","previousItem":{"@type":"ListItem","@id":"https:\/\/socialkings.online\/de\/#listItem","name":"Home"}}]},{"@type":"Organization","@id":"https:\/\/socialkings.online\/de\/#organization","name":"Social Kings Grow your following","description":"Boost your Social Network","url":"https:\/\/socialkings.online\/de\/","telephone":"+31642021479","logo":{"@type":"ImageObject","url":"https:\/\/socialkings.online\/wp-content\/uploads\/2023\/05\/logo-new-purple.png","@id":"https:\/\/socialkings.online\/de\/rueckgaberecht\/#organizationLogo","width":550,"height":150},"image":{"@id":"https:\/\/socialkings.online\/de\/rueckgaberecht\/#organizationLogo"}},{"@type":"WebPage","@id":"https:\/\/socialkings.online\/de\/rueckgaberecht\/#webpage","url":"https:\/\/socialkings.online\/de\/rueckgaberecht\/","name":"R\u00fcckgaberecht \u2192 Social Kings Grow your following","description":"R\u00dcCKERSTATTUNGSRICHTLINIE Wir bieten immaterielle unwiderrufliche Waren an. Als Kunde sind Sie daf\u00fcr verantwortlich, dies beim Kauf eines Produkts \/ einer Dienstleistung auf unserer Website zu verstehen. Wir erstatten jedoch den vollen Betrag, wenn Sie mit unseren Produkten nicht zufrieden sind. WENDEN SIE SICH AN DEN KUNDENSUPPORT 99 % der Probleme k\u00f6nnen mit einer einfachen E-Mail","inLanguage":"de-DE","isPartOf":{"@id":"https:\/\/socialkings.online\/de\/#website"},"breadcrumb":{"@id":"https:\/\/socialkings.online\/de\/rueckgaberecht\/#breadcrumblist"},"datePublished":"2022-03-30T16:28:09+00:00","dateModified":"2022-06-07T17:34:55+00:00"},{"@type":"WebSite","@id":"https:\/\/socialkings.online\/de\/#website","url":"https:\/\/socialkings.online\/de\/","name":"Social Kings Grow your following","description":"Boost your Social Network","inLanguage":"de-DE","publisher":{"@id":"https:\/\/socialkings.online\/de\/#organization"}}]},"og:locale":"de_DE","og:site_name":"Social Kings Grow your following \u2192 Boost your Social Network","og:type":"article","og:title":"R\u00fcckgaberecht \u2192 Social Kings Grow your following","og:description":"R\u00dcCKERSTATTUNGSRICHTLINIE Wir bieten immaterielle unwiderrufliche Waren an. Als Kunde sind Sie daf\u00fcr verantwortlich, dies beim Kauf eines Produkts \/ einer Dienstleistung auf unserer Website zu verstehen. Wir erstatten jedoch den vollen Betrag, wenn Sie mit unseren Produkten nicht zufrieden sind. WENDEN SIE SICH AN DEN KUNDENSUPPORT 99 % der Probleme k\u00f6nnen mit einer einfachen E-Mail","og:url":"https:\/\/socialkings.online\/de\/rueckgaberecht\/","article:published_time":"2022-03-30T16:28:09+00:00","article:modified_time":"2022-06-07T17:34:55+00:00","twitter:card":"summary","twitter:title":"R\u00fcckgaberecht \u2192 Social Kings Grow your following","twitter:description":"R\u00dcCKERSTATTUNGSRICHTLINIE Wir bieten immaterielle unwiderrufliche Waren an. Als Kunde sind Sie daf\u00fcr verantwortlich, dies beim Kauf eines Produkts \/ einer Dienstleistung auf unserer Website zu verstehen. Wir erstatten jedoch den vollen Betrag, wenn Sie mit unseren Produkten nicht zufrieden sind. WENDEN SIE SICH AN DEN KUNDENSUPPORT 99 % der Probleme k\u00f6nnen mit einer einfachen E-Mail"},"aioseo_meta_data":{"post_id":"43343","title":null,"description":null,"keywords":null,"keyphrases":null,"primary_term":null,"canonical_url":null,"og_title":null,"og_description":null,"og_object_type":"default","og_image_type":"default","og_image_url":null,"og_image_width":null,"og_image_height":null,"og_image_custom_url":null,"og_image_custom_fields":null,"og_video":null,"og_custom_url":null,"og_article_section":null,"og_article_tags":null,"twitter_use_og":false,"twitter_card":"default","twitter_image_type":"default","twitter_image_url":null,"twitter_image_custom_url":null,"twitter_image_custom_fields":null,"twitter_title":null,"twitter_description":null,"schema":{"blockGraphs":[],"customGraphs":[],"default":{"data":{"Article":[],"Course":[],"Dataset":[],"FAQPage":[],"Movie":[],"Person":[],"Product":[],"ProductReview":[],"Car":[],"Recipe":[],"Service":[],"SoftwareApplication":[],"WebPage":[]},"graphName":"","isEnabled":true},"graphs":[]},"schema_type":"default","schema_type_options":null,"pillar_content":false,"robots_default":true,"robots_noindex":false,"robots_noarchive":false,"robots_nosnippet":false,"robots_nofollow":false,"robots_noimageindex":false,"robots_noodp":false,"robots_notranslate":false,"robots_max_snippet":null,"robots_max_videopreview":null,"robots_max_imagepreview":"large","priority":null,"frequency":null,"local_seo":null,"seo_analyzer_scan_date":"2025-08-14 23:48:53","breadcrumb_settings":null,"limit_modified_date":false,"open_ai":null,"ai":null,"created":"2023-06-23 16:35:53","updated":"2025-10-12 11:27:27"},"aioseo_breadcrumb":"<div class=\"aioseo-breadcrumbs\"><span class=\"aioseo-breadcrumb\">\n\t<a href=\"https:\/\/socialkings.online\/de\/\" title=\"Home\">Home<\/a>\n<\/span><span class=\"aioseo-breadcrumb-separator\">&raquo;<\/span><span class=\"aioseo-breadcrumb\">\n\tR\u00fcckgaberecht\n<\/span><\/div>","aioseo_breadcrumb_json":[{"label":"Home","link":"https:\/\/socialkings.online\/de\/"},{"label":"R\u00fcckgaberecht","link":"https:\/\/socialkings.online\/de\/rueckgaberecht\/"}],"_links":{"self":[{"href":"https:\/\/socialkings.online\/de\/wp-json\/wp\/v2\/pages\/43343","targetHints":{"allow":["GET"]}}],"collection":[{"href":"https:\/\/socialkings.online\/de\/wp-json\/wp\/v2\/pages"}],"about":[{"href":"https:\/\/socialkings.online\/de\/wp-json\/wp\/v2\/types\/page"}],"author":[{"embeddable":true,"href":"https:\/\/socialkings.online\/de\/wp-json\/wp\/v2\/users\/1"}],"replies":[{"embeddable":true,"href":"https:\/\/socialkings.online\/de\/wp-json\/wp\/v2\/comments?post=43343"}],"version-history":[{"count":0,"href":"https:\/\/socialkings.online\/de\/wp-json\/wp\/v2\/pages\/43343\/revisions"}],"wp:attachment":[{"href":"https:\/\/socialkings.online\/de\/wp-json\/wp\/v2\/media?parent=43343"}],"curies":[{"name":"wp","href":"https:\/\/api.w.org\/{rel}","templated":true}]}}